{"id":19,"date":"2020-12-14T10:58:23","date_gmt":"2020-12-14T09:58:23","guid":{"rendered":"http:\/\/dev.imj-prg.fr\/aa\/?page_id=19"},"modified":"2020-12-16T10:22:52","modified_gmt":"2020-12-16T09:22:52","slug":"seminaires-actuels","status":"publish","type":"page","link":"https:\/\/www.imj-prg.fr\/aa\/seminaires-actuels\/","title":{"rendered":"S\u00e9minaires"},"content":{"rendered":"\n<p class=\"has-text-align-right\"><a href=\"\/aa\/anciens-seminaires\">Historique<\/a><\/p>\n\n\n\n   <script type=\"text\/javascript\" src=\"https:\/\/www.imj-prg.fr\/js\/jquery.tablesorter.min.js\"><\/script>\n\n  \n    <div class=\"well\">\n                 \n     \t                                        \n\t\t<h2><a href ='\/gestion\/evenement\/1'>S\u00e9minaires\n     2025-2026    <\/a><\/h2>\n    <table class=\"table table-striped\">\n\n  <script type=\"text\/javascript\" id=\"js\">$(document).ready(function() {\n\n   $(\"table\").tablesorter({\n     sortList: [[0,0]]\n   });\n   });\n  }); <\/script>\n  <\/table>\n     <table  class=\"tabsem tablesorter table\"> <thead>\n      <tr>\n\t   <th> S\u00e9minaires<\/th>  <th>Responsables<\/th>  <th>Prochain <\/th><th>Prochain(s) intervenant(s)<\/th><th>Date<\/th>\n      <\/tr><\/thead>\n\t                                   \n            \n    \n\t<tr>\n\t<td><a href='\/gestion\/evenement\/affEvenement\/52'>S\u00e9minaire G\u00e9om\u00e9trie et Th\u00e9orie des Mod\u00e8les<\/a><\/td>\n\t<td>Raf Cluckers, Georges Comte, Antoine Ducros, Tamara Servi<\/td>\n                                          <td>TBA<\/td>\n    <td>    Tim Santens - ,\n        <\/td>\n    <td>29\/05\/2026 11:00 <\/td>\n                                                              \n\t<\/tr>          \n     \t                                            \n            \n    \n\t<tr>\n\t<td><a href='\/gestion\/evenement\/affEvenement\/77'>S\u00e9minaire G\u00e9om\u00e9trie et Topologie<\/a><\/td>\n\t<td>S. Andr\u00e9, R. Avdek, F. Ben Aribi, H. Eynard-Bontemps, P.-A. Guih\u00e9neuf, J. March\u00e9, M. Mazzucchelli, B. Petri<\/td>\n                                                                                    <td>No seminar (holidays)<\/td>\n    <td><\/td>\n    <td>23\/04\/2026 11:00 <\/td>\n                        <td><\/td>\n    <td><\/td>\n    <td><\/td>\n  \n\t<\/tr>          \n     \t       \n    \n\t<tr>\n\t<td><a href='\/gestion\/evenement\/affEvenement\/80'>S\u00e9minaire G\u00e9om\u00e9trie \u00e9num\u00e9rative<\/a><\/td>\n\t<td>Penka Georgieva, Elba Garcia-Failde, Ilia Itenberg, Alessandro Chiodo<\/td>\n                                                                                                    <td><\/td>\n    <td><\/td>\n    <td><\/td>\n  \n\t<\/tr>          \n     \t       \n    \n\t<tr>\n\t<td><a href='\/gestion\/evenement\/affEvenement\/105'>S\u00e9minaire G\u00e9om\u00e9trie et dynamique dans les espaces de modules<\/a><\/td>\n\t<td>Carlos Matheus, Bram Petri, Anton Zorich<\/td>\n                                                                                                    <td><\/td>\n    <td><\/td>\n    <td><\/td>\n  \n\t<\/tr>          \n     \t       \n    \n\t<tr>\n\t<td><a href='\/gestion\/evenement\/affEvenement\/117'>S\u00e9minaire D\u00e9riv\u00e9<\/a><\/td>\n\t<td>Jean-Baptiste Teyssier, Maria Yakerson, Marco Roblaoo<\/td>\n                                                                                                    <td><\/td>\n    <td><\/td>\n    <td><\/td>\n  \n\t<\/tr>     <\/table>\n<\/div>\n\n   \n    <div class=\"well\">\n                 \n              \n              \n              \n              \n         <\/table>\n<\/div>\n\n   \n    <div class=\"well\">\n                 \n              \n              \n              \n              \n         <\/table>\n<\/div>\n\n   \n    <div class=\"well\">\n                 \n              \n              \n              \n              \n         <\/table>\n<\/div>\n\n   \n    <div class=\"well\">\n                 \n              \n              \n              \n              \n         <\/table>\n<\/div>\n\n  \n","protected":false},"excerpt":{"rendered":"<p>Historique<\/p>\n","protected":false},"author":1,"featured_media":0,"parent":0,"menu_order":0,"comment_status":"closed","ping_status":"closed","template":"","meta":{"footnotes":""},"class_list":["post-19","page","type-page","status-publish","hentry"],"_links":{"self":[{"href":"https:\/\/www.imj-prg.fr\/aa\/wp-json\/wp\/v2\/pages\/19","targetHints":{"allow":["GET"]}}],"collection":[{"href":"https:\/\/www.imj-prg.fr\/aa\/wp-json\/wp\/v2\/pages"}],"about":[{"href":"https:\/\/www.imj-prg.fr\/aa\/wp-json\/wp\/v2\/types\/page"}],"author":[{"embeddable":true,"href":"https:\/\/www.imj-prg.fr\/aa\/wp-json\/wp\/v2\/users\/1"}],"replies":[{"embeddable":true,"href":"https:\/\/www.imj-prg.fr\/aa\/wp-json\/wp\/v2\/comments?post=19"}],"version-history":[{"count":4,"href":"https:\/\/www.imj-prg.fr\/aa\/wp-json\/wp\/v2\/pages\/19\/revisions"}],"predecessor-version":[{"id":74,"href":"https:\/\/www.imj-prg.fr\/aa\/wp-json\/wp\/v2\/pages\/19\/revisions\/74"}],"wp:attachment":[{"href":"https:\/\/www.imj-prg.fr\/aa\/wp-json\/wp\/v2\/media?parent=19"}],"curies":[{"name":"wp","href":"https:\/\/api.w.org\/{rel}","templated":true}]}}