{"id":23,"date":"2020-12-14T10:59:03","date_gmt":"2020-12-14T09:59:03","guid":{"rendered":"http:\/\/dev.imj-prg.fr\/aa\/?page_id=23"},"modified":"2020-12-14T14:13:32","modified_gmt":"2020-12-14T13:13:32","slug":"theses","status":"publish","type":"page","link":"https:\/\/www.imj-prg.fr\/aa\/theses\/","title":{"rendered":"Th\u00e9ses"},"content":{"rendered":"<link rel=\"stylesheet\" type=\"text\/css\" href=\"https:\/\/cdn.datatables.net\/v\/dt\/dt-1.10.23\/datatables.min.css\"\/>\n \n<script type=\"text\/javascript\" src=\"https:\/\/cdn.datatables.net\/v\/dt\/dt-1.10.23\/datatables.min.js\"><\/script>\n\n<script>\njQuery(document).ready(function($){\n\t\n    $('#tabthese').DataTable({\n\t\tlanguage: {\turl: 'https:\/\/cdn.datatables.net\/plug-ins\/1.10.22\/i18n\/French.json'},\n\t\tpageLength: 50,\n\t\torder: [[ 2, 'desc' ]],\n\t\tdrawCallback: function(settings) {\n\t\t\tvar pagination = $(this).closest('.dataTables_wrapper').find('.dataTables_paginate');\n\t\t\tpagination.toggle(this.api().page.info().pages > 1);\n\t\t\trowCount = $('#tabthese tr').length;\n\t\t\tif(rowCount < 50){\n\t\t\t\n\t\t\t\t$( \"#tabthese_length\" ).hide();\n\t\t\t\t\n\t\t\t\t$( \"#tabthese_info\" ).text(rowCount+ ' \u00e9l\u00e9ments');\n\t\t\t}\n\t\t}\n\t\t\t\t\t\n        });\n\t} );\n<\/script>\n\t\t<table id=\"tabthese\" class=\"display\" ><thead><tr><th>Nom<\/th> <th>Titre<\/th><th>Ann\u00e9e<\/th><th>Directeur de th\u00e8se<\/th><th> <\/th><\/tr><\/thead><tr><td>Costa Odylo<\/td><td>Emergence de champs de vecteurs p\u00e9riodiques de p\u00e9riode non born\u00e9e<\/td><td>2025<\/td><td>Pierre Berger<\/td><td><br><a href=\"https:\/\/www.theses.fr\/s383463\">Lien theses.fr<\/a><\/td><\/tr><tr><td>Grycan-gerard Flavien<\/td><td>Complexit\u00e9 des syst\u00e8mes int\u00e9grables \u00e0 singularit\u00e9s mod\u00e9r\u00e9es<\/td><td>2025<\/td><td>Jean-Pierre MARCO<\/td><td><br><a href=\"https:\/\/www.theses.fr\/2025SORUS276\">Lien theses.fr<\/a><\/td><\/tr><tr><td>Pinto Camille<\/td><td>Th\u00e9orie de l'\u00e9limination pour les syst\u00e8mes int\u00e9gro-diff\u00e9rentiels lin\u00e9aires<\/td><td>2025<\/td><td>Alban Quadrat<\/td><td><br><a href=\"https:\/\/www.theses.fr\/2025SORUS294\">Lien theses.fr<\/a><\/td><\/tr><tr><td>Schuback Nelson<\/td><td>A Foliated viewpoint on Homotopy Brouwer Theory<\/td><td>2025<\/td><td>Le Calvez<\/td><td><br><a href=\"https:\/\/www.theses.fr\/s386837\">Lien theses.fr<\/a><\/td><\/tr><tr><td>Morabito Francesco<\/td><td>Espaces de configurations et topologie symplectique<\/td><td>2024<\/td><td>Vincent Humil\u00e8re<\/td><td><br><a href=\"https:\/\/www.theses.fr\/s252856\">Lien theses.fr<\/a><\/td><\/tr><tr><td>Azzi Perla<\/td><td>G\u00e9om\u00e9trie des strates d'isotropie appliqu\u00e9e \u00e0 la m\u00e9canique des mat\u00e9riaux<\/td><td>2023<\/td><td>Julien Grivaux, Rodrigue Desmorat (LMT, ENS Cachan)<\/td><td><\/td><\/tr><tr><td>Toussaint Antoine<\/td><td>Real Structures of Phase Tropical Surfaces<\/td><td>2023<\/td><td>Ilia Itenberg<\/td><td><br><a href=\"https:\/\/www.theses.fr\/2023SORUS246\">Lien theses.fr<\/a><\/td><\/tr><tr><td>Mazuir Thibaut<\/td><td>Th\u00e9orie de Morse et alg\u00e8bre sup\u00e9rieure des A-infini alg\u00e8bres<\/td><td>2022<\/td><td>Alexandru Oancea<\/td><td><br><a href=\"http:\/\/www.imj-prg.fr\/theses\/\/pdf\/thibaut_mazuir.pdf\"><img decoding=\"async\" src=\"http:\/\/www.imj-prg.fr\/wp-content\/themes\/imjprg\/images\/pdf.png\"> <\/a><\/td><\/tr><tr><td>Mehrabdollahei Mahya<\/td><td>La mesure de Mahler d'une famille de polyn\u00f4mes exacts<\/td><td>2022<\/td><td>Antonin Guilloux et Fabrice Rouillier<\/td><td><br><a href=\"http:\/\/www.imj-prg.fr\/theses\/\/pdf\/mahya_mehrabdollahei.pdf\"><img decoding=\"async\" src=\"http:\/\/www.imj-prg.fr\/wp-content\/themes\/imjprg\/images\/pdf.png\"> <\/a><\/td><\/tr><tr><td>Doan An-khuong<\/td><td>D\u00e9formations \u00e9quivariantes (d\u00e9riv\u00e9es) de sch\u00e9mas alg\u00e9briques et de vari\u00e9t\u00e9s complexes compactes<\/td><td>2021<\/td><td>Julien Grivaux<\/td><td><br><a href=\"http:\/\/www.imj-prg.fr\/theses\/\/pdf\/an-khuong_doan.pdf\"><img decoding=\"async\" src=\"http:\/\/www.imj-prg.fr\/wp-content\/themes\/imjprg\/images\/pdf.png\"> <\/a><\/td><\/tr><tr><td>Joly Benoit<\/td><td>About barcodes and Calabi invariant for Hamiltonian homeomorphisms of surfaces<\/td><td>2021<\/td><td>Fre\u0301de\u0301ric Le Roux, Patrice Le Calvez<\/td><td><br><a href=\"https:\/\/www.theses.fr\/2021SORUS196\">Lien theses.fr<\/a><\/td><\/tr><tr><td>Arnal Charles<\/td><td>Patchworking, tropical homology, and Betti numbers of real algebraic hypersurfaces<\/td><td>2020<\/td><td>Ilia Itenberg<\/td><td><br><a href=\"http:\/\/www.imj-prg.fr\/theses\/\/pdf\/charles_arnal.pdf\"><img decoding=\"async\" src=\"http:\/\/www.imj-prg.fr\/wp-content\/themes\/imjprg\/images\/pdf.png\"> <\/a><\/td><\/tr><tr><td>Benchoufi Mehdi<\/td><td><\/td><td>2020<\/td><td>Julien Grivaux et Pierre Schapira<\/td><td><\/td><\/tr><tr><td>Blomme Thomas<\/td><td>Computation of refined enumerative invariants in real and tropical geometry<\/td><td>2020<\/td><td>Ilia Itenberg<\/td><td><br><a href=\"http:\/\/www.imj-prg.fr\/theses\/\/pdf\/thomas_blomme.pdf\"><img decoding=\"async\" src=\"http:\/\/www.imj-prg.fr\/wp-content\/themes\/imjprg\/images\/pdf.png\"> <\/a><\/td><\/tr><tr><td>Jannaud Alexandre<\/td><td>Symplectic mapping class group and C^0 symplectic topology<\/td><td>2020<\/td><td>Vincent Humili\u00e8re<\/td><td><\/td><\/tr><tr><td>Zhao Yizhen<\/td><td>Landau?Ginzburg\/Calabi?Yau correspondence for a complete intersection via matrix factorizations<\/td><td>2020<\/td><td>Penka Georgieva<\/td><td><br><a href=\"http:\/\/www.imj-prg.fr\/theses\/\/pdf\/yizhen_zhao.pdf\"><img decoding=\"async\" src=\"http:\/\/www.imj-prg.fr\/wp-content\/themes\/imjprg\/images\/pdf.png\"> <\/a><\/td><\/tr><tr><td>Liu Linyuan<\/td><td>doctorat<\/td><td>2019<\/td><td>Patrick Polo<\/td><td><br><a href=\"http:\/\/www.imj-prg.fr\/theses\/\/pdf\/linyuan_liu.pdf\"><img decoding=\"async\" src=\"http:\/\/www.imj-prg.fr\/wp-content\/themes\/imjprg\/images\/pdf.png\"> <\/a><\/td><\/tr><tr><td>Stefani Davide<\/td><td><\/td><td>2019<\/td><td>Gr\u00e9gory GINOT<\/td><td><\/td><\/tr><tr><td>Adam Alexander<\/td><td>Op\u00e9rateurs de transfert et moyennes horocycliques de vari\u00e9t\u00e9s ferm\u00e9es<\/td><td>2018<\/td><td>Vivane BALADI<\/td><td><\/td><\/tr><tr><td>Josi Johannes<\/td><td>Nodal rational sextics in the real projective plane<\/td><td>2018<\/td><td>Ilia Itenberg<\/td><td><\/td><\/tr><tr><td>Peiffer-smadja Amiel<\/td><td>Symplectic topology of handle attachment<\/td><td>2018<\/td><td>Alexandru OANCEA<\/td><td><\/td><\/tr><tr><td>Acosta Miguel<\/td><td>Chirurgies de Dehn sur des vari\u00e9t\u00e9s CR-sph\u00e9riques et vari\u00e9t\u00e9s de caract\u00e8res pour les formes r\u00e9elles de SL(n,C)<\/td><td>2017<\/td><td>Antonin Guilloux<\/td><td><\/td><\/tr><tr><td>Forey Arthur<\/td><td>Invariants motiviques dans les corps valu\u00e9s<\/td><td>2017<\/td><td>Fran\u00e7ois Loeser<\/td><td><\/td><\/tr><tr><td>Jaramillo puentes Andres<\/td><td>Rigid isotopy classification of real quintic rational plane curves<\/td><td>2017<\/td><td>Ilia Itenberg<\/td><td><\/td><\/tr><tr><td>Lejay Damien<\/td><td>\u00ab Alg\u00e8bres \u00e0 factorisation et Topos sup\u00e9rieurs exponentiables \u00bb<\/td><td>2016<\/td><td>GREGORY GINOT<\/td><td><\/td><\/tr><tr><td>Limouzineau Maylis<\/td><td>\"Constructions de sous-vari\u00e9t\u00e9s legendriennes dans les espaces de 1-jets de fonctions et fonctions g\u00e9n\u00e9ratrices\"<\/td><td>2016<\/td><td>EMMANUEL FERRAND<\/td><td><\/td><\/tr><tr><td>Bavard Juliette<\/td><td>\"Dynamique topologique sur les surfaces : gros groupe modulaire & classes de Brouwer\"<\/td><td>2015<\/td><td>FREDERIC LE ROUX<\/td><td><\/td><\/tr><tr><td>Conejeros Jonathan<\/td><td>\"\u00c9tude de l'ensemble de rotation local\"<\/td><td>2015<\/td><td>FREDERIC LE ROUX<\/td><td><\/td><\/tr><tr><td>Garay-lopez Cristhian emmanuel<\/td><td>\"Tropical intersection theory, and real inflection points of real algebraic curves\"<\/td><td>2015<\/td><td>JEAN-JACQUES RISLER<\/td><td><\/td><\/tr><tr><td>Lemanissier Thibaud<\/td><td>\"Construction d'une cat\u00e9gorie d'espaces de Berkovich sur Z et \u00e9tude locale de leur topologie\"<\/td><td>2015<\/td><td>PIERRE SCHAPIRA<\/td><td><\/td><\/tr><tr><td>Renaudineau Arthur<\/td><td>\"Constructions des surfaces alg\u00e9briques r\u00e9elles\"<\/td><td>2015<\/td><td>ERWAN BRUGALLE<\/td><td><br><a href=\"http:\/\/www.imj-prg.fr\/theses\/\/pdf\/arthur_renaudineau.pdf\"><img decoding=\"async\" src=\"http:\/\/www.imj-prg.fr\/wp-content\/themes\/imjprg\/images\/pdf.png\"> <\/a><\/td><\/tr><tr><td>Tran Cuong<\/td><td>\"Calcul formel dans la base des polyn\u00f4mes unitaires de Chebyshev\"<\/td><td>2015<\/td><td>PIERRE-VINCENT KOSELEF<\/td><td><\/td><\/tr><tr><td>Baumard Samuel<\/td><td>\u00ab Aspects modulaires et elliptiques des relations entre multiz\u00eatas \u00bb<\/td><td>2014<\/td><td>LEILA SCHNEPS<\/td><td><\/td><\/tr><tr><td>Dupont Clement<\/td><td>\u00ab P\u00e9riodes des arrangements d\u0092hyperplans et coproduit motivique \u00bb<\/td><td>2014<\/td><td>PIERRE LOCHAK<\/td><td><\/td><\/tr><tr><td>Yan Jingzhi<\/td><td>\u00abUtilisation de feuilletages transverses \u00e0 l\u0092\u00e9tude d\u0092hom\u00e9omorphismes pr\u00e9servant l\u0092aire de surfaces \u00bb,<\/td><td>2014<\/td><td>PATRICE LE CALVEZ<\/td><td><\/td><\/tr><tr><td>El sabbagh Lara<\/td><td>\"\u00c9tude semi-locale des vari\u00e9t\u00e9s normalement hyperboliques et  applications \u00e0 la diffusion\"<\/td><td>2012<\/td><td>JEAN-PIERRE MARCO<\/td><td><br><a href=\"http:\/\/www.imj-prg.fr\/theses\/\/pdf\/lara_el-sabbagh.pdf\"><img decoding=\"async\" src=\"http:\/\/www.imj-prg.fr\/wp-content\/themes\/imjprg\/images\/pdf.png\"> <\/a><\/td><\/tr><tr><td>Farang-hariri Banafsheh<\/td><td>\"Correspondance de Howe g\u00e9om\u00e9trique mod\u00e9r\u00e9ment ramifi\u00e9e pour les paires duales r\u00e9ductives de type II dans le cadre du programme de Langlands g\u00e9om\u00e9trique\"<\/td><td>2012<\/td><td>SERGE LYSENKO<\/td><td><\/td><\/tr><tr><td>Petit Fran\u00e7ois<\/td><td><\/td><td>2012<\/td><td>Pierrre Schapira<\/td><td><br><a href=\"http:\/\/www.imj-prg.fr\/theses\/\/pdf\/francois_petit.pdf\"><img decoding=\"async\" src=\"http:\/\/www.imj-prg.fr\/wp-content\/themes\/imjprg\/images\/pdf.png\"> <\/a><\/td><\/tr><tr><td>Raimbault Jean<\/td><td>\"Torsion homologique dans les rev\u00eatements finis\"<\/td><td>2012<\/td><td>NICOLAS BERGERON<\/td><td><br><a href=\"http:\/\/www.imj-prg.fr\/theses\/\/pdf\/jean_raimbault.pdf\"><img decoding=\"async\" src=\"http:\/\/www.imj-prg.fr\/wp-content\/themes\/imjprg\/images\/pdf.png\"> <\/a><\/td><\/tr><tr><td>Collas Benjamin<\/td><td>Groupes de Grothendieck-Teichm\u00fcller et inertie champ\u00eatre des espaces demodules de courbes de genre z\u00e9ro et un<\/td><td>2011<\/td><td>LEILA SCHNEPS<\/td><td><br><a href=\"http:\/\/www.imj-prg.fr\/theses\/\/pdf\/benjamin_collas.pdf\"><img decoding=\"async\" src=\"http:\/\/www.imj-prg.fr\/wp-content\/themes\/imjprg\/images\/pdf.png\"> <\/a><\/td><\/tr><tr><td>Bounemoura Abed<\/td><td>Stabilit\u00e9 et instabilit\u00e9 des syst\u00e8mes hamiltoniens presque-int\u00e9grables<\/td><td>2010<\/td><td>JEAN-PIERRE MARCO<\/td><td><\/td><\/tr><tr><td>Deleaval Luc<\/td><td>Analyse harmonique associ\u00e9e \u00e0 des syst\u00e8mes de racines et aux  op\u00e9rateurs de Dunkl rationnels<\/td><td>2010<\/td><td>SAMI MUSTAPHA<\/td><td><\/td><\/tr><tr><td>Nisse Mounir<\/td><td>Sur la g\u00e9om\u00e9trie et la topologie des (co) amibes des vari\u00e9t\u00e9s alg\u00e9briques complexes<\/td><td>2010<\/td><td>JEAN-JACQUES RISLER<\/td><td><\/td><\/tr><tr><td>Pouchin Guillaume<\/td><td>Alg\u00e8bre de Higgs de courbes et cristaux de lacets<\/td><td>2010<\/td><td>PATRICK POLO<\/td><td><\/td><\/tr><tr><td>Cossutta Mathieu<\/td><td>COHOMOLOGIE DE CERTAINES VARIETES LOCALEMENT SYMETRIQUES ET CORRESPONDANCE THETA<\/td><td>2009<\/td><td>NICOLAS BERGERON<\/td><td><\/td><\/tr><tr><td>Grivaux Julien<\/td><td>Quelques probl\u00e8mes de g\u00e9om\u00e9trie complexe et presque complexe<\/td><td>2009<\/td><td>Claire Voisin<\/td><td><br><a href=\"http:\/\/www.imj-prg.fr\/theses\/\/pdf\/julien_grivaux.pdf\"><img decoding=\"async\" src=\"http:\/\/www.imj-prg.fr\/wp-content\/themes\/imjprg\/images\/pdf.png\"> <\/a><\/td><\/tr><tr><td>Souderes Ismael<\/td><td>MOTIFS DE TATE MIXTES ET ECLATEMENTS A LA MACPHERSON-PROCESI<\/td><td>2009<\/td><td>LEILA SCHNEPS<\/td><td><br><a href=\"http:\/\/www.imj-prg.fr\/theses\/\/pdf\/ismael_souderes.pdf\"><img decoding=\"async\" src=\"http:\/\/www.imj-prg.fr\/wp-content\/themes\/imjprg\/images\/pdf.png\"> <\/a><\/td><\/tr><tr><td>Belhiba Anissa<\/td><td>INTERPOLATION DES ESPACES FONCTIONNELS DAN S LE CADRE DU CALCUL DE WEYL HORMANDER<\/td><td>2008<\/td><td>SAMI MUSTAPHA<\/td><td><\/td><\/tr><tr><td>Bleybel Ali<\/td><td>D\u00e9composition cellulaire et applications<\/td><td>2008<\/td><td>FRANCOIS LOESER<\/td><td><\/td><\/tr><tr><td>Carr Sarah<\/td><td>VALEURS MULTIZETAS : ALGEBRES DE LIE ET PERIODES SUR MON<\/td><td>2008<\/td><td>LEILA SCHNEPS<\/td><td><br><a href=\"http:\/\/www.imj-prg.fr\/theses\/\/pdf\/sarah_carr.pdf\"><img decoding=\"async\" src=\"http:\/\/www.imj-prg.fr\/wp-content\/themes\/imjprg\/images\/pdf.png\"> <\/a><\/td><\/tr><tr><td>Riche Simon<\/td><td>DUALITE DE KOSZUL ET ALGEBRES DE LIE SEMI-SIMPLES EN CARACTERISTIQUE POSITIVE<\/td><td>2008<\/td><td>PATRICK POLO<\/td><td><br><a href=\"http:\/\/www.imj-prg.fr\/theses\/\/pdf\/simon_riche.pdf\"><img decoding=\"async\" src=\"http:\/\/www.imj-prg.fr\/wp-content\/themes\/imjprg\/images\/pdf.png\"> <\/a><\/td><\/tr><tr><td>Deloro Adrien<\/td><td>Groupes simples connexes minimaux de type impair<\/td><td>2007<\/td><td>Eric Jaligot<\/td><td><\/td><\/tr><tr><td>Lopez de medrano Lucia<\/td><td>COURBURE TOTALE DES HYPERSURFACES ALGEBRIQUES REELLES ET PATCHWORK<\/td><td>2007<\/td><td>JEAN-JACQUES RISLER<\/td><td><\/td><\/tr><tr><td>Rabaoui Marouane<\/td><td>Analyse harmonique en dimension infinie : paires de Guelfand g\u00e9n\u00e9ralis\u00e9es<\/td><td>2007<\/td><td>JACQUES FARAUT<\/td><td><\/td><\/tr><tr><td>Bouali Mohammed<\/td><td>ANALYSE HARMONIQUE EN DIMENSION INFINIE<\/td><td>2006<\/td><td>JACQUES FARAUT<\/td><td><br><a href=\"http:\/\/www.imj-prg.fr\/theses\/\/pdf\/mohammed_bouali.pdf\"><img decoding=\"async\" src=\"http:\/\/www.imj-prg.fr\/wp-content\/themes\/imjprg\/images\/pdf.png\"> <\/a><\/td><\/tr><tr><td>Ducrohet Laurent<\/td><td>FROBENIUS ET FIBRES SUR LES COURBES<\/td><td>2006<\/td><td>YVES LASZLO<\/td><td><\/td><\/tr><tr><td>Morando Giovanni<\/td><td>TEMPERED HOLOMORPHIC SOLUTIONS OF D-MODULES ON A COMPLEX CURVE<\/td><td>2006<\/td><td>PIERRE SCHAPIRA<\/td><td><\/td><\/tr><tr><td>Prelli Luca<\/td><td>SHEAVES ON SUBANALYTIC SITES<\/td><td>2006<\/td><td>PIERRE SCHAPIRA<\/td><td><\/td><\/tr><tr><td>Will Pierre<\/td><td>GROUPES LIBRES , GROUPES TRIANGULAIRES ET TORE EPOINTE DANS PU ( 2,1)<\/td><td>2006<\/td><td>ELISHA FALBEL<\/td><td><br><a href=\"http:\/\/www.imj-prg.fr\/theses\/\/pdf\/pierre_will.pdf\"><img decoding=\"async\" src=\"http:\/\/www.imj-prg.fr\/wp-content\/themes\/imjprg\/images\/pdf.png\"> <\/a><\/td><\/tr><tr><td>Zein Ihsan<\/td><td>INEGALITES DE HARDY-LITTLEWOOD-SOBOLEV DANS CERTAINES REGIONS CONIQUES DE L'ESPACE EUCLIDIEN ET DU GROUPE DE HEISENBERG<\/td><td>2006<\/td><td>SAMI MUSTAPHA<\/td><td><\/td><\/tr><tr><td>Delgado Julio<\/td><td>Bornitude Lp pour une classe d'op\u00e9rateurs pseudo-diff\u00e9rentiels dans le cadre du calcul de Weyl-Hormander<\/td><td>2005<\/td><td>SAMI MUSTAPHA<\/td><td><\/td><\/tr><tr><td>Paupert Julien<\/td><td>Configurations de lagrangiens, domaines fondamentaux et sous-groupes discrets de PU (2,1)<\/td><td>2005<\/td><td>ELISHA FALBEL<\/td><td><br><a href=\"http:\/\/www.imj-prg.fr\/theses\/\/pdf\/julien_paupert.pdf\"><img decoding=\"async\" src=\"http:\/\/www.imj-prg.fr\/wp-content\/themes\/imjprg\/images\/pdf.png\"> <\/a><\/td><\/tr><tr><td>Schaffhauser Florent<\/td><td>REPRESENTATIONS DECOMPOSABLES ET SOUS-VARIETES LAGRANGIENNES DES ESPACES DE MODULES ASSICIES AUX GROUPES DE SURFACES<\/td><td>2005<\/td><td>ELISHA FALBEL<\/td><td><br><a href=\"http:\/\/www.imj-prg.fr\/theses\/\/pdf\/florent_schaffhauser.pdf\"><img decoding=\"async\" src=\"http:\/\/www.imj-prg.fr\/wp-content\/themes\/imjprg\/images\/pdf.png\"> <\/a><\/td><\/tr><tr><td>Cadoret Anna<\/td><td>Th\u00e9orie de Galois inverse et arithm\u00e9tique des espaces de Hurwitz<\/td><td>2004<\/td><td>YVES LASZLO<\/td><td><br><a href=\"http:\/\/www.imj-prg.fr\/theses\/\/pdf\/anna_cadoret.pdf\"><img decoding=\"async\" src=\"http:\/\/www.imj-prg.fr\/wp-content\/themes\/imjprg\/images\/pdf.png\"> <\/a><\/td><\/tr><tr><td>Diniz Marcos<\/td><td>Quelques contributions \u00e0 l'\u00e9tude des vari\u00e9t\u00e9s sous-riemanniennes<\/td><td>2004<\/td><td>ELISHA FALBEL<\/td><td><\/td><\/tr><tr><td>Le crapper Jerome<\/td><td>CRITERES POUR DU'UNE GEODESIQUE DE LA METRIQUE DE HOFER SOIT MINIMALE<\/td><td>2004<\/td><td>IVAN KUPKA<\/td><td><\/td><\/tr><tr><td>David-guillou Emilie<\/td><td>Multiplicateurs de H\u00f6rmander-Mihlin sur certains groupes de Lie r\u00e9solubles non-unimodulaires<\/td><td>2003<\/td><td>SAMI MUSTAPHA<\/td><td><\/td><\/tr><tr><td>Polesello Pietro<\/td><td>Champs de modules tordus et applications \u00e0 l'analyse<\/td><td>2003<\/td><td>PIERRE SCHAPIRA<\/td><td><\/td><\/tr><tr><td>Verdure Hugues<\/td><td><\/td><td>2003<\/td><td>JEAN-JACQUES RISLER<\/td><td><\/td><\/tr><tr><td>Ben yaacov Itai<\/td><td>Th\u00e9ories \"simples\" : constructions de groupes et interpr\u00e9tabilit\u00e9 g\u00e9n\u00e9ralis\u00e9e<\/td><td>2002<\/td><td>LASCAR<\/td><td><\/td><\/tr><tr><td>Sebag Julien<\/td><td>Int\u00e9gration motivique<\/td><td>2002<\/td><td>FRANCOIS LOESER<\/td><td><\/td><\/tr><tr><td>Waschkies Ingo<\/td><td>Faisceaux pervers microlocaux<\/td><td>2002<\/td><td>PIERRE SCHAPIRA<\/td><td><\/td><\/tr><tr><td>Wirth Jerome<\/td><td>Formule de Levy-Khintchine et d\u00e9formations d'alg\u00e8bres<\/td><td>2002<\/td><td>PAUL KREE<\/td><td><\/td><\/tr><tr><td>Cortez Aurelie<\/td><td>Lieu singulier et singularit\u00e9s g\u00e9n\u00e9riques des vari\u00e9t\u00e9s de Schubert pour le groupe lin\u00e9aire<\/td><td>2001<\/td><td>PATRICK POLO<\/td><td><br><a href=\"http:\/\/www.imj-prg.fr\/theses\/\/pdf\/aurelie_cortez.pdf\"><img decoding=\"async\" src=\"http:\/\/www.imj-prg.fr\/wp-content\/themes\/imjprg\/images\/pdf.png\"> <\/a><\/td><\/tr><tr><td>Djaziri Abdel-jaoued<\/td><td>Dynamique symplectique et de contact sur les vari\u00e9t\u00e9s \u00e0 bord<\/td><td>2001<\/td><td>CHARLES-MICHEL MARLE<\/td><td><\/td><\/tr><tr><td>Ben said Salem<\/td><td>Espaces de Bergman pond\u00e9r\u00e9s sur un domaine born\u00e9 sym\u00e9trique<\/td><td>2000<\/td><td>JACQUES FARAUT<\/td><td><\/td><\/tr><tr><td>Chapoton Frederic<\/td><td>Op\u00e9rades, polytopes et big\u00e8bres<\/td><td>2000<\/td><td>PATRICK POLO<\/td><td><\/td><\/tr><tr><td>Jamet Guillaume<\/td><td>Obstruction au prolongement des formes diff\u00e9rentielles r\u00e9guli\u00e8res et codimension du lieu singulier<\/td><td>2000<\/td><td>CHRISTIAN PESKINE<\/td><td><br><a href=\"http:\/\/www.imj-prg.fr\/theses\/\/pdf\/guillaume_jamet.pdf\"><img decoding=\"async\" src=\"http:\/\/www.imj-prg.fr\/wp-content\/themes\/imjprg\/images\/pdf.png\"> <\/a><\/td><\/tr><tr><td>Khlif Yosr<\/td><td>Int\u00e9grales de Riesz sur un espace sym\u00e9trique de type Cayley<\/td><td>2000<\/td><td>JACQUES FARAUT<\/td><td><\/td><\/tr><tr><td>Semirat Stephan<\/td><td>Probl\u00e8mes de nombres de classes pour les corps de fonctions et applications<\/td><td>2000<\/td><td>DOMINIQUE LE BRIGAND<\/td><td><\/td><\/tr><tr><td>Abi ayad Souad<\/td><td>Etude des relations entre les fibr\u00e9s de Jacobi et les alg\u00e9bro\u00efdes de Lie<\/td><td>1999<\/td><td>CHARLES-MICHEL MARLE<\/td><td><\/td><\/tr><tr><td>Berni Olivier<\/td><td>Cohomologie formelle et transformations de Laplace<\/td><td>1999<\/td><td>PIERRE SCHAPIRA<\/td><td><\/td><\/tr><tr><td>Carette Matthieu<\/td><td>E-modules micro-localement libres de rang 1 et connexions non int\u00e9grables en dimension 2<\/td><td>1999<\/td><td>LOUIS BOUTET DE MONVEL<\/td><td><\/td><\/tr><tr><td>Frot Jean<\/td><td><\/td><td>1999<\/td><td>PIERRE SCHAPIRA<\/td><td><\/td><\/tr><tr><td>Sevin Cyrille<\/td><td><\/td><td>1999<\/td><td>JEAN-JACQUES RISLER<\/td><td><\/td><\/tr><tr><td>Unterberger Jeremie<\/td><td><\/td><td>1999<\/td><td>JACQUES FARAUT<\/td><td><\/td><\/tr><tr><td>Gorkavy Vassili<\/td><td><\/td><td>1998<\/td><td>LOUIS BOUTET DE MONVEL<\/td><td><\/td><\/tr><tr><td>Hutin Emmanuel<\/td><td>ANALYSE ALGEBRIQUE ET INTEGRATION FONCTIONNELLE POUR LES BOSONS<\/td><td>1998<\/td><td>PAUL KREE<\/td><td><\/td><\/tr><tr><td>Jean Frederic<\/td><td><\/td><td>1998<\/td><td>JEAN-JACQUES RISLER<\/td><td><\/td><\/tr><tr><td>Meyer David<\/td><td><\/td><td>1998<\/td><td>LOUIS BOUTET DE MONVEL<\/td><td><\/td><\/tr><tr><td>Petalidou Fani<\/td><td><\/td><td>1998<\/td><td>CHARLES-MICHEL MARLE<\/td><td><\/td><\/tr><tr><td>Pevsner Michail<\/td><td><\/td><td>1998<\/td><td>JACQUES FARAUT<\/td><td><\/td><\/tr><tr><td>Zaalani Nadhem<\/td><td><\/td><td>1998<\/td><td>CHARLES-MICHEL MARLE<\/td><td><\/td><\/tr><tr><td>Boichut Xavier<\/td><td>Points de Heegner, op\u00e9rateurs de Hecke et symboles locaux de N\u00e9ron-Tate = Heegner points, Hecke operators and Neron-Tate local pairings<\/td><td>1997<\/td><td>FRANCOIS LOESER<\/td><td><\/td><\/tr><tr><td>Colin Violaine<\/td><td><\/td><td>1997<\/td><td>PIERRE SCHAPIRA<\/td><td><\/td><\/tr><tr><td>Cresson Jacky<\/td><td>Propri\u00e9t\u00e9s d'instabilit\u00e9 des syt\u00e8mes hamiltoniens proches de syst\u00e8mes int\u00e9grables<\/td><td>1997<\/td><td>CHARLES-MICHEL MARLE<\/td><td><\/td><\/tr><tr><td>Krasnyanski Mikhail<\/td><td><\/td><td>1997<\/td><td>LOUIS BOUTET DE MONVEL<\/td><td><\/td><\/tr><tr><td>Marastoni Corrado<\/td><td>Dualit\u00e9 de Grasmann pour les D-modules<\/td><td>1997<\/td><td>PIERRE SCHAPIRA<\/td><td><\/td><\/tr><tr><td>Rebufat Francois<\/td><td>Placement de polyg\u00f4nes g\u00e9n\u00e9ralis\u00e9s dans le plan<\/td><td>1997<\/td><td>JEAN-JACQUES RISLER<\/td><td><\/td><\/tr><tr><td>Rezounenko Alexander<\/td><td><\/td><td>1997<\/td><td>LOUIS BOUTET DE MONVEL<\/td><td><\/td><\/tr><tr><td>Chadli Mohammed<\/td><td>Espace de Hardy d'un espace sym\u00e9trique de type Cayley<\/td><td>1996<\/td><td>JACQUES FARAUT<\/td><td><\/td><\/tr><tr><td>Gourion Catherine-amparo<\/td><td>Sous-groupes convexes maximaux du groupe des automorphismes d'une chaine 2-transitive<\/td><td>1996<\/td><td>LASCAR<\/td><td><\/td><\/tr><tr><td>Hache Gaetan<\/td><td>Construction effective des codes g\u00e9om\u00e9triques<\/td><td>1996<\/td><td>DOMINIQUE LE BRIGAND<\/td><td><\/td><\/tr><tr><td>Junker Markus<\/td><td>Structure de type Zariski<\/td><td>1996<\/td><td>LASCAR<\/td><td><\/td><\/tr><tr><td>Lazard Sylvain<\/td><td>Planification de trajectoires de robots mobiles non-holonomes et de robots \u00e0 pattes<\/td><td>1996<\/td><td>JEAN-JACQUES RISLER<\/td><td><\/td><\/tr><tr><td>Nang Philibert<\/td><td>D-modules holon\u00f4mes r\u00e9guliers li\u00e9s au groupe des similitudes<\/td><td>1996<\/td><td>LOUIS BOUTET DE MONVEL<\/td><td><\/td><\/tr><tr><td>Valles Jean<\/td><td>Diviseurs inattendus de droites sauteuses - Fibr\u00e9 de Schwartz<\/td><td>1996<\/td><td>CHRISTIAN PESKINE<\/td><td><\/td><\/tr><tr><td>Guillarnou Stephane<\/td><td><\/td><td>1995<\/td><td>PIERRE SCHAPIRA<\/td><td><\/td><\/tr><\/table>\n","protected":false},"excerpt":{"rendered":"","protected":false},"author":1,"featured_media":0,"parent":0,"menu_order":0,"comment_status":"closed","ping_status":"closed","template":"","meta":{"footnotes":""},"class_list":["post-23","page","type-page","status-publish","hentry"],"_links":{"self":[{"href":"https:\/\/www.imj-prg.fr\/aa\/wp-json\/wp\/v2\/pages\/23","targetHints":{"allow":["GET"]}}],"collection":[{"href":"https:\/\/www.imj-prg.fr\/aa\/wp-json\/wp\/v2\/pages"}],"about":[{"href":"https:\/\/www.imj-prg.fr\/aa\/wp-json\/wp\/v2\/types\/page"}],"author":[{"embeddable":true,"href":"https:\/\/www.imj-prg.fr\/aa\/wp-json\/wp\/v2\/users\/1"}],"replies":[{"embeddable":true,"href":"https:\/\/www.imj-prg.fr\/aa\/wp-json\/wp\/v2\/comments?post=23"}],"version-history":[{"count":2,"href":"https:\/\/www.imj-prg.fr\/aa\/wp-json\/wp\/v2\/pages\/23\/revisions"}],"predecessor-version":[{"id":52,"href":"https:\/\/www.imj-prg.fr\/aa\/wp-json\/wp\/v2\/pages\/23\/revisions\/52"}],"wp:attachment":[{"href":"https:\/\/www.imj-prg.fr\/aa\/wp-json\/wp\/v2\/media?parent=23"}],"curies":[{"name":"wp","href":"https:\/\/api.w.org\/{rel}","templated":true}]}}