{"id":4,"date":"2020-12-14T10:54:10","date_gmt":"2020-12-14T09:54:10","guid":{"rendered":"http:\/\/dev.imj-prg.fr\/aa\/?page_id=4"},"modified":"2020-12-14T10:55:15","modified_gmt":"2020-12-14T09:55:15","slug":"presentation","status":"publish","type":"page","link":"https:\/\/www.imj-prg.fr\/aa\/presentation\/","title":{"rendered":"Pr\u00e9sentation"},"content":{"rendered":"\n<h3 class=\"wp-block-heading\">Analyse Alg\u00e9brique<\/h3>\n\n\n\n<p>L\u2019Equipe-Projet \u00ab\u00a0Analyse Alg\u00e9brique\u00a0\u00bb existe depuis plus d\u2019une vingtaine d\u2019ann\u00e9es.<\/p>\n\n\n\n<p>Cette \u00e9quipe regroupe des chercheurs qui travaillent dans des domaines diff\u00e9rents de math\u00e9matiques, et qui ont les uns avec les autres des interactions tr\u00e8s importantes.<\/p>\n\n\n\n<p>Quelques th\u00e8mes de recherche d\u00e9velopp\u00e9s&nbsp;:<\/p>\n\n\n\n<p><img loading=\"lazy\" decoding=\"async\" src=\"https:\/\/www.imj-prg.fr\/aa\/squelettes-dist\/puce.gif\" alt=\"-\" width=\"8\" height=\"11\">&nbsp;syst\u00e8mes dynamiques (P. Berger, H. Eynard-Bontemps, P.-A. Guih\u00e9neuf, V. Humili\u00e8re, P. Le Calvez, F. Le Roux, J.-P. Marco, S. Seyfaddini, Sh. Shen, M.&nbsp;Zavidovique)&nbsp;;<\/p>\n\n\n\n<p><img loading=\"lazy\" decoding=\"async\" src=\"https:\/\/www.imj-prg.fr\/aa\/squelettes-dist\/puce.gif\" alt=\"-\" width=\"8\" height=\"11\">&nbsp;g\u00e9om\u00e9trie symplectique et hamiltonienne (P. Berger, L. Charles, E. Ferrand, P. Georgieva, V. Humili\u00e8re, L. Lazzarini, J.-P. Marco, A. Oancea, S. Seyfaddini, Sh. Shen, M.&nbsp;Zavidovique)&nbsp;;<\/p>\n\n\n\n<p><img loading=\"lazy\" decoding=\"async\" src=\"https:\/\/www.imj-prg.fr\/aa\/squelettes-dist\/puce.gif\" alt=\"-\" width=\"8\" height=\"11\">&nbsp;g\u00e9om\u00e9trie alg\u00e9brique (P. Georgieva, J. Grivaux, I. Itenberg, P. Lochak, F. Loeser, F. Paugam, P. Polo, A. Quadrat, M.&nbsp;Robalo, L. Schneps)&nbsp;;<\/p>\n\n\n\n<p><img loading=\"lazy\" decoding=\"async\" src=\"https:\/\/www.imj-prg.fr\/aa\/squelettes-dist\/puce.gif\" alt=\"-\" width=\"8\" height=\"11\">&nbsp;g\u00e9om\u00e9trie arithm\u00e9tique (N. Bergeron, A. Guilloux, P. Lochak, F. Loeser, L. Schneps)&nbsp;;<\/p>\n\n\n\n<p><img loading=\"lazy\" decoding=\"async\" src=\"https:\/\/www.imj-prg.fr\/aa\/squelettes-dist\/puce.gif\" alt=\"-\" width=\"8\" height=\"11\">&nbsp;groupes et repr\u00e9sentations (N. Bergeron, A. Deloro, A. Guilloux, P. Polo, S. Morier-Genoud, N. Varopoulos)&nbsp;;<\/p>\n\n\n\n<p><img loading=\"lazy\" decoding=\"async\" src=\"https:\/\/www.imj-prg.fr\/aa\/squelettes-dist\/puce.gif\" alt=\"-\" width=\"8\" height=\"11\">&nbsp;topologie alg\u00e9brique et diff\u00e9rentielle (H. Eynard-Bontemps, E. Ferrand, V. Humili\u00e8re, I. Itenberg, P.-V. Koseleff, A. Oancea, D. Pecker, A. Quadrat, M.&nbsp;Robalo, S. Seyfaddini)&nbsp;;<\/p>\n\n\n\n<p><img loading=\"lazy\" decoding=\"async\" src=\"https:\/\/www.imj-prg.fr\/aa\/squelettes-dist\/puce.gif\" alt=\"-\" width=\"8\" height=\"11\">&nbsp;analyse micro-locale (L. Charles, P. Schapira, Sh. Shen)&nbsp;;<\/p>\n\n\n\n<p><img loading=\"lazy\" decoding=\"async\" src=\"https:\/\/www.imj-prg.fr\/aa\/squelettes-dist\/puce.gif\" alt=\"-\" width=\"8\" height=\"11\">&nbsp;quantification (L. Charles, S. Chemla, F. Paugam, P. Schapira)&nbsp;;<\/p>\n\n\n\n<p><img loading=\"lazy\" decoding=\"async\" src=\"https:\/\/www.imj-prg.fr\/aa\/squelettes-dist\/puce.gif\" alt=\"-\" width=\"8\" height=\"11\">&nbsp;analyse harmonique (D. Achab, J. Faraut, S. Mustapha)&nbsp;;<\/p>\n\n\n\n<p><img loading=\"lazy\" decoding=\"async\" src=\"https:\/\/www.imj-prg.fr\/aa\/squelettes-dist\/puce.gif\" alt=\"-\" width=\"8\" height=\"11\">&nbsp;th\u00e9orie des mod\u00e8les (A. Deloro, F. Loeser)&nbsp;;<\/p>\n\n\n\n<p><img loading=\"lazy\" decoding=\"async\" src=\"https:\/\/www.imj-prg.fr\/aa\/squelettes-dist\/puce.gif\" alt=\"-\" width=\"8\" height=\"11\">&nbsp;calcul formel (P.-V. Koseleff, D. Pecker, A. Quadrat).<a href=\"https:\/\/www.imj-prg.fr\/aa\/IMG\/pdf\/2.pdf\"><\/a><\/p>\n\n\n\n<figure class=\"wp-block-image size-large\"><a href=\"http:\/\/dev.imj-prg.fr\/aa\/wp-content\/uploads\/sites\/2\/2020\/12\/poster-aa2.pdf\"><img loading=\"lazy\" decoding=\"async\" width=\"320\" height=\"452\" src=\"http:\/\/dev.imj-prg.fr\/aa\/wp-content\/uploads\/sites\/2\/2020\/12\/poster-aa.jpg\" alt=\"\" class=\"wp-image-5\" srcset=\"https:\/\/www.imj-prg.fr\/aa\/wp-content\/uploads\/sites\/2\/2020\/12\/poster-aa.jpg 320w, https:\/\/www.imj-prg.fr\/aa\/wp-content\/uploads\/sites\/2\/2020\/12\/poster-aa-212x300.jpg 212w\" sizes=\"auto, (max-width: 320px) 100vw, 320px\" \/><\/a><\/figure>\n\n\n\n<figure class=\"wp-block-image size-large\"><img loading=\"lazy\" decoding=\"async\" width=\"792\" height=\"503\" src=\"http:\/\/dev.imj-prg.fr\/aa\/wp-content\/uploads\/sites\/2\/2020\/12\/wordleAA.png\" alt=\"\" class=\"wp-image-9\" srcset=\"https:\/\/www.imj-prg.fr\/aa\/wp-content\/uploads\/sites\/2\/2020\/12\/wordleAA.png 792w, https:\/\/www.imj-prg.fr\/aa\/wp-content\/uploads\/sites\/2\/2020\/12\/wordleAA-300x191.png 300w, https:\/\/www.imj-prg.fr\/aa\/wp-content\/uploads\/sites\/2\/2020\/12\/wordleAA-768x488.png 768w\" sizes=\"auto, (max-width: 792px) 100vw, 792px\" \/><\/figure>\n","protected":false},"excerpt":{"rendered":"<p>Analyse Alg\u00e9brique L\u2019Equipe-Projet \u00ab\u00a0Analyse Alg\u00e9brique\u00a0\u00bb existe depuis plus d\u2019une vingtaine d\u2019ann\u00e9es. Cette \u00e9quipe regroupe des chercheurs qui travaillent dans des domaines diff\u00e9rents de math\u00e9matiques, et qui ont les uns avec les autres des interactions tr\u00e8s importantes. Quelques th\u00e8mes de recherche d\u00e9velopp\u00e9s&nbsp;: &nbsp;syst\u00e8mes dynamiques (P. Berger, H. Eynard-Bontemps, P.-A. Guih\u00e9neuf, V. Humili\u00e8re, P. Le Calvez, F. [&hellip;]<\/p>\n","protected":false},"author":1,"featured_media":0,"parent":0,"menu_order":0,"comment_status":"closed","ping_status":"closed","template":"","meta":{"footnotes":""},"class_list":["post-4","page","type-page","status-publish","hentry"],"_links":{"self":[{"href":"https:\/\/www.imj-prg.fr\/aa\/wp-json\/wp\/v2\/pages\/4","targetHints":{"allow":["GET"]}}],"collection":[{"href":"https:\/\/www.imj-prg.fr\/aa\/wp-json\/wp\/v2\/pages"}],"about":[{"href":"https:\/\/www.imj-prg.fr\/aa\/wp-json\/wp\/v2\/types\/page"}],"author":[{"embeddable":true,"href":"https:\/\/www.imj-prg.fr\/aa\/wp-json\/wp\/v2\/users\/1"}],"replies":[{"embeddable":true,"href":"https:\/\/www.imj-prg.fr\/aa\/wp-json\/wp\/v2\/comments?post=4"}],"version-history":[{"count":2,"href":"https:\/\/www.imj-prg.fr\/aa\/wp-json\/wp\/v2\/pages\/4\/revisions"}],"predecessor-version":[{"id":10,"href":"https:\/\/www.imj-prg.fr\/aa\/wp-json\/wp\/v2\/pages\/4\/revisions\/10"}],"wp:attachment":[{"href":"https:\/\/www.imj-prg.fr\/aa\/wp-json\/wp\/v2\/media?parent=4"}],"curies":[{"name":"wp","href":"https:\/\/api.w.org\/{rel}","templated":true}]}}