{"id":53,"date":"2020-12-14T14:32:30","date_gmt":"2020-12-14T13:32:30","guid":{"rendered":"http:\/\/dev.imj-prg.fr\/aa\/?page_id=53"},"modified":"2026-01-05T11:46:55","modified_gmt":"2026-01-05T10:46:55","slug":"53-2","status":"publish","type":"page","link":"https:\/\/www.imj-prg.fr\/aa\/","title":{"rendered":""},"content":{"rendered":"\n<div class=\"wp-block-columns is-layout-flex wp-container-core-columns-is-layout-9d6595d7 wp-block-columns-is-layout-flex\">\n<div class=\"wp-block-column is-layout-flow wp-block-column-is-layout-flow\" style=\"flex-basis:33.33%\">\n<figure class=\"wp-block-image size-large\"><a href=\"http:\/\/www.imj-prg.fr\/aa\/wp-content\/uploads\/sites\/2\/2020\/12\/poster-aa2.pdf\"><img loading=\"lazy\" decoding=\"async\" width=\"320\" height=\"452\" src=\"http:\/\/dev.imj-prg.fr\/aa\/wp-content\/uploads\/sites\/2\/2020\/12\/poster-aa-1.jpg\" alt=\"\" class=\"wp-image-55\" srcset=\"https:\/\/www.imj-prg.fr\/aa\/wp-content\/uploads\/sites\/2\/2020\/12\/poster-aa-1.jpg 320w, https:\/\/www.imj-prg.fr\/aa\/wp-content\/uploads\/sites\/2\/2020\/12\/poster-aa-1-212x300.jpg 212w\" sizes=\"auto, (max-width: 320px) 100vw, 320px\" \/><\/a><\/figure>\n<\/div>\n\n\n\n<div class=\"wp-block-column is-layout-flow wp-block-column-is-layout-flow\" style=\"flex-basis:66.66%\">\n<h3 class=\"wp-block-heading\">Equipe Analyse Alg\u00e9brique<\/h3>\n\n\n\n<p><strong>Responsable d\u2019\u00e9quipe\u00a0:<\/strong> Pierre Berger<br><strong>Responsables adjoints\u00a0:<\/strong> Russel Avdek, Pierre-Antoine Guih\u00e9neuf<br><strong>Gestionnaire\u00a0:<\/strong> Sandrine B\u00e9d\u00e9<\/p>\n\n\n\n<p>Adresse postale&nbsp;:<\/p>\n\n\n\n<figure class=\"wp-block-table\"><table><tbody><tr><td>IMJ-PRG &#8211; UMR7586<br>Universit\u00e9 Pierre et Marie Curie<br>Boite courrier 247<br>Couloir 15-25 5e \u00e9tage<br>4 place Jussieu, 75252 Paris Cedex 05<\/td><\/tr><\/tbody><\/table><\/figure>\n<\/div>\n<\/div>\n","protected":false},"excerpt":{"rendered":"<p>Equipe Analyse Alg\u00e9brique Responsable d\u2019\u00e9quipe\u00a0: Pierre BergerResponsables adjoints\u00a0: Russel Avdek, Pierre-Antoine Guih\u00e9neufGestionnaire\u00a0: Sandrine B\u00e9d\u00e9 Adresse postale&nbsp;: IMJ-PRG &#8211; UMR7586Universit\u00e9 Pierre et Marie CurieBoite courrier 247Couloir 15-25 5e \u00e9tage4 place Jussieu, 75252 Paris Cedex 05<\/p>\n","protected":false},"author":1,"featured_media":0,"parent":0,"menu_order":0,"comment_status":"closed","ping_status":"closed","template":"","meta":{"footnotes":""},"class_list":["post-53","page","type-page","status-publish","hentry"],"_links":{"self":[{"href":"https:\/\/www.imj-prg.fr\/aa\/wp-json\/wp\/v2\/pages\/53","targetHints":{"allow":["GET"]}}],"collection":[{"href":"https:\/\/www.imj-prg.fr\/aa\/wp-json\/wp\/v2\/pages"}],"about":[{"href":"https:\/\/www.imj-prg.fr\/aa\/wp-json\/wp\/v2\/types\/page"}],"author":[{"embeddable":true,"href":"https:\/\/www.imj-prg.fr\/aa\/wp-json\/wp\/v2\/users\/1"}],"replies":[{"embeddable":true,"href":"https:\/\/www.imj-prg.fr\/aa\/wp-json\/wp\/v2\/comments?post=53"}],"version-history":[{"count":8,"href":"https:\/\/www.imj-prg.fr\/aa\/wp-json\/wp\/v2\/pages\/53\/revisions"}],"predecessor-version":[{"id":157,"href":"https:\/\/www.imj-prg.fr\/aa\/wp-json\/wp\/v2\/pages\/53\/revisions\/157"}],"wp:attachment":[{"href":"https:\/\/www.imj-prg.fr\/aa\/wp-json\/wp\/v2\/media?parent=53"}],"curies":[{"name":"wp","href":"https:\/\/api.w.org\/{rel}","templated":true}]}}