{"id":13,"date":"2020-12-15T11:04:37","date_gmt":"2020-12-15T10:04:37","guid":{"rendered":"http:\/\/dev.imj-prg.fr\/acg\/?page_id=13"},"modified":"2020-12-16T10:23:21","modified_gmt":"2020-12-16T09:23:21","slug":"seminaires","status":"publish","type":"page","link":"https:\/\/www.imj-prg.fr\/acg\/seminaires\/","title":{"rendered":"S\u00e9minaires"},"content":{"rendered":"\n<p class=\"has-text-align-right\"><a href=\"\/acg\/anciens-seminaires\">Historique<\/a><\/p>\n\n\n\n   <script type=\"text\/javascript\" src=\"https:\/\/www.imj-prg.fr\/js\/jquery.tablesorter.min.js\"><\/script>\n\n  \n    <div class=\"well\">\n                 \n     \t                                        \n\t\t<h2><a href ='\/gestion\/evenement\/1'>S\u00e9minaires\n     2025-2026    <\/a><\/h2>\n    <table class=\"table table-striped\">\n\n  <script type=\"text\/javascript\" id=\"js\">$(document).ready(function() {\n\n   $(\"table\").tablesorter({\n     sortList: [[0,0]]\n   });\n   });\n  }); <\/script>\n  <\/table>\n     <table  class=\"tabsem tablesorter table\"> <thead>\n      <tr>\n\t   <th> S\u00e9minaires<\/th>  <th>Responsables<\/th>  <th>Prochain <\/th><th>Prochain(s) intervenant(s)<\/th><th>Date<\/th>\n      <\/tr><\/thead>\n\t                                   \n            \n    \n\t<tr>\n\t<td><a href='\/gestion\/evenement\/affEvenement\/77'>S\u00e9minaire G\u00e9om\u00e9trie et Topologie<\/a><\/td>\n\t<td>S. Andr\u00e9, R. Avdek, F. Ben Aribi, H. Eynard-Bontemps, P.-A. Guih\u00e9neuf, J. March\u00e9, M. Mazzucchelli, B. Petri<\/td>\n                                                                                                      <td>TBA (Sebastian Hensel)<\/td>\n    <td>    Sebastian Hensel - ,\n        <\/td>\n    <td>09\/04\/2026 11:00 <\/td>\n                          \n\t<\/tr>     <\/table>\n<\/div>\n\n   \n    <div class=\"well\">\n                 \n         <\/table>\n<\/div>\n\n   \n    <div class=\"well\">\n                 \n         <\/table>\n<\/div>\n\n   \n    <div class=\"well\">\n                 \n         <\/table>\n<\/div>\n\n   \n    <div class=\"well\">\n                 \n         <\/table>\n<\/div>\n\n  \n","protected":false},"excerpt":{"rendered":"<p>Historique<\/p>\n","protected":false},"author":1,"featured_media":0,"parent":0,"menu_order":0,"comment_status":"closed","ping_status":"closed","template":"","meta":{"footnotes":""},"class_list":["post-13","page","type-page","status-publish","hentry"],"_links":{"self":[{"href":"https:\/\/www.imj-prg.fr\/acg\/wp-json\/wp\/v2\/pages\/13","targetHints":{"allow":["GET"]}}],"collection":[{"href":"https:\/\/www.imj-prg.fr\/acg\/wp-json\/wp\/v2\/pages"}],"about":[{"href":"https:\/\/www.imj-prg.fr\/acg\/wp-json\/wp\/v2\/types\/page"}],"author":[{"embeddable":true,"href":"https:\/\/www.imj-prg.fr\/acg\/wp-json\/wp\/v2\/users\/1"}],"replies":[{"embeddable":true,"href":"https:\/\/www.imj-prg.fr\/acg\/wp-json\/wp\/v2\/comments?post=13"}],"version-history":[{"count":6,"href":"https:\/\/www.imj-prg.fr\/acg\/wp-json\/wp\/v2\/pages\/13\/revisions"}],"predecessor-version":[{"id":79,"href":"https:\/\/www.imj-prg.fr\/acg\/wp-json\/wp\/v2\/pages\/13\/revisions\/79"}],"wp:attachment":[{"href":"https:\/\/www.imj-prg.fr\/acg\/wp-json\/wp\/v2\/media?parent=13"}],"curies":[{"name":"wp","href":"https:\/\/api.w.org\/{rel}","templated":true}]}}