{"id":15,"date":"2020-12-15T11:05:37","date_gmt":"2020-12-15T10:05:37","guid":{"rendered":"http:\/\/dev.imj-prg.fr\/acg\/?page_id=15"},"modified":"2020-12-15T15:11:38","modified_gmt":"2020-12-15T14:11:38","slug":"anciens-seminaires","status":"publish","type":"page","link":"https:\/\/www.imj-prg.fr\/acg\/anciens-seminaires\/","title":{"rendered":"Anciens s\u00e9minaires"},"content":{"rendered":"\n   <script type=\"text\/javascript\" src=\"https:\/\/www.imj-prg.fr\/js\/jquery.tablesorter.min.js\"><\/script>\n\n  \n    <div class=\"well\">\n                 \n     \t                                        \n\t\t<h2><a href ='\/gestion\/evenement\/1'>S\u00e9minaires\n        <\/a><\/h2>\n    <table class=\"table table-striped\">\n\n  <script type=\"text\/javascript\" id=\"js\">$(document).ready(function() {\n\n   $(\"table\").tablesorter({\n     sortList: [[0,0]]\n   });\n   });\n  }); <\/script>\n  <\/table>\n     <table  class=\"tabsem tablesorter table\"> <thead>\n      <tr>\n\t   <th> S\u00e9minaires<\/th>  <th>Responsables<\/th>  <th>Prochain <\/th><th>Prochain(s) intervenant(s)<\/th><th>Date<\/th>\n      <\/tr><\/thead>\n\t                                   \n            \n    \n\t<tr>\n\t<td><a href='\/gestion\/evenement\/affEvenement\/77'>S\u00e9minaire G\u00e9om\u00e9trie et Topologie<\/a><\/td>\n\t<td>S. Andr\u00e9, R. Avdek, F. Ben Aribi, H. Eynard-Bontemps, P.-A. Guih\u00e9neuf, J. March\u00e9, M. Mazzucchelli, B. Petri<\/td>\n                                                                                                      <td>TBA (Sebastian Hensel)<\/td>\n    <td>    Sebastian Hensel - ,\n        <\/td>\n    <td>09\/04\/2026 11:00 <\/td>\n                          \n\t<\/tr>          \n     \t                                            \n            \n    \n\t<tr>\n\t<td><a href='\/gestion\/evenement\/affEvenement\/102'>S\u00e9minaire Journ\u00e9e dynamique<\/a><\/td>\n\t<td>P. Guih\u00e9neuf, V. Humili\u00e8re, T. Lefeuvre, B. Petri, A. Sambarino<\/td>\n                                                                                                                            <td><\/td>\n    <td><\/td>\n    <td><\/td>\n  \n\t<\/tr>     <\/table>\n<\/div>\n\n   \n    <div class=\"well\">\n                 \n              \n         <\/table>\n<\/div>\n\n   \n    <div class=\"well\">\n                 \n              \n         <\/table>\n<\/div>\n\n   \n    <div class=\"well\">\n                 \n              \n         <\/table>\n<\/div>\n\n   \n    <div class=\"well\">\n                 \n              \n         <\/table>\n<\/div>\n\n  \n\n\n\n<h2 class=\"wp-block-heading\">Archives<\/h2>\n\n\n\n<hr class=\"wp-block-separator\" id=\"ligne-header\"\/>\n\n\n\n<p><a href=\"https:\/\/www.imj-prg.fr\/static\/acg\/semi\/semi20142015.html\">S\u00e9minaires de Octobre 2014 \u00e0 Juin 2015<\/a><br><a href=\"https:\/\/www.imj-prg.fr\/static\/acg\/semi\/semi20132014.html\">S\u00e9minaires de Octobre 2013 \u00e0 Juin 2014<\/a><br><a href=\"https:\/\/www.imj-prg.fr\/static\/acg\/semi\/semi20122013.html\">S\u00e9minaires de Octobre 2012 \u00e0 Juin 2013<\/a><br><a href=\"https:\/\/www.imj-prg.fr\/static\/acg\/semi\/semi20112012.html\">S\u00e9minaires de Octobre 2011 \u00e0 Juin 2012<\/a><br><a href=\"https:\/\/www.imj-prg.fr\/static\/acg\/semi\/semi20102011.html\">S\u00e9minaires de Octobre 2010 \u00e0 Juin 2011<\/a><br><a href=\"https:\/\/www.imj-prg.fr\/static\/acg\/semi\/semi20092010.html\">S\u00e9minaires de Octobre 2009 \u00e0 Juin 2010<\/a><br><a href=\"https:\/\/www.imj-prg.fr\/static\/acg\/semi\/semi20082009.html\">S\u00e9minaires de Octobre 2008 \u00e0 Juin 2009<\/a><br><a href=\"https:\/\/www.imj-prg.fr\/static\/acg\/semi\/semi20072008.html\">S\u00e9minaires de Octobre 2007 \u00e0 Mai 2008<\/a><br><a href=\"https:\/\/www.imj-prg.fr\/static\/acg\/semi\/semi20062007.html\">S\u00e9minaires de Octobre 2006 \u00e0 Juin 2007<\/a><br><a href=\"https:\/\/www.imj-prg.fr\/static\/acg\/semi\/2006\/semi2006.html\">S\u00e9minaires de Novembre 2005 \u00e0 Mai 2006<\/a><br><a href=\"https:\/\/www.imj-prg.fr\/static\/acg\/semi\/2005\/MaiJuin.html\">S\u00e9minaires de Mai-Juin 2005<\/a><br><a href=\"https:\/\/www.imj-prg.fr\/static\/acg\/semi\/2005\/Mars-Avril.html\">S\u00e9minaires de Mars-Avril 2005<\/a><br><a href=\"https:\/\/www.imj-prg.fr\/static\/acg\/semi\/2005\/janvier-fevrier.html\">S\u00e9minaires de Janvier-F\u00e9vrier 2005<\/a><br><a href=\"https:\/\/www.imj-prg.fr\/static\/acg\/semi\/semi2004.html\">S\u00e9minaires de 2004<\/a><br><a href=\"https:\/\/www.imj-prg.fr\/static\/acg\/semi\/semi2003.html\">S\u00e9minaires de 2003<\/a><br><a href=\"https:\/\/www.imj-prg.fr\/static\/acg\/semi\/semi2002.html\">S\u00e9minaires de 2002<\/a><br><a href=\"https:\/\/www.imj-prg.fr\/static\/acg\/semi\/semi2001.html\">S\u00e9minaires de 2001<\/a><br><a href=\"https:\/\/www.imj-prg.fr\/static\/acg\/semi\/semi2000.html\">S\u00e9minaires de 2000<\/a><br><a href=\"https:\/\/www.imj-prg.fr\/static\/acg\/semi\/semi1999.html\">S\u00e9minaires de 1999<\/a><br><a href=\"https:\/\/www.imj-prg.fr\/static\/acg\/semi\/semi1998.html\">S\u00e9minaires de 1998<\/a><br><a href=\"https:\/\/www.imj-prg.fr\/static\/acg\/semi\/colloque.html\">Colloque Pierre Lelong<\/a><br><a href=\"https:\/\/www.imj-prg.fr\/static\/acg\/semi\/semi1997.html\">S\u00e9minaires de 1997<\/a><\/p>\n","protected":false},"excerpt":{"rendered":"<p>Archives S\u00e9minaires de Octobre 2014 \u00e0 Juin 2015S\u00e9minaires de Octobre 2013 \u00e0 Juin 2014S\u00e9minaires de Octobre 2012 \u00e0 Juin 2013S\u00e9minaires de Octobre 2011 \u00e0 Juin 2012S\u00e9minaires de Octobre 2010 \u00e0 Juin 2011S\u00e9minaires de Octobre 2009 \u00e0 Juin 2010S\u00e9minaires de Octobre 2008 \u00e0 Juin 2009S\u00e9minaires de Octobre 2007 \u00e0 Mai 2008S\u00e9minaires de Octobre 2006 \u00e0 Juin [&hellip;]<\/p>\n","protected":false},"author":1,"featured_media":0,"parent":0,"menu_order":0,"comment_status":"closed","ping_status":"closed","template":"","meta":{"footnotes":""},"class_list":["post-15","page","type-page","status-publish","hentry"],"_links":{"self":[{"href":"https:\/\/www.imj-prg.fr\/acg\/wp-json\/wp\/v2\/pages\/15","targetHints":{"allow":["GET"]}}],"collection":[{"href":"https:\/\/www.imj-prg.fr\/acg\/wp-json\/wp\/v2\/pages"}],"about":[{"href":"https:\/\/www.imj-prg.fr\/acg\/wp-json\/wp\/v2\/types\/page"}],"author":[{"embeddable":true,"href":"https:\/\/www.imj-prg.fr\/acg\/wp-json\/wp\/v2\/users\/1"}],"replies":[{"embeddable":true,"href":"https:\/\/www.imj-prg.fr\/acg\/wp-json\/wp\/v2\/comments?post=15"}],"version-history":[{"count":4,"href":"https:\/\/www.imj-prg.fr\/acg\/wp-json\/wp\/v2\/pages\/15\/revisions"}],"predecessor-version":[{"id":64,"href":"https:\/\/www.imj-prg.fr\/acg\/wp-json\/wp\/v2\/pages\/15\/revisions\/64"}],"wp:attachment":[{"href":"https:\/\/www.imj-prg.fr\/acg\/wp-json\/wp\/v2\/media?parent=15"}],"curies":[{"name":"wp","href":"https:\/\/api.w.org\/{rel}","templated":true}]}}