{"id":17,"date":"2020-12-15T11:05:52","date_gmt":"2020-12-15T10:05:52","guid":{"rendered":"http:\/\/dev.imj-prg.fr\/acg\/?page_id=17"},"modified":"2020-12-15T11:30:06","modified_gmt":"2020-12-15T10:30:06","slug":"theses","status":"publish","type":"page","link":"https:\/\/www.imj-prg.fr\/acg\/theses\/","title":{"rendered":"Th\u00e8ses"},"content":{"rendered":"<link rel=\"stylesheet\" type=\"text\/css\" href=\"https:\/\/cdn.datatables.net\/v\/dt\/dt-1.10.23\/datatables.min.css\"\/>\n \n<script type=\"text\/javascript\" src=\"https:\/\/cdn.datatables.net\/v\/dt\/dt-1.10.23\/datatables.min.js\"><\/script>\n\n<script>\njQuery(document).ready(function($){\n\t\n    $('#tabthese').DataTable({\n\t\tlanguage: {\turl: 'https:\/\/cdn.datatables.net\/plug-ins\/1.10.22\/i18n\/French.json'},\n\t\tpageLength: 50,\n\t\torder: [[ 2, 'desc' ]],\n\t\tdrawCallback: function(settings) {\n\t\t\tvar pagination = $(this).closest('.dataTables_wrapper').find('.dataTables_paginate');\n\t\t\tpagination.toggle(this.api().page.info().pages > 1);\n\t\t\trowCount = $('#tabthese tr').length;\n\t\t\tif(rowCount < 50){\n\t\t\t\n\t\t\t\t$( \"#tabthese_length\" ).hide();\n\t\t\t\t\n\t\t\t\t$( \"#tabthese_info\" ).text(rowCount+ ' \u00e9l\u00e9ments');\n\t\t\t}\n\t\t}\n\t\t\t\t\t\n        });\n\t} );\n<\/script>\n\t\t<table id=\"tabthese\" class=\"display\" ><thead><tr><th>Nom<\/th> <th>Titre<\/th><th>Ann\u00e9e<\/th><th>Directeur de th\u00e8se<\/th><th> <\/th><\/tr><\/thead><tr><td>Godfard Pierre<\/td><td>Rigidit\u00e9 et structures de Hodge des blocs conformes<\/td><td>2025<\/td><td>Julien March\u00e9<\/td><td><br><a href=\"https:\/\/www.theses.fr\/2025SORUS135\">Lien theses.fr<\/a><\/td><\/tr><tr><td>Lin Jiasheng<\/td><td>Th\u00e9orie constructive des champs sur les vari\u00e9t\u00e9s et sujets connexes<\/td><td>2025<\/td><td>Nguyen-Viet Dang<\/td><td><br><a href=\"https:\/\/www.theses.fr\/2025SORUS129\">Lien theses.fr<\/a><\/td><\/tr><tr><td>Zakharov Aleksandr<\/td><td>Calcul de l'homotopie rationnelle des compl\u00e9mentaires d'arrangement lisse<\/td><td>2025<\/td><td>Julien March\u00e9<\/td><td><br><a href=\"https:\/\/www.theses.fr\/2025SORUS160\">Lien theses.fr<\/a><\/td><\/tr><tr><td>Leclerc Ga\u00e9tan<\/td><td>NONLINEARITE, FRACTALES, DECROISSANCE DE FOURIER - Analyse harmonique des \u00e9tats d'\u00e9quilibres de systemes dynamiques hyperboliques<\/td><td>2024<\/td><td>Frederic NAUD<\/td><td><br><a href=\"https:\/\/www.theses.fr\/s384032\">Lien theses.fr<\/a><\/td><\/tr><tr><td>Min Daheng<\/td><td>M\u00e9triques Ricci plat compl\u00e8tes et espaces asymptotiquement localement plat<\/td><td>2024<\/td><td>Olivier BIQUARD<\/td><td><br><a href=\"https:\/\/www.theses.fr\/s384226\">Lien theses.fr<\/a><\/td><\/tr><tr><td>Roig Sanchis Anna<\/td><td>On the geometry of random hyperbolic 3-manifolds<\/td><td>2024<\/td><td>Bram PETRI<\/td><td><br><a href=\"https:\/\/www.theses.fr\/s385383\">Lien theses.fr<\/a><\/td><\/tr><tr><td>Audibert Jacques<\/td><td>Arithmetic constructions of thin representations in higher Teichm\u00fcller spaces<\/td><td>2023<\/td><td>Andr\u00e9s Sambarino<\/td><td><\/td><\/tr><tr><td>Alexandre Rapha\u00ebl<\/td><td>Structures g\u00e9om\u00e9triques et bords des espaces sym\u00e9triques<\/td><td>2022<\/td><td>Elisha Falbel<\/td><td><br><a href=\"https:\/\/www.theses.fr\/2022SORUS132\">Lien theses.fr<\/a><\/td><\/tr><tr><td>Franzinetti Thomas<\/td><td>G\u00e9om\u00e9trie de Mabuchi de l'espace des potentiels de K\u00e4hler et de Sasaki<\/td><td>2022<\/td><td>Gilles Courtois et Eleonora Di Nezza<\/td><td><\/td><\/tr><tr><td>Younes Grace<\/td><td>\u00e9tude des solutions r\u00e9elles extr\u00e9males de syst\u00e8mes polynomiaux d\u00e9pendant de param\u00e8tres et ces applications \u00e0 la th\u00e9orie du  contr\u00f4le<\/td><td>2022<\/td><td>Fabrice Rouillier et Alban Quadrat<\/td><td><br><a href=\"https:\/\/www.theses.fr\/2022SORUS125\">Lien theses.fr<\/a><\/td><\/tr><tr><td>Carvajales Leon<\/td><td>Quantitative aspects of Anosov subgroups acting on symmetric spaces<\/td><td>2020<\/td><td>Andres Sambarino<\/td><td><br><a href=\"http:\/\/www.imj-prg.fr\/theses\/\/pdf\/leon_carvajales.pdf\"><img decoding=\"async\" src=\"http:\/\/www.imj-prg.fr\/wp-content\/themes\/imjprg\/images\/pdf.png\"> <\/a><\/td><\/tr><tr><td>Boulanger Adrien<\/td><td>Exemples de syst\u00e8mes dynamiques : comptage en mesure infinie, enlacement sur le tore et \u00e9changes d'intervalles affines<\/td><td>2018<\/td><td>Gilles Courtois et Fran\u00e7oise Dal'Bo<\/td><td><br><a href=\"http:\/\/www.imj-prg.fr\/theses\/\/pdf\/adrien_boulanger.pdf\"><img decoding=\"async\" src=\"http:\/\/www.imj-prg.fr\/wp-content\/themes\/imjprg\/images\/pdf.png\"> <\/a><\/td><\/tr><tr><td>B\u00e9nard L\u00e9o<\/td><td>Torsion de Reidemeister sur les vari\u00e9t\u00e9s de caract\u00e8res<\/td><td>2018<\/td><td>Julien March\u00e9<\/td><td><\/td><\/tr><tr><td>Ioos Louis<\/td><td>Berezin-Toeplitz quantization and applications<\/td><td>2018<\/td><td>Xionan Ma<\/td><td><\/td><\/tr><tr><td>Istrati Nicolina<\/td><td>Conformal structures on compact complex manifolds<\/td><td>2018<\/td><td>Simone Diverio - Andrei Morianu<\/td><td><\/td><\/tr><tr><td>Dashyan Ruben<\/td><td>Repr\u00e9sentations de groupes fondamentaux en g\u00e9om\u00e9trie hyperbolique<\/td><td>2017<\/td><td>Elisha Falbel<\/td><td><\/td><\/tr><tr><td>Vu Duc viet<\/td><td>Theorie du pluripotentiel et probleme d'equidistribution<\/td><td>2017<\/td><td>Tien Cuong Dinh<\/td><td><\/td><\/tr><tr><td>Kaufmann sacchetto Lucas<\/td><td>\u00abDynamique holomorphe, Th\u00e9orie du Pluripotentiel et applications\u00bb<\/td><td>2016<\/td><td>ELISHA FALBEL<\/td><td><\/td><\/tr><tr><td>Adouani Ines<\/td><td>\u00ab Quelques probl\u00e8mes de g\u00e9om\u00e9trie Finsl\u00e9rienne et K\u00e4hlerienne\u00bb<\/td><td>2015<\/td><td>BEN ABDESSELEM<\/td><td><\/td><\/tr><tr><td>Detcherry Renaud<\/td><td>\"Analyse semi-classique des op\u00e9rateurs courbes en TQFT\"<\/td><td>2015<\/td><td>JULIEN MARCHE<\/td><td><\/td><\/tr><tr><td>Glorieux Olivier<\/td><td>\"Exposant critique des groupes de surfaces agissant sur H^2*H^2 et H^3\"<\/td><td>2015<\/td><td>GILLES COURTOIS<\/td><td><\/td><\/tr><tr><td>Puchol Martin<\/td><td>\"In\u00e9galit\u00e9s de Morse holomorphes G-invariantes et formes de torsion asymptotiques\"<\/td><td>2015<\/td><td>XIAONAN MA<\/td><td><\/td><\/tr><tr><td>Biard Severine<\/td><td>\"Estim\u00e9es L^2 pour l'op\u00e9rateur d-bar et non-existence d'hypersurfaceLevi-plate dans des vari\u00e9t\u00e9s k\u00e4hl\u00e9riennes\"<\/td><td>2013<\/td><td>ANDREI IORDAN<\/td><td><\/td><\/tr><tr><td>Nie Xin<\/td><td>\"Structures quasi-Poisson sur l\u0092espace des modules de connexions plates, entropies d\u0092ensembles de Tits simpliciaux\"<\/td><td>2013<\/td><td>GILLES COURTOIS<\/td><td><\/td><\/tr><tr><td>Zhu Jialin<\/td><td>\"Sur la formule de recollement de formes de torsion analytique\"<\/td><td>2013<\/td><td>XIAONAN MA<\/td><td><\/td><\/tr><tr><td>Auvray Hugues<\/td><td>\"\u00c9quation de Monge-Amp\u00e8re complexe, m\u00e9triques k\u00e4hl\u00e9riennes de typePoincar\u00e9 et instantons gravitationnels ALF\"<\/td><td>2012<\/td><td>OLIVIER BIQUARD<\/td><td><br><a href=\"http:\/\/www.imj-prg.fr\/theses\/\/pdf\/hugues_auvray.pdf\"><img decoding=\"async\" src=\"http:\/\/www.imj-prg.fr\/wp-content\/themes\/imjprg\/images\/pdf.png\"> <\/a><\/td><\/tr><tr><td>Labrousse Clemence<\/td><td>\"Complexit\u00e9 des flots g\u00e9od\u00e9siques int\u00e9grables sur le tore\"<\/td><td>2012<\/td><td>JEAN-PIERRE MARCO<\/td><td><\/td><\/tr><tr><td>Taflin Johan<\/td><td>\"Dynamique des endomorphismes holomorphes de l'espace projectif\"<\/td><td>2011<\/td><td>TIEN-CUONG DINH<\/td><td><br><a href=\"http:\/\/www.imj-prg.fr\/theses\/\/pdf\/johan_taflin.pdf\"><img decoding=\"async\" src=\"http:\/\/www.imj-prg.fr\/wp-content\/themes\/imjprg\/images\/pdf.png\"> <\/a><\/td><\/tr><tr><td>Zhao Tiehong<\/td><td><\/td><td>2011<\/td><td>ELISHA FALBEL<\/td><td><br><a href=\"http:\/\/www.imj-prg.fr\/theses\/\/pdf\/tiehong_zhao.pdf\"><img decoding=\"async\" src=\"http:\/\/www.imj-prg.fr\/wp-content\/themes\/imjprg\/images\/pdf.png\"> <\/a><\/td><\/tr><tr><td>Genzmer Juliette<\/td><td>Sur les triangulations des structures CR-sph\u00e9riques<\/td><td>2010<\/td><td>ELISHA FALBEL<\/td><td><\/td><\/tr><tr><td>Matthey Fanny<\/td><td>SUR LA REGULARITE DE L'OPERATEUR D-BAR ET LA NON-EXISTENCE  D'HYPERSURFACE LEVI-PLATE DANS DES VARIETES K\u00c4HLERIENNES COMPACTES,<\/td><td>2010<\/td><td>ANDREI IORDAN<\/td><td><\/td><\/tr><tr><td>Ben khalifa Ourida<\/td><td>SOLUTIONS REGULIERES GLOBALES D'EQUATIONS D'EVOLUTION DE TYPE PSEUDO-DIFFERENTIEL SINGULIER<\/td><td>2009<\/td><td>DANIEL GOURDIN<\/td><td><\/td><\/tr><tr><td>Madani Farid<\/td><td>LE PROBLEME DE YAMABE AVEC SINGULARITES ET LA CONJECTURE DE HEBEY-VAUGON<\/td><td>2009<\/td><td>THIERRY AUBIN<\/td><td><br><a href=\"http:\/\/www.imj-prg.fr\/theses\/\/pdf\/farid_madani.pdf\"><img decoding=\"async\" src=\"http:\/\/www.imj-prg.fr\/wp-content\/themes\/imjprg\/images\/pdf.png\"> <\/a><\/td><\/tr><tr><td>Gaye Masseye<\/td><td>SOUS-GROUPES DISCRETS DE PU (2,1) ENGENDRES PAR n REFLEXIONS COMPLEXES ET DEFORMATION<\/td><td>2008<\/td><td>ELISHA FALBEL<\/td><td><\/td><\/tr><tr><td>Irigoyen Amadeo<\/td><td>Approximation de compacts fonctionnels par des vari\u00e9t\u00e9s analytiques et applications en probl\u00e8me inverse.<\/td><td>2007<\/td><td>GUENADI HENKIN<\/td><td><br><a href=\"http:\/\/www.imj-prg.fr\/theses\/\/pdf\/amadeo_irigoyen.pdf\"><img decoding=\"async\" src=\"http:\/\/www.imj-prg.fr\/wp-content\/themes\/imjprg\/images\/pdf.png\"> <\/a><\/td><\/tr><tr><td>Meziou Fatma<\/td><td>APPROCHE NON STANDARD DU DEVELOPPEMENT D'UN OPERATEUR SYMETRIQUE EN FONCTIONNELLES PROPRES<\/td><td>2007<\/td><td>FRANCOIS ARIBAUD<\/td><td><\/td><\/tr><tr><td>Ben hadj youssef Hasna<\/td><td>PROBLEME DE CAUCHY GLOBAL REGULIER POUR QUELQUES EQUATIONS  D' EVOLUTION SEMI-LINEAIRES<\/td><td>2006<\/td><td>DANIEL GOURDIN<\/td><td><\/td><\/tr><tr><td>Seifoudini Mohamed<\/td><td>Probl\u00e8mes de Goursat pour les syst\u00e8mes d'\u00e9quations aux d\u00e9riv\u00e9es partielles avec conditions de Levi<\/td><td>2005<\/td><td>DANIEL GOURDIN<\/td><td><br><a href=\"http:\/\/www.imj-prg.fr\/theses\/\/pdf\/mohamed_seifoudini.pdf\"><img decoding=\"async\" src=\"http:\/\/www.imj-prg.fr\/wp-content\/themes\/imjprg\/images\/pdf.png\"> <\/a><\/td><\/tr><tr><td>March\u00e9 Julien<\/td><td>th\u00e8se suivante Sur l'int\u00e9grale de Kontsevich des noeuds dans les vari\u00e9t\u00e9s de dimension 3<\/td><td>2004<\/td><td>Pierre Vogel<\/td><td><\/td><\/tr><tr><td>Pirio Luc<\/td><td>Equations fonctionnelles ab\u00e9liennes et g\u00e9om\u00e9trie des tissus<\/td><td>2004<\/td><td>GUENADI HENKIN<\/td><td><br><a href=\"http:\/\/www.imj-prg.fr\/theses\/\/pdf\/luc_pirio.pdf\"><img decoding=\"async\" src=\"http:\/\/www.imj-prg.fr\/wp-content\/themes\/imjprg\/images\/pdf.png\"> <\/a><\/td><\/tr><tr><td>Bahoura Samy<\/td><td>supuxinfu pour l'equation de la courbure scalaire prescrite en dimension n>2 et inegalites de Harnack<\/td><td>2003<\/td><td>THIERRY AUBIN<\/td><td><\/td><\/tr><tr><td>Caraffa-bernard Daniela<\/td><td>Equations aux derivees partielles elliptiques du quatrieme ordre avec exposant critique sur les vari\u00e9t\u00e9s Riemanniennes compactes avec ou sans bord<\/td><td>2003<\/td><td>THIERRY AUBIN<\/td><td><\/td><\/tr><tr><td>Dailly Paul<\/td><td>D\u00e9composition \"\u00e0 la Kronecker\" dans les anneaux de Krull par immersion dans des anneaux principaux<\/td><td>2002<\/td><td>FRANCOIS ARIBAUD<\/td><td><\/td><\/tr><tr><td>Ghedamsi Mouna<\/td><td>Solutions globales r\u00e9gulieres pour quelques syst\u00e8mes d''evolution<\/td><td>2002<\/td><td>DANIEL GOURDIN<\/td><td><\/td><\/tr><tr><td>Rached Faten<\/td><td>METHODES ALGEBRIQUES NON STANDARD EN ANALYSE MATIRICIELLE<\/td><td>2002<\/td><td>FRANCOIS ARIBAUD<\/td><td><\/td><\/tr><tr><td>Akhbari Sina<\/td><td><\/td><td>2001<\/td><td>MICHELE MASTRANGELO<\/td><td><\/td><\/tr><tr><td>Delquie Helene<\/td><td>Points multiples de la vari\u00e9t\u00e9 caract\u00e9ristique d'un op\u00e9rateur r\u00e9el diagonisable et dimension r\u00e9duite. Sym\u00e9trie d'un op\u00e9rateur 4x4 fortement hyperbolique dans R3<\/td><td>2000<\/td><td>JEAN VAILLANT<\/td><td><br><a href=\"http:\/\/www.imj-prg.fr\/theses\/\/pdf\/helene_delquie.pdf\"><img decoding=\"async\" src=\"http:\/\/www.imj-prg.fr\/wp-content\/themes\/imjprg\/images\/pdf.png\"> <\/a><\/td><\/tr><tr><td>Fabre Bruno<\/td><td>Nouvelles variations sur les th\u00e9or\u00e8mesd'Abel et de Lie-Griffiths<\/td><td>2000<\/td><td>GUENADI HENKIN<\/td><td><br><a href=\"http:\/\/www.imj-prg.fr\/theses\/\/pdf\/bruno_fabre.pdf\"><img decoding=\"async\" src=\"http:\/\/www.imj-prg.fr\/wp-content\/themes\/imjprg\/images\/pdf.png\"> <\/a><\/td><\/tr><tr><td>Dinh Tien<\/td><td><\/td><td>1999<\/td><td>GUENADI HENKIN<\/td><td><\/td><\/tr><tr><td>Li Xiang dong<\/td><td>STOCHASTIC ANALYSIS AND GEOMETRY ON PATH AND LOOP SPACES<\/td><td>1999<\/td><td>MALLIAVIN<\/td><td><\/td><\/tr><tr><td>Rigat Stephane<\/td><td><\/td><td>1999<\/td><td>GUENADI HENKIN<\/td><td><\/td><\/tr><tr><td>Sarkis Frederic<\/td><td>Extension des fonctions CR-meromorphes et non-plongement dans l'espace projectif de la structure CR d'Andreotti-Rossi<\/td><td>1999<\/td><td>GUENADI HENKIN<\/td><td><\/td><\/tr><tr><td>Holcman David<\/td><td><\/td><td>1998<\/td><td>THIERRY AUBIN<\/td><td><\/td><\/tr><tr><td>Tingry Guillaume<\/td><td><\/td><td>1998<\/td><td>FRANCOIS ARIBAUD<\/td><td><\/td><\/tr><tr><td>Wang Wenzhi<\/td><td><\/td><td>1998<\/td><td>THIERRY AUBIN<\/td><td><\/td><\/tr><tr><td>Dingoyan Pascal<\/td><td><\/td><td>1997<\/td><td>GUENADI HENKIN<\/td><td><\/td><\/tr><tr><td>Takeuchi Jiro<\/td><td><\/td><td>1997<\/td><td>JEAN VAILLANT<\/td><td><\/td><\/tr><tr><td>Bismuth Sophie<\/td><td>Probl\u00e8mes elliptiques non lin\u00e9aires<\/td><td>1996<\/td><td>JEAN VAILLANT<\/td><td><\/td><\/tr><tr><td>Kazumi Tetsuya<\/td><td>ANALYSE STOCHASTIQUE SUR LES ESPACES DE CHEMIN<\/td><td>1996<\/td><td>MALLIAVIN<\/td><td><\/td><\/tr><tr><td>Mechab Mustapha<\/td><td><\/td><td>1996<\/td><td>DANIEL GOURDIN<\/td><td><\/td><\/tr><tr><td>Merker Joel<\/td><td>Etude des propri\u00e9t\u00e9s de prolongement holomorphe et propagation de l'analyticit\u00e9 pour les fonctions CR. Application : \u00e9limination des singularit\u00e9s<\/td><td>1996<\/td><td>JEAN-MARC TREPREAU<\/td><td><\/td><\/tr><tr><td>Nivoche Stephanie<\/td><td><\/td><td>1996<\/td><td>GUENADI HENKIN<\/td><td><\/td><\/tr><tr><td>Rigal Laurent<\/td><td>Analogues quantiques de l'alg\u00e8bre de Weyl et ordres maximaux quantiques<\/td><td>1996<\/td><td>MALLIAVIN<\/td><td><\/td><\/tr><tr><td>Rodrigues Anita<\/td><td>Analyse stochastique et num\u00e9rique de la cin\u00e9tique spatiale des neutrons en th\u00e9orie de diffusion multigroupe. Application industrielle<\/td><td>1996<\/td><td>MICHELE MASTRANGELO<\/td><td><\/td><\/tr><tr><td>Taglialatela Giovanni<\/td><td><\/td><td>1996<\/td><td>JEAN VAILLANT<\/td><td><\/td><\/tr><tr><td>Zili Mounir<\/td><td>Solutions fondamentales d'\u00e9quations aux d\u00e9riv\u00e9es partielles de type parabolique \u00e0 coefficients constants par morceaux : construction explicite dans certains cas, propri\u00e9t\u00e9s des solutions de l'\u00e9quation diff\u00e9rentielle stochastique associ\u00e9e<\/td><td>1996<\/td><td>MICHELE MASTRANGELO<\/td><td><\/td><\/tr><\/table>\n","protected":false},"excerpt":{"rendered":"","protected":false},"author":1,"featured_media":0,"parent":0,"menu_order":0,"comment_status":"closed","ping_status":"closed","template":"","meta":{"footnotes":""},"class_list":["post-17","page","type-page","status-publish","hentry"],"_links":{"self":[{"href":"https:\/\/www.imj-prg.fr\/acg\/wp-json\/wp\/v2\/pages\/17","targetHints":{"allow":["GET"]}}],"collection":[{"href":"https:\/\/www.imj-prg.fr\/acg\/wp-json\/wp\/v2\/pages"}],"about":[{"href":"https:\/\/www.imj-prg.fr\/acg\/wp-json\/wp\/v2\/types\/page"}],"author":[{"embeddable":true,"href":"https:\/\/www.imj-prg.fr\/acg\/wp-json\/wp\/v2\/users\/1"}],"replies":[{"embeddable":true,"href":"https:\/\/www.imj-prg.fr\/acg\/wp-json\/wp\/v2\/comments?post=17"}],"version-history":[{"count":2,"href":"https:\/\/www.imj-prg.fr\/acg\/wp-json\/wp\/v2\/pages\/17\/revisions"}],"predecessor-version":[{"id":49,"href":"https:\/\/www.imj-prg.fr\/acg\/wp-json\/wp\/v2\/pages\/17\/revisions\/49"}],"wp:attachment":[{"href":"https:\/\/www.imj-prg.fr\/acg\/wp-json\/wp\/v2\/media?parent=17"}],"curies":[{"name":"wp","href":"https:\/\/api.w.org\/{rel}","templated":true}]}}