{"id":42,"date":"2020-12-15T11:19:37","date_gmt":"2020-12-15T10:19:37","guid":{"rendered":"http:\/\/dev.imj-prg.fr\/acg\/?page_id=42"},"modified":"2020-12-15T15:04:02","modified_gmt":"2020-12-15T14:04:02","slug":"in-memoriam-michel-herve","status":"publish","type":"page","link":"https:\/\/www.imj-prg.fr\/acg\/in-memoriam-michel-herve\/","title":{"rendered":"In memoriam Michel Herv\u00e9"},"content":{"rendered":"\n<figure class=\"wp-block-image size-large\"><img loading=\"lazy\" decoding=\"async\" width=\"424\" height=\"575\" src=\"http:\/\/dev.imj-prg.fr\/acg\/wp-content\/uploads\/sites\/3\/2020\/12\/M.Herve11.jpg\" alt=\"\" class=\"wp-image-57\" srcset=\"https:\/\/www.imj-prg.fr\/acg\/wp-content\/uploads\/sites\/3\/2020\/12\/M.Herve11.jpg 424w, https:\/\/www.imj-prg.fr\/acg\/wp-content\/uploads\/sites\/3\/2020\/12\/M.Herve11-221x300.jpg 221w\" sizes=\"auto, (max-width: 424px) 100vw, 424px\" \/><\/figure>\n\n\n\n<p>Michel Herv\u00e9, apr\u00e8s des \u00e9tudes tr\u00e8s brillantes (il fut re\u00e7u 2e au concours de l&rsquo;Ecole Normale Sup\u00e9rieure d&rsquo;Ulm en 1939, puis 1er \u00e0 l\u2019agr\u00e9gation de math\u00e9matiques en 1942), est devenu agr\u00e9g\u00e9 pr\u00e9parateur \u00e0 l&rsquo;ENS de 1944 \u00e0 1947, puis attach\u00e9 de recherches au CNRS de 1947 \u00e0 1951. Il a soutenu en 1951 une th\u00e8se de doctorat d&rsquo;Etat consacr\u00e9e \u00e0 l&rsquo;\u00e9tude des applications holomorphes d&rsquo;un domaine born\u00e9 dans lui-m\u00eame en dimension une ou deux. Il a \u00e9t\u00e9 aussit\u00f4t charg\u00e9 du cours Peccot au Coll\u00e8ge de France. Il fut successivement professeur aux Universit\u00e9s de Rennes (1951-53), Caen (1953-1955), Nancy (1955-1963) o\u00f9 il fut le coll\u00e8gue de Laurent Schwartz. Elu \u00e0 l&rsquo;universit\u00e9 de Paris VI en 1963, il y resta jusqu&rsquo;en 1990.<\/p>\n\n\n\n<p>Ses travaux de recherche portent sur la th\u00e9orie des fonctions holomorphes de plusieurs variables complexes, la th\u00e9orie de la mesure, la th\u00e9orie du potentiel et des \u00e9quations aux d\u00e9riv\u00e9es partielles elliptiques du 2e ordre. D\u00e8s 1948, il contribua \u00e0 l&rsquo;essor de la th\u00e9orie des formes automorphes d&rsquo;un domaine born\u00e9 de Cn en particulier en dimension 2. Cette th\u00e9orie trouva un premier ach\u00e8vement avec les r\u00e9sultats de Jean Pierre Serre sur le sujet en 1953-1954. Ses r\u00e9sultats, d\u00e9velopp\u00e9s de 1950 \u00e0 1963 sur l&rsquo;it\u00e9ration des applications holomorphes d&rsquo;un domaine born\u00e9 de Cn dans lui-m\u00eame, sont devenus des fondements de la th\u00e9orie et furent maintes fois cit\u00e9s. Sa preuve simple d&rsquo;un th\u00e9or\u00e8me de Gustave Choquet sur les repr\u00e9sentations int\u00e9grales des points extr\u00e9maux d&rsquo;un convexe compact fut \u00e9galement \u00e0 l&rsquo;origine de d\u00e9veloppements ult\u00e9rieurs importants en th\u00e9orie de la mesure et en probabilit\u00e9s. Il fut Laur\u00e9at de l&rsquo;Acad\u00e9mie des Sciences (fonds des laboratoires) en 1954, puis re\u00e7ut le Prix Servant en 1968 et le Prix Gaston Julia en 1972. Ses travaux lui valurent \u00e9galement, d\u00e8s 1954, des invitations pour de longs s\u00e9jours \u00e0 l&rsquo;\u00e9tranger, en particulier \u00e0 l\u2019Institute for Advanced Study de Princeton en 1957 et au Tata Institute de Bombay en 1962 o\u00f9 il s\u00e9journa en m\u00eame temps qu&rsquo;Henri Cartan. Les cours qu&rsquo;il y donna devinrent des classiques comme celui sur la th\u00e9orie locale des ensembles analytiques. Il dirigea les th\u00e8ses de plusieurs jeunes chercheurs qui, devenus \u00e0 leur tour professeurs, contribu\u00e8rent au d\u00e9veloppement de l&rsquo;Analyse Complexe en France, tout particuli\u00e8rement \u00e0 l&rsquo;Universit\u00e9 de Toulouse, et \u00e0 l&rsquo;\u00e9tranger.<\/p>\n\n\n\n<p>Mais Michel Herv\u00e9 \u00e9tait aussi un homme de d\u00e9vouement attach\u00e9 \u00e0 la transmission du savoir et au service de l&rsquo;Etat. Il a accord\u00e9 une tr\u00e8s grande importance \u00e0 son enseignement et \u00e0 la prise de hautes responsabilit\u00e9s \u00e0 l&rsquo;Universit\u00e9 et \u00e0 l&rsquo;ENS. Son cours de fonctions analytiques \u00e0 l&rsquo;ENS et le livre qui en est issu contribu\u00e8rent fortement \u00e0 la promotion de cette discipline.<\/p>\n\n\n\n<p>Il fut directeur adjoint de l&rsquo;Ecole Normale Sup\u00e9rieure de 1970 \u00e0 1980 dans une p\u00e9riode particuli\u00e8rement difficile \u00e0 la suite de la rar\u00e9faction des postes \u00e0 l&rsquo;agr\u00e9gation et \u00e0 l&rsquo;Universit\u00e9 et des mutations de l&rsquo;Universit\u00e9 cons\u00e9cutives \u00e0 mai 1968. Sa mod\u00e9ration, sa diplomatie, son sens de la communication et de la responsabilit\u00e9 firent merveille dans maintes circonstances d\u00e9licates et l&rsquo;Ecole Normale Sup\u00e9rieure lui doit encore aujourd&rsquo;hui beaucoup.<\/p>\n\n\n\n<p>Il fut pr\u00e9sident de la SMF en 1981 au moment de la cr\u00e9ation du Centre International de Rencontres Math\u00e9matiques, puis directeur du Laboratoire d&rsquo;Analyse Complexe et G\u00e9om\u00e9trie de Paris VI de 1983 \u00e0 1990, \u00e0 la suite de Pierre Dolbeault. Il d\u00e9veloppa l&rsquo;outil informatique inexistant \u00e0 l&rsquo;\u00e9poque dans le laboratoire. Il a \u00e9largi consid\u00e9rablement le recrutement du laboratoire avec de nouveaux membres aux sp\u00e9cialit\u00e9s tr\u00e8s diff\u00e9rentes. Cette politique fut poursuivie par Christian Peskine qui lui succ\u00e9da \u00e0 la direction du laboratoire. Elle pr\u00e9figurait la cr\u00e9ation en 1994, par les Universit\u00e9s de Paris 6 et Paris 7 et le CNRS, de l&rsquo;Institut de Math\u00e9matiques de Jussieu sous la direction de Christian Peskine.<\/p>\n\n\n\n<p>Michel Herv\u00e9 nous a quitt\u00e9s le 3 ao\u00fbt 2011. Il nous laisse non seulement le souvenir d&rsquo;un math\u00e9maticien brillant et subtil mais encore et surtout celui, plus rare, d&rsquo;un homme de conviction, courtois, efficace, infatigable d\u00e9fenseur des valeurs de l&rsquo;Universit\u00e9, \u00e0 travers l&rsquo;excellence de son enseignement, sa gestion rigoureuse et altruiste et son souci constant de l&rsquo;avenir et de la promotion des \u00e9tudiants.<\/p>\n\n\n\n<p>Texte r\u00e9dig\u00e9 par H. Skoda avec la participation de P. Dolbeault et de Ch. Peskine.<\/p>\n","protected":false},"excerpt":{"rendered":"<p>Michel Herv\u00e9, apr\u00e8s des \u00e9tudes tr\u00e8s brillantes (il fut re\u00e7u 2e au concours de l&rsquo;Ecole Normale Sup\u00e9rieure d&rsquo;Ulm en 1939, puis 1er \u00e0 l\u2019agr\u00e9gation de math\u00e9matiques en 1942), est devenu agr\u00e9g\u00e9 pr\u00e9parateur \u00e0 l&rsquo;ENS de 1944 \u00e0 1947, puis attach\u00e9 de recherches au CNRS de 1947 \u00e0 1951. Il a soutenu en 1951 une th\u00e8se [&hellip;]<\/p>\n","protected":false},"author":1,"featured_media":0,"parent":0,"menu_order":0,"comment_status":"closed","ping_status":"closed","template":"","meta":{"footnotes":""},"class_list":["post-42","page","type-page","status-publish","hentry"],"_links":{"self":[{"href":"https:\/\/www.imj-prg.fr\/acg\/wp-json\/wp\/v2\/pages\/42","targetHints":{"allow":["GET"]}}],"collection":[{"href":"https:\/\/www.imj-prg.fr\/acg\/wp-json\/wp\/v2\/pages"}],"about":[{"href":"https:\/\/www.imj-prg.fr\/acg\/wp-json\/wp\/v2\/types\/page"}],"author":[{"embeddable":true,"href":"https:\/\/www.imj-prg.fr\/acg\/wp-json\/wp\/v2\/users\/1"}],"replies":[{"embeddable":true,"href":"https:\/\/www.imj-prg.fr\/acg\/wp-json\/wp\/v2\/comments?post=42"}],"version-history":[{"count":2,"href":"https:\/\/www.imj-prg.fr\/acg\/wp-json\/wp\/v2\/pages\/42\/revisions"}],"predecessor-version":[{"id":58,"href":"https:\/\/www.imj-prg.fr\/acg\/wp-json\/wp\/v2\/pages\/42\/revisions\/58"}],"wp:attachment":[{"href":"https:\/\/www.imj-prg.fr\/acg\/wp-json\/wp\/v2\/media?parent=42"}],"curies":[{"name":"wp","href":"https:\/\/api.w.org\/{rel}","templated":true}]}}