{"id":46,"date":"2020-12-15T11:27:42","date_gmt":"2020-12-15T10:27:42","guid":{"rendered":"http:\/\/dev.imj-prg.fr\/acg\/?page_id=46"},"modified":"2020-12-15T15:10:08","modified_gmt":"2020-12-15T14:10:08","slug":"in-memoriam-pierre-lelong","status":"publish","type":"page","link":"https:\/\/www.imj-prg.fr\/acg\/in-memoriam-pierre-lelong\/","title":{"rendered":"In memoriam Pierre Lelong"},"content":{"rendered":"\n<figure class=\"wp-block-image size-large is-resized\"><img loading=\"lazy\" decoding=\"async\" src=\"http:\/\/dev.imj-prg.fr\/acg\/wp-content\/uploads\/sites\/3\/2020\/12\/Pierre-Lelong.jpg\" alt=\"\" class=\"wp-image-59\" width=\"294\" height=\"315\" srcset=\"https:\/\/www.imj-prg.fr\/acg\/wp-content\/uploads\/sites\/3\/2020\/12\/Pierre-Lelong.jpg 545w, https:\/\/www.imj-prg.fr\/acg\/wp-content\/uploads\/sites\/3\/2020\/12\/Pierre-Lelong-280x300.jpg 280w\" sizes=\"auto, (max-width: 294px) 100vw, 294px\" \/><\/figure>\n\n\n\n<p>Pierre Lelong, n\u00e9 le 14 mars 1912 \u00e0 Paris, \u00e9lu membre de l&rsquo;Acad\u00e9mie le 13 mai 1985 dans la section de math\u00e9matiques, est d\u00e9c\u00e9d\u00e9 le 12 octobre 2011.<br><br>Au cours de sa longue carri\u00e8re, Pierre Lelong a \u00e9t\u00e9 successivement professeur \u00e0 Grenoble, \u00e0 Lille et \u00e0 la facult\u00e9 des Sciences de Paris \u00e0 partir de 1955. Il a exerc\u00e9 de hautes responsabilit\u00e9s, en particulier comme conseiller technique pour l&rsquo;\u00e9ducation nationale et la recherche scientifique aupr\u00e8s du g\u00e9n\u00e9ral de Gaulle de 1959 \u00e0 1961, puis comme pr\u00e9sident de la commission de la recherche scientifique du IVe plan de 1962 \u00e0 1964.<br><br>Son oeuvre scientifique a eu un tr\u00e8s grand impact sur l&rsquo;\u00e9volution de l&rsquo;analyse complexe. \u00c0 la suite de premiers travaux novateurs sur les fonctions enti\u00e8res de plusieurs variables, Pierre Lelong a introduit en 1942 le concept fondamental de fonction plurisousharmonique. Ces fonctions tr\u00e8s souples, \u00e9galement \u00e9tudi\u00e9es par Oka au Japon dans le milieu des ann\u00e9es 1940, sont les analogues des fonctions convexes dans le domaine complexe. Elles jouent un r\u00f4le consid\u00e9rable dans l&rsquo;analyse complexe contemporaine, par exemple pour obtenir des estim\u00e9es hilbertiennes sur les solutions des \u00e9quations de Cauchy-Riemann. Il en d\u00e9coule de puissants r\u00e9sultats d&rsquo;existence ou de convexit\u00e9 en g\u00e9om\u00e9trie analytique, qui ont trouv\u00e9 des applications aussi bien en g\u00e9om\u00e9trie alg\u00e9brique qu&rsquo;en th\u00e9orie des nombres, et de multiples prolongements dans le monde entier avec les travaux de math\u00e9maticiens comme Kodaira, Grauert, H\u00f6rmander, Bombieri et Siu.<br><br>Un autre apport fondamental de Pierre Lelong est l&rsquo;introduction de la th\u00e9orie des courants positifs \u00e0 la fin des ann\u00e9es 1950. Ceux-ci fournissent une g\u00e9n\u00e9ralisation tr\u00e8s riche des cycles analytiques, et sont maintenant universellement utilis\u00e9s en th\u00e9orie des syst\u00e8mes dynamiques holomorphes. Le nombre densit\u00e9 d&rsquo;un courant, aujourd&rsquo;hui connu sous le nom de \u00ab\u00a0nombre de Lelong\u00a0\u00bb, g\u00e9n\u00e9ralise ainsi la notion de multiplicit\u00e9 d&rsquo;une singularit\u00e9 analytique.<br><br>Pierre Lelong a \u00e9t\u00e9 distingu\u00e9 par de nombreux prix scientifiques et a \u00e9t\u00e9 \u00e9lev\u00e9 au rang de commandeur de la l\u00e9gion d&rsquo;honneur. Il a re\u00e7u le titre de Docteur honoris causa de l&rsquo;universit\u00e9 d&rsquo;Uppsala en 1981. Son influence et celle du s\u00e9minaire d&rsquo;analyse qu&rsquo;il a anim\u00e9 jusqu&rsquo;au milieu des ann\u00e9es 1980 ont fortement contribu\u00e9 \u00e0 forger l&rsquo;\u00e9cole fran\u00e7aise d&rsquo;analyse et g\u00e9om\u00e9trie complexes. Avec lui, c&rsquo;est le dernier repr\u00e9sentant d&rsquo;une g\u00e9n\u00e9ration de grands math\u00e9maticiens fran\u00e7ais qui s&rsquo;\u00e9teint.<\/p>\n\n\n\n<p>Texte r\u00e9dig\u00e9 par la section de Math\u00e9matiques de l&rsquo;Acad\u00e9mie<br>des Sciences et transmis par Jean-Pierre Demailly.<\/p>\n\n\n\n<p>Texte r\u00e9dig\u00e9<\/p>\n\n\n\n<p>Les hommages ci-apr\u00e8s t\u00e9moignent de l&rsquo;importance que P. Lelong a eue dans les math\u00e9matiques et de son influence scientifique. Le lecteur pourra aussi y suivre en filigrane une histoire du S\u00e9minaire d&rsquo;Analyse, maintenant appel\u00e9&nbsp; S\u00e9minaire d&rsquo;Analyse et de G\u00e9om\u00e9trie, et de l&rsquo;\u00e9quipe qui l&rsquo;a anim\u00e9.<\/p>\n\n\n\n<ul class=\"wp-block-list\"><li><a href=\"https:\/\/www.imj-prg.fr\/static\/acg\/Pelong\/noticeAMS-PLelong.pdf\">Notice de l&rsquo;AMS \u00e9crite en anglais par J.P. Demailly, Y.T. Siu et H. Skoda<\/a><\/li><li><a href=\"https:\/\/www.imj-prg.fr\/static\/acg\/Pelong\/Demailly.pdf\">Texte de J.P. Demailly<\/a><\/li><li><a href=\"https:\/\/www.imj-prg.fr\/static\/acg\/Pelong\/Dineen.pdf\">Te<\/a><a href=\"https:\/\/www.imj-prg.fr\/static\/acg\/Pelong\/Dineen.pdf\">xte de S. Dineen<\/a><\/li><li><a href=\"https:\/\/www.imj-prg.fr\/static\/acg\/Pelong\/Dolbeault.pdf\">Texte de P. Dolbeault<\/a><\/li><li><a href=\"https:\/\/www.imj-prg.fr\/static\/acg\/Pelong\/Kiselman.pdf\">Texte de C. Kiselman<\/a><\/li><li><a href=\"https:\/\/www.imj-prg.fr\/static\/acg\/Pelong\/Noverraz.pdf\">Texte de P. Noverraz<\/a><\/li><li><a href=\"https:\/\/www.imj-prg.fr\/static\/acg\/Pelong\/Ramis.pdf\">Texte de J.P. Ramis<\/a><\/li><li><a href=\"https:\/\/www.imj-prg.fr\/static\/acg\/Pelong\/Skoda.pdf\">Texte de H. Skoda<\/a><\/li><\/ul>\n\n\n\n<p>Les liens ci-dessous pointent vers diverses photos de P. Lelong prises&nbsp; lors d&rsquo;\u00e9v\u00e9nements ou de rencontres scientifiques.<\/p>\n\n\n\n<ul class=\"wp-block-list\"><li>Californie, 1966 &#8211; <a href=\"https:\/\/www.imj-prg.fr\/static\/acg\/Pelong\/4.H.%20Delange,Ph.%20Noverraz,%20P.%20Lelong,%20La%20Jolla,%20California,%201966%20(Photo%20Ch.%20Kiselman).jpg\">H. Delange, P. Noverraz, P. Lelong et La Jolla<\/a> photographi\u00e9s par C. Kiselman<\/li><li>Paris, 1972, &#8211; <a href=\"https:\/\/www.imj-prg.fr\/static\/acg\/Pelong\/8.P.%20Lelong,%20J.B.%20Poly,%20IHP,%20Paris,%201972%20(Photo%20Ch.%20Kiselman).jpg\">P. Lelong et J.B. Poly<\/a> photographi\u00e9s par C. Kiselman<\/li><li>Dublin, 1973 &#8211;&nbsp; <a href=\"https:\/\/www.imj-prg.fr\/static\/acg\/Pelong\/2.P.%20Lelong%20%20in%20Dublin%201973(Photo%20Ch.%20Kiselman).jpg\">P. Lelong<\/a> photographi\u00e9 par C. Kiselman<\/li><li>Su\u00e8de, 1981 &#8211; <a href=\"https:\/\/www.imj-prg.fr\/static\/acg\/Pelong\/11.P.%20Lelong,%20Sweden,%201981%20(Photo%20Ch.%20Kiselman).jpg\">P. Lelong<\/a> photographi\u00e9 par C. Kiselman<\/li><li><a href=\"https:\/\/www.imj-prg.fr\/static\/acg\/Pelong\/7.Conference%20in%20Wimeureux,%201981.jpg\">Wimereux, 1981<\/a><\/li><li>Wimereux, 1981 &#8211;<a href=\"https:\/\/www.imj-prg.fr\/static\/acg\/Pelong\/3.P.%20Lelong%20,%20H.%20Cartan,%20Wimeureux.%201981%20(Photo%20H.%20Skoda).jpg\"> P. Lelong&nbsp; et H. Cartan<\/a> photographi\u00e9s par H. Skoda<\/li><li>Wuppertal, 1986 &#8211;&nbsp; <a href=\"https:\/\/www.imj-prg.fr\/static\/acg\/Pelong\/9.P.%20Lelong,%20Wuppertal,%201986%20(Photo%20Ch.%20Kiselman).jpg\">P. Lelong<\/a> photographi\u00e9 par C. Kiselman<\/li><li>Paris, 1997 &#8211; <a href=\"https:\/\/www.imj-prg.fr\/static\/acg\/Pelong\/6.Ch.%20Kiselman,%20P.%20Lelong,%20Paris,%201997%20(Photo%20H.%20Skoda).jpg\">C. Kiselman et&nbsp; P. Lelong<\/a> photographi\u00e9s par H. Skoda<\/li><li>Paris, 1997 &#8211; <a href=\"https:\/\/www.imj-prg.fr\/static\/acg\/Pelong\/5.Y.T.%20Siu,%20P.%20Lelong,%20Paris,%201997%20(Photo%20H.%20Skoda).jpg\">Y.T. Siu, et&nbsp; P. Lelong<\/a> photographi\u00e9s par H. Skoda<\/li><\/ul>\n","protected":false},"excerpt":{"rendered":"<p>Pierre Lelong, n\u00e9 le 14 mars 1912 \u00e0 Paris, \u00e9lu membre de l&rsquo;Acad\u00e9mie le 13 mai 1985 dans la section de math\u00e9matiques, est d\u00e9c\u00e9d\u00e9 le 12 octobre 2011. Au cours de sa longue carri\u00e8re, Pierre Lelong a \u00e9t\u00e9 successivement professeur \u00e0 Grenoble, \u00e0 Lille et \u00e0 la facult\u00e9 des Sciences de Paris \u00e0 partir de [&hellip;]<\/p>\n","protected":false},"author":1,"featured_media":0,"parent":0,"menu_order":0,"comment_status":"closed","ping_status":"closed","template":"","meta":{"footnotes":""},"class_list":["post-46","page","type-page","status-publish","hentry"],"_links":{"self":[{"href":"https:\/\/www.imj-prg.fr\/acg\/wp-json\/wp\/v2\/pages\/46","targetHints":{"allow":["GET"]}}],"collection":[{"href":"https:\/\/www.imj-prg.fr\/acg\/wp-json\/wp\/v2\/pages"}],"about":[{"href":"https:\/\/www.imj-prg.fr\/acg\/wp-json\/wp\/v2\/types\/page"}],"author":[{"embeddable":true,"href":"https:\/\/www.imj-prg.fr\/acg\/wp-json\/wp\/v2\/users\/1"}],"replies":[{"embeddable":true,"href":"https:\/\/www.imj-prg.fr\/acg\/wp-json\/wp\/v2\/comments?post=46"}],"version-history":[{"count":4,"href":"https:\/\/www.imj-prg.fr\/acg\/wp-json\/wp\/v2\/pages\/46\/revisions"}],"predecessor-version":[{"id":63,"href":"https:\/\/www.imj-prg.fr\/acg\/wp-json\/wp\/v2\/pages\/46\/revisions\/63"}],"wp:attachment":[{"href":"https:\/\/www.imj-prg.fr\/acg\/wp-json\/wp\/v2\/media?parent=46"}],"curies":[{"name":"wp","href":"https:\/\/api.w.org\/{rel}","templated":true}]}}