{"id":71,"date":"2020-12-15T15:19:19","date_gmt":"2020-12-15T14:19:19","guid":{"rendered":"http:\/\/dev.imj-prg.fr\/acg\/?page_id=71"},"modified":"2020-12-15T15:19:19","modified_gmt":"2020-12-15T14:19:19","slug":"colloque-a-la-memoire-de-g-henkin-11-et-12-decembre-2017","status":"publish","type":"page","link":"https:\/\/www.imj-prg.fr\/acg\/colloque-a-la-memoire-de-g-henkin-11-et-12-decembre-2017\/","title":{"rendered":"Colloque \u00e0 la m\u00e9moire de G. Henkin (11 et 12 d\u00e9cembre 2017),"},"content":{"rendered":"\n<ul class=\"wp-block-list\"><li><strong>URL du colloque<\/strong>&nbsp;: <a href=\"https:\/\/indico.math.cnrs.fr\/event\/2920\/\">https:\/\/indico.math.cnrs.fr\/event\/2920\/<\/a><\/li><\/ul>\n\n\n\n<ul class=\"wp-block-list\"><li><strong>Lieu <\/strong>&nbsp;: Universit\u00e9 Pierre et Marie Curie Paris 6, Amphi Herpin 11\/12 et Amphi Astier 12\/12<\/li><li><strong>Dates <\/strong>&nbsp;: 11\/12-12\/12<\/li><li><strong>Organisateurs <\/strong>&nbsp;:<ul><li>T .-C. Dinh (National University of Singapour &amp; Universit\u00e9 Pierre et Marie Curie Paris 6) courriel&nbsp;: matdtc@nus.edu.sg<\/li><li>A. Iordan (Universit\u00e9 Pierre et Marie Curie Paris 6) courriel&nbsp;: andrei.iordan@imj-prg.fr<\/li><\/ul><\/li><li><strong>Orateurs <\/strong>&nbsp;: B. Berndtsson (G\u00f6teborg), J. -M.Bismut (Orsay), M.&nbsp;Kontsevich (IHES), G. Marinescu (K\u00f6ln), N. Mok (Hong Kong) , R. Novikov (\u00c9cole Polytechnique), D. H. Phong (Columbia) , N. Sibony (Orsay), Y-T. Siu (Harvard).<\/li><li>Programme pr\u00e9cis avec titres et r\u00e9sum\u00e9s \u00e0 venir<\/li><\/ul>\n","protected":false},"excerpt":{"rendered":"<p>URL du colloque&nbsp;: https:\/\/indico.math.cnrs.fr\/event\/2920\/ Lieu &nbsp;: Universit\u00e9 Pierre et Marie Curie Paris 6, Amphi Herpin 11\/12 et Amphi Astier 12\/12 Dates &nbsp;: 11\/12-12\/12 Organisateurs &nbsp;: T .-C. Dinh (National University of Singapour &amp; Universit\u00e9 Pierre et Marie Curie Paris 6) courriel&nbsp;: matdtc@nus.edu.sg A. Iordan (Universit\u00e9 Pierre et Marie Curie Paris 6) courriel&nbsp;: andrei.iordan@imj-prg.fr Orateurs &nbsp;: [&hellip;]<\/p>\n","protected":false},"author":1,"featured_media":0,"parent":0,"menu_order":0,"comment_status":"closed","ping_status":"closed","template":"","meta":{"footnotes":""},"class_list":["post-71","page","type-page","status-publish","hentry"],"_links":{"self":[{"href":"https:\/\/www.imj-prg.fr\/acg\/wp-json\/wp\/v2\/pages\/71","targetHints":{"allow":["GET"]}}],"collection":[{"href":"https:\/\/www.imj-prg.fr\/acg\/wp-json\/wp\/v2\/pages"}],"about":[{"href":"https:\/\/www.imj-prg.fr\/acg\/wp-json\/wp\/v2\/types\/page"}],"author":[{"embeddable":true,"href":"https:\/\/www.imj-prg.fr\/acg\/wp-json\/wp\/v2\/users\/1"}],"replies":[{"embeddable":true,"href":"https:\/\/www.imj-prg.fr\/acg\/wp-json\/wp\/v2\/comments?post=71"}],"version-history":[{"count":1,"href":"https:\/\/www.imj-prg.fr\/acg\/wp-json\/wp\/v2\/pages\/71\/revisions"}],"predecessor-version":[{"id":72,"href":"https:\/\/www.imj-prg.fr\/acg\/wp-json\/wp\/v2\/pages\/71\/revisions\/72"}],"wp:attachment":[{"href":"https:\/\/www.imj-prg.fr\/acg\/wp-json\/wp\/v2\/media?parent=71"}],"curies":[{"name":"wp","href":"https:\/\/api.w.org\/{rel}","templated":true}]}}