{"id":12,"date":"2020-12-16T09:51:47","date_gmt":"2020-12-16T08:51:47","guid":{"rendered":"http:\/\/dev.imj-prg.fr\/af\/?page_id=12"},"modified":"2021-01-05T09:40:53","modified_gmt":"2021-01-05T08:40:53","slug":"presentation","status":"publish","type":"page","link":"https:\/\/www.imj-prg.fr\/af\/presentation\/","title":{"rendered":"Pr\u00e9sentation"},"content":{"rendered":"\n<p>Fond\u00e9e en 1972 par G. Choquet, l\u2019Equipe d\u2019Analyse (maintenant Equipe d\u2019Analyse Fonctionnelle) s\u2019est initialement consacr\u00e9e \u00e0 l\u2019\u00e9tude des domaines de pr\u00e9dilection de celui-ci&nbsp;: Th\u00e9orie du Potentiel, Convexit\u00e9, Th\u00e9orie Descriptive des Ensembles. Tr\u00e8s rapidement, elle s\u2019est impos\u00e9e comme un centre d\u2019excellence dans la G\u00e9om\u00e9trie des Espaces de Banach. Parmi les th\u00e8mes de recherche abord\u00e9s ensuite figurent les Espaces d\u2019Op\u00e9rateurs et les Probabilit\u00e9s non commutatives, la G\u00e9om\u00e9trie des corps convexes en grande dimension et la Th\u00e9orie des Op\u00e9rateurs. Au fur et \u00e0 mesure des recrutements, les centres d\u2019int\u00e9r\u00eats se sont un peu d\u00e9plac\u00e9s. S\u2019il n\u2019y a plus maintenant de sp\u00e9cialiste de la Th\u00e9orie du Potentiel, le spectre s\u2019est \u00e9tendu r\u00e9cemment en direction des Probabilit\u00e9s et des Equations aux D\u00e9riv\u00e9es Partielles. La plupart de ces sujets sont voisins de ceux qui sont \u00e9tudi\u00e9s par d\u2019autres \u00e9quipes, et l\u2019Equipe d\u2019Analyse Fonctionnelle poursuit ses nombreuses collaborations scientifiques avec celles qui lui sont th\u00e9matiquement proches, entre autres le projet Alg\u00e8bres d\u2019Op\u00e9rateurs de l\u2019Institut, l\u2019Equipe de Probabilit\u00e9s de Paris 6, l\u2019Equipe d\u2019Analyse de Marne-la-Vall\u00e9e, le Laboratoire Jacques-Louis Lions et l\u2019Equipe de Logique de Paris 7.<\/p>\n\n\n\n<h3 class=\"wp-block-heading\">Les travaux du fondateur de l\u2019\u00e9quipe, par lui-m\u00eame (1974)<\/h3>\n\n\n\n<p>Vous pouvez t\u00e9l\u00e9charger la notice que Gustave Choquet a \u00e9crite en 1974 sur ses travaux au format pdf&nbsp;:<\/p>\n\n\n\n<div class=\"wp-block-file\"><a href=\"https:\/\/www.imj-prg.fr\/af\/wp-content\/uploads\/sites\/4\/2020\/12\/notice.choquet1974.pdf\">notice.choquet1974<\/a><a href=\"https:\/\/www.imj-prg.fr\/af\/wp-content\/uploads\/sites\/4\/2020\/12\/notice.choquet1974.pdf\" class=\"wp-block-file__button\" download>T\u00e9l\u00e9charger<\/a><\/div>\n","protected":false},"excerpt":{"rendered":"<p>Fond\u00e9e en 1972 par G. Choquet, l\u2019Equipe d\u2019Analyse (maintenant Equipe d\u2019Analyse Fonctionnelle) s\u2019est initialement consacr\u00e9e \u00e0 l\u2019\u00e9tude des domaines de pr\u00e9dilection de celui-ci&nbsp;: Th\u00e9orie du Potentiel, Convexit\u00e9, Th\u00e9orie Descriptive des Ensembles. Tr\u00e8s rapidement, elle s\u2019est impos\u00e9e comme un centre d\u2019excellence dans la G\u00e9om\u00e9trie des Espaces de Banach. Parmi les th\u00e8mes de recherche abord\u00e9s ensuite figurent [&hellip;]<\/p>\n","protected":false},"author":1,"featured_media":0,"parent":0,"menu_order":0,"comment_status":"closed","ping_status":"closed","template":"","meta":{"footnotes":""},"class_list":["post-12","page","type-page","status-publish","hentry"],"_links":{"self":[{"href":"https:\/\/www.imj-prg.fr\/af\/wp-json\/wp\/v2\/pages\/12","targetHints":{"allow":["GET"]}}],"collection":[{"href":"https:\/\/www.imj-prg.fr\/af\/wp-json\/wp\/v2\/pages"}],"about":[{"href":"https:\/\/www.imj-prg.fr\/af\/wp-json\/wp\/v2\/types\/page"}],"author":[{"embeddable":true,"href":"https:\/\/www.imj-prg.fr\/af\/wp-json\/wp\/v2\/users\/1"}],"replies":[{"embeddable":true,"href":"https:\/\/www.imj-prg.fr\/af\/wp-json\/wp\/v2\/comments?post=12"}],"version-history":[{"count":2,"href":"https:\/\/www.imj-prg.fr\/af\/wp-json\/wp\/v2\/pages\/12\/revisions"}],"predecessor-version":[{"id":95,"href":"https:\/\/www.imj-prg.fr\/af\/wp-json\/wp\/v2\/pages\/12\/revisions\/95"}],"wp:attachment":[{"href":"https:\/\/www.imj-prg.fr\/af\/wp-json\/wp\/v2\/media?parent=12"}],"curies":[{"name":"wp","href":"https:\/\/api.w.org\/{rel}","templated":true}]}}