{"id":24,"date":"2020-12-16T09:58:58","date_gmt":"2020-12-16T08:58:58","guid":{"rendered":"http:\/\/dev.imj-prg.fr\/af\/?page_id=24"},"modified":"2020-12-16T09:58:58","modified_gmt":"2020-12-16T08:58:58","slug":"theses","status":"publish","type":"page","link":"https:\/\/www.imj-prg.fr\/af\/theses\/","title":{"rendered":"Th\u00e8ses"},"content":{"rendered":"<link rel=\"stylesheet\" type=\"text\/css\" href=\"https:\/\/cdn.datatables.net\/v\/dt\/dt-1.10.23\/datatables.min.css\"\/>\n \n<script type=\"text\/javascript\" src=\"https:\/\/cdn.datatables.net\/v\/dt\/dt-1.10.23\/datatables.min.js\"><\/script>\n\n<script>\njQuery(document).ready(function($){\n\t\n    $('#tabthese').DataTable({\n\t\tlanguage: {\turl: 'https:\/\/cdn.datatables.net\/plug-ins\/1.10.22\/i18n\/French.json'},\n\t\tpageLength: 50,\n\t\torder: [[ 2, 'desc' ]],\n\t\tdrawCallback: function(settings) {\n\t\t\tvar pagination = $(this).closest('.dataTables_wrapper').find('.dataTables_paginate');\n\t\t\tpagination.toggle(this.api().page.info().pages > 1);\n\t\t\trowCount = $('#tabthese tr').length;\n\t\t\tif(rowCount < 50){\n\t\t\t\n\t\t\t\t$( \"#tabthese_length\" ).hide();\n\t\t\t\t\n\t\t\t\t$( \"#tabthese_info\" ).text(rowCount+ ' \u00e9l\u00e9ments');\n\t\t\t}\n\t\t}\n\t\t\t\t\t\n        });\n\t} );\n<\/script>\n\t\t<table id=\"tabthese\" class=\"display\" ><thead><tr><th>Nom<\/th> <th>Titre<\/th><th>Ann\u00e9e<\/th><th>Directeur de th\u00e8se<\/th><th> <\/th><\/tr><\/thead><tr><td>Zodji Marcel<\/td><td>Qualitative Study of the Interface Between Two Compressible Immiscible Fluids<\/td><td>2025<\/td><td>David Gerard-Varet, Cosmin Burtea<\/td><td><br><a href=\"https:\/\/www.theses.fr\/s299428\">Lien theses.fr<\/a><\/td><\/tr><tr><td>Bizeul Pierre<\/td><td>M\u00e9thodes stochastiques en convexit\u00e9<\/td><td>2023<\/td><td>Cordero-Erausquin Dario<\/td><td><\/td><\/tr><tr><td>Ognov Vadim<\/td><td>Fermions en interaction dans un milieu al\u00e9atoire: \u00e9tat fondamental et entropie d'intrication pour un mod\u00e8le simple<\/td><td>2023<\/td><td>Fr\u00e9d\u00e9ric Klopp<\/td><td><br><a href=\"https:\/\/www.theses.fr\/2023SORUS169\">Lien theses.fr<\/a><\/td><\/tr><tr><td>Cannarsa Daniele<\/td><td>Surfaces dans des vari\u00e9t\u00e9s sous-riemanniennes de contact de dimension trois et contr\u00f4labilit\u00e9 des EDO non lin\u00e9aires<\/td><td>2021<\/td><td>Davide Barilari and Ugo Boscain<\/td><td><br><a href=\"http:\/\/www.imj-prg.fr\/theses\/\/pdf\/daniele_cannarsa.pdf\"><img decoding=\"async\" src=\"http:\/\/www.imj-prg.fr\/wp-content\/themes\/imjprg\/images\/pdf.png\"> <\/a><\/td><\/tr><tr><td>Dolmaire Th\u00e9ophile<\/td><td>\u00c9tude math\u00e9matique du passage de mod\u00e8les microscopiques vers des mod\u00e8les macroscopiques dans le cadre de la m\u00e9canique des fluides complexes<\/td><td>2019<\/td><td>Laurent Desvillettes, Isabelle Gallagher<\/td><td><\/td><\/tr><tr><td>Prestipino Marco<\/td><td>Stablilit\u00e9 de la Couche Limite en magn\u00e9tohydrodynamique.<\/td><td>2018<\/td><td>David GERARD-VARET<\/td><td><\/td><\/tr><tr><td>Morisse Baptiste<\/td><td>Le probl\u00e8me de Cauchy pour les syst\u00e8mes quasi-lin\u00e9aires faiblement hyperboliques ou non hyperboliques en r\u00e9gularit\u00e9 Gevrey<\/td><td>2017<\/td><td>Benjamin Teixier<\/td><td><\/td><\/tr><tr><td>Thomas Erik<\/td><td>In\u00e9galit\u00e9s quantitatives et convexit\u00e9<\/td><td>2017<\/td><td>Dario Cordero-Erausquin<\/td><td><\/td><\/tr><tr><td>Wu Di<\/td><td>Probl\u00e8me de Cauchy pour l'\u00e9quation de Navier-Stokes incompressible forc\u00e9e et effet r\u00e9gularisant pour l'\u00e9quation de Prandtl<\/td><td>2017<\/td><td>Isabelle Gallagher<\/td><td><\/td><\/tr><tr><td>Ghawadrah Ghadeer<\/td><td>\"Th\u00e9orie descriptive des ensembles et espaces de Banach\"<\/td><td>2015<\/td><td>GILLES GODEFROY<\/td><td><\/td><\/tr><tr><td>Laillet Nicolas<\/td><td>\"R\u00e9sonances en espace-temps et ondes confin\u00e9es\"<\/td><td>2015<\/td><td>ISABELLE GALLAGHER<\/td><td><\/td><\/tr><tr><td>Zamora Rafael<\/td><td>\"Probl\u00e8mes de s\u00e9paration de relations analytiques\"<\/td><td>2015<\/td><td>DOMINIQUE LECOMTE<\/td><td><\/td><\/tr><tr><td>Shirley Christopher<\/td><td>\u00ab Statistiques spectrales d'op\u00e9rateurs de Schr\u00f6dinger al\u00e9atoires unidimensionnels\u00bb<\/td><td>2014<\/td><td>FREDERIC KLOPP<\/td><td><\/td><\/tr><tr><td>Bouya Ismael<\/td><td>\"Instabilit\u00e9s en magn\u00e9tohydrodynamique\"<\/td><td>2013<\/td><td>DAVID GERARD-VARET<\/td><td><br><a href=\"http:\/\/www.imj-prg.fr\/theses\/\/pdf\/ismael_bouya.pdf\"><img decoding=\"async\" src=\"http:\/\/www.imj-prg.fr\/wp-content\/themes\/imjprg\/images\/pdf.png\"> <\/a><\/td><\/tr><tr><td>Lu Yong<\/td><td>\"Asymptotiques haute-fr\u00e9quences pour des syst\u00e8mes hyperboliques  d'\u00e9quations aux d\u00e9riv\u00e9es partielles d'ordre un: stabilit\u00e9 et  instabilit\u00e9 de solutions approch\u00e9es\"<\/td><td>2013<\/td><td>ISABELLE GALLAGHER<\/td><td><\/td><\/tr><tr><td>Prange Christophe<\/td><td>\"Analyse asymptotique et couches limites :quelques probl\u00e8mes en homog\u00e9n\u00e9isation et en m\u00e9canique des fluides\"<\/td><td>2013<\/td><td>DAVID GERARD-VARET<\/td><td><\/td><\/tr><tr><td>Thai Robert<\/td><td>\"Autour des \u00e9quations de Navier-Stokes-Coriolis avec surface libre\"<\/td><td>2013<\/td><td>ISABELLE GALLAGHER<\/td><td><\/td><\/tr><tr><td>Van hoang Nguyen<\/td><td>\"In\u00e9galit\u00e9s fonctionnelles et convexit\u00e9\"<\/td><td>2013<\/td><td>DARIO CORDERO ERAUSQUIN<\/td><td><\/td><\/tr><tr><td>Deng Wen<\/td><td>\"Etude du pseudo-spectre d'op\u00e9rateurs non auto-adjoints li\u00e9s \u00e0 lam\u00e9canique des fluides\"<\/td><td>2012<\/td><td>NICOLAS LERNER<\/td><td><br><a href=\"http:\/\/www.imj-prg.fr\/theses\/\/pdf\/wen_deng.pdf\"><img decoding=\"async\" src=\"http:\/\/www.imj-prg.fr\/wp-content\/themes\/imjprg\/images\/pdf.png\"> <\/a><\/td><\/tr><tr><td>Nguyen Van hoang<\/td><td><\/td><td>2012<\/td><td>DARIO CORDERO ERAUSQUIN<\/td><td><\/td><\/tr><tr><td>Qiu Yanqi<\/td><td>\" Propri\u00e9t\u00e9 UMD pour les espaces de Banach et d'op\u00e9rateurs\"<\/td><td>2012<\/td><td>GILLES PISIER<\/td><td><\/td><\/tr><tr><td>Cumenge Pierre-henri<\/td><td>P-variations approch\u00e9es et erreurs d'arrondis<\/td><td>2011<\/td><td>JEAN JACOD<\/td><td><\/td><\/tr><tr><td>Borel Laetitia<\/td><td>Isomorphismes non lin\u00e9aires entre espaces de Banach<\/td><td>2010<\/td><td>GILLES GODEFROY<\/td><td><\/td><\/tr><tr><td>De la salle Mikael<\/td><td>SUR QUELQUES RESULTATS D'ANALYSE HARMONIQUE DANS LES LP NON COMMUTATIFS<\/td><td>2009<\/td><td>GILLES PISIER<\/td><td><\/td><\/tr><tr><td>Fleury Bruno<\/td><td>INEGALITES DE CONCENTRATION POUR LES CORPS CONVEXES<\/td><td>2009<\/td><td>MICHEL TALAGRAND<\/td><td><\/td><\/tr><tr><td>Godard Alexandre<\/td><td>Espaces Lipschitz-libres, propri\u00e9t\u00e9 (M) et lissit\u00e9 asymptotique<\/td><td>2007<\/td><td>GILLES GODEFROY<\/td><td><\/td><\/tr><tr><td>Aubrun Guillaume<\/td><td>CONVEXITE EN GRANDE DIMENSION , MATRICES ALEATOIRES ET THEORIE QUANTIQUE DE L'INFORMATION<\/td><td>2005<\/td><td>STANISLAW SZAREK<\/td><td><br><a href=\"http:\/\/www.imj-prg.fr\/theses\/\/pdf\/guillaume_aubrun.pdf\"><img decoding=\"async\" src=\"http:\/\/www.imj-prg.fr\/wp-content\/themes\/imjprg\/images\/pdf.png\"> <\/a><\/td><\/tr><tr><td>Darapaneni Narayana<\/td><td>PROXIMINALITE DANS LES ESPACES DE BANACH<\/td><td>2005<\/td><td>GILLES GODEFROY<\/td><td><\/td><\/tr><tr><td>Melleray Julien<\/td><td>GEOMETRIE DE L'ESPACE D'URYSOHN ET THEORIE DESCRIPTIVE DES ENSEMBLES<\/td><td>2005<\/td><td>JEAN SAINT-RAYMOND<\/td><td><br><a href=\"http:\/\/www.imj-prg.fr\/theses\/\/pdf\/julien_melleray.pdf\"><img decoding=\"async\" src=\"http:\/\/www.imj-prg.fr\/wp-content\/themes\/imjprg\/images\/pdf.png\"> <\/a><\/td><\/tr><tr><td>Grivaux Sophie<\/td><td>Sous-ensembles invariants remarquables pour des op\u00e9rateurs lin\u00e9aires born\u00e9s sur un espace de Banach<\/td><td>2003<\/td><td>GILLES GODEFROY<\/td><td><\/td><\/tr><tr><td>Rosendal Christian<\/td><td>Etude descriptive de l'isomorphisme dans la classe des espaces de Banach<\/td><td>2003<\/td><td>ALAIN LOUVEAU<\/td><td><\/td><\/tr><tr><td>Dutrieux Yves<\/td><td>G\u00e9om\u00e9trie non lin\u00e9aire des espaces de Banach<\/td><td>2002<\/td><td>GILLES GODEFROY<\/td><td><br><a href=\"http:\/\/www.imj-prg.fr\/theses\/\/pdf\/yves_dutrieux.pdf\"><img decoding=\"async\" src=\"http:\/\/www.imj-prg.fr\/wp-content\/themes\/imjprg\/images\/pdf.png\"> <\/a><\/td><\/tr><tr><td>Ricard Eric<\/td><td>D\u00e9compositions de H1, multiplicateurs de Schur et espaces d'op\u00e9rateurs<\/td><td>2001<\/td><td>GILLES PISIER<\/td><td><br><a href=\"http:\/\/www.imj-prg.fr\/theses\/\/pdf\/eric_ricard.pdf\"><img decoding=\"async\" src=\"http:\/\/www.imj-prg.fr\/wp-content\/themes\/imjprg\/images\/pdf.png\"> <\/a><\/td><\/tr><tr><td>Casevitz Pierre<\/td><td>\"Dichotomies pour les espaces de suites r\u00e9elles\"<\/td><td>1999<\/td><td>JEAN SAINT-RAYMOND<\/td><td><\/td><\/tr><tr><td>Neuwirth Stefan<\/td><td>\"Multiplicateurs et analyse fonctionnelle\"<\/td><td>1999<\/td><td>GILLES GODEFROY<\/td><td><\/td><\/tr><tr><td>Cepedello Manuel<\/td><td>\"Th\u00e9orie de l'approximation r\u00e9guli\u00e8re et g\u00e9om\u00e9trie des espaces de Banach\"<\/td><td>1998<\/td><td>GILLES GODEFROY<\/td><td><\/td><\/tr><tr><td>Yahdi Mohammed<\/td><td>\"Th\u00e9orie descriptive des ensembles en g\u00e9om\u00e9trie des espaces de Banach; exemples\"<\/td><td>1998<\/td><td>GILLES GODEFROY<\/td><td><\/td><\/tr><\/table>\n","protected":false},"excerpt":{"rendered":"","protected":false},"author":1,"featured_media":0,"parent":0,"menu_order":0,"comment_status":"closed","ping_status":"closed","template":"","meta":{"footnotes":""},"class_list":["post-24","page","type-page","status-publish","hentry"],"_links":{"self":[{"href":"https:\/\/www.imj-prg.fr\/af\/wp-json\/wp\/v2\/pages\/24","targetHints":{"allow":["GET"]}}],"collection":[{"href":"https:\/\/www.imj-prg.fr\/af\/wp-json\/wp\/v2\/pages"}],"about":[{"href":"https:\/\/www.imj-prg.fr\/af\/wp-json\/wp\/v2\/types\/page"}],"author":[{"embeddable":true,"href":"https:\/\/www.imj-prg.fr\/af\/wp-json\/wp\/v2\/users\/1"}],"replies":[{"embeddable":true,"href":"https:\/\/www.imj-prg.fr\/af\/wp-json\/wp\/v2\/comments?post=24"}],"version-history":[{"count":1,"href":"https:\/\/www.imj-prg.fr\/af\/wp-json\/wp\/v2\/pages\/24\/revisions"}],"predecessor-version":[{"id":25,"href":"https:\/\/www.imj-prg.fr\/af\/wp-json\/wp\/v2\/pages\/24\/revisions\/25"}],"wp:attachment":[{"href":"https:\/\/www.imj-prg.fr\/af\/wp-json\/wp\/v2\/media?parent=24"}],"curies":[{"name":"wp","href":"https:\/\/api.w.org\/{rel}","templated":true}]}}