{"id":26,"date":"2020-12-16T09:59:21","date_gmt":"2020-12-16T08:59:21","guid":{"rendered":"http:\/\/dev.imj-prg.fr\/af\/?page_id=26"},"modified":"2020-12-16T09:59:21","modified_gmt":"2020-12-16T08:59:21","slug":"cooperations-relations-exterieures","status":"publish","type":"page","link":"https:\/\/www.imj-prg.fr\/af\/cooperations-relations-exterieures\/","title":{"rendered":"Coop\u00e9rations &#8211; Relations ext\u00e9rieures"},"content":{"rendered":"\n<ul class=\"wp-block-list\"><li>R\u00e9seau europ\u00e9en \u2019\u2019 <a href=\"http:\/\/phd-math.univ-mlv.fr\/\">Phenomena in High Dimensions\u2019<\/a>\u2019&nbsp;: certains membres de l\u2019Equipe d\u2019Analyse Fonctionnelle sont reli\u00e9s au noeud de l\u2019universit\u00e9 Marne La Vall\u00e9e.<\/li><li>GDR AFHP (Analyse Fonctionnelle,Harmonique et Probabilit\u00e9s)&nbsp;: l\u2019Equipe d\u2019Analyse Fonctionnelle fait partie de ce Groupement de Recherche du CNRS qui f\u00e9d\u00e9re les diff\u00e9rentes \u00e9quipes fran\u00e7aises travaillant autour de l\u2019analyse fonctionnelle, de l\u2019analyse harmonique, et de leurs interactions avec les probabilit\u00e9s, et dont le responsable est Fr\u00e9d\u00e9ric Bayart (Universit\u00e9 de Clermont-Ferrand). Il est susceptible d\u2019\u00eatre renouvel\u00e9 en janvier 2016 avec comme nouveau responsable Gilles Lancien (Laboratoire de Math\u00e9matiques de Besan\u00e7on, Univ. de Franche-Comt\u00e9).<\/li><li>Relations internationales de l\u2019Universit\u00e9 Pierre et Marie Curie<\/li><\/ul>\n","protected":false},"excerpt":{"rendered":"<p>R\u00e9seau europ\u00e9en \u2019\u2019 Phenomena in High Dimensions\u2019\u2019&nbsp;: certains membres de l\u2019Equipe d\u2019Analyse Fonctionnelle sont reli\u00e9s au noeud de l\u2019universit\u00e9 Marne La Vall\u00e9e. GDR AFHP (Analyse Fonctionnelle,Harmonique et Probabilit\u00e9s)&nbsp;: l\u2019Equipe d\u2019Analyse Fonctionnelle fait partie de ce Groupement de Recherche du CNRS qui f\u00e9d\u00e9re les diff\u00e9rentes \u00e9quipes fran\u00e7aises travaillant autour de l\u2019analyse fonctionnelle, de l\u2019analyse harmonique, et [&hellip;]<\/p>\n","protected":false},"author":1,"featured_media":0,"parent":0,"menu_order":0,"comment_status":"closed","ping_status":"closed","template":"","meta":{"footnotes":""},"class_list":["post-26","page","type-page","status-publish","hentry"],"_links":{"self":[{"href":"https:\/\/www.imj-prg.fr\/af\/wp-json\/wp\/v2\/pages\/26","targetHints":{"allow":["GET"]}}],"collection":[{"href":"https:\/\/www.imj-prg.fr\/af\/wp-json\/wp\/v2\/pages"}],"about":[{"href":"https:\/\/www.imj-prg.fr\/af\/wp-json\/wp\/v2\/types\/page"}],"author":[{"embeddable":true,"href":"https:\/\/www.imj-prg.fr\/af\/wp-json\/wp\/v2\/users\/1"}],"replies":[{"embeddable":true,"href":"https:\/\/www.imj-prg.fr\/af\/wp-json\/wp\/v2\/comments?post=26"}],"version-history":[{"count":1,"href":"https:\/\/www.imj-prg.fr\/af\/wp-json\/wp\/v2\/pages\/26\/revisions"}],"predecessor-version":[{"id":27,"href":"https:\/\/www.imj-prg.fr\/af\/wp-json\/wp\/v2\/pages\/26\/revisions\/27"}],"wp:attachment":[{"href":"https:\/\/www.imj-prg.fr\/af\/wp-json\/wp\/v2\/media?parent=26"}],"curies":[{"name":"wp","href":"https:\/\/api.w.org\/{rel}","templated":true}]}}