{"id":30,"date":"2020-12-16T10:00:25","date_gmt":"2020-12-16T09:00:25","guid":{"rendered":"http:\/\/dev.imj-prg.fr\/af\/?page_id=30"},"modified":"2020-12-16T10:00:25","modified_gmt":"2020-12-16T09:00:25","slug":"liens-utiles","status":"publish","type":"page","link":"https:\/\/www.imj-prg.fr\/af\/liens-utiles\/","title":{"rendered":"Liens utiles"},"content":{"rendered":"\n<h3 class=\"wp-block-heading\">Serveurs de Preprint&nbsp;:<\/h3>\n\n\n\n<ul class=\"wp-block-list\"><li><a href=\"http:\/\/www.math.okstate.edu\/%7Ealspach\/banach\/\">Banach Space Bulletin Board<\/a> (Oklahoma State),<\/li><li><a href=\"http:\/\/front.math.ucdavis.edu\/math.FA\">Functional Analysis archive<\/a> at UC Davis,<\/li><li><a href=\"http:\/\/arxiv.org\/\">Los Alamos arXiv<\/a> archive.<\/li><\/ul>\n\n\n\n<h3 class=\"wp-block-heading\">Les biblioth\u00e8ques&nbsp;:<\/h3>\n\n\n\n<ul class=\"wp-block-list\"><li><a href=\"http:\/\/www.math-info-paris.cnrs.fr\/bibli\/\">Biblioth\u00e8que de Math\u00e9matiques-Recherche<\/a><\/li><li><a href=\"http:\/\/af-bibliotheque.imj-prg.fr\/\">Biblioth\u00e8que Analyse Fonctionnelle<\/a><\/li><li><a href=\"http:\/\/www.rnbm.org\/\">RNBM (R\u00e9seau National des Biblioth\u00e8ques de Math\u00e9matiques)<\/a><\/li><\/ul>\n\n\n\n<h3 class=\"wp-block-heading\">Autre<\/h3>\n\n\n\n<ul class=\"wp-block-list\"><li><a href=\"http:\/\/www.annuaire.upmc.fr\/upmc\/\">annuaire<\/a> de l\u2019Universit\u00e9 Pierre et Marie Curie,<\/li><li>la <a href=\"http:\/\/smf.emath.fr\/\">Soci\u00e9t\u00e9 Math\u00e9matique de France<\/a> (SMF), la cellule <a href=\"http:\/\/www-mathdoc.ujf-grenoble.fr\/\">Mathdoc<\/a><\/li><li><a href=\"http:\/\/zmath.u-strasbg.fr\/\">Zentralblatt<\/a> , <a href=\"http:\/\/ams.u-strasbg.fr\/mathscinet\/\">MathSciNet Search<\/a><\/li><li>Sites web du campus de <a href=\"http:\/\/www.ccr.jussieu.fr\/\">Jussieu<\/a>, <a href=\"http:\/\/www.cnrs.fr\">CNRS<\/a><\/li><li><a href=\"http:\/\/www.journal-officiel.gouv.fr\/\">Journaux officiels<\/a><\/li><\/ul>\n","protected":false},"excerpt":{"rendered":"<p>Serveurs de Preprint&nbsp;: Banach Space Bulletin Board (Oklahoma State), Functional Analysis archive at UC Davis, Los Alamos arXiv archive. Les biblioth\u00e8ques&nbsp;: Biblioth\u00e8que de Math\u00e9matiques-Recherche Biblioth\u00e8que Analyse Fonctionnelle RNBM (R\u00e9seau National des Biblioth\u00e8ques de Math\u00e9matiques) Autre annuaire de l\u2019Universit\u00e9 Pierre et Marie Curie, la Soci\u00e9t\u00e9 Math\u00e9matique de France (SMF), la cellule Mathdoc Zentralblatt , MathSciNet Search [&hellip;]<\/p>\n","protected":false},"author":1,"featured_media":0,"parent":0,"menu_order":0,"comment_status":"closed","ping_status":"closed","template":"","meta":{"footnotes":""},"class_list":["post-30","page","type-page","status-publish","hentry"],"_links":{"self":[{"href":"https:\/\/www.imj-prg.fr\/af\/wp-json\/wp\/v2\/pages\/30","targetHints":{"allow":["GET"]}}],"collection":[{"href":"https:\/\/www.imj-prg.fr\/af\/wp-json\/wp\/v2\/pages"}],"about":[{"href":"https:\/\/www.imj-prg.fr\/af\/wp-json\/wp\/v2\/types\/page"}],"author":[{"embeddable":true,"href":"https:\/\/www.imj-prg.fr\/af\/wp-json\/wp\/v2\/users\/1"}],"replies":[{"embeddable":true,"href":"https:\/\/www.imj-prg.fr\/af\/wp-json\/wp\/v2\/comments?post=30"}],"version-history":[{"count":1,"href":"https:\/\/www.imj-prg.fr\/af\/wp-json\/wp\/v2\/pages\/30\/revisions"}],"predecessor-version":[{"id":31,"href":"https:\/\/www.imj-prg.fr\/af\/wp-json\/wp\/v2\/pages\/30\/revisions\/31"}],"wp:attachment":[{"href":"https:\/\/www.imj-prg.fr\/af\/wp-json\/wp\/v2\/media?parent=30"}],"curies":[{"name":"wp","href":"https:\/\/api.w.org\/{rel}","templated":true}]}}