{"id":4,"date":"2020-12-15T14:15:32","date_gmt":"2020-12-15T13:15:32","guid":{"rendered":"http:\/\/dev.imj-prg.fr\/af\/?page_id=4"},"modified":"2026-01-05T11:49:26","modified_gmt":"2026-01-05T10:49:26","slug":"accueil","status":"publish","type":"page","link":"https:\/\/www.imj-prg.fr\/af\/","title":{"rendered":"Accueil"},"content":{"rendered":"\n<div class=\"wp-block-columns is-layout-flex wp-container-core-columns-is-layout-9d6595d7 wp-block-columns-is-layout-flex\">\n<div class=\"wp-block-column is-layout-flow wp-block-column-is-layout-flow\">\n<figure class=\"wp-block-image size-large is-resized\"><img decoding=\"async\" src=\"https:\/\/www.imj-prg.fr\/af\/wp-content\/uploads\/sites\/4\/2020\/12\/accueil.png\" alt=\"\" style=\"width:273px;height:320px\" \/><\/figure>\n<\/div>\n\n\n\n<div class=\"wp-block-column is-layout-flow wp-block-column-is-layout-flow\">\n<h3 class=\"wp-block-heading\">Equipe Analyse Fonctionnelle<\/h3>\n\n\n\n<p><strong>Responsable d\u2019\u00e9quipe\u00a0:<\/strong> <a href=\"https:\/\/webusers.imj-prg.fr\/~frederic.klopp\/\">Fr\u00e9d\u00e9ric Klopp<\/a><br><strong>Responsable adjoint\u00a0:<\/strong> <a href=\"http:\/\/webusers.imj-prg.fr\/~cosmin.burtea\/\">Cosmin Burtea<\/a><br><strong>Gestionnaire\u00a0:<\/strong> Marouane Abdelaziz<\/p>\n\n\n\n<p>Adresses postales&nbsp;:<\/p>\n\n\n\n<figure class=\"wp-block-table\"><table><tbody><tr><td>IMJ-PRG &#8211; UMR7586<br>Universit\u00e9 Pierre et Marie Curie<br>Boite courrier 247<br>Couloir 16-26 4e \u00e9tage<br>4 place Jussieu<br>75252 Paris Cedex 05<br>***<br>IMJ-PRG &#8211; UMR7586<br>Universit\u00e9 Paris Diderot<br>Boite Courrier 7012<br>B\u00e2timent Sophie Germain<br>7e \u00e9tage<br>8 Place Aur\u00e9lie Nemours,<br><img loading=\"lazy\" decoding=\"async\" src=\"https:\/\/www.imj-prg.fr\/af\/squelettes-dist\/puce.gif\" alt=\"-\" width=\"8\" height=\"11\">&nbsp;75205 PARIS Cedex 13<\/td><\/tr><\/tbody><\/table><\/figure>\n<\/div>\n<\/div>\n","protected":false},"excerpt":{"rendered":"<p>Equipe Analyse Fonctionnelle Responsable d\u2019\u00e9quipe\u00a0: Fr\u00e9d\u00e9ric KloppResponsable adjoint\u00a0: Cosmin BurteaGestionnaire\u00a0: Marouane Abdelaziz Adresses postales&nbsp;: IMJ-PRG &#8211; UMR7586Universit\u00e9 Pierre et Marie CurieBoite courrier 247Couloir 16-26 4e \u00e9tage4 place Jussieu75252 Paris Cedex 05***IMJ-PRG &#8211; UMR7586Universit\u00e9 Paris DiderotBoite Courrier 7012B\u00e2timent Sophie Germain7e \u00e9tage8 Place Aur\u00e9lie Nemours,&nbsp;75205 PARIS Cedex 13<\/p>\n","protected":false},"author":1,"featured_media":0,"parent":0,"menu_order":0,"comment_status":"closed","ping_status":"closed","template":"","meta":{"footnotes":""},"class_list":["post-4","page","type-page","status-publish","hentry"],"_links":{"self":[{"href":"https:\/\/www.imj-prg.fr\/af\/wp-json\/wp\/v2\/pages\/4","targetHints":{"allow":["GET"]}}],"collection":[{"href":"https:\/\/www.imj-prg.fr\/af\/wp-json\/wp\/v2\/pages"}],"about":[{"href":"https:\/\/www.imj-prg.fr\/af\/wp-json\/wp\/v2\/types\/page"}],"author":[{"embeddable":true,"href":"https:\/\/www.imj-prg.fr\/af\/wp-json\/wp\/v2\/users\/1"}],"replies":[{"embeddable":true,"href":"https:\/\/www.imj-prg.fr\/af\/wp-json\/wp\/v2\/comments?post=4"}],"version-history":[{"count":7,"href":"https:\/\/www.imj-prg.fr\/af\/wp-json\/wp\/v2\/pages\/4\/revisions"}],"predecessor-version":[{"id":117,"href":"https:\/\/www.imj-prg.fr\/af\/wp-json\/wp\/v2\/pages\/4\/revisions\/117"}],"wp:attachment":[{"href":"https:\/\/www.imj-prg.fr\/af\/wp-json\/wp\/v2\/media?parent=4"}],"curies":[{"name":"wp","href":"https:\/\/api.w.org\/{rel}","templated":true}]}}