{"id":41,"date":"2020-12-16T10:10:50","date_gmt":"2020-12-16T09:10:50","guid":{"rendered":"http:\/\/dev.imj-prg.fr\/af\/?page_id=41"},"modified":"2020-12-16T10:10:50","modified_gmt":"2020-12-16T09:10:50","slug":"le-seminaire-danalyse-fonctionnelle-2007-2008","status":"publish","type":"page","link":"https:\/\/www.imj-prg.fr\/af\/le-seminaire-danalyse-fonctionnelle-2007-2008\/","title":{"rendered":"Le S\u00e9minaire d&rsquo;Analyse Fonctionnelle &#8211; 2007-2008"},"content":{"rendered":"\n<p>Organisateurs&nbsp;: D. Cordero-Erausquin &#8211; O. Gu\u00e9don &#8211; B. Maurey &#8211; G.Pisier<br><br><strong>Le Jeudi \u00e0 10h30 &#8211; salle 4C17 &#8211; 4\u00e8me \u00e9tage<\/strong><br>(Institut de Math\u00e9matiques &#8211; 175 rue du Chevaleret &#8211; 75013 PARIS)<\/p>\n\n\n\n<hr class=\"wp-block-separator\"\/>\n\n\n\n<p><strong>Ann\u00e9e2007 &#8211; 2008<\/strong><br><\/p>\n\n\n\n<hr class=\"wp-block-separator\"\/>\n\n\n\n<p><strong>25 octobre 2007&nbsp;: <\/strong><strong>O. Gu\u00e9don<\/strong> (IMJ, Paris 6)<\/p>\n\n\n\n<blockquote class=\"wp-block-quote is-layout-flow wp-block-quote-is-layout-flow\"><p>S\u00e9lection de taille arbitraire d\u2019un sous-ensemble d\u2019un syst\u00e8me orthonormal born\u00e9.<\/p><\/blockquote>\n\n\n\n<p><strong>8 novembre 2007&nbsp;: <\/strong><strong>R. Anton<\/strong> (IMJ, Paris 6)<\/p>\n\n\n\n<blockquote class=\"wp-block-quote is-layout-flow wp-block-quote-is-layout-flow\"><p>L\u2019\u00e9quation de Gross-Pitaevskii \u00e0 l\u2019ext\u00e9rieur des obstacles non-captants<\/p><\/blockquote>\n\n\n\n<p><strong>15 novembre 2007&nbsp;:<\/strong> <strong>J.M.&nbsp;Aubry<\/strong> (Univ. Paris XII)<\/p>\n\n\n\n<blockquote class=\"wp-block-quote is-layout-flow wp-block-quote-is-layout-flow\"><p>Les espaces <em>TeX Embedding failed&nbsp;!<\/em>&nbsp;: topologie et propri\u00e9t\u00e9s pr\u00e9valentes.<\/p><\/blockquote>\n\n\n\n<p><strong>22 novembre 2007&nbsp;: <\/strong><strong>T. Bodineau<\/strong> (Paris 7)<\/p>\n\n\n\n<blockquote class=\"wp-block-quote is-layout-flow wp-block-quote-is-layout-flow\"><p>Grandes d\u00e9viations du courant dans des syst\u00e8mes de particules.<\/p><\/blockquote>\n\n\n\n<p><strong>29 novembre 2007&nbsp;:<\/strong> <strong>J. Lehec<\/strong> (Univ. Paris Est)<\/p>\n\n\n\n<blockquote class=\"wp-block-quote is-layout-flow wp-block-quote-is-layout-flow\"><p>In\u00e9galit\u00e9s de Santal\u00f3 fonctionnelles.<\/p><\/blockquote>\n\n\n\n<p><strong>6 d\u00e9cembre 2007&nbsp;:<\/strong> <strong>Journ\u00e9e sp\u00e9ciale<\/strong><\/p>\n\n\n\n<p>Le matin<\/p>\n\n\n\n<blockquote class=\"wp-block-quote is-layout-flow wp-block-quote-is-layout-flow\"><p>9h30&nbsp;: <strong>Accueil<\/strong> en salle 4C92<br><br>10h&nbsp;: <strong>A. Koldobsky <\/strong>(Univ. Missouri, USA)&nbsp;: The complex Busemann-Petty problem<br><br>11h&nbsp;: <strong>H. Queff\u00e9lec <\/strong>(Univ. Lille I)&nbsp;: Mesures de Carleson, op\u00e9rateurs de composition , et classes de Schatten.<\/p><\/blockquote>\n\n\n\n<p>L\u2019apr\u00e8s-midi<\/p>\n\n\n\n<blockquote class=\"wp-block-quote is-layout-flow wp-block-quote-is-layout-flow\"><p>\u00e0 15h en salle 0C2, soutenance d\u2019HDR&nbsp;:<br><strong>Olivier Gu\u00e9don <\/strong>&nbsp;: In\u00e9galit\u00e9s de concentration et g\u00e9om\u00e9trie en grande dimension.<\/p><\/blockquote>\n\n\n\n<p><strong>13 d\u00e9cembre 2007&nbsp;:<\/strong> <strong>F. Maggi<\/strong> (Univ. Florence, Italie)<\/p>\n\n\n\n<blockquote class=\"wp-block-quote is-layout-flow wp-block-quote-is-layout-flow\"><p>Stability properties of the Wulff shape via mass transportation<\/p><\/blockquote>\n\n\n\n<p><strong>20 d\u00e9cembre 2007&nbsp;:<\/strong> <strong>A. Pajor<\/strong> (Univ. Paris Est)<\/p>\n\n\n\n<blockquote class=\"wp-block-quote is-layout-flow wp-block-quote-is-layout-flow\"><p>Sur le th\u00e9or\u00e8me de Marchenko-Pastur<\/p><\/blockquote>\n\n\n\n<p><strong>10 janvier 2008&nbsp;:<\/strong> <strong>R. Eldan<\/strong> (Univ. Tel Aviv, Israel)<\/p>\n\n\n\n<blockquote class=\"wp-block-quote is-layout-flow wp-block-quote-is-layout-flow\"><p>Central limit theorem for convex bodies.<\/p><\/blockquote>\n\n\n\n<p><strong>17 janvier 2008&nbsp;:<\/strong> <strong>P. Bernard<\/strong> (Univ. Paris-Dauphine)<\/p>\n\n\n\n<blockquote class=\"wp-block-quote is-layout-flow wp-block-quote-is-layout-flow\"><p>Unicit\u00e9 dans les \u00e9quations de transport associ\u00e9es \u00e0 des EDO sans r\u00e9gularit\u00e9.<\/p><\/blockquote>\n\n\n\n<p><strong>24 janvier 2008&nbsp;:<\/strong> <strong>Rel\u00e2che<\/strong><\/p>\n\n\n\n<p><strong>31 janvier 2008&nbsp;:<\/strong> <strong>G. Pisier<\/strong> (IMJ, Paris 6)<\/p>\n\n\n\n<blockquote class=\"wp-block-quote is-layout-flow wp-block-quote-is-layout-flow\"><p>Interpolation complexe entre espaces de Banach, de Hilbert et d\u2019op\u00e9rateurs.<\/p><\/blockquote>\n\n\n\n<p><br><strong>7 f\u00e9vrier 2008&nbsp;:<\/strong> <strong>M.&nbsp;Fradelizi<\/strong> (Univ. Marne La Vall\u00e9e, Paris Est)<\/p>\n\n\n\n<blockquote class=\"wp-block-quote is-layout-flow wp-block-quote-is-layout-flow\"><p>In\u00e9galit\u00e9s de concentration de dilat\u00e9s d\u2019ensembles pour des mesures <em>TeX Embedding failed&nbsp;!<\/em>-concaves et applications.<\/p><\/blockquote>\n\n\n\n<p><strong>14 f\u00e9vrier 2008&nbsp;:<\/strong> <strong>C. Donati-Martin<\/strong> (Univ. Pierre et Marie Curie)<\/p>\n\n\n\n<blockquote class=\"wp-block-quote is-layout-flow wp-block-quote-is-layout-flow\"><p>Convergence et fluctuations de la valeur propre maximale d\u2019une matrice de Wigner d\u00e9form\u00e9e.<\/p><\/blockquote>\n\n\n\n<p><strong>21 f\u00e9vrier 2008&nbsp;:<\/strong> <strong>Q. Xu<\/strong> (Univ. Besan\u00e7on)<\/p>\n\n\n\n<blockquote class=\"wp-block-quote is-layout-flow wp-block-quote-is-layout-flow\"><p>Applications compl\u00e8tement 1-sommantes entre certains espaces hilbertiens homog\u00e8nes.<\/p><\/blockquote>\n\n\n\n<p><strong>28 f\u00e9vrier 2008&nbsp;:<\/strong> <strong>Rel\u00e2che<\/strong><\/p>\n\n\n\n<p><br><strong>6 mars 2008&nbsp;:<\/strong> <strong>S. Popovych<\/strong> (Univ. Chalmers , Su\u00e8de)<\/p>\n\n\n\n<blockquote class=\"wp-block-quote is-layout-flow wp-block-quote-is-layout-flow\"><p>Horn type spectral problem.<\/p><\/blockquote>\n\n\n\n<p><strong>13 mars 2008&nbsp;:<\/strong> <strong>A. Guionnet<\/strong> (ENS Lyon)<\/p>\n\n\n\n<blockquote class=\"wp-block-quote is-layout-flow wp-block-quote-is-layout-flow\"><p>Matrices \u00e0 queue lourde.<\/p><\/blockquote>\n\n\n\n<p><strong>20 mars 2008&nbsp;:<\/strong> <strong>E. Maurel-Segala<\/strong> (Univ. Pierre et Marie Curie)<\/p>\n\n\n\n<blockquote class=\"wp-block-quote is-layout-flow wp-block-quote-is-layout-flow\"><p>Matrices al\u00e9atoires et \u00e9num\u00e9rations combinatoires.<\/p><\/blockquote>\n\n\n\n<p><strong>27 mars 2008&nbsp;:<\/strong> <strong>D. Cordero-Erausquin<\/strong> (IMJ, UMPC)<\/p>\n\n\n\n<blockquote class=\"wp-block-quote is-layout-flow wp-block-quote-is-layout-flow\"><p>Sous additivit\u00e9 de l\u2019entropie et in\u00e9galit\u00e9s de Brascamp-Lieb.<\/p><\/blockquote>\n\n\n\n<p><br><strong>3 avril 2008&nbsp;:<\/strong> <strong>P. Jaming<\/strong> (Univ. Orl\u00e9ans)<\/p>\n\n\n\n<blockquote class=\"wp-block-quote is-layout-flow wp-block-quote-is-layout-flow\"><p>Fonctions positives d\u00e9finies positives.<\/p><\/blockquote>\n\n\n\n<p><strong>10 avril 2008&nbsp;:<\/strong> <strong>E. Fricain<\/strong> (Univ. Lyon)<\/p>\n\n\n\n<blockquote class=\"wp-block-quote is-layout-flow wp-block-quote-is-layout-flow\"><p>In\u00e9galit\u00e9s de Bernstein dans certains espaces de fonctions analytiques.<\/p><\/blockquote>\n\n\n\n<p><strong>17 avril 2008&nbsp;:<\/strong> <strong>C. Imbert<\/strong> (Univ. Paris Dauphine)<\/p>\n\n\n\n<blockquote class=\"wp-block-quote is-layout-flow wp-block-quote-is-layout-flow\"><p>Mouvement de fronts par courbure fractionnaire.<\/p><\/blockquote>\n\n\n\n<p><strong>24 avril 2008&nbsp;:<\/strong> <strong>Rel\u00e2che<\/strong><\/p>\n\n\n\n<p><br><strong>15 mai 2008&nbsp;:<\/strong> <strong>D. Chafa\u00ef<\/strong> (Inra, Univ. Toulouse)<\/p>\n\n\n\n<blockquote class=\"wp-block-quote is-layout-flow wp-block-quote-is-layout-flow\"><p>Spectre de grandes matrices markoviennes al\u00e9atoires.<\/p><\/blockquote>\n\n\n\n<p><strong>22 mai 2008&nbsp;:<\/strong> <strong>A. Poltoratski<br><\/strong> (Texas A&amp;M University, USA)<\/p>\n\n\n\n<blockquote class=\"wp-block-quote is-layout-flow wp-block-quote-is-layout-flow\"><p>Uniqueness properties of entire functions in spectral problems for differential operators.<\/p><\/blockquote>\n\n\n\n<p><strong>29 mai 2008&nbsp;:<\/strong> <strong>D. Kerr<br><\/strong> (Texas A&amp;M University, USA)<\/p>\n\n\n\n<blockquote class=\"wp-block-quote is-layout-flow wp-block-quote-is-layout-flow\"><p>Turbulence, representations, and trace-preserving actions.<\/p><\/blockquote>\n\n\n\n<p><br><strong>5 juin 2008&nbsp;:<\/strong> <strong>Rel\u00e2che<\/strong><\/p>\n\n\n\n<p><strong>12 juin 2008&nbsp;:<\/strong> <strong>A.E. Litvak<\/strong> (Edmonton, Canada)<\/p>\n\n\n\n<blockquote class=\"wp-block-quote is-layout-flow wp-block-quote-is-layout-flow\"><p>On expectations of order statistics.<\/p><\/blockquote>\n\n\n\n<p><strong>19 juin 2008&nbsp;:<\/strong> <strong>G. Aubrun<\/strong> (Lyon 1)<\/p>\n\n\n\n<blockquote class=\"wp-block-quote is-layout-flow wp-block-quote-is-layout-flow\"><p>D\u00e9compositions de Kraus al\u00e9atoires.<\/p><\/blockquote>\n\n\n\n<p><strong>26 juin 2008&nbsp;:<\/strong> <strong>R. Blei<\/strong> (Connecticut, USA)<\/p>\n\n\n\n<blockquote class=\"wp-block-quote is-layout-flow wp-block-quote-is-layout-flow\"><p>Integral representations of multilinear functionals on a Hilbert Space.<\/p><\/blockquote>\n","protected":false},"excerpt":{"rendered":"<p>Organisateurs&nbsp;: D. Cordero-Erausquin &#8211; O. Gu\u00e9don &#8211; B. Maurey &#8211; G.Pisier Le Jeudi \u00e0 10h30 &#8211; salle 4C17 &#8211; 4\u00e8me \u00e9tage(Institut de Math\u00e9matiques &#8211; 175 rue du Chevaleret &#8211; 75013 PARIS) Ann\u00e9e2007 &#8211; 2008 25 octobre 2007&nbsp;: O. Gu\u00e9don (IMJ, Paris 6) S\u00e9lection de taille arbitraire d\u2019un sous-ensemble d\u2019un syst\u00e8me orthonormal born\u00e9. 8 novembre 2007&nbsp;: [&hellip;]<\/p>\n","protected":false},"author":1,"featured_media":0,"parent":0,"menu_order":0,"comment_status":"closed","ping_status":"closed","template":"","meta":{"footnotes":""},"class_list":["post-41","page","type-page","status-publish","hentry"],"_links":{"self":[{"href":"https:\/\/www.imj-prg.fr\/af\/wp-json\/wp\/v2\/pages\/41","targetHints":{"allow":["GET"]}}],"collection":[{"href":"https:\/\/www.imj-prg.fr\/af\/wp-json\/wp\/v2\/pages"}],"about":[{"href":"https:\/\/www.imj-prg.fr\/af\/wp-json\/wp\/v2\/types\/page"}],"author":[{"embeddable":true,"href":"https:\/\/www.imj-prg.fr\/af\/wp-json\/wp\/v2\/users\/1"}],"replies":[{"embeddable":true,"href":"https:\/\/www.imj-prg.fr\/af\/wp-json\/wp\/v2\/comments?post=41"}],"version-history":[{"count":1,"href":"https:\/\/www.imj-prg.fr\/af\/wp-json\/wp\/v2\/pages\/41\/revisions"}],"predecessor-version":[{"id":43,"href":"https:\/\/www.imj-prg.fr\/af\/wp-json\/wp\/v2\/pages\/41\/revisions\/43"}],"wp:attachment":[{"href":"https:\/\/www.imj-prg.fr\/af\/wp-json\/wp\/v2\/media?parent=41"}],"curies":[{"name":"wp","href":"https:\/\/api.w.org\/{rel}","templated":true}]}}