{"id":50,"date":"2020-12-16T10:15:48","date_gmt":"2020-12-16T09:15:48","guid":{"rendered":"http:\/\/dev.imj-prg.fr\/af\/?page_id=50"},"modified":"2020-12-16T10:15:48","modified_gmt":"2020-12-16T09:15:48","slug":"archives-2009-2010-du-seminaire-danalyse-fonctionnelle","status":"publish","type":"page","link":"https:\/\/www.imj-prg.fr\/af\/archives-2009-2010-du-seminaire-danalyse-fonctionnelle\/","title":{"rendered":"Archives 2009-2010 du s\u00e9minaire d&rsquo;Analyse Fonctionnelle"},"content":{"rendered":"\n<p>Organisateurs&nbsp;: D. Cordero-Erausquin &#8211; O. Gu\u00e9don &#8211; B. Maurey &#8211; G.Pisier &#8211; S. Szarek<br><strong>Le Jeudi \u00e0 10h30 &#8211; salle 4C17 &#8211; 4\u00e8me \u00e9tage<\/strong><br>(Institut de Math\u00e9matiques &#8211; 175 rue du Chevaleret &#8211; 75013 PARIS)<\/p>\n\n\n\n<hr class=\"wp-block-separator\"\/>\n\n\n\n<p><strong>Ann\u00e9e 2009 &#8211; 2010<\/strong><br><\/p>\n\n\n\n<hr class=\"wp-block-separator\"\/>\n\n\n\n<p><br><strong>8 octobre 2009&nbsp;: D. Chelkak<\/strong> (St.Petersburg State Univ.)<\/p>\n\n\n\n<blockquote class=\"wp-block-quote is-layout-flow wp-block-quote-is-layout-flow\"><p>Conformal invariance in the critical 2D Ising model and discrete complex analysis on isoradial graphs.<\/p><\/blockquote>\n\n\n\n<p><br><strong>15 octobre 2009&nbsp;: M.&nbsp;Mitkovski<\/strong> (Texas A&amp;M Univ.)<\/p>\n\n\n\n<blockquote class=\"wp-block-quote is-layout-flow wp-block-quote-is-layout-flow\"><p>Independence of complex exponentials and related old problems for entire functions.<\/p><\/blockquote>\n\n\n\n<p><br><strong>22 octobre 2009&nbsp;: D. Alonso<\/strong> (Zaragoza and UMLV-Paris Est)<\/p>\n\n\n\n<blockquote class=\"wp-block-quote is-layout-flow wp-block-quote-is-layout-flow\"><p>On the isotropy constant of polytopes.<\/p><\/blockquote>\n\n\n\n<p><br><strong>29 octobre 2009&nbsp;: Relache<\/strong><\/p>\n\n\n\n<p><br><br><strong>5 novembre 2009&nbsp;: A. Colesanti<\/strong> (Universit\u00e9 de Florence)<\/p>\n\n\n\n<blockquote class=\"wp-block-quote is-layout-flow wp-block-quote-is-layout-flow\"><p>On the inequalities of Brunn-Minkowski, Wirtinger and Poincar\u00e9<\/p><\/blockquote>\n\n\n\n<p><br><strong>12 novembre 2009&nbsp;: G. Aubrun<\/strong> (Universit\u00e9 de Lyon)<\/p>\n\n\n\n<blockquote class=\"wp-block-quote is-layout-flow wp-block-quote-is-layout-flow\"><p>Sur la fonction maximale associ\u00e9e \u00e0 des cubes de grande dimension<\/p><\/blockquote>\n\n\n\n<p><strong>19 novembre 2009&nbsp;: Relache<\/strong><\/p>\n\n\n\n<p>Semaine du 16-20 novembre&nbsp;: Ecole d\u2019automne \u00ab\u00a0Compressed sensing, matrices al\u00e9atoires et g\u00e9om\u00e9trie en grande dimension\u00a0\u00bb \u00e0 l\u2019Universit\u00e9 de Marne-la-Vall\u00e9e (Paris Est)<\/p>\n\n\n\n<p><br><strong>26 novembre 2009&nbsp;: L. Deleaval<\/strong> (IMJ)<\/p>\n\n\n\n<blockquote class=\"wp-block-quote is-layout-flow wp-block-quote-is-layout-flow\"><p>In\u00e9galit\u00e9s de Fefferman-Stein dans le cadre de l\u2019analyse associ\u00e9e \u00e0 des syst\u00e8mes de racines<\/p><\/blockquote>\n\n\n\n<p><br><br><strong>3 d\u00e9cembre 2009&nbsp;: S. Szarek<\/strong> (IMJ)<\/p>\n\n\n\n<blockquote class=\"wp-block-quote is-layout-flow wp-block-quote-is-layout-flow\"><p>Dvoretzky\u2019s Theorem and quantum information theory&nbsp;: non-additivity of Renyi entropy<\/p><\/blockquote>\n\n\n\n<p><br><strong>10 d\u00e9cembre 2009&nbsp;: A. Baranov<\/strong> (St. Petersburg)<\/p>\n\n\n\n<blockquote class=\"wp-block-quote is-layout-flow wp-block-quote-is-layout-flow\"><p>Feichtinger conjecture for reproducing kernels in model subspaces<\/p><\/blockquote>\n\n\n\n<p><br><strong>17 d\u00e9cembre 2009&nbsp;: E. Werner<\/strong> (Case Western, Cleveland)<\/p>\n\n\n\n<blockquote class=\"wp-block-quote is-layout-flow wp-block-quote-is-layout-flow\"><p>Relative entropy of cone measures and <em>TeX Embedding failed&nbsp;!<\/em> centroid bodies<\/p><\/blockquote>\n\n\n\n<p><br><br><strong>7 janvier 2010&nbsp;: Relache<\/strong><\/p>\n\n\n\n<p><br><strong>14 janvier 2010&nbsp;: R. Tessera<\/strong> (ENS Lyon)<\/p>\n\n\n\n<blockquote class=\"wp-block-quote is-layout-flow wp-block-quote-is-layout-flow\"><p>Caract\u00e9risation de la propri\u00e9t\u00e9 T relative<\/p><\/blockquote>\n\n\n\n<p><br><strong>21 janvier 2010&nbsp;: O. Friedland<\/strong> (IMJ)<\/p>\n\n\n\n<blockquote class=\"wp-block-quote is-layout-flow wp-block-quote-is-layout-flow\"><p>Random embedding of <em>TeX Embedding failed&nbsp;!<\/em> into <em>TeX Embedding failed&nbsp;!<\/em><\/p><\/blockquote>\n\n\n\n<p><br><strong>28 janvier 2010&nbsp;: M.&nbsp;Fradelizi<\/strong> (Paris Est &#8211; Marne la Vall\u00e9e)<\/p>\n\n\n\n<blockquote class=\"wp-block-quote is-layout-flow wp-block-quote-is-layout-flow\"><p>La conjecture de Mahler pour les corps convexes ayant beaucoup de sym\u00e9tries<\/p><\/blockquote>\n\n\n\n<p><br><br><strong>4 f\u00e9vrier 2010&nbsp;: Y. Ollivier<\/strong> (ENS Lyon)<\/p>\n\n\n\n<blockquote class=\"wp-block-quote is-layout-flow wp-block-quote-is-layout-flow\"><p>Courbure positive, un point de vue discret avec applications continues<\/p><\/blockquote>\n\n\n\n<p><br><strong>11 f\u00e9vrier 2010&nbsp;: A. Erschler<\/strong> (Orsay)<\/p>\n\n\n\n<blockquote class=\"wp-block-quote is-layout-flow wp-block-quote-is-layout-flow\"><p>Sur le bord de Poisson de groupes r\u00e9solubles<\/p><\/blockquote>\n\n\n\n<p><br><strong>18 f\u00e9vrier 2010&nbsp;: H. Rauhut<\/strong> (Bonn)<\/p>\n\n\n\n<blockquote class=\"wp-block-quote is-layout-flow wp-block-quote-is-layout-flow\"><p>Compressive Sensing and Structured Random Matrices<\/p><\/blockquote>\n\n\n\n<p><br><strong>25 f\u00e9vrier et 4 mars 2010&nbsp;: Relache<\/strong><\/p>\n\n\n\n<p><br><br><strong>11 mars 2010&nbsp;: N. Lerner<\/strong> (IMJ)<\/p>\n\n\n\n<blockquote class=\"wp-block-quote is-layout-flow wp-block-quote-is-layout-flow\"><p>Op\u00e9rateurs non autoadjoints et hypoellipticit\u00e9<\/p><\/blockquote>\n\n\n\n<p><br><strong>18 mars 2010&nbsp;: K. Juschenko<\/strong> (Chalmers, Su\u00e8de)<\/p>\n\n\n\n<blockquote class=\"wp-block-quote is-layout-flow wp-block-quote-is-layout-flow\"><p>Matrices of unitary moments<\/p><\/blockquote>\n\n\n\n<p><br><strong>25 mars 2010&nbsp;: D. Gerard-Varet<\/strong> (IMJ)<\/p>\n\n\n\n<blockquote class=\"wp-block-quote is-layout-flow wp-block-quote-is-layout-flow\"><p>Equation de Navier-Stokes et couche limite<\/p><\/blockquote>\n\n\n\n<p><br><br><strong>1 avril 2010&nbsp;: M.&nbsp;de la Salle<\/strong> (IMJ)<\/p>\n\n\n\n<blockquote class=\"wp-block-quote is-layout-flow wp-block-quote-is-layout-flow\"><p>Matrices de Haenkel dans les classes de Schatten \u00e0 valeurs op\u00e9rateurs.<\/p><\/blockquote>\n\n\n\n<p><br><strong>8 avril 2010&nbsp;: P. Pansu<\/strong> (Univ. Paris Sud, Orsay)<\/p>\n\n\n\n<blockquote class=\"wp-block-quote is-layout-flow wp-block-quote-is-layout-flow\"><p>Le th\u00e9or\u00e8me Majority is Stablest, d\u2019apr\u00e8s Mossel, O\u2019Donnell et Oleskiewicz.<\/p><\/blockquote>\n\n\n\n<p><br><strong>15 avril 2010&nbsp;: C. Leonard<\/strong> (Univ. Paris X, Nanterre)<\/p>\n\n\n\n<blockquote class=\"wp-block-quote is-layout-flow wp-block-quote-is-layout-flow\"><p>D\u2019un probl\u00e8me de Schr\u00f6dinger \u00e0 celui de Kantorovich. Une approche du transport optimal par les grandes d\u00e9viations.<\/p><\/blockquote>\n\n\n\n<p><br><br><strong>20 mai 2010&nbsp;: Relache<\/strong><\/p>\n\n\n\n<blockquote class=\"wp-block-quote is-layout-flow wp-block-quote-is-layout-flow\"><p>Workshop \u00ab\u00a0Probability and Geometry in high dimensions \u00a0\u00bb \u00e0 l\u2019universit\u00e9 de Paris-Est Marne-la-Vall\u00e9e du 17 au 21 mai.<br><a href=\"http:\/\/perso-math.univ-mlv.fr\/users\/banach\/workshop2010\/\">http:\/\/perso-math.univ-mlv.fr\/users\/banach\/workshop2010\/<\/a><\/p><\/blockquote>\n\n\n\n<p><br><strong>27 mai 2010&nbsp;: A. Naor<\/strong> (Courant Institute, NYU)<\/p>\n\n\n\n<blockquote class=\"wp-block-quote is-layout-flow wp-block-quote-is-layout-flow\"><p>Markov convexity and local rigidity of distorted metrics<\/p><\/blockquote>\n\n\n\n<p><br><br><strong>Jeudi 10 juin 2010&nbsp;: S. Treil<\/strong> (Brown University)<\/p>\n\n\n\n<blockquote class=\"wp-block-quote is-layout-flow wp-block-quote-is-layout-flow\"><p><em>TeX Embedding failed&nbsp;!<\/em> and dyadic <em>TeX Embedding failed&nbsp;!<\/em><\/p><\/blockquote>\n","protected":false},"excerpt":{"rendered":"<p>Organisateurs&nbsp;: D. Cordero-Erausquin &#8211; O. Gu\u00e9don &#8211; B. Maurey &#8211; G.Pisier &#8211; S. SzarekLe Jeudi \u00e0 10h30 &#8211; salle 4C17 &#8211; 4\u00e8me \u00e9tage(Institut de Math\u00e9matiques &#8211; 175 rue du Chevaleret &#8211; 75013 PARIS) Ann\u00e9e 2009 &#8211; 2010 8 octobre 2009&nbsp;: D. Chelkak (St.Petersburg State Univ.) Conformal invariance in the critical 2D Ising model and discrete [&hellip;]<\/p>\n","protected":false},"author":1,"featured_media":0,"parent":0,"menu_order":0,"comment_status":"closed","ping_status":"closed","template":"","meta":{"footnotes":""},"class_list":["post-50","page","type-page","status-publish","hentry"],"_links":{"self":[{"href":"https:\/\/www.imj-prg.fr\/af\/wp-json\/wp\/v2\/pages\/50","targetHints":{"allow":["GET"]}}],"collection":[{"href":"https:\/\/www.imj-prg.fr\/af\/wp-json\/wp\/v2\/pages"}],"about":[{"href":"https:\/\/www.imj-prg.fr\/af\/wp-json\/wp\/v2\/types\/page"}],"author":[{"embeddable":true,"href":"https:\/\/www.imj-prg.fr\/af\/wp-json\/wp\/v2\/users\/1"}],"replies":[{"embeddable":true,"href":"https:\/\/www.imj-prg.fr\/af\/wp-json\/wp\/v2\/comments?post=50"}],"version-history":[{"count":1,"href":"https:\/\/www.imj-prg.fr\/af\/wp-json\/wp\/v2\/pages\/50\/revisions"}],"predecessor-version":[{"id":51,"href":"https:\/\/www.imj-prg.fr\/af\/wp-json\/wp\/v2\/pages\/50\/revisions\/51"}],"wp:attachment":[{"href":"https:\/\/www.imj-prg.fr\/af\/wp-json\/wp\/v2\/media?parent=50"}],"curies":[{"name":"wp","href":"https:\/\/api.w.org\/{rel}","templated":true}]}}