{"id":55,"date":"2020-12-16T10:19:04","date_gmt":"2020-12-16T09:19:04","guid":{"rendered":"http:\/\/dev.imj-prg.fr\/af\/?page_id=55"},"modified":"2020-12-16T10:19:04","modified_gmt":"2020-12-16T09:19:04","slug":"seminaire-danalyse-fonctionnelle-2012-2013","status":"publish","type":"page","link":"https:\/\/www.imj-prg.fr\/af\/seminaire-danalyse-fonctionnelle-2012-2013\/","title":{"rendered":"S\u00e9minaire d&rsquo;Analyse Fonctionnelle 2012-2013"},"content":{"rendered":"\n<p>Organisateurs&nbsp;: D. Cordero-Erausquin &#8211; O. Gu\u00e9don &#8211; B. Maurey &#8211; G.Pisier <strong>Le Jeudi \u00e0 10h30 &#8211; salle 13 &#8211; couloir 15-16 &#8211; 4\u00e8me \u00e9tage<\/strong><br>(Institut de Math\u00e9matiques &#8211; 4 place Jussieu &#8211; 75005 PARIS)<\/p>\n\n\n\n<hr class=\"wp-block-separator\"\/>\n\n\n\n<p><strong>Ann\u00e9e 2012 &#8211; 2013<\/strong><br><\/p>\n\n\n\n<p><br><br><br><strong>Jeudi 11 octobre 2012&nbsp;: Gilles Pisier<\/strong> (IMJ-Paris 6 et Texas A&amp;M)<\/p>\n\n\n\n<blockquote class=\"wp-block-quote is-layout-flow wp-block-quote-is-layout-flow\"><p>Matrices al\u00e9atoires et espaces d\u2019operateurs \u00e0 croissance sous-exponentielle<\/p><\/blockquote>\n\n\n\n<p><br><strong>Jeudi 18 octobre 2012&nbsp;: Valentin Ferenczi<\/strong> (Universit\u00e9 de S\u00e3o Paulo et Paris 6)<\/p>\n\n\n\n<blockquote class=\"wp-block-quote is-layout-flow wp-block-quote-is-layout-flow\"><p>Groupes d\u2019isom\u00e9tries et d\u00e9compositions ergodiques<\/p><\/blockquote>\n\n\n\n<p><br><strong>Jeudi 25 octobre&nbsp;: Leonid Pastur<\/strong> (Institute for Low Temperature Physics, Kharkov, Ukraine)<\/p>\n\n\n\n<blockquote class=\"wp-block-quote is-layout-flow wp-block-quote-is-layout-flow\"><p>On links between the spectra of large random matrices and ergodic random operators<\/p><\/blockquote>\n\n\n\n<p><br><strong>Jeudi 1er novembre 2012&nbsp;: f\u00e9ri\u00e9<\/strong><\/p>\n\n\n\n<p><br><strong>Jeudi 8 novembre 2012&nbsp;: Juan-Carlos Alvarez Paiva<\/strong> (Lille)<\/p>\n\n\n\n<blockquote class=\"wp-block-quote is-layout-flow wp-block-quote-is-layout-flow\"><p>Y-a-t\u2019il une g\u00e9om\u00e9trie symplectique des nombres&nbsp;?<\/p><\/blockquote>\n\n\n\n<p><br><strong>Jeudi 15 novembre 2012&nbsp;: Bo\u2019az Klartag<\/strong> (Tel Aviv)<\/p>\n\n\n\n<blockquote class=\"wp-block-quote is-layout-flow wp-block-quote-is-layout-flow\"><p>Concentration of measures supported on the cube and the stability of the Brunn-Minkowski inequality<\/p><\/blockquote>\n\n\n\n<p><br><strong>Jeudi 22 novembre 2012&nbsp;: Assaf Naor<\/strong> (Courant, NYU)<\/p>\n\n\n\n<blockquote class=\"wp-block-quote is-layout-flow wp-block-quote-is-layout-flow\"><p>Calculus for nonlinear spectral gaps and super-expanders<\/p><\/blockquote>\n\n\n\n<p><br><strong>jeudi 29 novembre 2012&nbsp;: Nicolas Lerner<\/strong> (IMJ)<\/p>\n\n\n\n<blockquote class=\"wp-block-quote is-layout-flow wp-block-quote-is-layout-flow\"><p>Composition d\u2019op\u00e9rateurs pseudodiff\u00e9rentiels de type Toeplitz<\/p><\/blockquote>\n\n\n\n<p><br><strong>Jeudi 6 d\u00e9cembre 2012&nbsp;: Emmanuel Breuillard<\/strong> (Paris Sud)<\/p>\n\n\n\n<blockquote class=\"wp-block-quote is-layout-flow wp-block-quote-is-layout-flow\"><p>Le cinqui\u00e8me probl\u00e8me de Hilbert pour les groupes localement compacts et les groupes approximatifs.<\/p><\/blockquote>\n\n\n\n<blockquote class=\"wp-block-quote is-layout-flow wp-block-quote-is-layout-flow\"><p><em>R\u00e9sum\u00e9&nbsp;: Je ferai un rapide survol historique du cinqui\u00e8me probl\u00e8me de Hilbert en rappelant l\u2019analyse derri\u00e8re la preuve de Gleason-Yamabe du th\u00e9or\u00e8me de structure des groupes localement compacts. Dans un deuxi\u00e8me temps je d\u00e9crirai un travail en commun avec Green et Tao ou nous adaptons ces arguments pour donner un th\u00e9or\u00e8me de structure des parties finies A d\u2019un groupe G telles que l\u2019ensemble produit AA est inclus dans au plus M translates de A.<\/em><\/p><\/blockquote>\n\n\n\n<p><br><strong>Jeudi 13 d\u00e9cembre 2012&nbsp;: Soutenance de th\u00e8se de Yanqi Qiu<\/strong><\/p>\n\n\n\n<blockquote class=\"wp-block-quote is-layout-flow wp-block-quote-is-layout-flow\"><p>Propri\u00e9t\u00e9 UMD pour les espaces de Banach et d\u2019op\u00e9rateurs<\/p><\/blockquote>\n\n\n\n<p><br><strong>Jeudi 20 d\u00e9cembre 2012&nbsp;: David Coupier<\/strong> (Lille 1)<\/p>\n\n\n\n<blockquote class=\"wp-block-quote is-layout-flow wp-block-quote-is-layout-flow\"><p>Random symmetrizations of convex bodies<\/p><\/blockquote>\n\n\n\n<p><br><br><strong>Du 7 au 11 janvier 2013&nbsp;: Bo\u2019az Klartag et Rafal Latala<\/strong> (Tel Aviv\/ FSM et Varsovie)<\/p>\n\n\n\n<blockquote class=\"wp-block-quote is-layout-flow wp-block-quote-is-layout-flow\"><p>Ecole d\u2019hiver \u00ab\u00a0Convexity and probability in high dimensions\u00a0\u00bb<\/p><\/blockquote>\n\n\n\n<p>(10h &#8211; 12h20) et (14h10 &#8211; 16h30)<\/p>\n\n\n\n<p>voir <a href=\"http:\/\/wiki-math.univ-mlv.fr\/gemecod\/doku.php\/winterschool2013\">http:\/\/wiki-math.univ-mlv.fr\/gemecod\/doku.php\/winterschool2013<\/a><\/p>\n\n\n\n<p><br><strong>Jeudi 17 janvier 2013&nbsp;: Pierre Youssef<\/strong> (Univ. Paris Est Marne La Vall\u00e9e)<\/p>\n\n\n\n<blockquote class=\"wp-block-quote is-layout-flow wp-block-quote-is-layout-flow\"><p>Extensions du principe d\u2019invertibilit\u00e9 restreinte.<\/p><\/blockquote>\n\n\n\n<p><br><strong>Jeudi 24 janvier&nbsp;: Herv\u00e9 Queff\u00e9lec<\/strong> (Univ. Lille 1)<\/p>\n\n\n\n<blockquote class=\"wp-block-quote is-layout-flow wp-block-quote-is-layout-flow\"><p>Op\u00e9rateurs de composition sur l\u2019espace de Dirichlet du disque<\/p><\/blockquote>\n\n\n\n<p><br><strong>Jeudi 31 janvier 2013&nbsp;: Charles Bordenave<\/strong> (Univ. Paul Sabatier, Toulouse)<\/p>\n\n\n\n<blockquote class=\"wp-block-quote is-layout-flow wp-block-quote-is-layout-flow\"><p>Grandes d\u00e9viations pour les matrices de Wigner<\/p><\/blockquote>\n\n\n\n<p><br><br><strong>Jeudi 7 f\u00e9vrier 2013&nbsp;: Anton Baranov<\/strong> (Univ. Saint P\u00e9tersbourg)<\/p>\n\n\n\n<blockquote class=\"wp-block-quote is-layout-flow wp-block-quote-is-layout-flow\"><p>Spectral synthesis for systems of exponentials and reproducing kernels<\/p><\/blockquote>\n\n\n\n<p><em><br>Abstract.<br>Let <\/em>{x_n}_<em>n\\in N<\/em><em> be a complete and minimal system in a separable<br>Hilbert space <\/em>H<em>, and let <\/em>{y_n}<em> be its biorthogonal system.<br>The system <\/em>{x_n}<em> is said to be hereditarily complete (a strong M-basis)<br>if for any <\/em>x \\in H<em> we have <\/em>x\\in <em>\\rm Span<\/em> {(x, y_n) x_n}<em>.<br>An equivalent definition is that for any partition <\/em>N = N_1 \\cup N_2, N_1 \\cap N_2 =\\emptyset<em>, of the index set the system <\/em>{x_n}_<em>n\\in N_1<\/em> \\cup {y_n}_<em>n\\in N_2<\/em><em> is complete in <\/em>H<em>.<br>If, moreover, <\/em>{x_n}<em> is the system<br>of eigenvectors of some bounded operator <\/em>T<em>, then,<br>by a theorem of Markus, hereditary completeness of <\/em>{x_n}<em> is equivalent<br>to the property that <\/em>T<em> admits the spectral synthesis (i.e., any <\/em>T<em>-invariant<br>subspace is generated by the eigenvectors it contains).<br>Examples of nonhereditarily complete systems and of compact<br>operators without spectral synthesis were given by Nikolski and Markus in 1970-s<br>(though first implicit examples go back to Hamburger). However, many natural<br>questions remained open. One of such problems<br>was the possibility of the spectral synthesis for systems of complex<br>exponentials <\/em>{e^<em>i\\lambda_n t<\/em>}<em>, <\/em>\\lambda_n \\in\\mathbb<em>C<\/em><em>,<br>in <\/em>L^2(-\\pi, \\pi)<em>. This problem was recently solved in a joint work<br>with Yurii Belov and Alexander Borichev. The answer is two-fold. On one hand,<br>there exist nonhereditarily complete systems of exponentials. On the other hand,<br>the spectral synthesis always<br>holds up to a one-dimensional defect&nbsp;: if <\/em>{x_n}<em> is a complete and minimal<br>system of exponentials, the orthogonal complement<br>to <\/em>{x_n}_<em>n\\in N_1<\/em> \\cup {y_n}_<em>n\\in N_2<\/em><em> is at most<br>one-dimensional for any partition of the index set.<br>We discuss analogous results for systems of reproducing kernels in certain spaces<br>of entire functions and discuss their relations to the spectral synthesis problem for<br>rank one perturbations of compact self-adjoint operators. This part of the talk<br>is based on a joint work with Dmitry Yakubovich (Madrid).<br><\/em><\/p>\n\n\n\n<p><br><strong>Jeudi 14 f\u00e9vrier 2013&nbsp;: Sorin Popa<\/strong><\/p>\n\n\n\n<blockquote class=\"wp-block-quote is-layout-flow wp-block-quote-is-layout-flow\"><p>A II_1 factor approach to the Kadison-Singer Conjecture<\/p><\/blockquote>\n\n\n\n<p><br><strong>Jeudi 21 f\u00e9vrier&nbsp;: Yanick Heurteaux<\/strong> (Univ. Clermont Ferrand)<\/p>\n\n\n\n<blockquote class=\"wp-block-quote is-layout-flow wp-block-quote-is-layout-flow\"><p>Sur la divergence des s\u00e9ries de Fourier<\/p><\/blockquote>\n\n\n\n<p><br><strong>Jeudi 28 f\u00e9vrier&nbsp;: Natha\u00ebl Gozlan<\/strong> (Univ. Paris Est Marne La Vall\u00e9e)<\/p>\n\n\n\n<blockquote class=\"wp-block-quote is-layout-flow wp-block-quote-is-layout-flow\"><p>Concentration de la mesure pour les mesures produits et in\u00e9galit\u00e9 de Poincar\u00e9<\/p><\/blockquote>\n\n\n\n<p><br><br><strong>Jeudi 7 mars&nbsp;:<\/strong> Rel\u00e2che<\/p>\n\n\n\n<p><br><strong>Jeudi 14 mars&nbsp;:<\/strong> Rel\u00e2che<\/p>\n\n\n\n<p><br><strong>Jeudi 21 mars&nbsp;: Sergey Kislyakov<\/strong> (Saint-Petersbourg)<\/p>\n\n\n\n<blockquote class=\"wp-block-quote is-layout-flow wp-block-quote-is-layout-flow\"><p>Differential expressions with mixed homogeneity and spaces of smooth functions they generate<\/p><\/blockquote>\n\n\n\n<blockquote class=\"wp-block-quote is-layout-flow wp-block-quote-is-layout-flow\"><p><em>Abstract&nbsp;: Let T_1,&#8230;,T_l be a collection of differential operators with constant coefficients on the torus T^n. Consider the Banach space X of functions f on the torus for which all functions T_j f, j=1,&#8230;,l, are continuous. The embeddability of X into some space C(K) as a complemented subspace will be discussed. The main result is as follows. Fix some pattern of mixed homogeneity and extract the senior homogeneous parts (relative to the pattern chosen) tau_1,&#8230;,tau_l from the initial operators T_1,&#8230;,T_l. If there are two nonproportional operators among the tau_j (for at least one homogeneity pattern), then X is not isomorphic to a complemented subspace of C(K) for any compact space K. The main ingredient of the proof is a new Sobolev-type embedding theorem. It generalises the classical embedding of W_1^1(R^2) to L^2(R^2). The difference is that now the integrability condition is imposed on certain linear combinations of derivatives of different order of several functions rather than on the first order derivatives of one function. This is a joint work with D. Maksimov and D. Stolyarov.<\/em><\/p><\/blockquote>\n\n\n\n<p><br><strong>Jeudi 28 mars&nbsp;: Jean Christophe Bourin<\/strong> (Univ. Franche Comt\u00e9)<\/p>\n\n\n\n<blockquote class=\"wp-block-quote is-layout-flow wp-block-quote-is-layout-flow\"><p>Matrices positives&nbsp;: Orbites unitaires, d\u00e9compositions et superd\u00e9compositions<\/p><\/blockquote>\n\n\n\n<p><br><br><strong>Jeudi 4 avril :Mika\u00ebl De La Salle<\/strong> (Univ. Franche Comt\u00e9)<\/p>\n\n\n\n<blockquote class=\"wp-block-quote is-layout-flow wp-block-quote-is-layout-flow\"><p>Rigidit\u00e9 pour les actions de SL(3,R) sur certains espaces de Banach de type non trivial<\/p><\/blockquote>\n\n\n\n<p><em>Abstract&nbsp;:<br>La propri\u00e9t\u00e9 (T) est une propri\u00e9t\u00e9 de rigidit\u00e9 pour les repr\u00e9sentations unitaires d\u2019un groupe. Vincent Lafforgue a prouv\u00e9 une forme renforc\u00e9e de la propri\u00e9t\u00e9 (T) pour les actions du groupe SL(3,Qp) sur les espaces de Banach de type &gt;1. Parmi les cons\u00e9quences de ce r\u00e9sultat, il a exhib\u00e9 les premiers exemples de graphes expanseurs qui ne se plongent grossi\u00e8rement dans aucun espace de type &gt;1. Je pr\u00e9senterai une tentative d\u2019\u00e9tendre son r\u00e9sultat \u00e0 SL(3,R), pour une classe a priori plus restreinte d\u2019espaces de Banach, \u00e0 savoir les espaces qui sont interpol\u00e9s entre un espace quelconque et un espace de type et cotype suffisament bons. J\u2019en d\u00e9duirai que les expanseurs SL(3,Z\/nZ) ne se plongent grossi\u00e8rement dans aucun tel espace de Banach. Il y a aussi des cons\u00e9quences du type propri\u00e9t\u00e9 de point fixe pour des actions par isom\u00e9tries affines.<br><\/em><\/p>\n\n\n\n<p><br><strong>Jeudi 11 avril&nbsp;: Martijn Caspers<\/strong> (Univ. Franche Comt\u00e9)<\/p>\n\n\n\n<blockquote class=\"wp-block-quote is-layout-flow wp-block-quote-is-layout-flow\"><p>Schur and Fourier multipliers of an amenable group acting on non-commutative Lp-spaces.<\/p><\/blockquote>\n\n\n\n<p><em><br>Abstract&nbsp;: Fourier and Schur multipliers of groups are indispensible in the study of approximation properties and various problems involving non-commutative harmonic analysis. In this talk we introduce Lp-Fourier multipliers for arbitrary groups and study the close relation between such a multiplier and its corresponding Schur multiplier.<br>In particular, we show how to generalize a result by Neuwirth and Ricard stating that for a discrete amenable group, the completely bounded norm of a Lp-Fourier multiplier equals the completely bounded norm of its transfered Schur multiplier. In the non-amenable case only one inequality of these norms is known. In fact, we show that our techniques do not extend to the non-amenable case. This is joint work with Mikael de la Salle.<br><\/em><\/p>\n\n\n\n<p><br><strong>Jeudi 18 avril&nbsp;: Fr\u00e9d\u00e9ric Klopp<\/strong> (IMJ)<\/p>\n\n\n\n<blockquote class=\"wp-block-quote is-layout-flow wp-block-quote-is-layout-flow\"><p>Fermions en interaction dans un milieu al\u00e9atoire<\/p><\/blockquote>\n\n\n\n<p><br><strong>Jeudi 25 avril&nbsp;: Cyril Roberto<\/strong> (Paris Ouest-Nanterre)<\/p>\n\n\n\n<blockquote class=\"wp-block-quote is-layout-flow wp-block-quote-is-layout-flow\"><p>Trou spectral pour un mod\u00e8le avec contraintes cin\u00e9tiques, sur les arbres, au point critique.<\/p><\/blockquote>\n\n\n\n<p><em>R\u00e9sum\u00e9&nbsp;: Apr\u00e8s une br\u00e8ve pr\u00e9sentation des mod\u00e8les avec contraintes cin\u00e9tiques, issus de la physique pour mod\u00e9liser les transitions liquide\/verre, nous introduirons celui (propos\u00e9 par Aldous et Diaconis en 2002) que nous \u00e9tudierons plus en d\u00e9tail, sur les arbres (r\u00e9guliers). Nous rappellerons ensuite les r\u00e9sultats, de Martinelli-Toninelli (Cristina) 2012, concernant le trou spectral (son \u00e9valuation en fonction de la taille du syst\u00e8me), en dessous et au dessus du point critique, avant de pr\u00e9senter les n\u00f4tres (en collaboration avec N. Cancrini, F. Martinelli et C. Toninelli 2012) au point critique, et d\u2019esquisser leur preuve.<br><\/em><\/p>\n\n\n\n<p><br><br><strong>Jeudi 2 mai&nbsp;:<\/strong> Rel\u00e2che<\/p>\n\n\n\n<p><br><strong>Jeudi 9 mai&nbsp;:<\/strong> Rel\u00e2che<\/p>\n\n\n\n<p><br><strong>Jeudi 16 mai&nbsp;: V. Peller<\/strong> (Michigan State Univ.)<\/p>\n\n\n\n<blockquote class=\"wp-block-quote is-layout-flow wp-block-quote-is-layout-flow\"><p>Les modules de continuit\u00e9 commutatoriels et op\u00e9ratoriels pour les op\u00e9rateurs normaux<\/p><\/blockquote>\n\n\n\n<p><br><strong>Jeudi 23 mai&nbsp;: Christian Le Merdy<\/strong> (Univ. Franche Comt\u00e9)<\/p>\n\n\n\n<blockquote class=\"wp-block-quote is-layout-flow wp-block-quote-is-layout-flow\"><p>In\u00e9galit\u00e9s de q-variation pour les semigroupes analytiques<\/p><\/blockquote>\n\n\n\n<p><br><strong>Du 27 au 31 mai 2013&nbsp;: Sourav Chatterjee et Jeff Kahn<\/strong> (Courant Institute NYU et Rutgers Univ.)<\/p>\n\n\n\n<blockquote class=\"wp-block-quote is-layout-flow wp-block-quote-is-layout-flow\"><p>Ecole de printemps \u00ab\u00a0Threshold phenomena and random graphs\u00a0\u00bb<\/p><\/blockquote>\n\n\n\n<p>(10h &#8211; 12h) et (14h30 &#8211; 16h30)<\/p>\n\n\n\n<p>voir <a href=\"http:\/\/wiki-math.univ-mlv.fr\/gemecod\/doku.php\/springschool2013\">http:\/\/wiki-math.univ-mlv.fr\/gemecod\/doku.php\/springschool2013<\/a><\/p>\n","protected":false},"excerpt":{"rendered":"<p>Organisateurs&nbsp;: D. Cordero-Erausquin &#8211; O. Gu\u00e9don &#8211; B. Maurey &#8211; G.Pisier Le Jeudi \u00e0 10h30 &#8211; salle 13 &#8211; couloir 15-16 &#8211; 4\u00e8me \u00e9tage(Institut de Math\u00e9matiques &#8211; 4 place Jussieu &#8211; 75005 PARIS) Ann\u00e9e 2012 &#8211; 2013 Jeudi 11 octobre 2012&nbsp;: Gilles Pisier (IMJ-Paris 6 et Texas A&amp;M) Matrices al\u00e9atoires et espaces d\u2019operateurs \u00e0 croissance [&hellip;]<\/p>\n","protected":false},"author":1,"featured_media":0,"parent":0,"menu_order":0,"comment_status":"closed","ping_status":"closed","template":"","meta":{"footnotes":""},"class_list":["post-55","page","type-page","status-publish","hentry"],"_links":{"self":[{"href":"https:\/\/www.imj-prg.fr\/af\/wp-json\/wp\/v2\/pages\/55","targetHints":{"allow":["GET"]}}],"collection":[{"href":"https:\/\/www.imj-prg.fr\/af\/wp-json\/wp\/v2\/pages"}],"about":[{"href":"https:\/\/www.imj-prg.fr\/af\/wp-json\/wp\/v2\/types\/page"}],"author":[{"embeddable":true,"href":"https:\/\/www.imj-prg.fr\/af\/wp-json\/wp\/v2\/users\/1"}],"replies":[{"embeddable":true,"href":"https:\/\/www.imj-prg.fr\/af\/wp-json\/wp\/v2\/comments?post=55"}],"version-history":[{"count":1,"href":"https:\/\/www.imj-prg.fr\/af\/wp-json\/wp\/v2\/pages\/55\/revisions"}],"predecessor-version":[{"id":56,"href":"https:\/\/www.imj-prg.fr\/af\/wp-json\/wp\/v2\/pages\/55\/revisions\/56"}],"wp:attachment":[{"href":"https:\/\/www.imj-prg.fr\/af\/wp-json\/wp\/v2\/media?parent=55"}],"curies":[{"name":"wp","href":"https:\/\/api.w.org\/{rel}","templated":true}]}}