{"id":63,"date":"2020-12-16T10:30:58","date_gmt":"2020-12-16T09:30:58","guid":{"rendered":"http:\/\/dev.imj-prg.fr\/af\/?page_id=63"},"modified":"2020-12-16T10:30:58","modified_gmt":"2020-12-16T09:30:58","slug":"archives-2008-2009-du-seminaire-dinitiation-a-lanalyse","status":"publish","type":"page","link":"https:\/\/www.imj-prg.fr\/af\/archives-2008-2009-du-seminaire-dinitiation-a-lanalyse\/","title":{"rendered":"Archives 2008-2009 du s\u00e9minaire d&rsquo;Initiation \u00e0 l&rsquo;Analyse"},"content":{"rendered":"\n<p>Organisateurs&nbsp;: G. Godefroy &#8211; M.&nbsp;Rogalski &#8211; J. Saint-Raymond<br><br><strong>Le Jeudi \u00e0 14h00 &#8211; salle 4C17 &#8211; 4\u00e8me \u00e9tage<\/strong><br>(Institut de Math\u00e9matiques &#8211; 175 rue du Chevaleret &#8211; 75013 PARIS)<\/p>\n\n\n\n<hr class=\"wp-block-separator\"\/>\n\n\n\n<p><strong>Ann\u00e9e 2008 &#8211; 2009<\/strong><br><\/p>\n\n\n\n<hr class=\"wp-block-separator\"\/>\n\n\n\n<p><strong>9 octobre 2008&nbsp;: <\/strong><strong>R. Becker<\/strong> (IMJ)<\/p>\n\n\n\n<blockquote class=\"wp-block-quote is-layout-flow wp-block-quote-is-layout-flow\"><p>Espaces vectoriels r\u00e9ticul\u00e9s associ\u00e9s \u00e0 un espace ordonn\u00e9.<\/p><\/blockquote>\n\n\n\n<p><strong>16 octobre 2008&nbsp;: <\/strong><strong>P. Tradacete<\/strong> (Univ. Complutense, Madrid)<\/p>\n\n\n\n<blockquote class=\"wp-block-quote is-layout-flow wp-block-quote-is-layout-flow\"><p>Propri\u00e9t\u00e9s des op\u00e9rateurs strictement singuliers entre treillis de Banach.<\/p><\/blockquote>\n\n\n\n<p><strong>23 octobre 2008&nbsp;: <\/strong><strong>G. Godefroy<\/strong> (IMJ)<\/p>\n\n\n\n<blockquote class=\"wp-block-quote is-layout-flow wp-block-quote-is-layout-flow\"><p>Inconditionnalit\u00e9 dans les espaces de Banach de fonctions lisses.<\/p><\/blockquote>\n\n\n\n<p><strong>30 octobre 2008&nbsp;: <\/strong><strong>Rel\u00e2che<\/strong><\/p>\n\n\n\n<p><strong>20 novembre 2008&nbsp;: <\/strong><strong>H. Pfitzner<\/strong> (Univ. Orl\u00e9ans)<\/p>\n\n\n\n<blockquote class=\"wp-block-quote is-layout-flow wp-block-quote-is-layout-flow\"><p>Le probl\u00e8me de la fronti\u00e8re.<\/p><\/blockquote>\n\n\n\n<p><strong>27 novembre 2008&nbsp;: <\/strong><strong>V. Montesinos<\/strong> (Univ. Valencia, Espagne)<\/p>\n\n\n\n<blockquote class=\"wp-block-quote is-layout-flow wp-block-quote-is-layout-flow\"><p>Bounded M-bases in Banach spaces.<\/p><\/blockquote>\n\n\n\n<p><strong>4 d\u00e9dembre 2008&nbsp;: <\/strong><strong>G. Godefroy<\/strong> (IMJ)<\/p>\n\n\n\n<blockquote class=\"wp-block-quote is-layout-flow wp-block-quote-is-layout-flow\"><p>Un survol de quelques r\u00e9sultats de g\u00e9om\u00e9trie non lin\u00e9aire des espaces de Banach.<\/p><\/blockquote>\n\n\n\n<p><strong>11 d\u00e9cembre 2008&nbsp;: <\/strong><strong>D. Lecomte<\/strong> (IMJ et Creil)<\/p>\n\n\n\n<blockquote class=\"wp-block-quote is-layout-flow wp-block-quote-is-layout-flow\"><p>Complexit\u00e9 topologique de langages de mots infinis.<\/p><\/blockquote>\n\n\n\n<p><strong>18 d\u00e9cembre 2008&nbsp;: <\/strong><strong>S. Argyros<\/strong> (Univ. Ath\u00e8nes)<\/p>\n\n\n\n<blockquote class=\"wp-block-quote is-layout-flow wp-block-quote-is-layout-flow\"><p>The solution of the \u00ab\u00a0Scalar plus Compact\u00a0\u00bb problem.<\/p><\/blockquote>\n\n\n\n<p><strong>8 janvier 2009&nbsp;: <\/strong><strong>S. Grivaux<\/strong> (Univ. Lille I)<\/p>\n\n\n\n<blockquote class=\"wp-block-quote is-layout-flow wp-block-quote-is-layout-flow\"><p>Multiplicit\u00e9 de sommes directes d\u2019op\u00e9rateurs.<\/p><\/blockquote>\n\n\n\n<p><strong>15 janvier 2009&nbsp;: <\/strong><strong>N. J. Kalton<\/strong> (Univ. Missouri, USA)<\/p>\n\n\n\n<blockquote class=\"wp-block-quote is-layout-flow wp-block-quote-is-layout-flow\"><p>More examples of uniformly homeomorphic Banach spaces.<\/p><\/blockquote>\n\n\n\n<p><strong>22 janvier 2009&nbsp;: <\/strong><strong>M.&nbsp;Daher<\/strong><\/p>\n\n\n\n<blockquote class=\"wp-block-quote is-layout-flow wp-block-quote-is-layout-flow\"><p>Ensembles de Rosenthal et propri\u00e9t\u00e9 de Radon-Nikodym relative.<\/p><\/blockquote>\n\n\n\n<p><strong>29 janvier 2009&nbsp;: <\/strong><strong>M.&nbsp;Ben Slimane<\/strong> (Tunis)<\/p>\n\n\n\n<blockquote class=\"wp-block-quote is-layout-flow wp-block-quote-is-layout-flow\"><p>G\u00e9n\u00e9ricit\u00e9 au sens de Baire pour les histogrammes des coefficients d\u2019ondelettes et le formalisme des grandes d\u00e9viations dans les espaces de Besov et de Sobolev.<\/p><\/blockquote>\n\n\n\n<p><br><strong>5 f\u00e9vrier 2009&nbsp;: <\/strong><strong>Lixin Cheng<\/strong> (Univ. Xiamen, Chine)<\/p>\n\n\n\n<blockquote class=\"wp-block-quote is-layout-flow wp-block-quote-is-layout-flow\"><p>Ball-coverings of unit spheres of Banach spaces.<\/p><\/blockquote>\n\n\n\n<p><strong>12 f\u00e9vrier 2009&nbsp;: <\/strong><strong>S\u00e9minaire en gr\u00e8ve<\/strong><\/p>\n\n\n\n<p><strong>19 f\u00e9vrier 2009&nbsp;: <\/strong><strong>N. Ghoussoub<\/strong> (Univ. British Columbia, Canada)<\/p>\n\n\n\n<blockquote class=\"wp-block-quote is-layout-flow wp-block-quote-is-layout-flow\"><p>Meilleures constantes dans les in\u00e9galit\u00e9s de type Hardy et Hardy-Rellich.<\/p><\/blockquote>\n\n\n\n<p><strong>26 f\u00e9vrier 2009&nbsp;: <\/strong><strong>W. Sickel<\/strong> (Univ. Iena, Allemagne)<\/p>\n\n\n\n<blockquote class=\"wp-block-quote is-layout-flow wp-block-quote-is-layout-flow\"><p>On the interplay of regularity and decay in case of radial functions.<\/p><\/blockquote>\n\n\n\n<p><br><strong>5 mars 2009&nbsp;: <\/strong><strong>P. Dodos<\/strong> (Univ. Texas A&amp;M)<\/p>\n\n\n\n<p><strong>12 mars 2009&nbsp;: <\/strong><strong>G. Bourdaud<\/strong> (IMJ)<\/p>\n\n\n\n<blockquote class=\"wp-block-quote is-layout-flow wp-block-quote-is-layout-flow\"><p>Le point sur le calcul fonctionnel dans les alg\u00e8bres de Sobolev.<\/p><\/blockquote>\n\n\n\n<p><strong>19 mars 2009&nbsp;: <\/strong><strong>S\u00e9minaire en gr\u00e8ve<\/strong><\/p>\n\n\n\n<p><strong>26 mars 2009&nbsp;: <\/strong><strong>L. Borel<\/strong> (IMJ)<\/p>\n\n\n\n<blockquote class=\"wp-block-quote is-layout-flow wp-block-quote-is-layout-flow\"><p>Hom\u00e9omorphismes uniformes entre espaces d\u2019Orlicz.<\/p><\/blockquote>\n\n\n\n<p><br><strong>2 avril 2009&nbsp;: <\/strong><strong>J.Y. Chemin<\/strong> (JLL)<\/p>\n\n\n\n<blockquote class=\"wp-block-quote is-layout-flow wp-block-quote-is-layout-flow\"><p>Large global solutions on 3D- incompressible Navier-Stokes system.<\/p><\/blockquote>\n\n\n\n<p><strong>9 avril 2009&nbsp;: <\/strong><strong>D. Scarpalezos<\/strong> (IMJ)<\/p>\n\n\n\n<blockquote class=\"wp-block-quote is-layout-flow wp-block-quote-is-layout-flow\"><p>Structures topologiques et propri\u00e9t\u00e9s des alg\u00e8bres de Colombeau.<\/p><\/blockquote>\n\n\n\n<p><strong>16 avril 2009&nbsp;: <\/strong><strong>Rel\u00e2che<\/strong><\/p>\n\n\n\n<p><strong>23 avril 2009&nbsp;: <\/strong><strong>Rel\u00e2che<\/strong><\/p>\n\n\n\n<p><strong>30 avril 2009&nbsp;: <\/strong><strong>N. Lerner<\/strong> (IMJ)<\/p>\n\n\n\n<blockquote class=\"wp-block-quote is-layout-flow wp-block-quote-is-layout-flow\"><p>Instabilit\u00e9 pour une classe de syst\u00e8mes non lin\u00e9aires et localisation du front d\u2019onde.<\/p><\/blockquote>\n\n\n\n<p><br><strong>7 mai 2009&nbsp;: <\/strong><strong>M.&nbsp;Rogalski<\/strong><\/p>\n\n\n\n<blockquote class=\"wp-block-quote is-layout-flow wp-block-quote-is-layout-flow\"><p>Solution d\u2019un probl\u00e8me d\u2019\u00e9quation aux diff\u00e9rences avec un calculateur formel, d\u2019apr\u00e8s O. Merino.<\/p><\/blockquote>\n\n\n\n<p><strong>14 mai 2009&nbsp;:<\/strong> <strong>N. Ghoussoub<\/strong> (Univ. British Columbia, Canada)<\/p>\n\n\n\n<blockquote class=\"wp-block-quote is-layout-flow wp-block-quote-is-layout-flow\"><p>In2galites de Hardy-Rellich a la cha\u00eene.<\/p><\/blockquote>\n\n\n\n<p><strong>21 mai 2009&nbsp;: <\/strong><strong>Rel\u00e2che<\/strong><\/p>\n\n\n\n<p><strong>28 mai 2009&nbsp;: <\/strong><strong>T. Tsankov<\/strong> (IMJ)<\/p>\n\n\n\n<blockquote class=\"wp-block-quote is-layout-flow wp-block-quote-is-layout-flow\"><p>The additive group of rational numbers is not automatic.<\/p><\/blockquote>\n\n\n\n<p><strong>4 juin 2009&nbsp;:<\/strong> <strong>D. Kutzarova<\/strong> (Univ. Urbana-Champaign, USA)<\/p>\n\n\n\n<blockquote class=\"wp-block-quote is-layout-flow wp-block-quote-is-layout-flow\"><p>Quasi-minimality in modified mixed Tsirelson spaces.<\/p><\/blockquote>\n\n\n\n<p><strong>11 juin 2009&nbsp;:<\/strong> <strong>D. Kerr<\/strong> (Univ. Texas A&amp;M, USA)<\/p>\n\n\n\n<blockquote class=\"wp-block-quote is-layout-flow wp-block-quote-is-layout-flow\"><p>Turbulence and inclusions of finite von Neumann algebras.<\/p><\/blockquote>\n\n\n\n<p><strong>18 juin 2009&nbsp;:<\/strong><\/p>\n\n\n\n<blockquote class=\"wp-block-quote is-layout-flow wp-block-quote-is-layout-flow\"><p>A pr\u00e9ciser<\/p><\/blockquote>\n\n\n\n<p><strong>25 juin 2009&nbsp;: <\/strong><strong>Soutenance de th\u00e8se de Bruno Fleury en salle OC5 \u00e0 14h<\/strong><\/p>\n\n\n\n<blockquote class=\"wp-block-quote is-layout-flow wp-block-quote-is-layout-flow\"><p>In\u00e9galit\u00e9s de concentration pour les corps convexes.<\/p><\/blockquote>\n\n\n\n<p><strong>2 juillet 2009&nbsp;: <\/strong><strong>Soutenance d\u2019HDR de Valentin Ferenczi en salle OC5 \u00e0 14h<\/strong><\/p>\n\n\n\n<blockquote class=\"wp-block-quote is-layout-flow wp-block-quote-is-layout-flow\"><p>Isomorphisme entre espaces de Banach&nbsp;: complexit\u00e9 et liste de Gowers.<\/p><\/blockquote>\n","protected":false},"excerpt":{"rendered":"<p>Organisateurs&nbsp;: G. Godefroy &#8211; M.&nbsp;Rogalski &#8211; J. Saint-Raymond Le Jeudi \u00e0 14h00 &#8211; salle 4C17 &#8211; 4\u00e8me \u00e9tage(Institut de Math\u00e9matiques &#8211; 175 rue du Chevaleret &#8211; 75013 PARIS) Ann\u00e9e 2008 &#8211; 2009 9 octobre 2008&nbsp;: R. Becker (IMJ) Espaces vectoriels r\u00e9ticul\u00e9s associ\u00e9s \u00e0 un espace ordonn\u00e9. 16 octobre 2008&nbsp;: P. Tradacete (Univ. Complutense, Madrid) Propri\u00e9t\u00e9s [&hellip;]<\/p>\n","protected":false},"author":1,"featured_media":0,"parent":0,"menu_order":0,"comment_status":"closed","ping_status":"closed","template":"","meta":{"footnotes":""},"class_list":["post-63","page","type-page","status-publish","hentry"],"_links":{"self":[{"href":"https:\/\/www.imj-prg.fr\/af\/wp-json\/wp\/v2\/pages\/63","targetHints":{"allow":["GET"]}}],"collection":[{"href":"https:\/\/www.imj-prg.fr\/af\/wp-json\/wp\/v2\/pages"}],"about":[{"href":"https:\/\/www.imj-prg.fr\/af\/wp-json\/wp\/v2\/types\/page"}],"author":[{"embeddable":true,"href":"https:\/\/www.imj-prg.fr\/af\/wp-json\/wp\/v2\/users\/1"}],"replies":[{"embeddable":true,"href":"https:\/\/www.imj-prg.fr\/af\/wp-json\/wp\/v2\/comments?post=63"}],"version-history":[{"count":1,"href":"https:\/\/www.imj-prg.fr\/af\/wp-json\/wp\/v2\/pages\/63\/revisions"}],"predecessor-version":[{"id":64,"href":"https:\/\/www.imj-prg.fr\/af\/wp-json\/wp\/v2\/pages\/63\/revisions\/64"}],"wp:attachment":[{"href":"https:\/\/www.imj-prg.fr\/af\/wp-json\/wp\/v2\/media?parent=63"}],"curies":[{"name":"wp","href":"https:\/\/api.w.org\/{rel}","templated":true}]}}