{"id":66,"date":"2020-12-16T10:33:02","date_gmt":"2020-12-16T09:33:02","guid":{"rendered":"http:\/\/dev.imj-prg.fr\/af\/?page_id=66"},"modified":"2020-12-16T10:33:02","modified_gmt":"2020-12-16T09:33:02","slug":"archives-2009-2010-du-seminaire-dinitiation-a-lanalyse","status":"publish","type":"page","link":"https:\/\/www.imj-prg.fr\/af\/archives-2009-2010-du-seminaire-dinitiation-a-lanalyse\/","title":{"rendered":"Archives 2009-2010 du s\u00e9minaire d&rsquo;Initiation \u00e0 l&rsquo;Analyse"},"content":{"rendered":"\n<p>Organisateurs&nbsp;: G. Godefroy &#8211; M.&nbsp;Rogalski &#8211; J. Saint-Raymond<br><br><strong>Le Jeudi \u00e0 14h00 &#8211; salle 4C17 &#8211; 4\u00e8me \u00e9tage<\/strong><br>(Institut de Math\u00e9matiques &#8211; 175 rue du Chevaleret &#8211; 75013 PARIS)<\/p>\n\n\n\n<hr class=\"wp-block-separator\"\/>\n\n\n\n<p><strong>Ann\u00e9e 2009 &#8211; 2010<\/strong><br><\/p>\n\n\n\n<hr class=\"wp-block-separator\"\/>\n\n\n\n<h3 class=\"wp-block-heading\">Octobre 2009<\/h3>\n\n\n\n<p><strong>15 octobre 2009&nbsp;: <\/strong><strong>Frank Hansen<\/strong> (Universit\u00e9 de Copenhague)<\/p>\n\n\n\n<blockquote class=\"wp-block-quote is-layout-flow wp-block-quote-is-layout-flow\"><p>Quantum statistics and measures of quantum information.<\/p><\/blockquote>\n\n\n\n<p><strong>22 octobre 2009&nbsp;: <\/strong><strong>J.M.&nbsp;Aubry<\/strong> (Cr\u00e9teil)<\/p>\n\n\n\n<blockquote class=\"wp-block-quote is-layout-flow wp-block-quote-is-layout-flow\"><p>De l\u2019analyse multifractale \u00e0 l\u2019analyse fonctionnelle&nbsp;: histoire d\u2019un aller et retour.<\/p><\/blockquote>\n\n\n\n<p><strong>29 octobre 2009&nbsp;: <\/strong><strong>R. Becker<\/strong> (IMJ)<\/p>\n\n\n\n<blockquote class=\"wp-block-quote is-layout-flow wp-block-quote-is-layout-flow\"><p>Espaces vectoriels r\u00e9ticul\u00e9s assoici\u00e9s \u00e0 un espace vectoriel ordonn\u00e9.<\/p><\/blockquote>\n\n\n\n<h3 class=\"wp-block-heading\">Novembre 2009<\/h3>\n\n\n\n<p><strong>5 novembre 2009&nbsp;: <\/strong><strong>A. Granero<\/strong> (Madrid)<\/p>\n\n\n\n<blockquote class=\"wp-block-quote is-layout-flow wp-block-quote-is-layout-flow\"><p>James boundaries and distances.<\/p><\/blockquote>\n\n\n\n<p><strong>12 novembre 2009&nbsp;: <\/strong><strong>Y. Raynaud<\/strong> (IMJ)<\/p>\n\n\n\n<blockquote class=\"wp-block-quote is-layout-flow wp-block-quote-is-layout-flow\"><p>Sur la th\u00e9orie des espaces de Lebesgue \u00e0 norme mixte.<\/p><\/blockquote>\n\n\n\n<p><strong>19 novembre 2009&nbsp;: <\/strong><strong>M.&nbsp;Moussai<\/strong> (M\u2019Sila, Alg\u00e9rie)<\/p>\n\n\n\n<blockquote class=\"wp-block-quote is-layout-flow wp-block-quote-is-layout-flow\"><p>R\u00e9sultats r\u00e9cents sur la composition dans les espaces de Besov.<\/p><\/blockquote>\n\n\n\n<p><strong>26 novembre 2009&nbsp;: <\/strong><strong>E. Matheron<\/strong> (Lens)<\/p>\n\n\n\n<blockquote class=\"wp-block-quote is-layout-flow wp-block-quote-is-layout-flow\"><p>Le rayon de Bohr du polydisque, d\u2019apr\u00e8s Boas, Khavinson, Defant, Frerick, Ortega-Cerda, Ounaies et Seip.<\/p><\/blockquote>\n\n\n\n<h3 class=\"wp-block-heading\">D\u00e9cembre 2009<\/h3>\n\n\n\n<p><strong>3 d\u00e9cembre 2009&nbsp;: <\/strong><strong>M.&nbsp;Lanza de Cristoforis<\/strong> (Padoue)<\/p>\n\n\n\n<blockquote class=\"wp-block-quote is-layout-flow wp-block-quote-is-layout-flow\"><p>A functional analytic approach for the analysis of singular perturbation problem.<\/p><\/blockquote>\n\n\n\n<p><strong>10 d\u00e9cembre 2009&nbsp;: <\/strong><strong>\u00e0 pr\u00e9ciser<\/strong> (&#8230;)<\/p>\n\n\n\n<blockquote class=\"wp-block-quote is-layout-flow wp-block-quote-is-layout-flow\"><p>\u00e0 pr\u00e9ciser.<\/p><\/blockquote>\n\n\n\n<p><strong>17 d\u00e9cembre 2009&nbsp;: <\/strong><strong>S. Thomas<\/strong> (Rutgers)<\/p>\n\n\n\n<blockquote class=\"wp-block-quote is-layout-flow wp-block-quote-is-layout-flow\"><p>Universal Bernoulli Actions of Countable Groups.<\/p><\/blockquote>\n\n\n\n<p><strong>24 d\u00e9cembre 2009&nbsp;: <\/strong><strong>Rel\u00e2che<\/strong><\/p>\n\n\n\n<h3 class=\"wp-block-heading\">Janvier 2010<\/h3>\n\n\n\n<p><strong>7 janvier 2010&nbsp;: <\/strong><strong>S. Grivaux<\/strong> (Lille 1)<\/p>\n\n\n\n<blockquote class=\"wp-block-quote is-layout-flow wp-block-quote-is-layout-flow\"><p>Une nouvelle classe d\u2019op\u00e9rateurs fr\u00e9quemment hypercycliques.<\/p><\/blockquote>\n\n\n\n<p><strong>14 janvier 2010&nbsp;: <\/strong><strong>G. Debs<\/strong><\/p>\n\n\n\n<blockquote class=\"wp-block-quote is-layout-flow wp-block-quote-is-layout-flow\"><p>Quelques propri\u00e9t\u00e9s combinatoires des filtres de Fr\u00e9chet it\u00e9r\u00e9s.<\/p><\/blockquote>\n\n\n\n<p><strong>21 janvier 2010&nbsp;: <\/strong><strong>G. Godefroy<\/strong><\/p>\n\n\n\n<blockquote class=\"wp-block-quote is-layout-flow wp-block-quote-is-layout-flow\"><p>Familles analytiques d\u2019espaces de Banach.<\/p><\/blockquote>\n\n\n\n<p><strong>28 janvier 2010&nbsp;: <\/strong><strong>Annul\u00e9<\/strong><\/p>\n\n\n\n<h3 class=\"wp-block-heading\">F\u00e9vrier 2010<\/h3>\n\n\n\n<p><strong>4 f\u00e9vrier 2010&nbsp;: <\/strong><strong>Gilles Lancien<\/strong> (Besan\u00e7on)<\/p>\n\n\n\n<blockquote class=\"wp-block-quote is-layout-flow wp-block-quote-is-layout-flow\"><p>Un nouvel invariant m\u00e9trique pour les espaces de Banach.<\/p><\/blockquote>\n\n\n\n<p><strong>11 f\u00e9vrier 2010&nbsp;: <\/strong><strong>Julien Melleray<\/strong> (Lyon 1)<\/p>\n\n\n\n<blockquote class=\"wp-block-quote is-layout-flow wp-block-quote-is-layout-flow\"><p>Un lemme sur les espaces m\u00e9triques, et quelques applications \u00e0 l\u2019espace d\u2019 Urysohn.<\/p><\/blockquote>\n\n\n\n<p><strong>18 f\u00e9vrier 2010&nbsp;: <\/strong><strong>Laetitia Borel-Mathurin<\/strong><\/p>\n\n\n\n<blockquote class=\"wp-block-quote is-layout-flow wp-block-quote-is-layout-flow\"><p>G\u00e9om\u00e9trie non lin\u00e9aire des espaces de Banach et propri\u00e9t\u00e9 d\u2019approximation.<\/p><\/blockquote>\n\n\n\n<p><strong>25 f\u00e9vrier 2010&nbsp;: <\/strong><strong>Rel\u00e2che<\/strong><\/p>\n\n\n\n<h3 class=\"wp-block-heading\">Mars 2010<\/h3>\n\n\n\n<p><strong>4 mars 2010&nbsp;: <\/strong><strong>Rel\u00e2che<\/strong><\/p>\n\n\n\n<p><strong>11 mars 2010&nbsp;: <\/strong><strong>E. Fricain<\/strong> (Lyon 1)<\/p>\n\n\n\n<blockquote class=\"wp-block-quote is-layout-flow wp-block-quote-is-layout-flow\"><p>Quelques r\u00e9sultats de plongement pour les espaces de M\u00fcntz..<\/p><\/blockquote>\n\n\n\n<p><strong>18 mars 2010&nbsp;: <\/strong><strong>P. Simonnet<\/strong> (Corte)<\/p>\n\n\n\n<blockquote class=\"wp-block-quote is-layout-flow wp-block-quote-is-layout-flow\"><p>L\u2019algorithme de Berry Sethi.<\/p><\/blockquote>\n\n\n\n<p><strong>25 mars 2010&nbsp;: <\/strong><strong>M.&nbsp;Roginskaya<\/strong> (Chalmers, Su\u00e8de)<\/p>\n\n\n\n<blockquote class=\"wp-block-quote is-layout-flow wp-block-quote-is-layout-flow\"><p>The bounded approximation property for Sobolev spaces on planar simply connected domains.<\/p><\/blockquote>\n\n\n\n<h3 class=\"wp-block-heading\">Avril 2010<\/h3>\n\n\n\n<p><strong>1 avril 2010&nbsp;: <\/strong><strong>E. Abakumov<\/strong> (Marne-la-Vall\u00e9e)<\/p>\n\n\n\n<blockquote class=\"wp-block-quote is-layout-flow wp-block-quote-is-layout-flow\"><p>Sur la cyclicit\u00e9 du shift \u00e0 poids.<\/p><\/blockquote>\n\n\n\n<p><strong>8 avril 2010&nbsp;: <\/strong><strong>M.&nbsp;Roginskaya<\/strong> (Goteborg, Su\u00e8de)<\/p>\n\n\n\n<blockquote class=\"wp-block-quote is-layout-flow wp-block-quote-is-layout-flow\"><p>Some Riesz sets in harmonic analysis.<\/p><\/blockquote>\n\n\n\n<p><strong>15 avril 2010&nbsp;: <\/strong><strong>E. Dubstov<\/strong> (Institut Steklov, St Petersbourg)<\/p>\n\n\n\n<blockquote class=\"wp-block-quote is-layout-flow wp-block-quote-is-layout-flow\"><p>Differentiation properties of regular singular measures.<\/p><\/blockquote>\n\n\n\n<p><strong>22 avril 2010&nbsp;: <\/strong><strong>Rel\u00e2che<\/strong><\/p>\n\n\n\n<p><strong>29 avril 2010&nbsp;: <\/strong><strong>S. Srivastava<\/strong> (Calcutta, Inde)<\/p>\n\n\n\n<blockquote class=\"wp-block-quote is-layout-flow wp-block-quote-is-layout-flow\"><p>On the existence of continuous stochastic relations with support contained in a prescribed set.<\/p><\/blockquote>\n\n\n\n<h3 class=\"wp-block-heading\">Mai 2010<\/h3>\n\n\n\n<p><strong>6 mai 2010&nbsp;: <\/strong><strong>G. Bourdaud<\/strong><\/p>\n\n\n\n<blockquote class=\"wp-block-quote is-layout-flow wp-block-quote-is-layout-flow\"><p>R\u00e9alisations des espaces de Sobolev homog\u00e8nes.<\/p><\/blockquote>\n\n\n\n<p><strong>13 mai 2010&nbsp;: <\/strong><strong>Rel\u00e2che<\/strong><\/p>\n\n\n\n<p><strong>20 mai 2010&nbsp;: <\/strong><strong>M.&nbsp;Foreman<\/strong> (Irvine)<\/p>\n\n\n\n<blockquote class=\"wp-block-quote is-layout-flow wp-block-quote-is-layout-flow\"><p>Classifying ergodic measure preserving transformations.<\/p><\/blockquote>\n\n\n\n<p><strong>27 mai 2010&nbsp;: <\/strong><strong>\u00e0 pr\u00e9ciser<\/strong><\/p>\n\n\n\n<blockquote class=\"wp-block-quote is-layout-flow wp-block-quote-is-layout-flow\"><p>\u00e0 pr\u00e9ciser<\/p><\/blockquote>\n\n\n\n<h3 class=\"wp-block-heading\">Juin 2010<\/h3>\n\n\n\n<p><strong>3 juin 2010&nbsp;: <\/strong><strong>S. Charpentier<\/strong> (Bordeaux)<\/p>\n\n\n\n<blockquote class=\"wp-block-quote is-layout-flow wp-block-quote-is-layout-flow\"><p>Op\u00e9rateurs de composition sur les espaces de Bergman-Orlicz et de Hardy-Orlicz de la boule.<\/p><\/blockquote>\n","protected":false},"excerpt":{"rendered":"<p>Organisateurs&nbsp;: G. Godefroy &#8211; M.&nbsp;Rogalski &#8211; J. Saint-Raymond Le Jeudi \u00e0 14h00 &#8211; salle 4C17 &#8211; 4\u00e8me \u00e9tage(Institut de Math\u00e9matiques &#8211; 175 rue du Chevaleret &#8211; 75013 PARIS) Ann\u00e9e 2009 &#8211; 2010 Octobre 2009 15 octobre 2009&nbsp;: Frank Hansen (Universit\u00e9 de Copenhague) Quantum statistics and measures of quantum information. 22 octobre 2009&nbsp;: J.M.&nbsp;Aubry (Cr\u00e9teil) De [&hellip;]<\/p>\n","protected":false},"author":1,"featured_media":0,"parent":0,"menu_order":0,"comment_status":"closed","ping_status":"closed","template":"","meta":{"footnotes":""},"class_list":["post-66","page","type-page","status-publish","hentry"],"_links":{"self":[{"href":"https:\/\/www.imj-prg.fr\/af\/wp-json\/wp\/v2\/pages\/66","targetHints":{"allow":["GET"]}}],"collection":[{"href":"https:\/\/www.imj-prg.fr\/af\/wp-json\/wp\/v2\/pages"}],"about":[{"href":"https:\/\/www.imj-prg.fr\/af\/wp-json\/wp\/v2\/types\/page"}],"author":[{"embeddable":true,"href":"https:\/\/www.imj-prg.fr\/af\/wp-json\/wp\/v2\/users\/1"}],"replies":[{"embeddable":true,"href":"https:\/\/www.imj-prg.fr\/af\/wp-json\/wp\/v2\/comments?post=66"}],"version-history":[{"count":1,"href":"https:\/\/www.imj-prg.fr\/af\/wp-json\/wp\/v2\/pages\/66\/revisions"}],"predecessor-version":[{"id":67,"href":"https:\/\/www.imj-prg.fr\/af\/wp-json\/wp\/v2\/pages\/66\/revisions\/67"}],"wp:attachment":[{"href":"https:\/\/www.imj-prg.fr\/af\/wp-json\/wp\/v2\/media?parent=66"}],"curies":[{"name":"wp","href":"https:\/\/api.w.org\/{rel}","templated":true}]}}