{"id":68,"date":"2020-12-16T10:33:54","date_gmt":"2020-12-16T09:33:54","guid":{"rendered":"http:\/\/dev.imj-prg.fr\/af\/?page_id=68"},"modified":"2020-12-16T10:33:54","modified_gmt":"2020-12-16T09:33:54","slug":"archives-2010-2011-du-seminaire-dinitiation-a-lanalyse","status":"publish","type":"page","link":"https:\/\/www.imj-prg.fr\/af\/archives-2010-2011-du-seminaire-dinitiation-a-lanalyse\/","title":{"rendered":"Archives 2010-2011 du s\u00e9minaire d&rsquo;Initiation \u00e0 l&rsquo;Analyse"},"content":{"rendered":"\n<p>Organisateurs&nbsp;: G. Godefroy &#8211; M.&nbsp;Rogalski &#8211; J. Saint-Raymond<br><br><strong>Le Jeudi \u00e0 14h00 &#8211; salle 13 &#8211; couloir 15-16 &#8211; 4\u00e8me \u00e9tage<\/strong><br>(Institut de Math\u00e9matiques &#8211; 4 place Jussieu &#8211; 75005 PARIS)<\/p>\n\n\n\n<hr class=\"wp-block-separator\"\/>\n\n\n\n<p><strong>Ann\u00e9e 2010 &#8211; 2011<\/strong><br><\/p>\n\n\n\n<hr class=\"wp-block-separator\"\/>\n\n\n\n<h3 class=\"wp-block-heading\">Octobre 2010<\/h3>\n\n\n\n<p><strong>21 octobre 2010&nbsp;: <\/strong><strong>Marian Fabian<\/strong> (Prague)<\/p>\n\n\n\n<blockquote class=\"wp-block-quote is-layout-flow wp-block-quote-is-layout-flow\"><p>Coincidence of Pettis and Mc Shane integrals and Hilbert-generated spaces<\/p><\/blockquote>\n\n\n\n<h3 class=\"wp-block-heading\">Novembre 2010<\/h3>\n\n\n\n<p><strong>4 novembre 2010&nbsp;: <\/strong><strong>M.&nbsp;Dzamonja<\/strong> (East Anglia)<\/p>\n\n\n\n<blockquote class=\"wp-block-quote is-layout-flow wp-block-quote-is-layout-flow\"><p>L\u2019universalit\u00e9 isomorphique des espaces C(K).<\/p><\/blockquote>\n\n\n\n<p><strong>11 novembre 2010&nbsp;: <\/strong><strong>rel\u00e2che<\/strong><\/p>\n\n\n\n<p><strong>18 novembre 2010&nbsp;: <\/strong><strong>E. Dubtsov<\/strong> (Steklov Institute, St.Petersburg)<\/p>\n\n\n\n<blockquote class=\"wp-block-quote is-layout-flow wp-block-quote-is-layout-flow\"><p>Riesz products and uncertainty principle on the sphere.<\/p><\/blockquote>\n\n\n\n<p><strong>25 novembre 2010&nbsp;: <\/strong><strong>G. Bastien<\/strong><\/p>\n\n\n\n<blockquote class=\"wp-block-quote is-layout-flow wp-block-quote-is-layout-flow\"><p>Sur des sommes du type \u00ab\u00a0sommes d\u2019Euler\u00a0\u00bb&nbsp;: les formules de Jordan.<\/p><\/blockquote>\n\n\n\n<h3 class=\"wp-block-heading\">D\u00e9cembre 2010<\/h3>\n\n\n\n<p><strong>2 d\u00e9cembre 2010&nbsp;: <\/strong><strong>rel\u00e2che<\/strong><\/p>\n\n\n\n<p><strong>9 d\u00e9cembre 2010&nbsp;: <\/strong><strong>V. Pestov<\/strong> (Ottawa)<\/p>\n\n\n\n<blockquote class=\"wp-block-quote is-layout-flow wp-block-quote-is-layout-flow\"><p>Ergodicit\u00e9 \u00e0 l\u2019identit\u00e9 et r\u00e9alisations ponctuelles des actions des groupes polonais sur d\u2019espaces mesur\u00e9s.<\/p><\/blockquote>\n\n\n\n<p><strong>16 d\u00e9cembre 2010&nbsp;: <\/strong><strong>E. Chil<\/strong> (Tunis)<\/p>\n\n\n\n<blockquote class=\"wp-block-quote is-layout-flow wp-block-quote-is-layout-flow\"><p>Espaces vectoriels r\u00e9ticul\u00e9s et orthomorphismes faibles<\/p><\/blockquote>\n\n\n\n<p><strong>23 d\u00e9cembre 2010&nbsp;: <\/strong><strong>rel\u00e2che<\/strong><\/p>\n\n\n\n<p><strong>30 d\u00e9cembre 2010&nbsp;: <\/strong><strong>rel\u00e2che<\/strong><\/p>\n\n\n\n<h3 class=\"wp-block-heading\">Janvier 2011<\/h3>\n\n\n\n<p><strong>6 janvier 2011&nbsp;: <\/strong><strong>rel\u00e2che<\/strong><\/p>\n\n\n\n<p><strong>13 janvier 2011&nbsp;: <\/strong><strong>rel\u00e2che<\/strong><\/p>\n\n\n\n<p><strong>20 janvier 2011&nbsp;: <\/strong><strong>A. Montes-Rodriguez<\/strong> (Seville)<\/p>\n\n\n\n<blockquote class=\"wp-block-quote is-layout-flow wp-block-quote-is-layout-flow\"><p>Uniqueness sets for the Klein-Gordon equation and the solution of a conjecture of Salem about the Fourier coefficients of the Minkowski function.<\/p><\/blockquote>\n\n\n\n<p><strong>27 janvier 2011&nbsp;: <\/strong><strong>C. Brech<\/strong> (San Paolo)<\/p>\n\n\n\n<blockquote class=\"wp-block-quote is-layout-flow wp-block-quote-is-layout-flow\"><p>Biorthogonal systems in non-separable Banach spaces.<\/p><\/blockquote>\n\n\n\n<h3 class=\"wp-block-heading\">F\u00e9vrier 2011<\/h3>\n\n\n\n<p><strong>3 f\u00e9vrier 2011&nbsp;: <\/strong><strong>rel\u00e2che<\/strong><\/p>\n\n\n\n<blockquote class=\"wp-block-quote is-layout-flow wp-block-quote-is-layout-flow\"><p>en raison de la Winter school \u201cType, Cotype and Martingales on Banach spaces and Metric spaces\u201d \u00e0 l\u2019IHP.<\/p><\/blockquote>\n\n\n\n<p><strong>10 f\u00e9vrier 2011&nbsp;: <\/strong><strong>G. Pisier<\/strong><\/p>\n\n\n\n<blockquote class=\"wp-block-quote is-layout-flow wp-block-quote-is-layout-flow\"><p>Grothendieck\u2019s theorem, past and present.<\/p><\/blockquote>\n\n\n\n<p><strong>17 f\u00e9vrier 2011&nbsp;: <\/strong><strong>S. Grivaux<\/strong> (Lille 1)<\/p>\n\n\n\n<blockquote class=\"wp-block-quote is-layout-flow wp-block-quote-is-layout-flow\"><p>Suites de Jamison hilbertiennes et syst\u00e8mes dynamiques rigides.<\/p><\/blockquote>\n\n\n\n<p><strong>24 f\u00e9vrier 2011&nbsp;: <\/strong><strong>rel\u00e2che<\/strong><\/p>\n\n\n\n<h3 class=\"wp-block-heading\">Mars 2011<\/h3>\n\n\n\n<p><strong>3 mars 2011&nbsp;: <\/strong><strong>H. Pfitzner<\/strong> (Orl\u00e9ans)<\/p>\n\n\n\n<blockquote class=\"wp-block-quote is-layout-flow wp-block-quote-is-layout-flow\"><p>Sur la quantification de la compl\u00e9tude faible s\u00e9quentielle<\/p><\/blockquote>\n\n\n\n<p><strong>10 mars 2011&nbsp;: <\/strong><strong>A. Louveau<\/strong><\/p>\n\n\n\n<blockquote class=\"wp-block-quote is-layout-flow wp-block-quote-is-layout-flow\"><p>Nouvelles classes de structures ayant la propri\u00e9t\u00e9 de Ramsey.<\/p><\/blockquote>\n\n\n\n<p><strong>17 mars 2011&nbsp;: <\/strong><strong>rel\u00e2che<\/strong><\/p>\n\n\n\n<p><strong>24 mars 2011&nbsp;: <\/strong><strong>V. Devinck<\/strong> (Lille)<\/p>\n\n\n\n<blockquote class=\"wp-block-quote is-layout-flow wp-block-quote-is-layout-flow\"><p>Op\u00e9rateurs fortement m\u00e9langeants sur les espaces de Hilbert et vitesse de m\u00e9lange.<\/p><\/blockquote>\n\n\n\n<p><strong>31 mars 2011&nbsp;: <\/strong><strong>M.&nbsp;Daher<\/strong><\/p>\n\n\n\n<blockquote class=\"wp-block-quote is-layout-flow wp-block-quote-is-layout-flow\"><p>Espaces d\u2019interpolation faiblement LUR.<\/p><\/blockquote>\n\n\n\n<h3 class=\"wp-block-heading\">Avril 2011<\/h3>\n\n\n\n<p><strong>7 avril 2011&nbsp;: <\/strong><strong>G. Godefroy<\/strong><\/p>\n\n\n\n<blockquote class=\"wp-block-quote is-layout-flow wp-block-quote-is-layout-flow\"><p>Dichotomies \u00e0 la Gowers-Ferenczi-Rosendal sur les plongements d\u2019espaces de Banach&nbsp;: quelques progr\u00e8s r\u00e9cents.<\/p><\/blockquote>\n\n\n\n<p><strong>14 avril 2011&nbsp;: <\/strong><strong>rel\u00e2che<\/strong><\/p>\n\n\n\n<p><strong>21 avril 2011&nbsp;: <\/strong><strong>rel\u00e2che<\/strong><\/p>\n\n\n\n<p><strong>28 avril 2011&nbsp;: <\/strong><strong>C. de Bernardi<\/strong> (Milan)<\/p>\n\n\n\n<blockquote class=\"wp-block-quote is-layout-flow wp-block-quote-is-layout-flow\"><p>Support properties for convex sets and functions.<\/p><\/blockquote>\n\n\n\n<h3 class=\"wp-block-heading\">Mai 2011<\/h3>\n\n\n\n<p><strong>5 mai 2011&nbsp;: <\/strong><strong>M.&nbsp;Moussai<\/strong> (M\u2019Sila, Alg\u00e9rie)<\/p>\n\n\n\n<blockquote class=\"wp-block-quote is-layout-flow wp-block-quote-is-layout-flow\"><p>Op\u00e9rateurs pseudo-diff\u00e9rentiels sur les espaces de Besov homog\u00e8nes.<\/p><\/blockquote>\n\n\n\n<p><strong>12 mai 2011&nbsp;: <\/strong><strong>A. Kaminska<\/strong> (Memphis, USA)<\/p>\n\n\n\n<blockquote class=\"wp-block-quote is-layout-flow wp-block-quote-is-layout-flow\"><p>The Daugavet property and weak neighbourhoods in Banach lattices.<\/p><\/blockquote>\n\n\n\n<p><strong>19 mai 2011&nbsp;: <\/strong><strong>\u00e0 pr\u00e9ciser<\/strong><\/p>\n\n\n\n<blockquote class=\"wp-block-quote is-layout-flow wp-block-quote-is-layout-flow\"><p>\u00e0 pr\u00e9ciser.<\/p><\/blockquote>\n\n\n\n<p><strong>26 mai 2011&nbsp;: <\/strong><strong>V.A. Poltoratski<\/strong> (Texas A&amp;M)<\/p>\n\n\n\n<blockquote class=\"wp-block-quote is-layout-flow wp-block-quote-is-layout-flow\"><p>Fourier transforms of measures&nbsp;: Gap and Type problems.<\/p><\/blockquote>\n\n\n\n<h3 class=\"wp-block-heading\">Juin 2011<\/h3>\n\n\n\n<p><strong>2 juin 2011&nbsp;: <\/strong><strong>f\u00e9ri\u00e9<\/strong><\/p>\n\n\n\n<p><strong>9 juin 2011&nbsp;: <\/strong><strong>H. Hudzik<\/strong> (Poznan)<\/p>\n\n\n\n<blockquote class=\"wp-block-quote is-layout-flow wp-block-quote-is-layout-flow\"><p>Noneeffective weights for Orlicz spaces and some of their applications.<\/p><\/blockquote>\n\n\n\n<p><strong>16 juin 2011&nbsp;: <\/strong><strong>G. Bourdaud<\/strong><\/p>\n\n\n\n<blockquote class=\"wp-block-quote is-layout-flow wp-block-quote-is-layout-flow\"><p>La propri\u00e9t\u00e9 de Fatou dans les espaces de Besov.<\/p><\/blockquote>\n\n\n\n<p><strong>23 juin 2011&nbsp;: <\/strong><strong>O. Friedland<\/strong><\/p>\n\n\n\n<blockquote class=\"wp-block-quote is-layout-flow wp-block-quote-is-layout-flow\"><p>Une autre propri\u00e9t\u00e9 d\u2019isomorphisme restreint (RIP) et les plongements non Euclidiens.<\/p><\/blockquote>\n","protected":false},"excerpt":{"rendered":"<p>Organisateurs&nbsp;: G. Godefroy &#8211; M.&nbsp;Rogalski &#8211; J. Saint-Raymond Le Jeudi \u00e0 14h00 &#8211; salle 13 &#8211; couloir 15-16 &#8211; 4\u00e8me \u00e9tage(Institut de Math\u00e9matiques &#8211; 4 place Jussieu &#8211; 75005 PARIS) Ann\u00e9e 2010 &#8211; 2011 Octobre 2010 21 octobre 2010&nbsp;: Marian Fabian (Prague) Coincidence of Pettis and Mc Shane integrals and Hilbert-generated spaces Novembre 2010 4 [&hellip;]<\/p>\n","protected":false},"author":1,"featured_media":0,"parent":0,"menu_order":0,"comment_status":"closed","ping_status":"closed","template":"","meta":{"footnotes":""},"class_list":["post-68","page","type-page","status-publish","hentry"],"_links":{"self":[{"href":"https:\/\/www.imj-prg.fr\/af\/wp-json\/wp\/v2\/pages\/68","targetHints":{"allow":["GET"]}}],"collection":[{"href":"https:\/\/www.imj-prg.fr\/af\/wp-json\/wp\/v2\/pages"}],"about":[{"href":"https:\/\/www.imj-prg.fr\/af\/wp-json\/wp\/v2\/types\/page"}],"author":[{"embeddable":true,"href":"https:\/\/www.imj-prg.fr\/af\/wp-json\/wp\/v2\/users\/1"}],"replies":[{"embeddable":true,"href":"https:\/\/www.imj-prg.fr\/af\/wp-json\/wp\/v2\/comments?post=68"}],"version-history":[{"count":1,"href":"https:\/\/www.imj-prg.fr\/af\/wp-json\/wp\/v2\/pages\/68\/revisions"}],"predecessor-version":[{"id":69,"href":"https:\/\/www.imj-prg.fr\/af\/wp-json\/wp\/v2\/pages\/68\/revisions\/69"}],"wp:attachment":[{"href":"https:\/\/www.imj-prg.fr\/af\/wp-json\/wp\/v2\/media?parent=68"}],"curies":[{"name":"wp","href":"https:\/\/api.w.org\/{rel}","templated":true}]}}