{"id":70,"date":"2020-12-16T10:35:14","date_gmt":"2020-12-16T09:35:14","guid":{"rendered":"http:\/\/dev.imj-prg.fr\/af\/?page_id=70"},"modified":"2020-12-16T10:35:14","modified_gmt":"2020-12-16T09:35:14","slug":"archives-2012-2013-du-seminaire-dinitiation-a-lanalyse","status":"publish","type":"page","link":"https:\/\/www.imj-prg.fr\/af\/archives-2012-2013-du-seminaire-dinitiation-a-lanalyse\/","title":{"rendered":"Archives 2012-2013 du s\u00e9minaire d&rsquo;Initiation \u00e0 l&rsquo;Analyse"},"content":{"rendered":"\n<p>Organisateurs&nbsp;: G. Choquet &#8211; G. Godefroy &#8211; M.&nbsp;Rogalski &#8211; J. Saint-Raymond<br><br><strong>Le Jeudi \u00e0 14h00 (site Jussieu) &#8211; salle 13 &#8211; couloir 15-16 &#8211; 4\u00e8me \u00e9tage<\/strong><br>(Institut de Math\u00e9matiques &#8211; 4 place Jussieu &#8211; 75005 PARIS)<\/p>\n\n\n\n<hr class=\"wp-block-separator\"\/>\n\n\n\n<p><strong>Ann\u00e9e 2012 &#8211; 2013<\/strong><br><\/p>\n\n\n\n<hr class=\"wp-block-separator\"\/>\n\n\n\n<h3 class=\"wp-block-heading\">Octobre 2012<\/h3>\n\n\n\n<p><strong>18 octobre 2012&nbsp;: <\/strong><strong>V. Ferenczi<\/strong> (Sao Paulo et Paris 6)<\/p>\n\n\n\n<blockquote class=\"wp-block-quote is-layout-flow wp-block-quote-is-layout-flow\"><p>UFO-logie dans les Banach.<\/p><\/blockquote>\n\n\n\n<p><strong>25 octobre 2012&nbsp;: <\/strong><strong>R. Becker<\/strong><\/p>\n\n\n\n<blockquote class=\"wp-block-quote is-layout-flow wp-block-quote-is-layout-flow\"><p>Autour de l\u2019\u00ab&nbsp;utilit\u00e9&nbsp;\u00bb \u00e0 la Choquet.<\/p><\/blockquote>\n\n\n\n<h3 class=\"wp-block-heading\">Novembre 2012<\/h3>\n\n\n\n<p><strong>1 novembre 2012&nbsp;: <\/strong><strong>jour f\u00e9ri\u00e9<\/strong><\/p>\n\n\n\n<p><strong>8 novembre 2012&nbsp;: <\/strong><strong>P. Simonnet<\/strong> (Corte)<\/p>\n\n\n\n<blockquote class=\"wp-block-quote is-layout-flow wp-block-quote-is-layout-flow\"><p>Sur les supports des s\u00e9ries S-reconnaissables.<\/p><\/blockquote>\n\n\n\n<p><strong>15 novembre 2012&nbsp;: <\/strong><strong>H. Pfitzner<\/strong> (Orl\u00e9ans)<\/p>\n\n\n\n<blockquote class=\"wp-block-quote is-layout-flow wp-block-quote-is-layout-flow\"><p>Convergence en mesure dans les espaces qui sont L-facteur dans leur bidual.<\/p><\/blockquote>\n\n\n\n<p><strong>22 novembre 2012&nbsp;: <\/strong><strong>E. Matheron<\/strong> (Lens) <em>Exceptionnellement&nbsp;: cet expos\u00e9 aura lieu en salle 12-25 1-02.<\/em><\/p>\n\n\n\n<blockquote class=\"wp-block-quote is-layout-flow wp-block-quote-is-layout-flow\"><p>Ensembles minces, mesures gaussiennes et hypercyclicit\u00e9.<\/p><\/blockquote>\n\n\n\n<p><strong>29 novembre 2012&nbsp;: <\/strong><strong>M.&nbsp;Daher<\/strong><\/p>\n\n\n\n<blockquote class=\"wp-block-quote is-layout-flow wp-block-quote-is-layout-flow\"><p>Sur l\u2019interpolation A^\\theta.<\/p><\/blockquote>\n\n\n\n<h3 class=\"wp-block-heading\">D\u00e9cembre 2012<\/h3>\n\n\n\n<p><strong>6 d\u00e9cembre 2012&nbsp;: <\/strong><strong>P.L. Combettes<\/strong> (UPMC-LJLL)<\/p>\n\n\n\n<blockquote class=\"wp-block-quote is-layout-flow wp-block-quote-is-layout-flow\"><p>Proximit\u00e9 dans les espaces de Banach.<\/p><\/blockquote>\n\n\n\n<p><strong>13 d\u00e9cembre 2012&nbsp;: <\/strong><strong>S. Avsec<\/strong> (Urbana-Champaign, USA)<\/p>\n\n\n\n<blockquote class=\"wp-block-quote is-layout-flow wp-block-quote-is-layout-flow\"><p>A characterization of exchangeable noncommutative brownian motion.<\/p><\/blockquote>\n\n\n\n<p><strong>20 d\u00e9cembre 2012&nbsp;: <\/strong><strong>rel\u00e2che<\/strong><\/p>\n\n\n\n<p><strong>27 d\u00e9cembre 2012&nbsp;: rel\u00e2che<\/strong><\/p>\n\n\n\n<h3 class=\"wp-block-heading\">Janvier 2013<\/h3>\n\n\n\n<p><strong>3 janvier 2013&nbsp;: <\/strong><strong>rel\u00e2che<\/strong><\/p>\n\n\n\n<p><strong>10 janvier 2013&nbsp;: <\/strong><strong>S. Grivaux<\/strong> (Lille 1)<\/p>\n\n\n\n<blockquote class=\"wp-block-quote is-layout-flow wp-block-quote-is-layout-flow\"><p>Construction d\u2019op\u00e9rateurs sans sous-espaces invariants sur des espaces non r\u00e9flexifs&nbsp;: une approche g\u00e9n\u00e9rale.<\/p><\/blockquote>\n\n\n\n<p><strong>17 janvier 2013&nbsp;: <\/strong><strong>F. Bayart<\/strong> (Clermont-Ferrand)<\/p>\n\n\n\n<blockquote class=\"wp-block-quote is-layout-flow wp-block-quote-is-layout-flow\"><p>Un th\u00e9or\u00e8me limite central en dynamique lin\u00e9aire.<\/p><\/blockquote>\n\n\n\n<p><strong>24 janvier 2013&nbsp;: <\/strong><strong>R. Deville<\/strong> (Bordeaux 1)<\/p>\n\n\n\n<blockquote class=\"wp-block-quote is-layout-flow wp-block-quote-is-layout-flow\"><p>Construction de fonctions G\u00e2teaux-diff\u00e9rentiables pathologiques.<\/p><\/blockquote>\n\n\n\n<p><strong>31 janvier 2013&nbsp;: <\/strong><strong>P. Lef\u00e8vre<\/strong> (Lens)<\/p>\n\n\n\n<blockquote class=\"wp-block-quote is-layout-flow wp-block-quote-is-layout-flow\"><p>Quelques r\u00e9sultats r\u00e9cents sur les op\u00e9rateurs de composition.<\/p><\/blockquote>\n\n\n\n<h3 class=\"wp-block-heading\">F\u00e9vrier 2013<\/h3>\n\n\n\n<p><strong>7 f\u00e9vrier 2013&nbsp;: <\/strong><strong>Yuri Belov<\/strong> (Universit\u00e9 de St.P\u00e9tersbourg)<\/p>\n\n\n\n<blockquote class=\"wp-block-quote is-layout-flow wp-block-quote-is-layout-flow\"><p>A restricted shift completeness problem.<\/p><\/blockquote>\n\n\n\n<p><strong>14 f\u00e9vrier 2013&nbsp;: <\/strong><strong>S. Monniaux<\/strong> (Marseille)<\/p>\n\n\n\n<blockquote class=\"wp-block-quote is-layout-flow wp-block-quote-is-layout-flow\"><p>Le Laplacien de Hodge avec conditions au bord de type Robin dans des domaines lipschitziens.<\/p><\/blockquote>\n\n\n\n<p><strong>21 f\u00e9vrier 2013&nbsp;: <\/strong><strong>T. De Pauw<\/strong> (Paris Diderot-Paris 7)<\/p>\n\n\n\n<blockquote class=\"wp-block-quote is-layout-flow wp-block-quote-is-layout-flow\"><p>Espaces de Banach Plateau-r\u00e9guliers&nbsp;: d\u00e9finition et premiers r\u00e9sultats.<\/p><\/blockquote>\n\n\n\n<p><strong>28 f\u00e9vrier 2013&nbsp;: <\/strong><strong>G. Bourdaud<\/strong><\/p>\n\n\n\n<blockquote class=\"wp-block-quote is-layout-flow wp-block-quote-is-layout-flow\"><p>Op\u00e9rateurs de composition sur les espaces de Besov&nbsp;: les avanc\u00e9es durant la derni\u00e8re d\u00e9cennie.<\/p><\/blockquote>\n\n\n\n<h3 class=\"wp-block-heading\">Mars 2013<\/h3>\n\n\n\n<p><strong>7 mars 2013&nbsp;: <\/strong><strong>rel\u00e2che<\/strong><\/p>\n\n\n\n<p><strong>14 mars 2013&nbsp;: <\/strong><strong>A. Louveau<\/strong><\/p>\n\n\n\n<blockquote class=\"wp-block-quote is-layout-flow wp-block-quote-is-layout-flow\"><p>Moyennabilit\u00e9 et th\u00e9orie de Ramsey, d\u2019apr\u00e8s J. Moore.<\/p><\/blockquote>\n\n\n\n<p><strong>21 mars 2013&nbsp;: <\/strong><strong>V. Nestoridis<\/strong> (Ath\u00e8nes)<\/p>\n\n\n\n<blockquote class=\"wp-block-quote is-layout-flow wp-block-quote-is-layout-flow\"><p>S\u00e9ries universelles.<\/p><\/blockquote>\n\n\n\n<p><strong>28 mars 2013&nbsp;: <\/strong><strong>T. DePauw<\/strong> (Paris 7)<\/p>\n\n\n\n<blockquote class=\"wp-block-quote is-layout-flow wp-block-quote-is-layout-flow\"><p>Espaces de Banach Plateau-r\u00e9guliers&nbsp;: d\u00e9\ufb01nition et premiers r\u00e9sultats.<\/p><\/blockquote>\n\n\n\n<h3 class=\"wp-block-heading\">Avril 2013<\/h3>\n\n\n\n<p><strong>4 avril 2013&nbsp;: <\/strong><strong>rel\u00e2che<\/strong><\/p>\n\n\n\n<p><strong>11 avril 2013&nbsp;: <\/strong><strong>S. Grivaux<\/strong> (Lille)<\/p>\n\n\n\n<blockquote class=\"wp-block-quote is-layout-flow wp-block-quote-is-layout-flow\"><p>Syst\u00eames dynamiques IP-rigides&nbsp;: une approche via les produits de Riesz g\u00e9n\u00e9ralis\u00e9s.<\/p><\/blockquote>\n\n\n\n<p><strong>18 avril 2013&nbsp;: <\/strong><strong>T. Stulova<\/strong> (Kharkov)<\/p>\n\n\n\n<blockquote class=\"wp-block-quote is-layout-flow wp-block-quote-is-layout-flow\"><p>On entire solutions of explicit and implicit linear differential equations in Banach spaces.<\/p><\/blockquote>\n\n\n\n<p><strong>25 avril 2013&nbsp;: <\/strong><strong>S. Neuwirth<\/strong> (Besan\u00e7on)<\/p>\n\n\n\n<blockquote class=\"wp-block-quote is-layout-flow wp-block-quote-is-layout-flow\"><p>Actualit\u00e9 des paradoxes de Z\u00e9non.<\/p><\/blockquote>\n\n\n\n<h3 class=\"wp-block-heading\">Mai 2013<\/h3>\n\n\n\n<p><strong>2 mai 2013&nbsp;: <\/strong><strong>rel\u00e2che<\/strong><\/p>\n\n\n\n<p><strong>9 mai 2013&nbsp;: <\/strong><strong>rel\u00e2che<\/strong><\/p>\n\n\n\n<p><strong>16 mai 2013&nbsp;: <\/strong><strong>M.&nbsp;Daher<\/strong><\/p>\n\n\n\n<blockquote class=\"wp-block-quote is-layout-flow wp-block-quote-is-layout-flow\"><p>Lp(G,X*) comme sous-espace compl\u00e9ment\u00e9 de Lq(G,X)*.<\/p><\/blockquote>\n\n\n\n<p><strong>23 mai 2013&nbsp;: <\/strong><strong>I. Chalendar<\/strong> (Lyon)<\/p>\n\n\n\n<blockquote class=\"wp-block-quote is-layout-flow wp-block-quote-is-layout-flow\"><p>Sur un probl\u00e8me extr\u00e9mal li\u00e9 \u00e0 la fonction caract\u00e9ristique d\u2019un bor\u00e9lien.<\/p><\/blockquote>\n\n\n\n<p><strong>30 mai 2013&nbsp;: <\/strong><strong>A. Kaminska<\/strong> (Memphis)<\/p>\n\n\n\n<blockquote class=\"wp-block-quote is-layout-flow wp-block-quote-is-layout-flow\"><p>Geometric properties of symmetric spaces of measurable operators.<\/p><\/blockquote>\n\n\n\n<h3 class=\"wp-block-heading\">Juin 2013<\/h3>\n\n\n\n<p><strong>6 juin 2013&nbsp;: <\/strong><strong>G. Godefroy<\/strong><\/p>\n\n\n\n<blockquote class=\"wp-block-quote is-layout-flow wp-block-quote-is-layout-flow\"><p>Une dichotomie de taille pour la relation d\u2019isomorphisme entre sous-espaces d\u2019un espace de Banach.<\/p><\/blockquote>\n\n\n\n<p><strong>13 juin 2013&nbsp;: <\/strong><strong>E. Abakumov<\/strong> (Marne-la-Vall\u00e9e)<\/p>\n\n\n\n<blockquote class=\"wp-block-quote is-layout-flow wp-block-quote-is-layout-flow\"><p>Sur la non-unicit\u00e9 des d\u00e9veloppements de fonctions en s\u00e9ries d\u2019harmoniques.<\/p><\/blockquote>\n\n\n\n<p><strong>20 juin 2013&nbsp;: <\/strong><strong>R. Haydon<\/strong> (Oxford)<\/p>\n\n\n\n<blockquote class=\"wp-block-quote is-layout-flow wp-block-quote-is-layout-flow\"><p>More Banach spaces with very few operators.<\/p><\/blockquote>\n","protected":false},"excerpt":{"rendered":"<p>Organisateurs&nbsp;: G. Choquet &#8211; G. Godefroy &#8211; M.&nbsp;Rogalski &#8211; J. Saint-Raymond Le Jeudi \u00e0 14h00 (site Jussieu) &#8211; salle 13 &#8211; couloir 15-16 &#8211; 4\u00e8me \u00e9tage(Institut de Math\u00e9matiques &#8211; 4 place Jussieu &#8211; 75005 PARIS) Ann\u00e9e 2012 &#8211; 2013 Octobre 2012 18 octobre 2012&nbsp;: V. Ferenczi (Sao Paulo et Paris 6) UFO-logie dans les Banach. [&hellip;]<\/p>\n","protected":false},"author":1,"featured_media":0,"parent":0,"menu_order":0,"comment_status":"closed","ping_status":"closed","template":"","meta":{"footnotes":""},"class_list":["post-70","page","type-page","status-publish","hentry"],"_links":{"self":[{"href":"https:\/\/www.imj-prg.fr\/af\/wp-json\/wp\/v2\/pages\/70","targetHints":{"allow":["GET"]}}],"collection":[{"href":"https:\/\/www.imj-prg.fr\/af\/wp-json\/wp\/v2\/pages"}],"about":[{"href":"https:\/\/www.imj-prg.fr\/af\/wp-json\/wp\/v2\/types\/page"}],"author":[{"embeddable":true,"href":"https:\/\/www.imj-prg.fr\/af\/wp-json\/wp\/v2\/users\/1"}],"replies":[{"embeddable":true,"href":"https:\/\/www.imj-prg.fr\/af\/wp-json\/wp\/v2\/comments?post=70"}],"version-history":[{"count":1,"href":"https:\/\/www.imj-prg.fr\/af\/wp-json\/wp\/v2\/pages\/70\/revisions"}],"predecessor-version":[{"id":71,"href":"https:\/\/www.imj-prg.fr\/af\/wp-json\/wp\/v2\/pages\/70\/revisions\/71"}],"wp:attachment":[{"href":"https:\/\/www.imj-prg.fr\/af\/wp-json\/wp\/v2\/media?parent=70"}],"curies":[{"name":"wp","href":"https:\/\/api.w.org\/{rel}","templated":true}]}}