{"id":72,"date":"2020-12-16T10:35:51","date_gmt":"2020-12-16T09:35:51","guid":{"rendered":"http:\/\/dev.imj-prg.fr\/af\/?page_id=72"},"modified":"2020-12-16T10:35:51","modified_gmt":"2020-12-16T09:35:51","slug":"archives-2013-2014-du-seminaire-dinitiation-a-lanalyse","status":"publish","type":"page","link":"https:\/\/www.imj-prg.fr\/af\/archives-2013-2014-du-seminaire-dinitiation-a-lanalyse\/","title":{"rendered":"Archives 2013-2014 du s\u00e9minaire d&rsquo;Initiation \u00e0 l&rsquo;Analyse"},"content":{"rendered":"\n<p>Organisateurs&nbsp;: G. Choquet &#8211; G. Godefroy &#8211; M.&nbsp;Rogalski &#8211; J. Saint-Raymond<br><br><strong>Le Jeudi \u00e0 14h00 (site Jussieu) &#8211; salle 13 &#8211; couloir 15-16 &#8211; 4\u00e8me \u00e9tage<\/strong><br>(Institut de Math\u00e9matiques &#8211; 4 place Jussieu &#8211; 75005 PARIS)<\/p>\n\n\n\n<hr class=\"wp-block-separator\"\/>\n\n\n\n<p><strong>Ann\u00e9e 2013 &#8211; 2014<\/strong><br><\/p>\n\n\n\n<hr class=\"wp-block-separator\"\/>\n\n\n\n<h3 class=\"wp-block-heading\">Octobre 2013<\/h3>\n\n\n\n<p><strong>3 octobre 2013&nbsp;: <\/strong><strong>J. Saint Raymond<\/strong><\/p>\n\n\n\n<blockquote class=\"wp-block-quote is-layout-flow wp-block-quote-is-layout-flow\"><p>Propri\u00e9t\u00e9 de Kadec-Klee et points fixes.<\/p><\/blockquote>\n\n\n\n<p><strong>10 octobre 2013&nbsp;: <\/strong><strong>P. Ressel<\/strong> (Kato University Eichstatt)<\/p>\n\n\n\n<blockquote class=\"wp-block-quote is-layout-flow wp-block-quote-is-layout-flow\"><p>Multivariate monotonicity, and a spectral representation of classical mean values.<\/p><\/blockquote>\n\n\n\n<p><strong>17 octobre 2013&nbsp;: <\/strong><strong>Y. Raynaud<\/strong><\/p>\n\n\n\n<blockquote class=\"wp-block-quote is-layout-flow wp-block-quote-is-layout-flow\"><p>Sur la dualit\u00e9 des espaces de Lorentz g\u00e9n\u00e9raux.<\/p><\/blockquote>\n\n\n\n<p><strong>24 octobre 2013&nbsp;: <\/strong><strong>W. Cuellar<\/strong> (Sao Paulo)<\/p>\n\n\n\n<blockquote class=\"wp-block-quote is-layout-flow wp-block-quote-is-layout-flow\"><p>About Complex structures on Banach spaces.<\/p><\/blockquote>\n\n\n\n<p><strong>31 octobre 2013&nbsp;: <\/strong><strong>rel\u00e2che<\/strong><\/p>\n\n\n\n<h3 class=\"wp-block-heading\">Novembre 2013<\/h3>\n\n\n\n<p><strong>7 novembre 2013&nbsp;: <\/strong><strong>R. Zamora<\/strong> (IMJ)<\/p>\n\n\n\n<blockquote class=\"wp-block-quote is-layout-flow wp-block-quote-is-layout-flow\"><p>Quelques tests de s\u00e9paration en dimension 2.<\/p><\/blockquote>\n\n\n\n<p><strong>14 novembre 2013&nbsp;: <\/strong><strong>J. Lamboley<\/strong> (Dauphine)<\/p>\n\n\n\n<blockquote class=\"wp-block-quote is-layout-flow wp-block-quote-is-layout-flow\"><p>Optimisation de forme sous contrainte de convexit\u00e9.<\/p><\/blockquote>\n\n\n\n<p><strong>21 novembre 2013&nbsp;: <\/strong><strong>G. Duchamp<\/strong> (Paris 13)<\/p>\n\n\n\n<blockquote class=\"wp-block-quote is-layout-flow wp-block-quote-is-layout-flow\"><p>Un crit\u00e8re de rationnalit\u00e9 provenant de la g\u00e9om\u00e9trie non-commutative.<\/p><\/blockquote>\n\n\n\n<p><strong>28 novembre 2013&nbsp;: <\/strong><strong>P. Simonnet<\/strong> (Corte)<\/p>\n\n\n\n<blockquote class=\"wp-block-quote is-layout-flow wp-block-quote-is-layout-flow\"><p>Nombres de Pisot et automates.<\/p><\/blockquote>\n\n\n\n<h3 class=\"wp-block-heading\">D\u00e9cembre 2013<\/h3>\n\n\n\n<p><strong>5 d\u00e9cembre 2013&nbsp;: <\/strong><strong>G. Bourdaud<\/strong> (IMJ)<\/p>\n\n\n\n<blockquote class=\"wp-block-quote is-layout-flow wp-block-quote-is-layout-flow\"><p>Fonctions qui op\u00e8rent sur les espaces de Sobolev&nbsp;: le point sur deux d\u00e9cennies de recherche.<\/p><\/blockquote>\n\n\n\n<p><strong>12 d\u00e9cembre 2013&nbsp;: <\/strong><strong>M.&nbsp;Lanza de Christoforis<\/strong> (Padoue)<\/p>\n\n\n\n<blockquote class=\"wp-block-quote is-layout-flow wp-block-quote-is-layout-flow\"><p>Simple Steklov eigenvalues for the Laplace operator in a domain with a small hole.<\/p><\/blockquote>\n\n\n\n<p><strong>19 d\u00e9cembre 2013&nbsp;: <\/strong><strong>M.&nbsp;Th\u00e9ra<\/strong> (Limoges)<\/p>\n\n\n\n<blockquote class=\"wp-block-quote is-layout-flow wp-block-quote-is-layout-flow\"><p>Continuit\u00e9 Lipschitzienne des applications multivoques et points fixes.<\/p><\/blockquote>\n\n\n\n<p><strong>26 d\u00e9cembre 2013&nbsp;: <\/strong><strong>rel\u00e2che<\/strong><\/p>\n\n\n\n<h3 class=\"wp-block-heading\">Janvier 2014<\/h3>\n\n\n\n<p><strong>9 janvier 2014&nbsp;: <\/strong><strong>F. Baudier<\/strong> (Texas A &amp; M et IMJ)<\/p>\n\n\n\n<blockquote class=\"wp-block-quote is-layout-flow wp-block-quote-is-layout-flow\"><p>G\u00e9om\u00e9trie non lin\u00e9aire des espaces de Banach.<\/p><\/blockquote>\n\n\n\n<p><strong>16 janvier 2014&nbsp;: <\/strong><strong>N. Gigli<\/strong> (IMJ)<\/p>\n\n\n\n<blockquote class=\"wp-block-quote is-layout-flow wp-block-quote-is-layout-flow\"><p>Integration by parts in metric measure spaces.<\/p><\/blockquote>\n\n\n\n<p><strong>23 janvier 2014&nbsp;: <\/strong><strong>J. Roydor<\/strong> (Bordeaux)<\/p>\n\n\n\n<blockquote class=\"wp-block-quote is-layout-flow wp-block-quote-is-layout-flow\"><p>Un th\u00e9or\u00e8me du type Amir-Cambern pour les alg\u00e8bres de von Neumann.<\/p><\/blockquote>\n\n\n\n<p><strong>30 janvier 2014&nbsp;: <\/strong><strong>F. Bayart<\/strong> (Clermont-Ferrand)<\/p>\n\n\n\n<blockquote class=\"wp-block-quote is-layout-flow wp-block-quote-is-layout-flow\"><p>In\u00e9galit\u00e9 de Bohnenblust-Hille et calcul du rayon de Bohr du polydisque.<\/p><\/blockquote>\n\n\n\n<h3 class=\"wp-block-heading\">F\u00e9vrier 2014<\/h3>\n\n\n\n<p><strong>6 f\u00e9vrier 2014&nbsp;: <\/strong><strong>rel\u00e2che<\/strong><\/p>\n\n\n\n<p><strong>13 f\u00e9vrier 2014&nbsp;: <\/strong><strong>G. de Philippis<\/strong> (Zurich)<\/p>\n\n\n\n<blockquote class=\"wp-block-quote is-layout-flow wp-block-quote-is-layout-flow\"><p>Regularity of free boundaries in anisotropic capillarity problems and the validity of Young\u2019s law.<\/p><\/blockquote>\n\n\n\n<p><strong>20 f\u00e9vrier 2014&nbsp;: <\/strong><strong>A. Peralta<\/strong> (Grenade)<\/p>\n\n\n\n<blockquote class=\"wp-block-quote is-layout-flow wp-block-quote-is-layout-flow\"><p>The interplay between topology and geometry to describe the facial structure of C*-algebras and JB*-triples.<\/p><\/blockquote>\n\n\n\n<p><strong>27 f\u00e9vrier 2014&nbsp;: <\/strong><strong>P. Kaufmann<\/strong> (IMJ)<\/p>\n\n\n\n<blockquote class=\"wp-block-quote is-layout-flow wp-block-quote-is-layout-flow\"><p>Product of Lipschitz free spaces and applications.<\/p><\/blockquote>\n\n\n\n<h3 class=\"wp-block-heading\">Mars 2014<\/h3>\n\n\n\n<p><strong>6 mars 2014&nbsp;: <\/strong><strong>Anton Baranov<\/strong> (St. P\u00e9tersbourg)<\/p>\n\n\n\n<blockquote class=\"wp-block-quote is-layout-flow wp-block-quote-is-layout-flow\"><p>Functional models and S. Grivaux\u2019 example of a hypercyclic rank one perturbation of a unitary operator.<\/p><\/blockquote>\n\n\n\n<p><strong>13 mars 2014&nbsp;: <\/strong><strong>A. Prochazka<\/strong> (Besan\u00e7on)<\/p>\n\n\n\n<blockquote class=\"wp-block-quote is-layout-flow wp-block-quote-is-layout-flow\"><p>Plongements \u00e0 petite distorsion dans les espaces C(K) et les espaces d\u2019Asplund.<\/p><\/blockquote>\n\n\n\n<p><strong>20 mars 2014&nbsp;: <\/strong><strong>M.&nbsp;Bailleul<\/strong> (Lens)<\/p>\n\n\n\n<blockquote class=\"wp-block-quote is-layout-flow wp-block-quote-is-layout-flow\"><p>Espaces de Banach de s\u00e9ries de Dirichlet et leurs op\u00e9rateurs.<\/p><\/blockquote>\n\n\n\n<p><strong>27 mars 2014&nbsp;: <\/strong><strong>W. Sickel<\/strong> (Jena)<\/p>\n\n\n\n<blockquote class=\"wp-block-quote is-layout-flow wp-block-quote-is-layout-flow\"><p>Interpolation of Morrey-type spaces.<\/p><\/blockquote>\n\n\n\n<h3 class=\"wp-block-heading\">Avril 2014<\/h3>\n\n\n\n<p><strong>3 avril 2014&nbsp;: <\/strong><strong>M.&nbsp;Raja<\/strong> (Murcia, Espagne)<\/p>\n\n\n\n<blockquote class=\"wp-block-quote is-layout-flow wp-block-quote-is-layout-flow\"><p>Uniformly convex renormings.<\/p><\/blockquote>\n\n\n\n<p><strong>10 avril 2014&nbsp;: <\/strong><strong>P. Musolino<\/strong> (Padova, Italie)<\/p>\n\n\n\n<blockquote class=\"wp-block-quote is-layout-flow wp-block-quote-is-layout-flow\"><p>A quasi-linear heat transmission problem in a periodic two-phase dilute composite.<\/p><\/blockquote>\n\n\n\n<p><strong>17 avril 2014&nbsp;: <\/strong><strong>rel\u00e2che<\/strong><\/p>\n\n\n\n<p><strong>24 avril 2014&nbsp;: <\/strong><strong>rel\u00e2che<\/strong><\/p>\n\n\n\n<h3 class=\"wp-block-heading\">Mai 2014<\/h3>\n\n\n\n<p><strong>1 mai 2014&nbsp;: <\/strong><strong>rel\u00e2che<\/strong><\/p>\n\n\n\n<p><strong>8 mai 2014&nbsp;: <\/strong><strong>rel\u00e2che<\/strong><\/p>\n\n\n\n<p><strong>15 mai 2014&nbsp;: <\/strong><strong>Q. Menet<\/strong> (Mons)<\/p>\n\n\n\n<blockquote class=\"wp-block-quote is-layout-flow wp-block-quote-is-layout-flow\"><p>Existence de sous-espaces fr\u00e9quemment hypercycliques.<\/p><\/blockquote>\n\n\n\n<p><strong>22 mai 2014&nbsp;: <\/strong><strong>M.&nbsp;Rogalski<\/strong> (IMJ)<\/p>\n\n\n\n<blockquote class=\"wp-block-quote is-layout-flow wp-block-quote-is-layout-flow\"><p>P\u00e9riodes d\u2019orbites de syst\u00e8mes dynamiques laissant invariantes certaines quartiques<\/p><\/blockquote>\n\n\n\n<p><strong>29 mai 2014&nbsp;: <\/strong><strong>rel\u00e2che<\/strong><\/p>\n\n\n\n<h3 class=\"wp-block-heading\">Juin 2014<\/h3>\n\n\n\n<p><strong>5 juin 2014&nbsp;: <\/strong><strong>N. Osipov<\/strong> (Saint-Petersbourg)<\/p>\n\n\n\n<blockquote class=\"wp-block-quote is-layout-flow wp-block-quote-is-layout-flow\"><p>Some new results concerning the Littlewood-Paley-Rubio de Francia inequality.<\/p><\/blockquote>\n\n\n\n<p><strong>12 juin 2014&nbsp;: <\/strong><strong>rel\u00e2che<\/strong><\/p>\n\n\n\n<blockquote class=\"wp-block-quote is-layout-flow wp-block-quote-is-layout-flow\"><p>Notez le pot de d\u00e9part en retraite de G. Bourdaud \u00e0 16 h (\u00e0 S. Germain)<\/p><\/blockquote>\n\n\n\n<p><strong>19 juin 2014&nbsp;: <\/strong><strong>R. Tessera<\/strong> (Orsay)<\/p>\n\n\n\n<blockquote class=\"wp-block-quote is-layout-flow wp-block-quote-is-layout-flow\"><p>Non-plongeabilit\u00e9 grossi\u00e8re de suites de graphes finis dans un Hilbert.<\/p><\/blockquote>\n","protected":false},"excerpt":{"rendered":"<p>Organisateurs&nbsp;: G. Choquet &#8211; G. Godefroy &#8211; M.&nbsp;Rogalski &#8211; J. Saint-Raymond Le Jeudi \u00e0 14h00 (site Jussieu) &#8211; salle 13 &#8211; couloir 15-16 &#8211; 4\u00e8me \u00e9tage(Institut de Math\u00e9matiques &#8211; 4 place Jussieu &#8211; 75005 PARIS) Ann\u00e9e 2013 &#8211; 2014 Octobre 2013 3 octobre 2013&nbsp;: J. Saint Raymond Propri\u00e9t\u00e9 de Kadec-Klee et points fixes. 10 octobre [&hellip;]<\/p>\n","protected":false},"author":1,"featured_media":0,"parent":0,"menu_order":0,"comment_status":"closed","ping_status":"closed","template":"","meta":{"footnotes":""},"class_list":["post-72","page","type-page","status-publish","hentry"],"_links":{"self":[{"href":"https:\/\/www.imj-prg.fr\/af\/wp-json\/wp\/v2\/pages\/72","targetHints":{"allow":["GET"]}}],"collection":[{"href":"https:\/\/www.imj-prg.fr\/af\/wp-json\/wp\/v2\/pages"}],"about":[{"href":"https:\/\/www.imj-prg.fr\/af\/wp-json\/wp\/v2\/types\/page"}],"author":[{"embeddable":true,"href":"https:\/\/www.imj-prg.fr\/af\/wp-json\/wp\/v2\/users\/1"}],"replies":[{"embeddable":true,"href":"https:\/\/www.imj-prg.fr\/af\/wp-json\/wp\/v2\/comments?post=72"}],"version-history":[{"count":1,"href":"https:\/\/www.imj-prg.fr\/af\/wp-json\/wp\/v2\/pages\/72\/revisions"}],"predecessor-version":[{"id":73,"href":"https:\/\/www.imj-prg.fr\/af\/wp-json\/wp\/v2\/pages\/72\/revisions\/73"}],"wp:attachment":[{"href":"https:\/\/www.imj-prg.fr\/af\/wp-json\/wp\/v2\/media?parent=72"}],"curies":[{"name":"wp","href":"https:\/\/api.w.org\/{rel}","templated":true}]}}