{"id":74,"date":"2020-12-16T10:36:27","date_gmt":"2020-12-16T09:36:27","guid":{"rendered":"http:\/\/dev.imj-prg.fr\/af\/?page_id=74"},"modified":"2020-12-16T10:36:27","modified_gmt":"2020-12-16T09:36:27","slug":"seminaire-dinitiation-a-lanalyse-2014-2015","status":"publish","type":"page","link":"https:\/\/www.imj-prg.fr\/af\/seminaire-dinitiation-a-lanalyse-2014-2015\/","title":{"rendered":"S\u00e9minaire d&rsquo;Initiation \u00e0 l&rsquo;Analyse 2014-2015"},"content":{"rendered":"\n<p>Organisateurs&nbsp;: G. Choquet &#8211; G. Godefroy &#8211; M.&nbsp;Rogalski &#8211; J. Saint-Raymond<br><br><strong>Le Jeudi \u00e0 14h00 (site Jussieu) &#8211; salle 13 &#8211; couloir 15-16 &#8211; 4\u00e8me \u00e9tage<\/strong><br>(Institut de Math\u00e9matiques &#8211; 4 place Jussieu &#8211; 75005 PARIS)<\/p>\n\n\n\n<hr class=\"wp-block-separator\"\/>\n\n\n\n<p><strong>Ann\u00e9e 2014 &#8211; 2015<\/strong><br><\/p>\n\n\n\n<hr class=\"wp-block-separator\"\/>\n\n\n\n<h3 class=\"wp-block-heading\">Octobre 2014<\/h3>\n\n\n\n<p><strong>9 octobre 2014&nbsp;: <\/strong><strong>Rishika RUPAM<\/strong> (Texas A&amp;M University)<\/p>\n\n\n\n<blockquote class=\"wp-block-quote is-layout-flow wp-block-quote-is-layout-flow\"><p>The Toeplitz kernel approach in inverse spectral theory of differential operators.<\/p><\/blockquote>\n\n\n\n<p><strong>16 octobre 2014&nbsp;: <\/strong><strong>V. Ferenczi<\/strong> (Sao Paolo)<\/p>\n\n\n\n<blockquote class=\"wp-block-quote is-layout-flow wp-block-quote-is-layout-flow\"><p>Interpolation et sommes tordues singuli\u00e8res.<\/p><\/blockquote>\n\n\n\n<p><strong>23 octobre 2014&nbsp;: <\/strong><strong>A. Fedotov<\/strong> (Saint-Petersbourg)<\/p>\n\n\n\n<blockquote class=\"wp-block-quote is-layout-flow wp-block-quote-is-layout-flow\"><p>Destruction of adiabatic normal waves for an adiabatic non-stationary Schrodinger operator.<\/p><\/blockquote>\n\n\n\n<p><strong>30 octobre 2014&nbsp;: <\/strong><strong>G. Ghawadrah<\/strong> (IMJ)<\/p>\n\n\n\n<blockquote class=\"wp-block-quote is-layout-flow wp-block-quote-is-layout-flow\"><p>Complemented subspaces of reflexive Orlicz function spaces.<\/p><\/blockquote>\n\n\n\n<h3 class=\"wp-block-heading\">Novembre 2014<\/h3>\n\n\n\n<p><strong>6 novembre 2014&nbsp;: <\/strong><strong>rel\u00e2che<\/strong><\/p>\n\n\n\n<p><strong>13 novembre 2014&nbsp;: <\/strong><strong>K. Lesnik<\/strong> (Poznan)<\/p>\n\n\n\n<blockquote class=\"wp-block-quote is-layout-flow wp-block-quote-is-layout-flow\"><p>Monotone substochastic operators and a new Calderon couple.<\/p><\/blockquote>\n\n\n\n<p><strong>20 novembre 2014&nbsp;: <\/strong><strong>J. Melleray<\/strong> (Lyon 1)<\/p>\n\n\n\n<blockquote class=\"wp-block-quote is-layout-flow wp-block-quote-is-layout-flow\"><p>Comment reconna\u00eetre une isom\u00e9trie&nbsp;?<\/p><\/blockquote>\n\n\n\n<p><strong>27 novembre 2014&nbsp;: <\/strong><strong>Q. Menet<\/strong> (Mons)<\/p>\n\n\n\n<blockquote class=\"wp-block-quote is-layout-flow wp-block-quote-is-layout-flow\"><p>Chaos lin\u00e9aire et hypercyclicit\u00e9 fr\u00e9quente<\/p><\/blockquote>\n\n\n\n<h3 class=\"wp-block-heading\">D\u00e9cembre 2013<\/h3>\n\n\n\n<p><strong>5 d\u00e9cembre 2013&nbsp;: <\/strong><strong>G. Bourdaud<\/strong> (IMJ)<\/p>\n\n\n\n<blockquote class=\"wp-block-quote is-layout-flow wp-block-quote-is-layout-flow\"><p>Fonctions qui op\u00e8rent sur les espaces de Sobolev&nbsp;: le point sur deux d\u00e9cennies de recherche.<\/p><\/blockquote>\n\n\n\n<p><strong>12 d\u00e9cembre 2013&nbsp;: <\/strong><strong>M.&nbsp;Lanza de Christoforis<\/strong> (Padoue)<\/p>\n\n\n\n<blockquote class=\"wp-block-quote is-layout-flow wp-block-quote-is-layout-flow\"><p>Simple Steklov eigenvalues for the Laplace operator in a domain with a small hole.<\/p><\/blockquote>\n\n\n\n<p><strong>19 d\u00e9cembre 2013&nbsp;: <\/strong><strong>M.&nbsp;Th\u00e9ra<\/strong> (Limoges)<\/p>\n\n\n\n<blockquote class=\"wp-block-quote is-layout-flow wp-block-quote-is-layout-flow\"><p>Continuit\u00e9 Lipschitzienne des applications multivoques et points fixes.<\/p><\/blockquote>\n\n\n\n<p><strong>26 d\u00e9cembre 2013&nbsp;: <\/strong><strong>rel\u00e2che<\/strong><\/p>\n\n\n\n<p><br>\u2014&nbsp;&gt;<\/p>\n\n\n\n<h3 class=\"wp-block-heading\">Janvier 2015<\/h3>\n\n\n\n<p><strong>8 janvier 2015&nbsp;: <\/strong><strong>G. Godefroy<\/strong> (IMJ)<\/p>\n\n\n\n<blockquote class=\"wp-block-quote is-layout-flow wp-block-quote-is-layout-flow\"><p>Remarques et probl\u00e8mes sur la propri\u00e9t\u00e9 d\u2019approximation dans les espaces de Banach libres.<\/p><\/blockquote>\n\n\n\n<p><strong>15 janvier 2015&nbsp;: <\/strong><strong>rel\u00e2che<\/strong><\/p>\n\n\n\n<p><strong>22 janvier 2015&nbsp;: <\/strong><strong>S. Grivaux<\/strong> (Lille)<\/p>\n\n\n\n<blockquote class=\"wp-block-quote is-layout-flow wp-block-quote-is-layout-flow\"><p>Syst\u00e8mes dynamiques universels.<\/p><\/blockquote>\n\n\n\n<p><strong>29 janvier 2015&nbsp;: <\/strong><strong>P. Lef\u00e8vre<\/strong> (Lons)<\/p>\n\n\n\n<blockquote class=\"wp-block-quote is-layout-flow wp-block-quote-is-layout-flow\"><p>La propri\u00e9t\u00e9 de Blum-Hanson&nbsp;: cas des espaces C(K).<\/p><\/blockquote>\n\n\n\n<h3 class=\"wp-block-heading\">F\u00e9vrier 2015<\/h3>\n\n\n\n<p><strong>5 f\u00e9vrier 2015&nbsp;: <\/strong><strong>G. Godefroy<\/strong> (IMJ)<\/p>\n\n\n\n<blockquote class=\"wp-block-quote is-layout-flow wp-block-quote-is-layout-flow\"><p>Propri\u00e9t\u00e9 d\u2019approximation born\u00e9e et prolongements de fonctions lipschitziennes.<\/p><\/blockquote>\n\n\n\n<p><strong>12 f\u00e9vrier 2015&nbsp;: <\/strong><strong>A. Dalet<\/strong> (Besan\u00e7on)<\/p>\n\n\n\n<blockquote class=\"wp-block-quote is-layout-flow wp-block-quote-is-layout-flow\"><p>L\u2019espace libre associ\u00e9 \u00e0 un espace ultram\u00e9trique.<\/p><\/blockquote>\n\n\n\n<p><strong>19 f\u00e9vrier 2015&nbsp;: <\/strong><strong>rel\u00e2che<\/strong><\/p>\n\n\n\n<p><strong>26 f\u00e9vrier 2015&nbsp;: <\/strong><strong>A. Ka\u00efchouh<\/strong> (Lyon 1)<\/p>\n\n\n\n<blockquote class=\"wp-block-quote is-layout-flow wp-block-quote-is-layout-flow\"><p>Moyennabilit\u00e9 et th\u00e9orie de Ramsey convexe.<\/p><\/blockquote>\n\n\n\n<h3 class=\"wp-block-heading\">Mars 2015<\/h3>\n\n\n\n<p><strong>5 mars 2015&nbsp;: <\/strong><strong>S. Grivaux<\/strong> (CNRS-Lille 1)<\/p>\n\n\n\n<blockquote class=\"wp-block-quote is-layout-flow wp-block-quote-is-layout-flow\"><p>Espaces de Banach poss\u00e9dant tr\u00e8s peu d\u2019op\u00e9rateurs, d\u2019apr\u00e8s S. Argyros et R. Haydon.<\/p><\/blockquote>\n\n\n\n<p><strong>12 mars 2015&nbsp;: <\/strong><strong>Apr\u00e8s-midi en l\u2019honneur du centenaire de G. Choquet<\/strong><\/p>\n\n\n\n<blockquote class=\"wp-block-quote is-layout-flow wp-block-quote-is-layout-flow\"><p>conf\u00e9rences de M.&nbsp;Talagrand, J. Saint-Raymond et M.&nbsp;Rogalski<\/p><\/blockquote>\n\n\n\n<p><strong>19 mars 2015&nbsp;: <\/strong><strong>G. Godefroy<\/strong><\/p>\n\n\n\n<blockquote class=\"wp-block-quote is-layout-flow wp-block-quote-is-layout-flow\"><p>Remarques sur les fronti\u00e8res de James.<\/p><\/blockquote>\n\n\n\n<p><strong>26 mars 2015&nbsp;: <\/strong><strong>J. Saint Raymond<\/strong><\/p>\n\n\n\n<blockquote class=\"wp-block-quote is-layout-flow wp-block-quote-is-layout-flow\"><p>Propri\u00e9t\u00e9s de l\u2019image de la diff\u00e9rentielle d\u2019une fonction.<\/p><\/blockquote>\n\n\n\n<h3 class=\"wp-block-heading\">Avril 2015<\/h3>\n\n\n\n<p><strong>2 avril 2015&nbsp;: <\/strong><strong>Y. Yomdin<\/strong> (Weizmann Institute)<\/p>\n\n\n\n<blockquote class=\"wp-block-quote is-layout-flow wp-block-quote-is-layout-flow\"><p>Smooth parametrization in analysis, dynamics, and Diophantine geometry.<\/p><\/blockquote>\n\n\n\n<p><strong>9 avril 2015&nbsp;: <\/strong><strong>E. Abakoumov<\/strong> (Marne-la-Vall\u00e9e)<\/p>\n\n\n\n<blockquote class=\"wp-block-quote is-layout-flow wp-block-quote-is-layout-flow\"><p>Densit\u00e9 de translations dans les espaces \u00e0 poids sur les groupes localement compacts.<\/p><\/blockquote>\n\n\n\n<p><strong>16 avril 2015&nbsp;: <\/strong><strong>G. Ghawadrah<\/strong><\/p>\n\n\n\n<blockquote class=\"wp-block-quote is-layout-flow wp-block-quote-is-layout-flow\"><p>Th\u00e9orie Descriptive des Ensembles et Espaces de Banach (soutenance de th\u00e8se).<\/p><\/blockquote>\n\n\n\n<p><strong>23 avril 2015&nbsp;: <\/strong><strong>rel\u00e2che<\/strong><\/p>\n\n\n\n<p><strong>30 avril 2015&nbsp;: <\/strong><strong>rel\u00e2che<\/strong><\/p>\n\n\n\n<h3 class=\"wp-block-heading\">Mai 2015<\/h3>\n\n\n\n<p><strong>7 mai 2015&nbsp;: <\/strong><strong>Jean Roydor<\/strong> (Bordeaux)<\/p>\n\n\n\n<blockquote class=\"wp-block-quote is-layout-flow wp-block-quote-is-layout-flow\"><p>Homomorphismes entre alg\u00e8bres de Fourier de groupes.<\/p><\/blockquote>\n\n\n\n<p><strong>14 mai 2015&nbsp;: <\/strong><strong>jour f\u00e9ri\u00e9<\/strong><\/p>\n\n\n\n<p><strong>21 mai 2015&nbsp;: <\/strong><strong>rel\u00e2che<\/strong><\/p>\n\n\n\n<p><strong>28 mai 2015&nbsp;: <\/strong><strong>Omer Friedland<\/strong> (IMJ)<\/p>\n\n\n\n<blockquote class=\"wp-block-quote is-layout-flow wp-block-quote-is-layout-flow\"><p>Fonctions (s,p)-valentes.<\/p><\/blockquote>\n","protected":false},"excerpt":{"rendered":"<p>Organisateurs&nbsp;: G. Choquet &#8211; G. Godefroy &#8211; M.&nbsp;Rogalski &#8211; J. Saint-Raymond Le Jeudi \u00e0 14h00 (site Jussieu) &#8211; salle 13 &#8211; couloir 15-16 &#8211; 4\u00e8me \u00e9tage(Institut de Math\u00e9matiques &#8211; 4 place Jussieu &#8211; 75005 PARIS) Ann\u00e9e 2014 &#8211; 2015 Octobre 2014 9 octobre 2014&nbsp;: Rishika RUPAM (Texas A&amp;M University) The Toeplitz kernel approach in inverse [&hellip;]<\/p>\n","protected":false},"author":1,"featured_media":0,"parent":0,"menu_order":0,"comment_status":"closed","ping_status":"closed","template":"","meta":{"footnotes":""},"class_list":["post-74","page","type-page","status-publish","hentry"],"_links":{"self":[{"href":"https:\/\/www.imj-prg.fr\/af\/wp-json\/wp\/v2\/pages\/74","targetHints":{"allow":["GET"]}}],"collection":[{"href":"https:\/\/www.imj-prg.fr\/af\/wp-json\/wp\/v2\/pages"}],"about":[{"href":"https:\/\/www.imj-prg.fr\/af\/wp-json\/wp\/v2\/types\/page"}],"author":[{"embeddable":true,"href":"https:\/\/www.imj-prg.fr\/af\/wp-json\/wp\/v2\/users\/1"}],"replies":[{"embeddable":true,"href":"https:\/\/www.imj-prg.fr\/af\/wp-json\/wp\/v2\/comments?post=74"}],"version-history":[{"count":1,"href":"https:\/\/www.imj-prg.fr\/af\/wp-json\/wp\/v2\/pages\/74\/revisions"}],"predecessor-version":[{"id":75,"href":"https:\/\/www.imj-prg.fr\/af\/wp-json\/wp\/v2\/pages\/74\/revisions\/75"}],"wp:attachment":[{"href":"https:\/\/www.imj-prg.fr\/af\/wp-json\/wp\/v2\/media?parent=74"}],"curies":[{"name":"wp","href":"https:\/\/api.w.org\/{rel}","templated":true}]}}