{"id":77,"date":"2020-12-16T10:37:25","date_gmt":"2020-12-16T09:37:25","guid":{"rendered":"http:\/\/dev.imj-prg.fr\/af\/?page_id=77"},"modified":"2020-12-16T10:37:25","modified_gmt":"2020-12-16T09:37:25","slug":"archives-2009-2010-du-groupe-de-travail-convexite-et-probabilites","status":"publish","type":"page","link":"https:\/\/www.imj-prg.fr\/af\/archives-2009-2010-du-groupe-de-travail-convexite-et-probabilites\/","title":{"rendered":"Archives 2009-2010 du groupe de travail \u00ab\u00a0Convexit\u00e9 et Probabilit\u00e9s\u00a0\u00bb"},"content":{"rendered":"\n<p>Organisateurs&nbsp;: <a>Dario Cordero-Erausquin<\/a> (IMJ), <a>Matthieu Fradelizi <\/a>(Paris Est &#8211; UMLV), <a>Olivier Guedon<\/a> (Paris Est &#8211; UMLV)<br><strong>Le Vendredi \u00e0 14h &#8211; salle 4C17 &#8211; 4\u00e8me \u00e9tage<\/strong><br>(Institut de Math\u00e9matiques &#8211; 175 rue du Chevaleret &#8211; 75013 PARIS)<\/p>\n\n\n\n<hr class=\"wp-block-separator\"\/>\n\n\n\n<p><strong>Ann\u00e9e 2009 &#8211; 2010<\/strong><br><\/p>\n\n\n\n<hr class=\"wp-block-separator\"\/>\n\n\n\n<p><strong>Vendredi 23 octobre 2009&nbsp;: Matthieu Fradelizi<\/strong> (Paris-Est MLV)<\/p>\n\n\n\n<blockquote class=\"wp-block-quote is-layout-flow wp-block-quote-is-layout-flow\"><p>In\u00e9galit\u00e9s de transport et de log-Sobolev libres, d\u2019apr\u00e8s M.&nbsp;Ledoux et I. Popescu<\/p><\/blockquote>\n\n\n\n<p><br><strong>Vendredi 30 octobre 2009&nbsp;: Relache<\/strong><br><br><strong>Vendredi 6 novembre 2009&nbsp;: Omer Friedland<\/strong> (IMJ)<\/p>\n\n\n\n<blockquote class=\"wp-block-quote is-layout-flow wp-block-quote-is-layout-flow\"><p>Mesures de petites boules et concentration de la mesure des corps convexes, d\u2019apr\u00e8s G. Paouris<\/p><\/blockquote>\n\n\n\n<p><br><strong>Vendredi 13 novembre 2009&nbsp;: Dario Cordero-Erausquin<\/strong> (IMJ)<\/p>\n\n\n\n<blockquote class=\"wp-block-quote is-layout-flow wp-block-quote-is-layout-flow\"><p>Pr\u00e9kopa, Santalo, interpolations et \u00e9quations de Monge-Amp\u00e8re deg\u00e9ner\u00e9es<\/p><\/blockquote>\n\n\n\n<p><br><strong>Vendredi 20 novembre 2009&nbsp;: Relache<\/strong><br>16-20 Novembre&nbsp;: Ecole d\u2019automne \u00ab\u00a0Compressed sensing, matrices al\u00e9atoires et g\u00e9om\u00e9trie en grande dimension\u00a0\u00bb, Paris-Est Marne-la-Vall\u00e9e)<br><br><strong>Vendredi 27 novembre 2009&nbsp;: Dario Cordero-Erausquin (IMJ)<\/strong><\/p>\n\n\n\n<blockquote class=\"wp-block-quote is-layout-flow wp-block-quote-is-layout-flow\"><p>Plurisousharmonicit\u00e9 du noyau de Bergman et questions reli\u00e9es, d\u2019apr\u00e8s B. Berndtsson<\/p><\/blockquote>\n\n\n\n<p><br><strong>Vendredi 4 decembre 2009&nbsp;: Relache<\/strong><\/p>\n\n\n\n<p><br><strong>Vendredi 11 decembre 2009&nbsp;: Joseph Lehec <\/strong>(Dauphine)<\/p>\n\n\n\n<blockquote class=\"wp-block-quote is-layout-flow wp-block-quote-is-layout-flow\"><p>In\u00e9galit\u00e9s pour les moments de chaos gaussiens d\u2019apr\u00e8s P. Major.<\/p><\/blockquote>\n\n\n\n<p><br><strong>Vendredi 18 decembre 20009&nbsp;: Kontis Vasileios<\/strong> (Imperial College, London)<\/p>\n\n\n\n<blockquote class=\"wp-block-quote is-layout-flow wp-block-quote-is-layout-flow\"><p>Isoperimetric inequalities for probability measures on metric spaces<\/p><\/blockquote>\n\n\n\n<p><br><strong>Vendredi 8 janvier 2010&nbsp;: Relache<\/strong><\/p>\n\n\n\n<p><br><strong>Vendredi 15 janvier 2010&nbsp;: Bernard Maurey<\/strong> (Paris Est-MLV et Paris 7)<\/p>\n\n\n\n<blockquote class=\"wp-block-quote is-layout-flow wp-block-quote-is-layout-flow\"><p>In\u00e9galit\u00e9s de convolution d\u2019Young (et Young inverse) optimales par semi-groupe de la chaleur, d\u2019apr\u00e8s Bennett-Bez<\/p><\/blockquote>\n\n\n\n<p><br><strong>Vendredi 22 janvier 2010&nbsp;: Fran\u00e7oise Lust-Piquard<\/strong> (Cergy)<\/p>\n\n\n\n<blockquote class=\"wp-block-quote is-layout-flow wp-block-quote-is-layout-flow\"><p>Introduction au semi-groupe de la chaleur sur le groupe d\u2019Heisenberg<\/p><\/blockquote>\n\n\n\n<p><br><strong>Vendredi 29 janvier 2010&nbsp;: Olivier Guedon<\/strong> (Paris Est-MLV)<\/p>\n\n\n\n<blockquote class=\"wp-block-quote is-layout-flow wp-block-quote-is-layout-flow\"><p>Concentration de la masse d\u2019un corps convexe en grande dimension, d\u2019apr\u00e8s B. Fleury.<\/p><\/blockquote>\n\n\n\n<p><br><strong>Vendredi 5 f\u00e9vrier 2010&nbsp;: Fran\u00e7oise Lust-Piquard<\/strong> (Cergy)<\/p>\n\n\n\n<blockquote class=\"wp-block-quote is-layout-flow wp-block-quote-is-layout-flow\"><p>Introduction au semi-groupe de la chaleur sur le groupe d\u2019Heisenberg <strong>(suite)<\/strong><\/p><\/blockquote>\n\n\n\n<p><br><strong>Vendredi 12 f\u00e9vrier 2010&nbsp;: Dario Cordero-Erausquin<\/strong> (IMJ)<\/p>\n\n\n\n<blockquote class=\"wp-block-quote is-layout-flow wp-block-quote-is-layout-flow\"><p>L\u2019in\u00e9galit\u00e9 d\u2019inverse-Santalo de Bourgain-Milman par de l\u2019analyse complexe, d\u2019apr\u00e8s F. Nazarov.<\/p><\/blockquote>\n\n\n\n<p><br><strong>Vendredi 19 f\u00e9vrier 2010&nbsp;: Shlomo Reisner<\/strong> (University of Haifa)<\/p>\n\n\n\n<blockquote class=\"wp-block-quote is-layout-flow wp-block-quote-is-layout-flow\"><p>Local minimality of the volume-product at the simplex<\/p><\/blockquote>\n\n\n\n<p><br><strong>26 f\u00e9vrier et 5 mars 2010&nbsp;: relache<\/strong><\/p>\n\n\n\n<p><br><strong>12 mars 2010&nbsp;: Omer Friedland<\/strong> (IMJ)<\/p>\n\n\n\n<blockquote class=\"wp-block-quote is-layout-flow wp-block-quote-is-layout-flow\"><p>La conjecture de la variance sur la r\u00e9partition de la masse des corps convexes en grande dimension entraine la conjecture de l\u2019hyperplan, d\u2019apr\u00e8s Eldan et Klartag<\/p><\/blockquote>\n\n\n\n<p><br><strong>19 mars 2010&nbsp;: relache<\/strong><\/p>\n\n\n\n<p><br><strong>26 mars 2010&nbsp;: Joseph Lehec<\/strong> (Dauphine)<\/p>\n\n\n\n<blockquote class=\"wp-block-quote is-layout-flow wp-block-quote-is-layout-flow\"><p>Autour de l\u2019hypercontractivit\u00e9 complexe, d\u2019apr\u00e8s S. Janson<\/p><\/blockquote>\n\n\n\n<p><br><strong>28 mai 2010&nbsp;: Paul-Marie Samson<\/strong> (Paris-Est MLV)<\/p>\n\n\n\n<blockquote class=\"wp-block-quote is-layout-flow wp-block-quote-is-layout-flow\"><p>In\u00e9galit\u00e9s fonctionnelles sous hypoth\u00e8ses de concentration et de courbure minor\u00e9e autour des travaux de M.&nbsp;Ledoux et E. Milman.<\/p><\/blockquote>\n","protected":false},"excerpt":{"rendered":"<p>Organisateurs&nbsp;: Dario Cordero-Erausquin (IMJ), Matthieu Fradelizi (Paris Est &#8211; UMLV), Olivier Guedon (Paris Est &#8211; UMLV)Le Vendredi \u00e0 14h &#8211; salle 4C17 &#8211; 4\u00e8me \u00e9tage(Institut de Math\u00e9matiques &#8211; 175 rue du Chevaleret &#8211; 75013 PARIS) Ann\u00e9e 2009 &#8211; 2010 Vendredi 23 octobre 2009&nbsp;: Matthieu Fradelizi (Paris-Est MLV) In\u00e9galit\u00e9s de transport et de log-Sobolev libres, d\u2019apr\u00e8s [&hellip;]<\/p>\n","protected":false},"author":1,"featured_media":0,"parent":0,"menu_order":0,"comment_status":"closed","ping_status":"closed","template":"","meta":{"footnotes":""},"class_list":["post-77","page","type-page","status-publish","hentry"],"_links":{"self":[{"href":"https:\/\/www.imj-prg.fr\/af\/wp-json\/wp\/v2\/pages\/77","targetHints":{"allow":["GET"]}}],"collection":[{"href":"https:\/\/www.imj-prg.fr\/af\/wp-json\/wp\/v2\/pages"}],"about":[{"href":"https:\/\/www.imj-prg.fr\/af\/wp-json\/wp\/v2\/types\/page"}],"author":[{"embeddable":true,"href":"https:\/\/www.imj-prg.fr\/af\/wp-json\/wp\/v2\/users\/1"}],"replies":[{"embeddable":true,"href":"https:\/\/www.imj-prg.fr\/af\/wp-json\/wp\/v2\/comments?post=77"}],"version-history":[{"count":1,"href":"https:\/\/www.imj-prg.fr\/af\/wp-json\/wp\/v2\/pages\/77\/revisions"}],"predecessor-version":[{"id":78,"href":"https:\/\/www.imj-prg.fr\/af\/wp-json\/wp\/v2\/pages\/77\/revisions\/78"}],"wp:attachment":[{"href":"https:\/\/www.imj-prg.fr\/af\/wp-json\/wp\/v2\/media?parent=77"}],"curies":[{"name":"wp","href":"https:\/\/api.w.org\/{rel}","templated":true}]}}