{"id":79,"date":"2020-12-16T10:38:05","date_gmt":"2020-12-16T09:38:05","guid":{"rendered":"http:\/\/dev.imj-prg.fr\/af\/?page_id=79"},"modified":"2020-12-16T10:38:05","modified_gmt":"2020-12-16T09:38:05","slug":"archives-2010-2011-du-groupe-de-travail-convexite-et-probabilites","status":"publish","type":"page","link":"https:\/\/www.imj-prg.fr\/af\/archives-2010-2011-du-groupe-de-travail-convexite-et-probabilites\/","title":{"rendered":"Archives 2010-2011 du groupe de travail \u00ab\u00a0Convexit\u00e9 et Probabilit\u00e9s\u00a0\u00bb"},"content":{"rendered":"\n<p>Organisateurs&nbsp;: <a>Dario Cordero-Erausquin<\/a> (IMJ), <a>Matthieu Fradelizi <\/a>(Paris Est &#8211; UMLV), <a>Olivier Guedon<\/a> (Paris Est &#8211; UMLV)<br><strong>Le Jeudi \u00e0 15h30 &#8211; salle 13 &#8211; couloir 15-16 &#8211; 4\u00e8me \u00e9tage<\/strong><br>(Institut de Math\u00e9matiques &#8211; 4 place Jussieu &#8211; 75005 PARIS)<\/p>\n\n\n\n<hr class=\"wp-block-separator\"\/>\n\n\n\n<p><strong>Ann\u00e9e 2010 &#8211; 2011<\/strong><br><\/p>\n\n\n\n<hr class=\"wp-block-separator\"\/>\n\n\n\n<p><strong>Jeudi 21 octobre 2010&nbsp;: Dario Cordero-Erausquin<\/strong> (IMJ)<\/p>\n\n\n\n<blockquote class=\"wp-block-quote is-layout-flow wp-block-quote-is-layout-flow\"><p>Contractions de la mesure gaussienne sur les mesures log-concaves par rapport \u00e0 la gaussienne (\u00e0 la Caffarelli) par le semi-groupe de la chaleur, d\u2019apr\u00e8s Kim et E. Milman.<\/p><\/blockquote>\n\n\n\n<p><strong>Jeudi 28 octobre 2010&nbsp;: Relache<\/strong><\/p>\n\n\n\n<p><br><strong>Jeudi 4 novembre&nbsp;: Pierre Youssef<\/strong> (Paris-Est Marne-la-Vall\u00e9e)<\/p>\n\n\n\n<blockquote class=\"wp-block-quote is-layout-flow wp-block-quote-is-layout-flow\"><p>Autour de l\u2019invertibilit\u00e9 restreinte de Bourgain-Tzafriri et de l\u2019estimation de la matrice de covariance de vecteurs al\u00e9atoires.<\/p><\/blockquote>\n\n\n\n<p><strong>Jeudi 11 novembre 2010&nbsp;: f\u00e9ri\u00e9<\/strong><\/p>\n\n\n\n<p><br><strong>Jeudi 18 novembre 2010&nbsp;: Joseph Lehec<\/strong> (Dauphine)<\/p>\n\n\n\n<blockquote class=\"wp-block-quote is-layout-flow wp-block-quote-is-layout-flow\"><p>Autour de la conjecture de Bernoulli (sur le supremum de processus donn\u00e9s par des variables de Bernoulli), d\u2019apr\u00e8s Latala.<\/p><\/blockquote>\n\n\n\n<p><strong>Jeudi 25 novembre 2010&nbsp;: Expos\u00e9 annul\u00e9<\/strong><\/p>\n\n\n\n<p><br><strong>Jeudi 2 d\u00e9cembre&nbsp;: Pierre Youssef<\/strong> (Paris-Est Marne-La-Vall\u00e9e)<\/p>\n\n\n\n<blockquote class=\"wp-block-quote is-layout-flow wp-block-quote-is-layout-flow\"><p>Autour d\u2019un resultat de Batson-Spielman-Srivastava sur les d\u00e9compositions de l\u2019identit\u00e9 et invertibilit\u00e9 restreinte.<\/p><\/blockquote>\n\n\n\n<p><br><strong>Jeudi 9 d\u00e9cembre :Matthieu Fradelizi<\/strong> (Paris Est UMLV)<\/p>\n\n\n\n<blockquote class=\"wp-block-quote is-layout-flow wp-block-quote-is-layout-flow\"><p>Autour de l\u2019in\u00e9galit\u00e9 isop\u00e9rim\u00e9trique gaussienne inverse<\/p><\/blockquote>\n\n\n\n<p><br><strong>Jeudi 16 d\u00e9cembre :Relache<\/strong><\/p>\n\n\n\n<p><br><strong>Jeudi 20 Janvier&nbsp;: Pascal Dingoyan<\/strong> (IMJ)<\/p>\n\n\n\n<blockquote class=\"wp-block-quote is-layout-flow wp-block-quote-is-layout-flow\"><p>Un graphe de constante de Cheeger strictement positive contient un arbre de constante de Cheeger strictement positive.<\/p><\/blockquote>\n\n\n\n<p><br><br><strong>Jeudi 10 Mars&nbsp;: Omer Friedland<\/strong> (IMJ)<\/p>\n\n\n\n<blockquote class=\"wp-block-quote is-layout-flow wp-block-quote-is-layout-flow\"><p>D\u2019autres plongements al\u00e9atoires de <em>TeX Embedding failed&nbsp;!<\/em> dans <em>TeX Embedding failed&nbsp;!<\/em> avec des estimations polyn\u00f4miales<\/p><\/blockquote>\n\n\n\n<p><br><strong>Jeudi 17 Mars&nbsp;: Relache<\/strong><\/p>\n\n\n\n<p><br><strong>Jeudi 24 Mars&nbsp;: Van Hoang Nguyen<\/strong> (IMJ)<\/p>\n\n\n\n<blockquote class=\"wp-block-quote is-layout-flow wp-block-quote-is-layout-flow\"><p>In\u00e9galit\u00e9s de Hardy-Littlewood-Sobolev optimales par semi-groupe (diffusions rapides), d\u2019apr\u00e8s Carlen, Carrillo et Loss.<\/p><\/blockquote>\n","protected":false},"excerpt":{"rendered":"<p>Organisateurs&nbsp;: Dario Cordero-Erausquin (IMJ), Matthieu Fradelizi (Paris Est &#8211; UMLV), Olivier Guedon (Paris Est &#8211; UMLV)Le Jeudi \u00e0 15h30 &#8211; salle 13 &#8211; couloir 15-16 &#8211; 4\u00e8me \u00e9tage(Institut de Math\u00e9matiques &#8211; 4 place Jussieu &#8211; 75005 PARIS) Ann\u00e9e 2010 &#8211; 2011 Jeudi 21 octobre 2010&nbsp;: Dario Cordero-Erausquin (IMJ) Contractions de la mesure gaussienne sur les [&hellip;]<\/p>\n","protected":false},"author":1,"featured_media":0,"parent":0,"menu_order":0,"comment_status":"closed","ping_status":"closed","template":"","meta":{"footnotes":""},"class_list":["post-79","page","type-page","status-publish","hentry"],"_links":{"self":[{"href":"https:\/\/www.imj-prg.fr\/af\/wp-json\/wp\/v2\/pages\/79","targetHints":{"allow":["GET"]}}],"collection":[{"href":"https:\/\/www.imj-prg.fr\/af\/wp-json\/wp\/v2\/pages"}],"about":[{"href":"https:\/\/www.imj-prg.fr\/af\/wp-json\/wp\/v2\/types\/page"}],"author":[{"embeddable":true,"href":"https:\/\/www.imj-prg.fr\/af\/wp-json\/wp\/v2\/users\/1"}],"replies":[{"embeddable":true,"href":"https:\/\/www.imj-prg.fr\/af\/wp-json\/wp\/v2\/comments?post=79"}],"version-history":[{"count":1,"href":"https:\/\/www.imj-prg.fr\/af\/wp-json\/wp\/v2\/pages\/79\/revisions"}],"predecessor-version":[{"id":80,"href":"https:\/\/www.imj-prg.fr\/af\/wp-json\/wp\/v2\/pages\/79\/revisions\/80"}],"wp:attachment":[{"href":"https:\/\/www.imj-prg.fr\/af\/wp-json\/wp\/v2\/media?parent=79"}],"curies":[{"name":"wp","href":"https:\/\/api.w.org\/{rel}","templated":true}]}}