{"id":81,"date":"2020-12-16T10:38:48","date_gmt":"2020-12-16T09:38:48","guid":{"rendered":"http:\/\/dev.imj-prg.fr\/af\/?page_id=81"},"modified":"2020-12-16T10:38:48","modified_gmt":"2020-12-16T09:38:48","slug":"archive-2011-2012-du-groupe-de-travail-convexite-et-probabilites","status":"publish","type":"page","link":"https:\/\/www.imj-prg.fr\/af\/archive-2011-2012-du-groupe-de-travail-convexite-et-probabilites\/","title":{"rendered":"Archive 2011-2012 du Groupe de Travail \u00ab\u00a0Convexit\u00e9 et Probabilit\u00e9s\u00a0\u00bb"},"content":{"rendered":"\n<p>Organisateurs&nbsp;: <a>Dario Cordero-Erausquin<\/a> (IMJ), <a>Matthieu Fradelizi <\/a>(Paris Est &#8211; UMLV), <a>Olivier Guedon<\/a> (Paris Est &#8211; UMLV)<br><strong>Le Jeudi \u00e0 15h15 &#8211; salle 13 &#8211; couloir 15-16 &#8211; 4\u00e8me \u00e9tage<\/strong><br>(Institut de Math\u00e9matiques &#8211; 4 place Jussieu &#8211; 75005 PARIS)<\/p>\n\n\n\n<hr class=\"wp-block-separator\"\/>\n\n\n\n<p><strong>Ann\u00e9e 2011 &#8211; 2012<\/strong><br><\/p>\n\n\n\n<hr class=\"wp-block-separator\"\/>\n\n\n\n<p><strong>3 novembre 2011&nbsp;: Ohad Giladi<\/strong> (IMJ)<\/p>\n\n\n\n<blockquote class=\"wp-block-quote is-layout-flow wp-block-quote-is-layout-flow\"><p>Type and cotype on metric spaces<\/p><\/blockquote>\n\n\n\n<p><br><strong>10 novembre 2011&nbsp;: Olivier Gu\u00e9don<\/strong> (Paris Est Marne la Vall\u00e9e)<\/p>\n\n\n\n<blockquote class=\"wp-block-quote is-layout-flow wp-block-quote-is-layout-flow\"><p>Sur Quelques travaux r\u00e9cents en th\u00e9orie asymptotique des corps convexes, d\u2019apr\u00e8s G. Paouris, B. Klartag, E. Milman et autres.<\/p><\/blockquote>\n\n\n\n<p><br><strong>17 novembre 2011&nbsp;: Matthieu Fradelizi<\/strong> (Paris Est Marne la Vall\u00e9e)<\/p>\n\n\n\n<blockquote class=\"wp-block-quote is-layout-flow wp-block-quote-is-layout-flow\"><p>Constante d\u2019isotropie et marginales de mesures log-concaves, d\u2019apr\u00e8s G. Paouris<\/p><\/blockquote>\n\n\n\n<p><br><strong>24 novembre 2011&nbsp;: Omer Friedland<\/strong> (IMJ)<\/p>\n\n\n\n<blockquote class=\"wp-block-quote is-layout-flow wp-block-quote-is-layout-flow\"><p>Sur les plongements de sous-espaces de <em>TeX Embedding failed&nbsp;!<\/em>.<\/p><\/blockquote>\n\n\n\n<p><br><strong>1 d\u00e9cembre 2011&nbsp;: Joseph Lehec<\/strong> (Dauphine)<\/p>\n\n\n\n<blockquote class=\"wp-block-quote is-layout-flow wp-block-quote-is-layout-flow\"><p>Brunn-Minkowski sur le cube discret d\u2019apr\u00e8s Ollivier-Villani<\/p><\/blockquote>\n\n\n\n<p><br><strong>8 d\u00e9cembre 2011&nbsp;: Relache<\/strong><\/p>\n\n\n\n<p><br><strong>15 d\u00e9cembre 2011&nbsp;: Pierre Youssef<\/strong> (Paris Est Marne la Vall\u00e9e)<\/p>\n\n\n\n<blockquote class=\"wp-block-quote is-layout-flow wp-block-quote-is-layout-flow\"><p>Approximations de la convariance de matrice al\u00e9atoires, d\u2019apr\u00e8s Srivastava et Vershynin<\/p><\/blockquote>\n\n\n\n<p><br><strong>5 janvier 2012&nbsp;: Omer Friedland<\/strong><\/p>\n\n\n\n<blockquote class=\"wp-block-quote is-layout-flow wp-block-quote-is-layout-flow\"><p>Sur les plongements de sous-espaces de <em>TeX Embedding failed&nbsp;!<\/em>&nbsp;: cas des espaces avec cotype<\/p><\/blockquote>\n\n\n\n<p><br><strong>12 janvier 2011&nbsp;: Relache<\/strong><\/p>\n\n\n\n<blockquote class=\"wp-block-quote is-layout-flow wp-block-quote-is-layout-flow\"><p>Ecole d\u2019Hiver \u00ab\u00a0<strong>Discrete Fourier Analysis and Influences<\/strong>\u00a0\u00bb \u00e0 Marne-la-Vall\u00e9e<\/p><\/blockquote>\n\n\n\n<blockquote class=\"wp-block-quote is-layout-flow wp-block-quote-is-layout-flow\"><p><a href=\"http:\/\/wiki-math.univ-mlv.fr\/gemecod\/doku.php\/winterschool2012\">http:\/\/wiki-math.univ-mlv.fr\/gemecod\/doku.php\/winterschool2012<\/a><\/p><\/blockquote>\n\n\n\n<p><br><strong>19 janvier 2012&nbsp;: Bernard Maurey<\/strong><\/p>\n\n\n\n<blockquote class=\"wp-block-quote is-layout-flow wp-block-quote-is-layout-flow\"><p>In\u00e9galit\u00e9s de Brunn-Minkowski quantitatives, d\u2019apr\u00e8s Figalli, Maggi et Pratelli<\/p><\/blockquote>\n\n\n\n<p><br><strong>26 janvier 2012&nbsp;: A pr\u00e9ciser<\/strong><\/p>\n\n\n\n<blockquote class=\"wp-block-quote is-layout-flow wp-block-quote-is-layout-flow\"><p>A pr\u00e9ciser<\/p><\/blockquote>\n\n\n\n<p><br><strong>2 f\u00e9vrier 2012&nbsp;: Arnaud Marsiglietti<\/strong> (Paris Est Marne la Vall\u00e9e)<\/p>\n\n\n\n<blockquote class=\"wp-block-quote is-layout-flow wp-block-quote-is-layout-flow\"><p>In\u00e9galit\u00e9s additives et Brunn-Minkowski<\/p><\/blockquote>\n\n\n\n<p><br><strong>9 f\u00e9vrier 2012&nbsp;: Gilles Pisier<\/strong> (IMJ)<\/p>\n\n\n\n<blockquote class=\"wp-block-quote is-layout-flow wp-block-quote-is-layout-flow\"><p>Matrices al\u00e9atoires de formes trilin\u00e9aires<\/p><\/blockquote>\n\n\n\n<p><br><strong>16 f\u00e9vrier 2012&nbsp;: Tomasz Tkocz<\/strong> (Univ. Warsaw)<\/p>\n\n\n\n<blockquote class=\"wp-block-quote is-layout-flow wp-block-quote-is-layout-flow\"><p>S-inequality.<\/p><\/blockquote>\n\n\n\n<p><br><strong>22 mars 2012&nbsp;: Ohad Giladi<\/strong> (IMJ)<\/p>\n\n\n\n<blockquote class=\"wp-block-quote is-layout-flow wp-block-quote-is-layout-flow\"><p>Nonlinear Dvoretzky Theorems<\/p><\/blockquote>\n\n\n\n<p><br><strong>29 mars 2012&nbsp;: Gilles Pisier<\/strong> (IMJ)<\/p>\n\n\n\n<blockquote class=\"wp-block-quote is-layout-flow wp-block-quote-is-layout-flow\"><p>Cotype des produits tensoriels projectifs de Lp (d\u2019apres Oded Regev <em>et al.<\/em>)<\/p><\/blockquote>\n","protected":false},"excerpt":{"rendered":"<p>Organisateurs&nbsp;: Dario Cordero-Erausquin (IMJ), Matthieu Fradelizi (Paris Est &#8211; UMLV), Olivier Guedon (Paris Est &#8211; UMLV)Le Jeudi \u00e0 15h15 &#8211; salle 13 &#8211; couloir 15-16 &#8211; 4\u00e8me \u00e9tage(Institut de Math\u00e9matiques &#8211; 4 place Jussieu &#8211; 75005 PARIS) Ann\u00e9e 2011 &#8211; 2012 3 novembre 2011&nbsp;: Ohad Giladi (IMJ) Type and cotype on metric spaces 10 novembre [&hellip;]<\/p>\n","protected":false},"author":1,"featured_media":0,"parent":0,"menu_order":0,"comment_status":"closed","ping_status":"closed","template":"","meta":{"footnotes":""},"class_list":["post-81","page","type-page","status-publish","hentry"],"_links":{"self":[{"href":"https:\/\/www.imj-prg.fr\/af\/wp-json\/wp\/v2\/pages\/81","targetHints":{"allow":["GET"]}}],"collection":[{"href":"https:\/\/www.imj-prg.fr\/af\/wp-json\/wp\/v2\/pages"}],"about":[{"href":"https:\/\/www.imj-prg.fr\/af\/wp-json\/wp\/v2\/types\/page"}],"author":[{"embeddable":true,"href":"https:\/\/www.imj-prg.fr\/af\/wp-json\/wp\/v2\/users\/1"}],"replies":[{"embeddable":true,"href":"https:\/\/www.imj-prg.fr\/af\/wp-json\/wp\/v2\/comments?post=81"}],"version-history":[{"count":1,"href":"https:\/\/www.imj-prg.fr\/af\/wp-json\/wp\/v2\/pages\/81\/revisions"}],"predecessor-version":[{"id":82,"href":"https:\/\/www.imj-prg.fr\/af\/wp-json\/wp\/v2\/pages\/81\/revisions\/82"}],"wp:attachment":[{"href":"https:\/\/www.imj-prg.fr\/af\/wp-json\/wp\/v2\/media?parent=81"}],"curies":[{"name":"wp","href":"https:\/\/api.w.org\/{rel}","templated":true}]}}