{"id":83,"date":"2020-12-16T10:39:29","date_gmt":"2020-12-16T09:39:29","guid":{"rendered":"http:\/\/dev.imj-prg.fr\/af\/?page_id=83"},"modified":"2020-12-16T10:39:29","modified_gmt":"2020-12-16T09:39:29","slug":"archive-2012-2013-du-groupe-de-travail-convexite-et-probabilites","status":"publish","type":"page","link":"https:\/\/www.imj-prg.fr\/af\/archive-2012-2013-du-groupe-de-travail-convexite-et-probabilites\/","title":{"rendered":"Archive 2012-2013 du Groupe de Travail \u00ab\u00a0Convexit\u00e9 et Probabilit\u00e9s\u00a0\u00bb"},"content":{"rendered":"\n<p>Organisateurs&nbsp;: <a>Dario Cordero-Erausquin<\/a> (IMJ), <a>Matthieu Fradelizi <\/a>(Paris Est &#8211; UMLV), <a>Olivier Guedon<\/a> (Paris Est &#8211; UMLV), <a>Joseph Lehec <\/a>(Dauphine),<br><strong>Le Jeudi \u00e0 14h ou 15h15 \u00e0 Jussieu<\/strong><br>(Institut de Math\u00e9matiques &#8211; 4 place Jussieu &#8211; 75005 PARIS) <strong>Ann\u00e9e 2012 &#8211; 2013<\/strong><\/p>\n\n\n\n<hr class=\"wp-block-separator\"\/>\n\n\n\n<p><br><br><strong>Jeudi 18 octobre \u00e0 14h (salle 15-25-502)&nbsp;: Joseph Lehec<\/strong> (Dauphine)<\/p>\n\n\n\n<blockquote class=\"wp-block-quote is-layout-flow wp-block-quote-is-layout-flow\"><p>De la variance au trou spectral pour les distributions log-concaves, d\u2019apr\u00e8s R. Eldan<\/p><\/blockquote>\n\n\n\n<p><br><strong>Jeudi 25 octobre \u00e0 14h (salle 15-25-502)&nbsp;: Joseph Lehec<\/strong> (Dauphine)<\/p>\n\n\n\n<blockquote class=\"wp-block-quote is-layout-flow wp-block-quote-is-layout-flow\"><p>De la variance au trou spectral pour les distributions log-concaves, d\u2019apr\u00e8s R. Eldan (Suite)<\/p><\/blockquote>\n\n\n\n<p><br><strong>Jeudi 1 novembre&nbsp;: f\u00e9rie<\/strong><\/p>\n\n\n\n<p><br><strong>Jeudi 8 novembre \u00e0 14h (salle 15-25-502)&nbsp;: \u00e0 pr\u00e9ciser<\/strong><\/p>\n\n\n\n<p><br><strong>Jeudi 15 novembre \u00e0 14h&nbsp;: gdt \u00e0 l\u2019IHP<\/strong> <a href=\"http:\/\/wiki-math.univ-mlv.fr\/gemecod\/doku.php\/worksemihp2012\">http:\/\/wiki-math.univ-mlv.fr\/gemecod\/doku.php\/worksemihp2012<\/a><\/p>\n\n\n\n<p><br><strong>Jeudi 22 novembre \u00e0 14h&nbsp;: Bo\u2019az Klartag<\/strong> (Tel Aviv)<\/p>\n\n\n\n<blockquote class=\"wp-block-quote is-layout-flow wp-block-quote-is-layout-flow\"><p>Real Monge-Amp\u00e8re equations, K\u00e4hler toric varieties and convex bodies, d\u2019apr\u00e8s R. Berman and and B. Berndtsson.<\/p><\/blockquote>\n\n\n\n<p><strong>Jeudi 29 novembre \u00e0 14&nbsp;: Matthieu Fradelizi<\/strong> (Paris-Est-Marne-la-Vall\u00e9e)<\/p>\n\n\n\n<blockquote class=\"wp-block-quote is-layout-flow wp-block-quote-is-layout-flow\"><p>Applications de la localisation par les aiguilles<\/p><\/blockquote>\n\n\n\n<p><br><strong>Jeudi 6 d\u00e9cembre \u00e0 14h&nbsp;: gdt \u00e0 l\u2019IHP<\/strong> <a href=\"http:\/\/wiki-math.univ-mlv.fr\/gemecod\/doku.php\/worksemihp2012\">http:\/\/wiki-math.univ-mlv.fr\/gemecod\/doku.php\/worksemihp2012<\/a><\/p>\n\n\n\n<p><br><strong>Jeudi 13 d\u00e9cembre&nbsp;: relache (conf\u00e9rence \u00e0 Oberwolfach)<\/strong><\/p>\n\n\n\n<p><br><strong>Jeudi 20 d\u00e9cembre&nbsp;: Matthieu Fradelizi<\/strong> (Paris-Est-Marne-la-Vall\u00e9e)<\/p>\n\n\n\n<blockquote class=\"wp-block-quote is-layout-flow wp-block-quote-is-layout-flow\"><p>Applications de la localisation par les aiguilles (suite, \u00e0 confirmer)<\/p><\/blockquote>\n\n\n\n<p><br><strong>Jeudi 14 f\u00e9vrier 2013 (Salle 1525-1-02)&nbsp;: Luc Deleaval<\/strong> (Paris-Est-Marne-la-Vall\u00e9e)<\/p>\n\n\n\n<blockquote class=\"wp-block-quote is-layout-flow wp-block-quote-is-layout-flow\"><p>Les fonctions maximales sur la boule euclidienne, d\u2019apr\u00e8s Stein-Str\u00f6mberg<\/p><\/blockquote>\n\n\n\n<p><br><strong>Jeudi 21 f\u00e9vrier 2013 (Salle 1525-1-02)&nbsp;: Olivier Gu\u00e9don<\/strong> (Paris-Est-Marne-la-Vall\u00e9e)<\/p>\n\n\n\n<blockquote class=\"wp-block-quote is-layout-flow wp-block-quote-is-layout-flow\"><p>Les fonctionns maximales sur un corps convexe&nbsp;: le cas L^2, d\u2019apr\u00e8s Bourgain<\/p><\/blockquote>\n\n\n\n<p><br><strong>Jeudi 28 f\u00e9vrier 2013 (Salle 1525-1-02)&nbsp;: Bernard Maurey<\/strong> (IMJ)<\/p>\n\n\n\n<blockquote class=\"wp-block-quote is-layout-flow wp-block-quote-is-layout-flow\"><p>In\u00e9galit\u00e9s maximales, le cas L^p&nbsp;: aper\u00e7u des travaux de T. Carbery et D. M\u00fcller.<\/p><\/blockquote>\n\n\n\n<p><br><strong>Jeudi 21 Mars 2013 \u00e0 14h (Salle 15-16-101)&nbsp;: Brendan Farrell<\/strong> (Caltech, USA).<\/p>\n\n\n\n<blockquote class=\"wp-block-quote is-layout-flow wp-block-quote-is-layout-flow\"><p>Random Matrix Theory and the Angles Between Random Subspaces<\/p><\/blockquote>\n\n\n\n<blockquote class=\"wp-block-quote is-layout-flow wp-block-quote-is-layout-flow\"><p><em>Abstract&nbsp;: We consider two approaches to address angles between random subspaces&nbsp;: classical random matrix theory and free probability. In the former, one constructs random subspaces from vectors with independent random entries. In the latter, one has historically started with the uniform distribution on subspaces of appropriate dimension. We point out when these two approaches coincide and present new results for both. In particular, we present the first universality result for the random matrix theory approach and present the first result beyond uniform distribution for the free probability approach. This work is with L. Erdos and G. Anderson.<\/em><\/p><\/blockquote>\n\n\n\n<p><br><strong>Jeudi 28 mars 2013 \u00e0 14h (Salle 15-16-101)&nbsp;: Bernard Maurey<\/strong> (IMJ)<\/p>\n\n\n\n<blockquote class=\"wp-block-quote is-layout-flow wp-block-quote-is-layout-flow\"><p>In\u00e9galit\u00e9s maximales, le cas L^p&nbsp;: aper\u00e7u des travaux de T. Carbery et D. M\u00fcller (Suite).<\/p><\/blockquote>\n\n\n\n<p><br><strong>Jeudi 6 Juin 2013 <u>\u00e0 10h30<\/u> (Salle 15-16-413)&nbsp;: Bernard Maurey<\/strong> (IMJ)<\/p>\n\n\n\n<blockquote class=\"wp-block-quote is-layout-flow wp-block-quote-is-layout-flow\"><p>Les in\u00e9galit\u00e9s maximales L^p pour le cube, d\u2019apr\u00e8s Bourgain.<\/p><\/blockquote>\n","protected":false},"excerpt":{"rendered":"<p>Organisateurs&nbsp;: Dario Cordero-Erausquin (IMJ), Matthieu Fradelizi (Paris Est &#8211; UMLV), Olivier Guedon (Paris Est &#8211; UMLV), Joseph Lehec (Dauphine),Le Jeudi \u00e0 14h ou 15h15 \u00e0 Jussieu(Institut de Math\u00e9matiques &#8211; 4 place Jussieu &#8211; 75005 PARIS) Ann\u00e9e 2012 &#8211; 2013 Jeudi 18 octobre \u00e0 14h (salle 15-25-502)&nbsp;: Joseph Lehec (Dauphine) De la variance au trou spectral [&hellip;]<\/p>\n","protected":false},"author":1,"featured_media":0,"parent":0,"menu_order":0,"comment_status":"closed","ping_status":"closed","template":"","meta":{"footnotes":""},"class_list":["post-83","page","type-page","status-publish","hentry"],"_links":{"self":[{"href":"https:\/\/www.imj-prg.fr\/af\/wp-json\/wp\/v2\/pages\/83","targetHints":{"allow":["GET"]}}],"collection":[{"href":"https:\/\/www.imj-prg.fr\/af\/wp-json\/wp\/v2\/pages"}],"about":[{"href":"https:\/\/www.imj-prg.fr\/af\/wp-json\/wp\/v2\/types\/page"}],"author":[{"embeddable":true,"href":"https:\/\/www.imj-prg.fr\/af\/wp-json\/wp\/v2\/users\/1"}],"replies":[{"embeddable":true,"href":"https:\/\/www.imj-prg.fr\/af\/wp-json\/wp\/v2\/comments?post=83"}],"version-history":[{"count":1,"href":"https:\/\/www.imj-prg.fr\/af\/wp-json\/wp\/v2\/pages\/83\/revisions"}],"predecessor-version":[{"id":84,"href":"https:\/\/www.imj-prg.fr\/af\/wp-json\/wp\/v2\/pages\/83\/revisions\/84"}],"wp:attachment":[{"href":"https:\/\/www.imj-prg.fr\/af\/wp-json\/wp\/v2\/media?parent=83"}],"curies":[{"name":"wp","href":"https:\/\/api.w.org\/{rel}","templated":true}]}}