{"id":87,"date":"2020-12-16T10:40:33","date_gmt":"2020-12-16T09:40:33","guid":{"rendered":"http:\/\/dev.imj-prg.fr\/af\/?page_id=87"},"modified":"2020-12-16T10:42:01","modified_gmt":"2020-12-16T09:42:01","slug":"groupe-de-travail-convexite-et-probabilites","status":"publish","type":"page","link":"https:\/\/www.imj-prg.fr\/af\/groupe-de-travail-convexite-et-probabilites\/","title":{"rendered":"Archive 2014-2015 du Groupe de Travail \u00ab\u00a0Convexit\u00e9 et Probabilit\u00e9s\u00a0\u00bb"},"content":{"rendered":"\n<p>Organisateurs : <a>Dario Cordero-Erausquin<\/a> (IMJ), <a>Matthieu Fradelizi <\/a>(Paris Est &#8211; UMLV), <a>Olivier Guedon<\/a> (Paris Est &#8211; UMLV), <a>Joseph Lehec <\/a>(Dauphine),<br><strong>Le Jeudi \u00e0 14h \u00e0 Jussieu<\/strong><br>(Institut de Math\u00e9matiques &#8211; 4 place Jussieu &#8211; 75005 PARIS) <strong>Ann\u00e9e 2014 &#8211; 2015<\/strong><\/p>\n\n\n\n<hr class=\"wp-block-separator\"\/>\n\n\n\n<p><strong>Jeudi 13 novembre \u00e0 14h (salle 15-25-502) : Dario Cordero-Erausquin<\/strong> (IMJ)<\/p>\n\n\n\n<blockquote class=\"wp-block-quote is-layout-flow wp-block-quote-is-layout-flow\"><p>L&rsquo;in\u00e9galit\u00e9 de Blaschke-Santalo par l&rsquo;analyse de Fourier (Paley-Wiener), d&rsquo;apr\u00e8s M. Kelly<\/p><\/blockquote>\n\n\n\n<p><strong>Jeudi 20 novembre \u00e0 14h (salle 15-25-502) : Dmitry Faifman<\/strong> (IHES)<\/p>\n\n\n\n<blockquote class=\"wp-block-quote is-layout-flow wp-block-quote-is-layout-flow\"><p>The quotient Finsler structure and symplectic geometry<\/p><\/blockquote>\n\n\n\n<p><strong>Jeudi 27 novembre \u00e0 14h (salle 15-25-502) : Joseph Lehec<\/strong> (Dauphine)<\/p>\n\n\n\n<blockquote class=\"wp-block-quote is-layout-flow wp-block-quote-is-layout-flow\"><p>R\u00e9gularisation dans L^1 faible par convolution, d&rsquo;apr\u00e8s Eldan et Lee.<\/p><\/blockquote>\n","protected":false},"excerpt":{"rendered":"<p>Organisateurs : Dario Cordero-Erausquin (IMJ), Matthieu Fradelizi (Paris Est &#8211; UMLV), Olivier Guedon (Paris Est &#8211; UMLV), Joseph Lehec (Dauphine),Le Jeudi \u00e0 14h \u00e0 Jussieu(Institut de Math\u00e9matiques &#8211; 4 place Jussieu &#8211; 75005 PARIS) Ann\u00e9e 2014 &#8211; 2015 Jeudi 13 novembre \u00e0 14h (salle 15-25-502) : Dario Cordero-Erausquin (IMJ) L&rsquo;in\u00e9galit\u00e9 de Blaschke-Santalo par l&rsquo;analyse de [&hellip;]<\/p>\n","protected":false},"author":1,"featured_media":0,"parent":0,"menu_order":0,"comment_status":"closed","ping_status":"closed","template":"","meta":{"footnotes":""},"class_list":["post-87","page","type-page","status-publish","hentry"],"_links":{"self":[{"href":"https:\/\/www.imj-prg.fr\/af\/wp-json\/wp\/v2\/pages\/87","targetHints":{"allow":["GET"]}}],"collection":[{"href":"https:\/\/www.imj-prg.fr\/af\/wp-json\/wp\/v2\/pages"}],"about":[{"href":"https:\/\/www.imj-prg.fr\/af\/wp-json\/wp\/v2\/types\/page"}],"author":[{"embeddable":true,"href":"https:\/\/www.imj-prg.fr\/af\/wp-json\/wp\/v2\/users\/1"}],"replies":[{"embeddable":true,"href":"https:\/\/www.imj-prg.fr\/af\/wp-json\/wp\/v2\/comments?post=87"}],"version-history":[{"count":2,"href":"https:\/\/www.imj-prg.fr\/af\/wp-json\/wp\/v2\/pages\/87\/revisions"}],"predecessor-version":[{"id":89,"href":"https:\/\/www.imj-prg.fr\/af\/wp-json\/wp\/v2\/pages\/87\/revisions\/89"}],"wp:attachment":[{"href":"https:\/\/www.imj-prg.fr\/af\/wp-json\/wp\/v2\/media?parent=87"}],"curies":[{"name":"wp","href":"https:\/\/api.w.org\/{rel}","templated":true}]}}