{"id":27,"date":"2020-12-16T15:49:51","date_gmt":"2020-12-16T14:49:51","guid":{"rendered":"http:\/\/dev.imj-prg.fr\/ao\/?page_id=27"},"modified":"2025-09-24T12:12:49","modified_gmt":"2025-09-24T10:12:49","slug":"seminaires","status":"publish","type":"page","link":"https:\/\/www.imj-prg.fr\/ao\/seminaires\/","title":{"rendered":"S\u00e9minaires"},"content":{"rendered":"\n<p class=\"has-text-align-right\"><a href=\"\/ao\/anciens-seminaires\">Historique<\/a><\/p>\n\n\n\n   <script type=\"text\/javascript\" src=\"https:\/\/www.imj-prg.fr\/js\/jquery.tablesorter.min.js\"><\/script>\n\n  \n    <div class=\"well\">\n                 \n     \t                                        \n\t\t<h2><a href ='\/gestion\/evenement\/1'>S\u00e9minaires\n     2025-2026    <\/a><\/h2>\n    <table class=\"table table-striped\">\n\n  <script type=\"text\/javascript\" id=\"js\">$(document).ready(function() {\n\n   $(\"table\").tablesorter({\n     sortList: [[0,0]]\n   });\n   });\n  }); <\/script>\n  <\/table>\n     <table  class=\"tabsem tablesorter table\"> <thead>\n      <tr>\n\t   <th> S\u00e9minaires<\/th>  <th>Responsables<\/th>  <th>Prochain <\/th><th>Prochain(s) intervenant(s)<\/th><th>Date<\/th>\n      <\/tr><\/thead>\n\t                                   \n            \n    \n\t<tr>\n\t<td><a href='\/gestion\/evenement\/affEvenement\/74'>S\u00e9minaire d&#039;Alg\u00e8bres d&#039;Op\u00e9rateurs<\/a><\/td>\n\t<td>Matthieu Joseph, Omar Mohsen<\/td>\n                                                                                                <td>The type I dichotomy for two-step nilpotent groups<\/td>\n    <td>    Max Carter - Louvain-la-Neuve,\n        <\/td>\n    <td>09\/04\/2026 14:00 <\/td>\n                                \n\t<\/tr>     <\/table>\n<\/div>\n\n   \n    <div class=\"well\">\n                 \n         <\/table>\n<\/div>\n\n   \n    <div class=\"well\">\n                 \n         <\/table>\n<\/div>\n\n   \n    <div class=\"well\">\n                 \n         <\/table>\n<\/div>\n\n   \n    <div class=\"well\">\n                 \n         <\/table>\n<\/div>\n\n  \n\n\n\n<p>Les membres ext\u00e9rieurs de l&rsquo;IMJ-PRG peuvent recevoir chaque semaine les informations du s\u00e9minaire d&rsquo;alg\u00e8bres d&rsquo;op\u00e9rateurs en s&rsquo;abonnant \u00e0 la <a href=\"https:\/\/listes.math.cnrs.fr\/wws\/info\/seminaire_ao_imj-prg\">liste de diffusion<\/a>, <\/p>\n\n\n\n<p>-Pour s\u2019abonner, envoyer un message \u00e9lectronique a l\u2019adresse<br>sympa@math.cnrs.fr<br>dont l&rsquo;objet est<br>SUB seminaire_ao_imj-prg<\/p>\n\n\n\n<p>-Pour se d\u00e9sabonner, envoyer un message \u00e9lectronique a l\u2019adresse<br>sympa@math.cnrs.fr<br>dont l&rsquo;objet est<br>SIG seminaire_ao_imj-prg<\/p>\n","protected":false},"excerpt":{"rendered":"<p>Historique Les membres ext\u00e9rieurs de l&rsquo;IMJ-PRG peuvent recevoir chaque semaine les informations du s\u00e9minaire d&rsquo;alg\u00e8bres d&rsquo;op\u00e9rateurs en s&rsquo;abonnant \u00e0 la liste de diffusion, -Pour s\u2019abonner, envoyer un message \u00e9lectronique a l\u2019adressesympa@math.cnrs.frdont l&rsquo;objet estSUB seminaire_ao_imj-prg -Pour se d\u00e9sabonner, envoyer un message \u00e9lectronique a l\u2019adressesympa@math.cnrs.frdont l&rsquo;objet estSIG seminaire_ao_imj-prg<\/p>\n","protected":false},"author":1,"featured_media":0,"parent":0,"menu_order":0,"comment_status":"closed","ping_status":"closed","template":"","meta":{"footnotes":""},"class_list":["post-27","page","type-page","status-publish","hentry"],"_links":{"self":[{"href":"https:\/\/www.imj-prg.fr\/ao\/wp-json\/wp\/v2\/pages\/27","targetHints":{"allow":["GET"]}}],"collection":[{"href":"https:\/\/www.imj-prg.fr\/ao\/wp-json\/wp\/v2\/pages"}],"about":[{"href":"https:\/\/www.imj-prg.fr\/ao\/wp-json\/wp\/v2\/types\/page"}],"author":[{"embeddable":true,"href":"https:\/\/www.imj-prg.fr\/ao\/wp-json\/wp\/v2\/users\/1"}],"replies":[{"embeddable":true,"href":"https:\/\/www.imj-prg.fr\/ao\/wp-json\/wp\/v2\/comments?post=27"}],"version-history":[{"count":6,"href":"https:\/\/www.imj-prg.fr\/ao\/wp-json\/wp\/v2\/pages\/27\/revisions"}],"predecessor-version":[{"id":88,"href":"https:\/\/www.imj-prg.fr\/ao\/wp-json\/wp\/v2\/pages\/27\/revisions\/88"}],"wp:attachment":[{"href":"https:\/\/www.imj-prg.fr\/ao\/wp-json\/wp\/v2\/media?parent=27"}],"curies":[{"name":"wp","href":"https:\/\/api.w.org\/{rel}","templated":true}]}}