{"id":30,"date":"2020-12-16T15:50:30","date_gmt":"2020-12-16T14:50:30","guid":{"rendered":"http:\/\/dev.imj-prg.fr\/ao\/?page_id=30"},"modified":"2020-12-16T15:57:23","modified_gmt":"2020-12-16T14:57:23","slug":"anciens-seminaires","status":"publish","type":"page","link":"https:\/\/www.imj-prg.fr\/ao\/anciens-seminaires\/","title":{"rendered":"Anciens s\u00e9minaires"},"content":{"rendered":"\n   <script type=\"text\/javascript\" src=\"https:\/\/www.imj-prg.fr\/js\/jquery.tablesorter.min.js\"><\/script>\n\n  \n    <div class=\"well\">\n                 \n     \t                                        \n\t\t<h2><a href ='\/gestion\/evenement\/1'>S\u00e9minaires\n        <\/a><\/h2>\n    <table class=\"table table-striped\">\n\n  <script type=\"text\/javascript\" id=\"js\">$(document).ready(function() {\n\n   $(\"table\").tablesorter({\n     sortList: [[0,0]]\n   });\n   });\n  }); <\/script>\n  <\/table>\n     <table  class=\"tabsem tablesorter table\"> <thead>\n      <tr>\n\t   <th> S\u00e9minaires<\/th>  <th>Responsables<\/th>  <th>Prochain <\/th><th>Prochain(s) intervenant(s)<\/th><th>Date<\/th>\n      <\/tr><\/thead>\n\t                                   \n            \n    \n\t<tr>\n\t<td><a href='\/gestion\/evenement\/affEvenement\/74'>S\u00e9minaire d&#039;Alg\u00e8bres d&#039;Op\u00e9rateurs<\/a><\/td>\n\t<td>Matthieu Joseph, Omar Mohsen<\/td>\n                                                                                                <td>The type I dichotomy for two-step nilpotent groups<\/td>\n    <td>    Max Carter - Louvain-la-Neuve,\n        <\/td>\n    <td>09\/04\/2026 14:00 <\/td>\n                                \n\t<\/tr>     <\/table>\n<\/div>\n\n   \n    <div class=\"well\">\n                 \n         <\/table>\n<\/div>\n\n   \n    <div class=\"well\">\n                 \n         <\/table>\n<\/div>\n\n   \n    <div class=\"well\">\n                 \n         <\/table>\n<\/div>\n\n   \n    <div class=\"well\">\n                 \n         <\/table>\n<\/div>\n\n  \n\n\n\n<h2 class=\"wp-block-heading\"><a href=\"\/ao\/archive-seminaire-algebres-doperateurs\">Archive S\u00e9minaire Alg\u00e8bres d\u2019Op\u00e9rateurs avant 2011<\/a><\/h2>\n\n\n\n<h2 class=\"wp-block-heading\"><strong><a href=\"\/ao\/archive-seminaire-analyse-et-geometrie\">Archive S\u00e9minaire Analyse et G\u00e9om\u00e9trie<\/a><\/strong><\/h2>\n","protected":false},"excerpt":{"rendered":"<p>Archive S\u00e9minaire Alg\u00e8bres d\u2019Op\u00e9rateurs avant 2011 Archive S\u00e9minaire Analyse et G\u00e9om\u00e9trie<\/p>\n","protected":false},"author":1,"featured_media":0,"parent":0,"menu_order":0,"comment_status":"closed","ping_status":"closed","template":"","meta":{"footnotes":""},"class_list":["post-30","page","type-page","status-publish","hentry"],"_links":{"self":[{"href":"https:\/\/www.imj-prg.fr\/ao\/wp-json\/wp\/v2\/pages\/30","targetHints":{"allow":["GET"]}}],"collection":[{"href":"https:\/\/www.imj-prg.fr\/ao\/wp-json\/wp\/v2\/pages"}],"about":[{"href":"https:\/\/www.imj-prg.fr\/ao\/wp-json\/wp\/v2\/types\/page"}],"author":[{"embeddable":true,"href":"https:\/\/www.imj-prg.fr\/ao\/wp-json\/wp\/v2\/users\/1"}],"replies":[{"embeddable":true,"href":"https:\/\/www.imj-prg.fr\/ao\/wp-json\/wp\/v2\/comments?post=30"}],"version-history":[{"count":4,"href":"https:\/\/www.imj-prg.fr\/ao\/wp-json\/wp\/v2\/pages\/30\/revisions"}],"predecessor-version":[{"id":42,"href":"https:\/\/www.imj-prg.fr\/ao\/wp-json\/wp\/v2\/pages\/30\/revisions\/42"}],"wp:attachment":[{"href":"https:\/\/www.imj-prg.fr\/ao\/wp-json\/wp\/v2\/media?parent=30"}],"curies":[{"name":"wp","href":"https:\/\/api.w.org\/{rel}","templated":true}]}}