{"id":36,"date":"2020-12-16T15:53:27","date_gmt":"2020-12-16T14:53:27","guid":{"rendered":"http:\/\/dev.imj-prg.fr\/ao\/?page_id=36"},"modified":"2020-12-16T15:53:27","modified_gmt":"2020-12-16T14:53:27","slug":"archive-seminaire-analyse-et-geometrie","status":"publish","type":"page","link":"https:\/\/www.imj-prg.fr\/ao\/archive-seminaire-analyse-et-geometrie\/","title":{"rendered":"Archive S\u00e9minaire Analyse et G\u00e9om\u00e9trie"},"content":{"rendered":"\n<figure class=\"wp-block-table\"><table><tbody><tr><td>Organisateur&nbsp;: <a href=\"http:\/\/www.math.jussieu.fr\/~zuk\/\">Andrzej Zuk<\/a> <strong>Jeudi &#8211; 15h30 &#8211; Salle 2015<\/strong> <a href=\"http:\/\/www.imj-prg.fr\/\">Institut de Math\u00e9matiques de Jussieu &#8211; Paris Rive Gauche<\/a> &#8211; <a href=\"http:\/\/www.imj-prg.fr\/spip.php?rubrique87&amp;lang=fr\">13 rue A. Einstein &#8211; 75013 PARIS<\/a><\/td><\/tr><\/tbody><\/table><\/figure>\n\n\n\n<h3 class=\"wp-block-heading\">2016<\/h3>\n\n\n\n<p>08\/09 <strong>L. Paunescu<\/strong><br>The Birkhoff -von Neumann Theorem in type II_1 setting<br>05\/01 <strong>A. Brothier<\/strong><br>Propri\u00e9t\u00e9s d\u2019approximation et sous-facteurs<\/p>\n\n\n\n<h3 class=\"wp-block-heading\">2015<\/h3>\n\n\n\n<p>09\/06 <strong>J. Dodziuk<\/strong><br>Surjectivity of the Laplacian on infinite graphs (11h00, salle 2016)<br>27\/05 <strong>L. Carbone<\/strong><br>Finite presentations of hyperbolic Kac-Moody groups (15h00, salle 2016)<br>27\/05 <strong>R. Tanaka<\/strong><br>Random walks on hyperbolic groups&nbsp;: entropy and drift (16h00, salle 2016)<\/p>\n\n\n\n<h3 class=\"wp-block-heading\">2014<\/h3>\n\n\n\n<p>17\/12 <strong>S. Popa<\/strong><br>Paving over arbitrary MASAs in von Neumann algebras<br>03\/12 <strong>X. Li<\/strong><br>L\u2019entropie et le th\u00e9or\u00e8me de rigidit\u00e9 pour le laplacien de Witten sur les vari\u00e9t\u00e9s riemanniennes<br>09\/04 <strong>I. Capdeboscq<\/strong> (11h00, salle 1006)<br>On some subgroups of topological Kac-Moody groups<br>02\/04 <strong>P. Varju<\/strong> (10h00, salle 2014)<br>Random walks on compact Lie groups<br>02\/04 <strong>A. Navas<\/strong> (11h00, salle 2014)<br>Some examples of non-rectifiable, repetitive Delone sets<br>05\/03 <strong>G. Willis<\/strong> (11h00, salle 1006)<br>A canonical form of almost automorphisms of trees<br>05\/03 <strong>M.&nbsp;Mimura<\/strong> (10h00, salle 1006)<br>Group approximation in Cayley topology and coarse geometry<br>27\/02 <strong>B. Steinberg<\/strong><br>Self-similar semigroups and finite state Markov chains<br>26\/02 <strong>P. Zalesski<\/strong><br>The profinite topology on groups<br>26\/02 <strong>S. Sidki<\/strong><br>On the n-ary adding machine<br>26\/02 <strong>P. Nowak<\/strong><br>Coarse geometry via uniformly bounded representations<br>18\/02 <strong>W. Woess<\/strong> (mardi, 11h00, salle 2014)<br>Isotropic Markov semigroups on ultra-metric spaces<br>11\/02 <strong>R. Tanaka<\/strong> (mardi, 16h00, salle 008)<br>Random walks on solvable Lie groups and their harmonic measures<\/p>\n\n\n\n<h3 class=\"wp-block-heading\">2013<\/h3>\n\n\n\n<p>27\/11 <strong>I. Moerdijk<\/strong><br>Classifying toposes and classifying spaces<br>06\/11 <strong>X. Li<\/strong><br>W-entropy formula, Perelman\u2019s Ricci flow and optimal transport on manifolds with weighted measure<br>24\/04 <strong>H. Moscovici<\/strong><br>On the twisted local index formula<br>03\/04 <strong>M.&nbsp;Eckstein<\/strong><br>Causal Structure for Noncommutative Geometry<br>27\/03 <strong>G. Kasparov<\/strong><br>Foliations, Clifford algebras, and Transverse Index theory<br>06\/03 <strong>A. Karlsson<\/strong><br>Two extensions of Thurston\u2019s spectral theorem for surface diffeomorphisms<br>27\/02 <strong>J.-C. Picaud<\/strong><br>Fonction de Margulis, exposants critiques et spectre essentiel des vari\u00e9t\u00e9s \u00e0 courbure n\u00e9gative<br>20\/02 <strong>A. Sambusetti<\/strong><br>Do negatively curved manifolds with (non-uniform) lattices have a Margulis function&nbsp;? (suite)<br>06\/02 <strong>A. Szczepanski<\/strong><br>Properties of Hantzsche-Wendt groups<\/p>\n\n\n\n<h3 class=\"wp-block-heading\">2012<\/h3>\n\n\n\n<p>23\/11 <strong>D. Kahrobaei (salle 7D01)<\/strong> 14:00-15:00<br>Non-commutative Group-based Cryptography<br>15\/11 <strong>F. Cipriani<\/strong> 10:00-11:00<br>Potential Theory on Compact Quantum Groups with applications to Noncommutative Geometry<br>15\/11 <strong>P. Martinetti<\/strong> 11:00-12:00<br>Aspect m\u00e9trique du plan de Moyal en g\u00e9om\u00e9trie non-commutative<br>04\/10 <strong>T. Gelander<\/strong> 15:30-16:30<br>Asymptotic behavior of Betti numbers<br>27\/09 <strong>T. Gelander<\/strong> 10:15-11:15<br>Fixed points and derivations<br>27\/09 <strong>T. Kato<\/strong> 15:30-16:30<br>Moduli spaces of holomorphic curves into infinite dimensional spaces<br>27\/09 <strong>S. Tsujimoto<\/strong> 16:30-17:30<br>An extension of BBS from the theory of Toda system<br>27\/09 <strong>H. Helfgott<\/strong> 17:30-18:30<br>Growth in the symmetric group<\/p>\n\n\n\n<h3 class=\"wp-block-heading\">2011<\/h3>\n\n\n\n<p>15\/12 <strong>T. Kato (Jeudi 15h salle 1D23)<\/strong><br>Automata groups, tropical geometry and dynamical Burnside problem<br>25\/05 <strong>G. Willis<\/strong><br>Totally disconnected, locally compact groups&nbsp;: contraction groups and directions of automorphisms<br>02\/03 <strong>T. Kondo<\/strong><br>CAT(0) spaces and nonlinear spectral gap<br>02\/02 <strong>C. Perin<\/strong><br>Logique du premier ordre des groupes hyperboliques<\/p>\n\n\n\n<h3 class=\"wp-block-heading\">S\u00e9minaires pass\u00e9s<\/h3>\n\n\n\n<figure class=\"wp-block-table\"><table><tbody><tr><td>14\/12<\/td><td>(11h00) <strong>M.&nbsp;Aka<\/strong> (Salle 0D09)<\/td><\/tr><tr><td><\/td><td>Arithmetic groups with isomorphic quotients<\/td><\/tr><\/tbody><\/table><\/figure>\n\n\n\n<figure class=\"wp-block-table\"><table><tbody><tr><td>14\/12<\/td><td>(14h00) <strong>G. Niblo<\/strong> (Salle 7D01)<\/td><\/tr><tr><td><\/td><td>Topological superrigidity<\/td><\/tr><\/tbody><\/table><\/figure>\n\n\n\n<figure class=\"wp-block-table\"><table><tbody><tr><td>14\/12<\/td><td>(15h30) <strong>T. Kato<\/strong> (Salle 7D01)<\/td><\/tr><tr><td><\/td><td>Hyperbolic systems of PDEs and automata groups in tropical geometry<\/td><\/tr><\/tbody><\/table><\/figure>\n\n\n\n<figure class=\"wp-block-table\"><table><tbody><tr><td>14\/12<\/td><td>(16h45) <strong>S. Garion<\/strong> (Salle 7D01)<\/td><\/tr><tr><td><\/td><td>Transitive and highly transitive actions of Out(Fn)<\/td><\/tr><\/tbody><\/table><\/figure>\n\n\n\n<figure class=\"wp-block-table\"><table><tbody><tr><td>14\/12<\/td><td>(18h00) <strong>A. Takatsu<\/strong> (Salle 7D01)<\/td><\/tr><tr><td><\/td><td>Wasserstein geometry on Porous medium equation<\/td><\/tr><\/tbody><\/table><\/figure>\n\n\n\n<figure class=\"wp-block-table\"><table><tbody><tr><td>24\/11<\/td><td>(16h00) <strong>T. Dymarz<\/strong> (Orsay)<\/td><\/tr><tr><td><\/td><td>Bilipschitz equivalence is not equivalent to quasi-isometric equivalence for finitely generated groups<\/td><\/tr><\/tbody><\/table><\/figure>\n\n\n\n<figure class=\"wp-block-table\"><table><tbody><tr><td>24\/11<\/td><td>(17h00) <strong>T. Gelander<\/strong> (Jerusalem)<\/td><\/tr><tr><td><\/td><td>Simple groups with no lattices<\/td><\/tr><\/tbody><\/table><\/figure>\n\n\n\n<figure class=\"wp-block-table\"><table><tbody><tr><td>10\/11<\/td><td><strong>F. Cipriani<\/strong><\/td><\/tr><tr><td><\/td><td>Some theorems in noncommutative potential theory<\/td><\/tr><\/tbody><\/table><\/figure>\n\n\n\n<figure class=\"wp-block-table\"><table><tbody><tr><td>03\/11<\/td><td><strong>H. Helfgott<\/strong><\/td><\/tr><tr><td><\/td><td>La croissance dans les groupes alg\u00e9briques et ses implications&nbsp;: un survol<\/td><\/tr><\/tbody><\/table><\/figure>\n\n\n\n<figure class=\"wp-block-table\"><table><tbody><tr><td>27\/10<\/td><td><strong>A. Navas<\/strong><\/td><\/tr><tr><td><\/td><td>Some results and questions about semigroup embedings and orderable groups<\/td><\/tr><\/tbody><\/table><\/figure>\n\n\n\n<figure class=\"wp-block-table\"><table><tbody><tr><td>20\/10<\/td><td><strong>G. Baumslag<\/strong><\/td><\/tr><tr><td><\/td><td>Finitely generated metabelian and free metabelian groups<\/td><\/tr><\/tbody><\/table><\/figure>\n\n\n\n<figure class=\"wp-block-table\"><table><tbody><tr><td>13\/10<\/td><td><strong>S. Garion<\/strong><\/td><\/tr><tr><td><\/td><td>Transitive and highly transitive actions of Out(Fn)<\/td><\/tr><\/tbody><\/table><\/figure>\n\n\n\n<figure class=\"wp-block-table\"><table><tbody><tr><td>06\/10<\/td><td><strong>M.&nbsp;Mimura<\/strong><\/td><\/tr><tr><td><\/td><td>On quasi-homomorphisms and commutators in SLn(A) (A:ring)<\/td><\/tr><\/tbody><\/table><\/figure>\n","protected":false},"excerpt":{"rendered":"<p>Organisateur&nbsp;: Andrzej Zuk Jeudi &#8211; 15h30 &#8211; Salle 2015 Institut de Math\u00e9matiques de Jussieu &#8211; Paris Rive Gauche &#8211; 13 rue A. Einstein &#8211; 75013 PARIS 2016 08\/09 L. PaunescuThe Birkhoff -von Neumann Theorem in type II_1 setting05\/01 A. BrothierPropri\u00e9t\u00e9s d\u2019approximation et sous-facteurs 2015 09\/06 J. DodziukSurjectivity of the Laplacian on infinite graphs (11h00, salle [&hellip;]<\/p>\n","protected":false},"author":1,"featured_media":0,"parent":0,"menu_order":0,"comment_status":"closed","ping_status":"closed","template":"","meta":{"footnotes":""},"class_list":["post-36","page","type-page","status-publish","hentry"],"_links":{"self":[{"href":"https:\/\/www.imj-prg.fr\/ao\/wp-json\/wp\/v2\/pages\/36","targetHints":{"allow":["GET"]}}],"collection":[{"href":"https:\/\/www.imj-prg.fr\/ao\/wp-json\/wp\/v2\/pages"}],"about":[{"href":"https:\/\/www.imj-prg.fr\/ao\/wp-json\/wp\/v2\/types\/page"}],"author":[{"embeddable":true,"href":"https:\/\/www.imj-prg.fr\/ao\/wp-json\/wp\/v2\/users\/1"}],"replies":[{"embeddable":true,"href":"https:\/\/www.imj-prg.fr\/ao\/wp-json\/wp\/v2\/comments?post=36"}],"version-history":[{"count":1,"href":"https:\/\/www.imj-prg.fr\/ao\/wp-json\/wp\/v2\/pages\/36\/revisions"}],"predecessor-version":[{"id":37,"href":"https:\/\/www.imj-prg.fr\/ao\/wp-json\/wp\/v2\/pages\/36\/revisions\/37"}],"wp:attachment":[{"href":"https:\/\/www.imj-prg.fr\/ao\/wp-json\/wp\/v2\/media?parent=36"}],"curies":[{"name":"wp","href":"https:\/\/api.w.org\/{rel}","templated":true}]}}