{"id":4,"date":"2020-12-15T14:33:39","date_gmt":"2020-12-15T13:33:39","guid":{"rendered":"http:\/\/dev.imj-prg.fr\/ao\/?page_id=4"},"modified":"2026-01-05T11:50:54","modified_gmt":"2026-01-05T10:50:54","slug":"accueil","status":"publish","type":"page","link":"https:\/\/www.imj-prg.fr\/ao\/","title":{"rendered":"Accueil"},"content":{"rendered":"\n<div class=\"wp-block-columns is-layout-flex wp-container-core-columns-is-layout-9d6595d7 wp-block-columns-is-layout-flex\">\n<div class=\"wp-block-column is-layout-flow wp-block-column-is-layout-flow\" style=\"flex-basis:33.33%\">\n<figure class=\"wp-block-image size-large is-resized\"><img decoding=\"async\" src=\"https:\/\/www.imj-prg.fr\/ao\/wp-content\/uploads\/sites\/5\/2020\/12\/accueil.png\" alt=\"\" style=\"width:252px;height:309px\" \/><\/figure>\n<\/div>\n\n\n\n<div class=\"wp-block-column is-layout-flow wp-block-column-is-layout-flow\" style=\"flex-basis:66.66%\">\n<h3 class=\"wp-block-heading\">Equipe Alg\u00e8bres d&rsquo;Op\u00e9rateurs<\/h3>\n\n\n\n<p><strong>Responsable d\u2019\u00e9quipe\u00a0:<\/strong> <a href=\"http:\/\/webusers.imj-prg.fr\/~romain.tessera\/\">Romain Tessera<\/a><br><strong>Responsable adjoint\u00a0:<\/strong> <a href=\"https:\/\/webusers.imj-prg.fr\/~pierre.fima\/\">Pierre Fima<\/a><br><strong>Gestionnaire<\/strong> : Jos\u00e9e Reyno<\/p>\n\n\n\n<p>Adresse postale&nbsp;:<\/p>\n\n\n\n<figure class=\"wp-block-table\"><table><tbody><tr><td>IMJ-PRG &#8211; UMR7586<br>Universit\u00e9 Paris Diderot<br>Boite Courrier 7012<br>B\u00e2timent Sophie Germain<br>7e \u00e9tage<br>8 Place Aur\u00e9lie Nemours,<br>75205 Paris Cedex 13<\/td><\/tr><\/tbody><\/table><\/figure>\n<\/div>\n<\/div>\n\n\n\n<h2 class=\"wp-block-heading\">Pr\u00e9sentation<\/h2>\n\n\n\n<p>Le projet Alg\u00e8bres d\u2019Op\u00e9rateurs est historiquement le premier centre fran\u00e7ais d\u00e9di\u00e9 \u00e0 l\u2019\u00e9tude et aux applications de la g\u00e9om\u00e9trie non commutative, d\u00e9velopp\u00e9e par Alain Connes \u00e0 la fin des ann\u00e9es 1970. Il s\u2019agit d\u2019une \u00e9quipe de r\u00e9f\u00e9rence au niveau national et mondial, qui joue un r\u00f4le essentiel dans l\u2019essor, la dynamique et la structuration de cette discipline.<\/p>\n\n\n\n<p>Les objets, techniques et outils math\u00e9matiques utilis\u00e9s sont extr\u00eamement vari\u00e9s et sont issus de l\u2019alg\u00e8bre, de l\u2019alg\u00e8bre homologique, de l\u2019analyse, de l\u2019analyse fonctionnelle, de la g\u00e9om\u00e9trie diff\u00e9rentielle et symplectique, de la K-th\u00e9orie, de la th\u00e9orie des repr\u00e9sentations, de la topologie, de la th\u00e9orie ergodique, de la th\u00e9orie des mod\u00e8les, \u2026<\/p>\n\n\n\n<p>L\u2019\u00e9quipe d\u00e9veloppe ainsi de nombreuses th\u00e9matiques autour des alg\u00e8bres d\u2019op\u00e9rateurs et leurs applications&nbsp;:<\/p>\n\n\n\n<ul class=\"wp-block-list\">\n<li>th\u00e9orie g\u00e9om\u00e9trique et mesur\u00e9e des groupes (Fima, Joseph, Tessera, Zuk)<\/li>\n\n\n\n<li>feuilletages, syst\u00e8mes dynamiques, th\u00e9orie de l\u2019indice (Debord, Hilsum, Leichtnam, Ma, Mohsen, Perrot, Skandalis, Vassout)<\/li>\n\n\n\n<li>K-th\u00e9orie, calcul pseudo-diff\u00e9rentiel (Debord, Mohsen, Skandalis, Vassout)<\/li>\n\n\n\n<li>groupes et groupo\u00efdes quantiques (Fima, Skandalis, Vallin)<\/li>\n\n\n\n<li>g\u00e9om\u00e9trie arithm\u00e9tique, th\u00e9orie des nombres (Leichtnam)<\/li>\n\n\n\n<li>th\u00e9orie spectrale (Sahbani)<\/li>\n\n\n\n<li>th\u00e9orie du potentiel (Sauvageot)<\/li>\n<\/ul>\n\n\n\n<p>L\u2019\u00e9quipe int\u00e8gre \u00e9galement des groupes de recherche nationaux et europ\u00e9ens&nbsp;:<\/p>\n\n\n\n<ul class=\"wp-block-list\">\n<li><a href=\"https:\/\/platwniko-tetraedro.pages.math.cnrs.fr\/tetraedro-site\/\">GDR T\u00e9tra\u00e9dre<\/a><\/li>\n\n\n\n<li><a href=\"https:\/\/imag.umontpellier.fr\/~brieussel\/PLAGE\/\">ANR PLAGE<\/a><\/li>\n<\/ul>\n","protected":false},"excerpt":{"rendered":"<p>Equipe Alg\u00e8bres d&rsquo;Op\u00e9rateurs Responsable d\u2019\u00e9quipe\u00a0: Romain TesseraResponsable adjoint\u00a0: Pierre FimaGestionnaire : Jos\u00e9e Reyno Adresse postale&nbsp;: IMJ-PRG &#8211; UMR7586Universit\u00e9 Paris DiderotBoite Courrier 7012B\u00e2timent Sophie Germain7e \u00e9tage8 Place Aur\u00e9lie Nemours,75205 Paris Cedex 13 Pr\u00e9sentation Le projet Alg\u00e8bres d\u2019Op\u00e9rateurs est historiquement le premier centre fran\u00e7ais d\u00e9di\u00e9 \u00e0 l\u2019\u00e9tude et aux applications de la g\u00e9om\u00e9trie non commutative, d\u00e9velopp\u00e9e par [&hellip;]<\/p>\n","protected":false},"author":1,"featured_media":0,"parent":0,"menu_order":0,"comment_status":"closed","ping_status":"closed","template":"","meta":{"footnotes":""},"class_list":["post-4","page","type-page","status-publish","hentry"],"_links":{"self":[{"href":"https:\/\/www.imj-prg.fr\/ao\/wp-json\/wp\/v2\/pages\/4","targetHints":{"allow":["GET"]}}],"collection":[{"href":"https:\/\/www.imj-prg.fr\/ao\/wp-json\/wp\/v2\/pages"}],"about":[{"href":"https:\/\/www.imj-prg.fr\/ao\/wp-json\/wp\/v2\/types\/page"}],"author":[{"embeddable":true,"href":"https:\/\/www.imj-prg.fr\/ao\/wp-json\/wp\/v2\/users\/1"}],"replies":[{"embeddable":true,"href":"https:\/\/www.imj-prg.fr\/ao\/wp-json\/wp\/v2\/comments?post=4"}],"version-history":[{"count":14,"href":"https:\/\/www.imj-prg.fr\/ao\/wp-json\/wp\/v2\/pages\/4\/revisions"}],"predecessor-version":[{"id":104,"href":"https:\/\/www.imj-prg.fr\/ao\/wp-json\/wp\/v2\/pages\/4\/revisions\/104"}],"wp:attachment":[{"href":"https:\/\/www.imj-prg.fr\/ao\/wp-json\/wp\/v2\/media?parent=4"}],"curies":[{"name":"wp","href":"https:\/\/api.w.org\/{rel}","templated":true}]}}