{"id":45,"date":"2020-12-16T15:59:25","date_gmt":"2020-12-16T14:59:25","guid":{"rendered":"http:\/\/dev.imj-prg.fr\/ao\/?page_id=45"},"modified":"2020-12-16T15:59:25","modified_gmt":"2020-12-16T14:59:25","slug":"theses","status":"publish","type":"page","link":"https:\/\/www.imj-prg.fr\/ao\/theses\/","title":{"rendered":"Th\u00e8ses"},"content":{"rendered":"<link rel=\"stylesheet\" type=\"text\/css\" href=\"https:\/\/cdn.datatables.net\/v\/dt\/dt-1.10.23\/datatables.min.css\"\/>\n \n<script type=\"text\/javascript\" src=\"https:\/\/cdn.datatables.net\/v\/dt\/dt-1.10.23\/datatables.min.js\"><\/script>\n\n<script>\njQuery(document).ready(function($){\n\t\n    $('#tabthese').DataTable({\n\t\tlanguage: {\turl: 'https:\/\/cdn.datatables.net\/plug-ins\/1.10.22\/i18n\/French.json'},\n\t\tpageLength: 50,\n\t\torder: [[ 2, 'desc' ]],\n\t\tdrawCallback: function(settings) {\n\t\t\tvar pagination = $(this).closest('.dataTables_wrapper').find('.dataTables_paginate');\n\t\t\tpagination.toggle(this.api().page.info().pages > 1);\n\t\t\trowCount = $('#tabthese tr').length;\n\t\t\tif(rowCount < 50){\n\t\t\t\n\t\t\t\t$( \"#tabthese_length\" ).hide();\n\t\t\t\t\n\t\t\t\t$( \"#tabthese_info\" ).text(rowCount+ ' \u00e9l\u00e9ments');\n\t\t\t}\n\t\t}\n\t\t\t\t\t\n        });\n\t} );\n<\/script>\n\t\t<table id=\"tabthese\" class=\"display\" ><thead><tr><th>Nom<\/th> <th>Titre<\/th><th>Ann\u00e9e<\/th><th>Directeur de th\u00e8se<\/th><th> <\/th><\/tr><\/thead><tr><td>Correia Corentin<\/td><td>Sur l'\u00e9quivalence orbitale quantitative entre groupes moyennables<\/td><td>2025<\/td><td>Romain Tessera<\/td><td><br><a href=\"https:\/\/www.theses.fr\/s378212\">Lien theses.fr<\/a><\/td><\/tr><tr><td>Paucar Juan<\/td><td>Asymptotic aspects of locally compact groups: Measured Equivalence and Growth of Cocycles<\/td><td>2025<\/td><td>Romain Tessera<\/td><td><br><a href=\"https:\/\/www.theses.fr\/s261236\">Lien theses.fr<\/a><\/td><\/tr><tr><td>Troupel Arthur<\/td><td>Produits en couronne libres de groupes quantiques compacts, alg\u00e8bres d'op\u00e9rateurs et propri\u00e9t\u00e9s d'approximation<\/td><td>2025<\/td><td>Pierre Fima<\/td><td><br><a href=\"https:\/\/www.theses.fr\/s347449\">Lien theses.fr<\/a><\/td><\/tr><tr><td>Naraghi Mahsa<\/td><td>Calcul des Op\u00e9rateurs Pseudo-diff\u00e9rentiels : une Approche G\u00e9om\u00e9trique<\/td><td>2024<\/td><td>St\u00e9phane Vassout<\/td><td><br><a href=\"https:\/\/www.theses.fr\/2024UNIP7301\">Lien theses.fr<\/a><\/td><\/tr><tr><td>Bensaid Oussama<\/td><td>Sur les plongements grossiers entre groupes et espaces m\u00e9triques<\/td><td>2022<\/td><td>Romain Tessera<\/td><td><br><a href=\"http:\/\/www.imj-prg.fr\/theses\/\/pdf\/oussama_bensaid.pdf\"><img decoding=\"async\" src=\"http:\/\/www.imj-prg.fr\/wp-content\/themes\/imjprg\/images\/pdf.png\"> <\/a><\/td><\/tr><tr><td>Giraud Alice<\/td><td>Classification d'actions ergodiques de sous-groupes al\u00e9atoires invariants et th\u00e9orie des mod\u00e8les<\/td><td>2022<\/td><td>Fran\u00e7ois Le Maitre \/ Todor Tsankov<\/td><td><\/td><\/tr><tr><td>Ma Qiaochu<\/td><td>Op\u00e9rateurs de Toeplitz et torsion analytique asymptotique compl\u00e8te<\/td><td>2022<\/td><td>Xiaonan Ma<\/td><td><\/td><\/tr><tr><td>Rauzy Emmanuel<\/td><td>Perspectives on an effective theory of groups<\/td><td>2022<\/td><td>Andrzej Zuk<\/td><td><br><a href=\"http:\/\/www.imj-prg.fr\/theses\/\/pdf\/emmanuel_rauzy.pdf\"><img decoding=\"async\" src=\"http:\/\/www.imj-prg.fr\/wp-content\/themes\/imjprg\/images\/pdf.png\"> <\/a><\/td><\/tr><tr><td>Escalier Amandine<\/td><td>G\u00e9om\u00e9tries locale et asymptotique des groupes : Immeubles et LG-rigidit\u00e9, \u00e9quivalences orbitale et mesur\u00e9e<\/td><td>2021<\/td><td>Romain Tessera<\/td><td><br><a href=\"http:\/\/www.imj-prg.fr\/theses\/\/pdf\/amandine_escalier.pdf\"><img decoding=\"async\" src=\"http:\/\/www.imj-prg.fr\/wp-content\/themes\/imjprg\/images\/pdf.png\"> <\/a><\/td><\/tr><tr><td>Finski Siarhei<\/td><td>doctorat<\/td><td>2019<\/td><td>Xiaonan MA<\/td><td><\/td><\/tr><tr><td>Boucher Kevin<\/td><td>Analyse harmonique et g\u00e9om\u00e9trie \u00e0 grande \u00e9chelle des groupes r\u00e9siduellement finis<\/td><td>2018<\/td><td>Andrzej ZUK<\/td><td><\/td><\/tr><tr><td>Martos Rub\u00e9n<\/td><td>The Baum-Connes conjecture for quantum groups. Stability properties and K-theory computations<\/td><td>2018<\/td><td>Pierre Fima<\/td><td><\/td><\/tr><tr><td>Mohsen Omar<\/td><td>GROUPOIDES DE DEFORMATIONS ET APPLICATIONS<\/td><td>2018<\/td><td><\/td><td><\/td><\/tr><tr><td>Sagnier Aurelien<\/td><td>Un site arithm\u00e9tique de type Connes-Consani pour les corps quadratiques imaginaires de nombre de classes 1<\/td><td>2017<\/td><td>Eric Leichtnam - Christopher Deninger<\/td><td><\/td><\/tr><tr><td>Balci Gul<\/td><td>\"Traces sur les C*-alg\u00e8bres de groupes. Applications aux conjectures de L\u00fcck et d'Atiyah\"<\/td><td>2015<\/td><td>GEORGES SKANDALIS<\/td><td><\/td><\/tr><tr><td>Henry Simon<\/td><td>\"Des toposes \u00e0 la g\u00e9om\u00e9trie non commutative par l'\u00e9tude des espaces de Hilbert internes\"<\/td><td>2014<\/td><td>ALAIN CONNES<\/td><td><\/td><\/tr><tr><td>Freslon Amaury<\/td><td>\"Propri\u00e9t\u00e9s d'approximation pour les groupes quantiques discrets\"<\/td><td>2013<\/td><td>ETIENNE BLANCHARD<\/td><td><\/td><\/tr><tr><td>Brothier Arnaud<\/td><td>Alg\u00e8bres planaires et sous-alg\u00e8bres maximales ab\u00e9lienne  dans les alg\u00e8bres de von Neumann<\/td><td>2011<\/td><td>ANDRZEJ ZUK<\/td><td><br><a href=\"http:\/\/www.imj-prg.fr\/theses\/\/pdf\/arnaud_brothier.pdf\"><img decoding=\"async\" src=\"http:\/\/www.imj-prg.fr\/wp-content\/themes\/imjprg\/images\/pdf.png\"> <\/a><\/td><\/tr><tr><td>Gabriel Olivier<\/td><td>Cohomologie cyclique des produits crois\u00e9s g\u00e9n\u00e9ralis\u00e9s lisses<\/td><td>2011<\/td><td>ANDRZEJ ZUK<\/td><td><br><a href=\"http:\/\/www.imj-prg.fr\/theses\/\/pdf\/olivier_gabriel.pdf\"><img decoding=\"async\" src=\"http:\/\/www.imj-prg.fr\/wp-content\/themes\/imjprg\/images\/pdf.png\"> <\/a><\/td><\/tr><tr><td>Yalkinoglu Bora<\/td><td><\/td><td>2011<\/td><td>ERIC LEICHTNAM<\/td><td><br><a href=\"http:\/\/www.imj-prg.fr\/theses\/\/pdf\/bora_yalkinoglu.pdf\"><img decoding=\"async\" src=\"http:\/\/www.imj-prg.fr\/wp-content\/themes\/imjprg\/images\/pdf.png\"> <\/a><\/td><\/tr><tr><td>Planchat Jean-francois<\/td><td>Groupes d'automates et C*  alg\u00e8bres<\/td><td>2010<\/td><td>ANDRZEJ ZUK<\/td><td><\/td><\/tr><tr><td>Brieussel Jeremie<\/td><td>Croissance et moyennabilit\u00e9 de certains groupes d'automorphismes d'arbres enracines<\/td><td>2008<\/td><td>ANDRZEJ ZUK<\/td><td><br><a href=\"http:\/\/www.imj-prg.fr\/theses\/\/pdf\/jeremie_brieussel.pdf\"><img decoding=\"async\" src=\"http:\/\/www.imj-prg.fr\/wp-content\/themes\/imjprg\/images\/pdf.png\"> <\/a><\/td><\/tr><tr><td>Carrillo Paulo<\/td><td>Indices analytiques a support compact pour les groupoides de Lie<\/td><td>2007<\/td><td>GEORGES SKANDALIS<\/td><td><br><a href=\"http:\/\/www.imj-prg.fr\/theses\/\/pdf\/paulo_carrillo.pdf\"><img decoding=\"async\" src=\"http:\/\/www.imj-prg.fr\/wp-content\/themes\/imjprg\/images\/pdf.png\"> <\/a><\/td><\/tr><tr><td>Gomez-aparicio Maria-paula<\/td><td>Propriete (T) et morphisme de Baum-Connes tordus par une representation non unitaire<\/td><td>2007<\/td><td>VINCENT LAFFORGUE<\/td><td><\/td><\/tr><tr><td>Houdayer Cyril<\/td><td>\"SUR LA CLASSIFICATION DE CERTAINES ALGEBRES DE VON NEUMANN \"<\/td><td>2007<\/td><td>STEPHAN VAES<\/td><td><br><a href=\"http:\/\/www.imj-prg.fr\/theses\/\/pdf\/cyril_houdayer.pdf\"><img decoding=\"async\" src=\"http:\/\/www.imj-prg.fr\/wp-content\/themes\/imjprg\/images\/pdf.png\"> <\/a><\/td><\/tr><tr><td>Jacob Benoit<\/td><td>Systeme de type Bost-Connes pur les corps de fonctions<\/td><td>2007<\/td><td>ERIC LEICHTNAM<\/td><td><br><a href=\"http:\/\/www.imj-prg.fr\/theses\/\/pdf\/benoit_jacob.pdf\"><img decoding=\"async\" src=\"http:\/\/www.imj-prg.fr\/wp-content\/themes\/imjprg\/images\/pdf.png\"> <\/a><\/td><\/tr><tr><td>Mageira Athina<\/td><td>C-ALGEBRES GRADUEES PAR UN SEMI-TREILLIS<\/td><td>2007<\/td><td>GEORGES SKANDALIS<\/td><td><br><a href=\"http:\/\/www.imj-prg.fr\/theses\/\/pdf\/athina_mageira.pdf\"><img decoding=\"async\" src=\"http:\/\/www.imj-prg.fr\/wp-content\/themes\/imjprg\/images\/pdf.png\"> <\/a><\/td><\/tr><tr><td>Esfahani-zadeh Mustafa<\/td><td>UN THEOREME D'INDICE DES FAMILLES POUR LES VARIETES FEUILLETEES A BORD<\/td><td>2005<\/td><td>ERIC LEICHTNAM<\/td><td><\/td><\/tr><tr><td>Lesieur Franck<\/td><td>Groupo\u00efdes quantiques mesur\u00e9s: axiomatique, \u00e9tude, dualit\u00e9, exemples<\/td><td>2003<\/td><td>MICHEL ENOCK<\/td><td><\/td><\/tr><tr><td>Damaville Stephane<\/td><td>Op\u00e9rateurs r\u00e9guliers dans les modules de Hilbert associ\u00e9s au complexe de de Rham<\/td><td>2002<\/td><td>MICHEL HILSUM<\/td><td><\/td><\/tr><tr><td>Vergnioux Roland<\/td><td>KK-th\u00e9orie \u00e9quivariante et op\u00e9rateur de Julg-Valette pour les groupes quantiques<\/td><td>2002<\/td><td>GEORGES SKANDALIS<\/td><td><\/td><\/tr><tr><td>El alaoui Abdelhafid<\/td><td>La table de caract\u00e8res pour les alg\u00e8bres de Hopf<\/td><td>2001<\/td><td>JOSEPH<\/td><td><\/td><\/tr><tr><td>Vassout Stephane<\/td><td>Feuilletages et R\u00e9sidu non commutatif longitudinal<\/td><td>2001<\/td><td>GEORGES SKANDALIS<\/td><td><br><a href=\"http:\/\/www.imj-prg.fr\/theses\/\/pdf\/stephane_vassout.pdf\"><img decoding=\"async\" src=\"http:\/\/www.imj-prg.fr\/wp-content\/themes\/imjprg\/images\/pdf.png\"> <\/a><\/td><\/tr><tr><td>Cadet Frederic<\/td><td>D\u00e9formation et quantification par groupo\u00efde des vari\u00e9t\u00e9s toriques<\/td><td>2000<\/td><td>RENAUD<\/td><td><\/td><\/tr><tr><td>Lanzmann Emmanuel<\/td><td>Le th\u00e9or\u00e8me d'annulation dans le cadre des super-alg\u00e8bres de Lie compl\u00e8tement r\u00e9ductibles et de leurs groupes quantiques<\/td><td>2000<\/td><td>JOSEPH<\/td><td><\/td><\/tr><tr><td>Pierrot Francois<\/td><td>K-th\u00e9orie de C*-alg\u00e8bres pleines de groupes de Lie et formule de multiplicit\u00e9 de Langlands<\/td><td>2000<\/td><td>GEORGES SKANDALIS<\/td><td><\/td><\/tr><tr><td>Ponge Raphael<\/td><td><\/td><td>2000<\/td><td>ALAIN CONNES<\/td><td><\/td><\/tr><tr><td>Tzanev Kroum<\/td><td>C*-alg\u00e8bres de Hecke et K-th\u00e9orie<\/td><td>2000<\/td><td>ALAIN CONNES<\/td><td><\/td><\/tr><tr><td>Gorelik Maria<\/td><td>Spectral topics in the quantum and super worlds<\/td><td>1998<\/td><td>JOSEPH<\/td><td><\/td><\/tr><tr><td>Monthubert Bertrand<\/td><td><\/td><td>1998<\/td><td>GEORGES SKANDALIS<\/td><td><\/td><\/tr><tr><td>Todoric Dragana<\/td><td><\/td><td>1998<\/td><td>JOSEPH<\/td><td><\/td><\/tr><tr><td>Zelikson Schmuel<\/td><td>Cristallisation et q-analogues dans la categorie 0<\/td><td>1998<\/td><td>JOSEPH<\/td><td><\/td><\/tr><tr><td>Fauquant-millet Florence<\/td><td><\/td><td>1997<\/td><td>JOSEPH<\/td><td><\/td><\/tr><tr><td>Kebe Malek<\/td><td><\/td><td>1997<\/td><td>JOSEPH<\/td><td><\/td><\/tr><tr><td>Banica Teodor<\/td><td>Groupes quantiques compacts matriciels libres<\/td><td>1996<\/td><td>GEORGES SKANDALIS<\/td><td><\/td><\/tr><tr><td>Tu Jean-louis<\/td><td>La conjecture de Baum-Connes pour les feuilletages hyperboliques<\/td><td>1996<\/td><td>GEORGES SKANDALIS<\/td><td><\/td><\/tr><tr><td>Maghfoul Mohamed<\/td><td><\/td><td>1995<\/td><td>GEORGES SKANDALIS<\/td><td><\/td><\/tr><\/table>\n","protected":false},"excerpt":{"rendered":"","protected":false},"author":1,"featured_media":0,"parent":0,"menu_order":0,"comment_status":"closed","ping_status":"closed","template":"","meta":{"footnotes":""},"class_list":["post-45","page","type-page","status-publish","hentry"],"_links":{"self":[{"href":"https:\/\/www.imj-prg.fr\/ao\/wp-json\/wp\/v2\/pages\/45","targetHints":{"allow":["GET"]}}],"collection":[{"href":"https:\/\/www.imj-prg.fr\/ao\/wp-json\/wp\/v2\/pages"}],"about":[{"href":"https:\/\/www.imj-prg.fr\/ao\/wp-json\/wp\/v2\/types\/page"}],"author":[{"embeddable":true,"href":"https:\/\/www.imj-prg.fr\/ao\/wp-json\/wp\/v2\/users\/1"}],"replies":[{"embeddable":true,"href":"https:\/\/www.imj-prg.fr\/ao\/wp-json\/wp\/v2\/comments?post=45"}],"version-history":[{"count":1,"href":"https:\/\/www.imj-prg.fr\/ao\/wp-json\/wp\/v2\/pages\/45\/revisions"}],"predecessor-version":[{"id":46,"href":"https:\/\/www.imj-prg.fr\/ao\/wp-json\/wp\/v2\/pages\/45\/revisions\/46"}],"wp:attachment":[{"href":"https:\/\/www.imj-prg.fr\/ao\/wp-json\/wp\/v2\/media?parent=45"}],"curies":[{"name":"wp","href":"https:\/\/api.w.org\/{rel}","templated":true}]}}