{"id":27,"date":"2020-12-17T09:07:20","date_gmt":"2020-12-17T08:07:20","guid":{"rendered":"http:\/\/dev.imj-prg.fr\/co\/?page_id=27"},"modified":"2025-06-22T11:55:08","modified_gmt":"2025-06-22T09:55:08","slug":"seminaires-2020-2021","status":"publish","type":"page","link":"https:\/\/www.imj-prg.fr\/co\/seminaires-2020-2021\/","title":{"rendered":"Ev\u00e9nements"},"content":{"rendered":"\n<p class=\"has-text-align-right\"><a href=\"\/co\/anciens-seminaires\">Historique<\/a><\/p>\n\n\n\n   <script type=\"text\/javascript\" src=\"https:\/\/www.imj-prg.fr\/js\/jquery.tablesorter.min.js\"><\/script>\n\n  \n    <div class=\"well\">\n                 \n     \t                                        \n\t\t<h2><a href ='\/gestion\/evenement\/1'>S\u00e9minaires\n     2025-2026    <\/a><\/h2>\n    <table class=\"table table-striped\">\n\n  <script type=\"text\/javascript\" id=\"js\">$(document).ready(function() {\n\n   $(\"table\").tablesorter({\n     sortList: [[0,0]]\n   });\n   });\n  }); <\/script>\n  <\/table>\n     <table  class=\"tabsem tablesorter table\"> <thead>\n      <tr>\n\t   <th> S\u00e9minaires<\/th>  <th>Responsables<\/th>  <th>Prochain <\/th><th>Prochain(s) intervenant(s)<\/th><th>Date<\/th>\n      <\/tr><\/thead>\n\t                                   \n            \n    \n\t<tr>\n\t<td><a href='\/gestion\/evenement\/affEvenement\/108'>S\u00e9minaire CAGe: Combinatorics, Arithmetic and Geometry<\/a><\/td>\n\t<td>Karim Adiprasito, Harald Helfgott, Vasso Petrotou and Arina Voorhaar<\/td>\n                                                                                                                            <td><\/td>\n    <td><\/td>\n    <td><\/td>\n  \n\t<\/tr>          \n     \t                                            \n            \n    \n\t<tr>\n\t<td><a href='\/gestion\/evenement\/affEvenement\/111'>S\u00e9minaire Combinatoire, Optimisation, et Interactions<\/a><\/td>\n\t<td>J\u00e9r\u00e9mie Bouttier, Marco Mazzola, Sofia Tarricone<\/td>\n                                                                                                                            <td><\/td>\n    <td><\/td>\n    <td><\/td>\n  \n\t<\/tr>     <\/table>\n<\/div>\n\n   \n    <div class=\"well\">\n                 \n              \n         <\/table>\n<\/div>\n\n   \n    <div class=\"well\">\n                 \n              \n         <\/table>\n<\/div>\n\n   \n    <div class=\"well\">\n                 \n              \n         <\/table>\n<\/div>\n\n   \n    <div class=\"well\">\n                 \n              \n         <\/table>\n<\/div>\n\n  \n\n\n\n<p><\/p>\n\n\n\n<ul class=\"wp-block-list\">\n<li><a href=\"https:\/\/indico.math.cnrs.fr\/e\/journeeCO2025\" target=\"_blank\" rel=\"noreferrer noopener\">Journ\u00e9e de l&rsquo;\u00e9quipe Combinatoire et Optimisation<\/a><\/li>\n\n\n\n<li><a href=\"https:\/\/indico.math.cnrs.fr\/category\/748\/\" target=\"_blank\" rel=\"noreferrer noopener\">Rencontres de probabilit\u00e9s int\u00e9grables<\/a><\/li>\n\n\n\n<li><a href=\"https:\/\/indico.math.cnrs.fr\/category\/733\/\" target=\"_blank\" rel=\"noreferrer noopener\">Probabilit\u00e9s int\u00e9grables, int\u00e9grabilit\u00e9 classique et quantique<\/a><\/li>\n\n\n\n<li><a href=\"https:\/\/monge.univ-mlv.fr\/~hubard\/GAC\/\" target=\"_blank\" rel=\"noreferrer noopener\">S\u00e9minaire de G\u00e9om\u00e9trie Algorithmique et Combinatoire<\/a><\/li>\n\n\n\n<li><a href=\"https:\/\/sites.google.com\/site\/spoihp\/\" target=\"_blank\" rel=\"noreferrer noopener\">S\u00e9minaire Parisien d\u2019Optimisation<\/a><\/li>\n\n\n\n<li><a href=\"https:\/\/sites.google.com\/view\/seminairetheoriedesjeux\/\" target=\"_blank\" rel=\"noreferrer noopener\">S\u00e9minaire Parisien de Th\u00e9orie des Jeux<\/a><\/li>\n\n\n\n<li><a href=\"https:\/\/indico.math.cnrs.fr\/category\/424\/\" target=\"_blank\" rel=\"noreferrer noopener\">GT Calcul des Variations<\/a><\/li>\n<\/ul>\n\n\n\n<p><\/p>\n","protected":false},"excerpt":{"rendered":"<p>Historique<\/p>\n","protected":false},"author":1,"featured_media":0,"parent":0,"menu_order":0,"comment_status":"closed","ping_status":"closed","template":"","meta":{"footnotes":""},"class_list":["post-27","page","type-page","status-publish","hentry"],"_links":{"self":[{"href":"https:\/\/www.imj-prg.fr\/co\/wp-json\/wp\/v2\/pages\/27","targetHints":{"allow":["GET"]}}],"collection":[{"href":"https:\/\/www.imj-prg.fr\/co\/wp-json\/wp\/v2\/pages"}],"about":[{"href":"https:\/\/www.imj-prg.fr\/co\/wp-json\/wp\/v2\/types\/page"}],"author":[{"embeddable":true,"href":"https:\/\/www.imj-prg.fr\/co\/wp-json\/wp\/v2\/users\/1"}],"replies":[{"embeddable":true,"href":"https:\/\/www.imj-prg.fr\/co\/wp-json\/wp\/v2\/comments?post=27"}],"version-history":[{"count":9,"href":"https:\/\/www.imj-prg.fr\/co\/wp-json\/wp\/v2\/pages\/27\/revisions"}],"predecessor-version":[{"id":101,"href":"https:\/\/www.imj-prg.fr\/co\/wp-json\/wp\/v2\/pages\/27\/revisions\/101"}],"wp:attachment":[{"href":"https:\/\/www.imj-prg.fr\/co\/wp-json\/wp\/v2\/media?parent=27"}],"curies":[{"name":"wp","href":"https:\/\/api.w.org\/{rel}","templated":true}]}}