{"id":36,"date":"2020-12-17T09:10:39","date_gmt":"2020-12-17T08:10:39","guid":{"rendered":"http:\/\/dev.imj-prg.fr\/co\/?page_id=36"},"modified":"2025-01-23T21:24:14","modified_gmt":"2025-01-23T20:24:14","slug":"theses","status":"publish","type":"page","link":"https:\/\/www.imj-prg.fr\/co\/theses\/","title":{"rendered":"Th\u00e8ses soutenues"},"content":{"rendered":"<link rel=\"stylesheet\" type=\"text\/css\" href=\"https:\/\/cdn.datatables.net\/v\/dt\/dt-1.10.23\/datatables.min.css\"\/>\n \n<script type=\"text\/javascript\" src=\"https:\/\/cdn.datatables.net\/v\/dt\/dt-1.10.23\/datatables.min.js\"><\/script>\n\n<script>\njQuery(document).ready(function($){\n\t\n    $('#tabthese').DataTable({\n\t\tlanguage: {\turl: 'https:\/\/cdn.datatables.net\/plug-ins\/1.10.22\/i18n\/French.json'},\n\t\tpageLength: 50,\n\t\torder: [[ 2, 'desc' ]],\n\t\tdrawCallback: function(settings) {\n\t\t\tvar pagination = $(this).closest('.dataTables_wrapper').find('.dataTables_paginate');\n\t\t\tpagination.toggle(this.api().page.info().pages > 1);\n\t\t\trowCount = $('#tabthese tr').length;\n\t\t\tif(rowCount < 50){\n\t\t\t\n\t\t\t\t$( \"#tabthese_length\" ).hide();\n\t\t\t\t\n\t\t\t\t$( \"#tabthese_info\" ).text(rowCount+ ' \u00e9l\u00e9ments');\n\t\t\t}\n\t\t}\n\t\t\t\t\t\n        });\n\t} );\n<\/script>\n\t\t<table id=\"tabthese\" class=\"display\" ><thead><tr><th>Nom<\/th> <th>Titre<\/th><th>Ann\u00e9e<\/th><th>Directeur de th\u00e8se<\/th><th> <\/th><\/tr><\/thead><tr><td>Philippe Eva<\/td><td>Geometric realizations using regular subdivisions<\/td><td>2024<\/td><td>PADROL Arnau (codirection Francisco Santos)<\/td><td><\/td><\/tr><tr><td>Katsamaki Christina<\/td><td>Calculs Alg\u00e9briques et G\u00e9om\u00e9triques Exacts pour les Courbes Param\u00e9triques<\/td><td>2023<\/td><td>Fabrice Rouillier et Elias Tsigaridas<\/td><td><br><a href=\"https:\/\/www.theses.fr\/2023SORUS206\">Lien theses.fr<\/a><\/td><\/tr><tr><td>Poullot Germain<\/td><td>Geometric combinatorics of paths and deformations of convex polytopes<\/td><td>2023<\/td><td>Arnau Padrol<\/td><td><br><a href=\"https:\/\/www.theses.fr\/2023SORUS281\">Lien theses.fr<\/a><\/td><\/tr><tr><td>Prunier Rapha\u00ebl<\/td><td>R\u00e9gularit\u00e9 et stabilit\u00e9 en optimisation de forme sous contrainte g\u00e9om\u00e9trique<\/td><td>2023<\/td><td>Jimmy Lamboley\/Dorin Bucur<\/td><td><br><a href=\"https:\/\/www.theses.fr\/2023SORUS138\">Lien theses.fr<\/a><\/td><\/tr><tr><td>Ftouhi Ilias<\/td><td>Diagrammes de Blaschke-Santal\u00f3 et autres probl\u00e8mes en optimisation de forme<\/td><td>2021<\/td><td>Jimmy Lamboley<\/td><td><br><a href=\"https:\/\/www.theses.fr\/2021SORUS008\">Lien theses.fr<\/a><\/td><\/tr><tr><td>Li Yaoqiang<\/td><td>Some results on beta-expansions and generalized Thue-Morse sequences<\/td><td>2021<\/td><td>Michel Pocchiola and Jean-Paul Allouche<\/td><td><br><a href=\"http:\/\/www.imj-prg.fr\/theses\/\/pdf\/yaoqiang_li.pdf\"><img decoding=\"async\" src=\"http:\/\/www.imj-prg.fr\/wp-content\/themes\/imjprg\/images\/pdf.png\"> <\/a><\/td><\/tr><tr><td>Li Shuo<\/td><td>\"Des r\u00e9sultats autour des suites automatiques\"<\/td><td>2020<\/td><td>Jean-Paul Allouche<\/td><td><br><a href=\"http:\/\/www.imj-prg.fr\/theses\/\/pdf\/shuo_li.pdf\"><img decoding=\"async\" src=\"http:\/\/www.imj-prg.fr\/wp-content\/themes\/imjprg\/images\/pdf.png\"> <\/a><\/td><\/tr><tr><td>Basco Vincenzo<\/td><td>Infinite Horizon Control Problems under State Constraints and Hamilton-Jacobi-Bellman equations<\/td><td>2019<\/td><td>Helene FRANKOWSKA<\/td><td><br><a href=\"http:\/\/www.imj-prg.fr\/theses\/\/pdf\/vincenzo_basco.pdf\"><img decoding=\"async\" src=\"http:\/\/www.imj-prg.fr\/wp-content\/themes\/imjprg\/images\/pdf.png\"> <\/a><\/td><\/tr><tr><td>Genuys Gr\u00e9goire<\/td><td>\u00c9tude de deux concepts math\u00e9matico-musicaux : l'homom\u00e9trie non-commutative et les distances d'accords<\/td><td>2017<\/td><td>JEAN-PAUL ALLOUCHE<\/td><td><\/td><\/tr><tr><td>Caure Helianthe<\/td><td>Canons rythmiques et pavages modulaires\"<\/td><td>2016<\/td><td>JEAN-PAUL ALLOUCHE<\/td><td><\/td><\/tr><tr><td>Hu Yining<\/td><td>Quelques R\u00e9sultats Arithm\u00e9tiques Impliquant des Suites Engendr\u00e9es par Automates\"<\/td><td>2016<\/td><td>JEAN-PAUL ALLOUCHE<\/td><td><\/td><\/tr><tr><td>Kwon Joon<\/td><td>\"Strat\u00e9gies de descente miroir pour la minimisation du regret et l'approchabilit\u00e9\"<\/td><td>2016<\/td><td>SYLVAIN SORIN<\/td><td><\/td><\/tr><tr><td>Li Xiaoxi<\/td><td>Contributions \u00e0 l'\u00e9tude des propri\u00e9t\u00e9s asymptotiques en contr\u00f4le optimal et en jeux r\u00e9p\u00e9t\u00e9s<\/td><td>2015<\/td><td>SYLVAIN SORIN<\/td><td><\/td><\/tr><tr><td>Scarinci Teresa<\/td><td>\"Sensitivity Analysis and Regularity of Solutions of a class of HJB equations arising in optimal control\"<\/td><td>2015<\/td><td>HELENE FRANKOWSKA<\/td><td><\/td><\/tr><tr><td>Maldonado lopez Juan pablo<\/td><td>\"Some links between discrete and continuous aspects in dynamic games\"<\/td><td>2014<\/td><td>SYLVAIN SORIN<\/td><td><\/td><\/tr><tr><td>Sedrakyan Hayk<\/td><td>\"Comportement limite des syst\u00e8mes singuliers et les limites de fonctions valeur en contr\u00f4le optimal\"<\/td><td>2014<\/td><td>HELENE FRANKOWSKA<\/td><td><\/td><\/tr><tr><td>Combes Richard<\/td><td>M\u00e9canimes auto-organisants dans les r\u00e9seaux sans fil<\/td><td>2013<\/td><td>EITAN ALTMAN & SYLVAIN SORIN<\/td><td><\/td><\/tr><tr><td>Hoehener Daniel<\/td><td>Condition d'optimalit\u00e9 pour des probl\u00e8mes de contr\u00f4le optimal avec contraintes d'\u00e9tats<\/td><td>2013<\/td><td>HELENE FRANKOWSKA<\/td><td><\/td><\/tr><tr><td>Oliu barton Miquel<\/td><td>\"Jeux dynamiques \u00e0 information incompl\u00e8te en temps discret et  continu\"<\/td><td>2013<\/td><td>SYLVAIN SORIN<\/td><td><\/td><\/tr><tr><td>Bravo gonzalez Mario andres<\/td><td>\"Dynamiques d'apprentissage et d'\u00e9volution en th\u00e9orie des jeux\"<\/td><td>2012<\/td><td>SYLVAIN SORIN<\/td><td><\/td><\/tr><tr><td>Wan Cheng<\/td><td>Contributions \u00e0 la th\u00e9orie des jeux d'\u00e9volution et de congestion<\/td><td>2012<\/td><td>SYLVAIN SORIN<\/td><td><br><a href=\"http:\/\/www.imj-prg.fr\/theses\/\/pdf\/cheng_wan.pdf\"><img decoding=\"async\" src=\"http:\/\/www.imj-prg.fr\/wp-content\/themes\/imjprg\/images\/pdf.png\"> <\/a><\/td><\/tr><tr><td>Chatelain Vanessa<\/td><td>Contributuion \u00e0 la th\u00e9orie des matro\u00efdes : polytopes des bases, orientations et algorithmes<\/td><td>2011<\/td><td>RAMIREZ-ALFONSIN<\/td><td><\/td><\/tr><tr><td>Mercier Fabien<\/td><td>Reconstruction des graphes orient\u00e9s ou color\u00e9s et autres probl\u00e8mes<\/td><td>2010<\/td><td>ADRIAN BONDY<\/td><td><\/td><\/tr><tr><td>Perchet Vianney<\/td><td>Approchabilit\u00e9, calibration et regret dans les jeux \u00e0 observation partielles<\/td><td>2010<\/td><td>SYLVAIN SORIN<\/td><td><\/td><\/tr><tr><td>Pilaud Vincent<\/td><td><\/td><td>2010<\/td><td>MICHEL POCCHIOLA<\/td><td><\/td><\/tr><tr><td>Tishchenko Serguei<\/td><td>Diam\u00e8tre des graphes planaires<\/td><td>2009<\/td><td>JORGE LUIS RAMIREZ-ALFONSIN<\/td><td><\/td><\/tr><tr><td>Vigeral Guillaume<\/td><td>Propri\u00e9t\u00e9 asymptotiques dejeux r\u00e9p\u00e9t\u00e9s \u00e0 somme nulle<\/td><td>2009<\/td><td>SYLVAIN SORIN<\/td><td><\/td><\/tr><tr><td>Ghaemi Mohammadreza<\/td><td>Etude de la complexit\u00e9 algorithmique associ\u00e9e \u00e0 des op\u00e9rations de d\u00e9composition des graphes<\/td><td>2008<\/td><td>JEAN FONLUPT<\/td><td><\/td><\/tr><tr><td>Peypouquet Juan<\/td><td>Analyse asymptotique de syst\u00e8me d'\u00e9fvolution et applications en optimisation<\/td><td>2007<\/td><td>SYLVAIN SORIN<\/td><td><\/td><\/tr><tr><td>Skoda Alexandre<\/td><td>Force d'un graphe, multicoupe et fonction sous-modulaire : aspect structurels et algorithmiques<\/td><td>2007<\/td><td>JEAN FONLUPT<\/td><td><\/td><\/tr><tr><td>Thiant Nicolas<\/td><td>Construction et reconstructions de pavages de dominos<\/td><td>2006<\/td><td>JEAN-CLAUDE FOURNIER<\/td><td><\/td><\/tr><\/table>\n","protected":false},"excerpt":{"rendered":"","protected":false},"author":1,"featured_media":0,"parent":0,"menu_order":0,"comment_status":"closed","ping_status":"closed","template":"","meta":{"footnotes":""},"class_list":["post-36","page","type-page","status-publish","hentry"],"_links":{"self":[{"href":"https:\/\/www.imj-prg.fr\/co\/wp-json\/wp\/v2\/pages\/36","targetHints":{"allow":["GET"]}}],"collection":[{"href":"https:\/\/www.imj-prg.fr\/co\/wp-json\/wp\/v2\/pages"}],"about":[{"href":"https:\/\/www.imj-prg.fr\/co\/wp-json\/wp\/v2\/types\/page"}],"author":[{"embeddable":true,"href":"https:\/\/www.imj-prg.fr\/co\/wp-json\/wp\/v2\/users\/1"}],"replies":[{"embeddable":true,"href":"https:\/\/www.imj-prg.fr\/co\/wp-json\/wp\/v2\/comments?post=36"}],"version-history":[{"count":2,"href":"https:\/\/www.imj-prg.fr\/co\/wp-json\/wp\/v2\/pages\/36\/revisions"}],"predecessor-version":[{"id":97,"href":"https:\/\/www.imj-prg.fr\/co\/wp-json\/wp\/v2\/pages\/36\/revisions\/97"}],"wp:attachment":[{"href":"https:\/\/www.imj-prg.fr\/co\/wp-json\/wp\/v2\/media?parent=36"}],"curies":[{"name":"wp","href":"https:\/\/api.w.org\/{rel}","templated":true}]}}