{"id":62,"date":"2021-09-03T10:02:57","date_gmt":"2021-09-03T08:02:57","guid":{"rendered":"https:\/\/www.imj-prg.fr\/co\/?page_id=62"},"modified":"2021-09-03T10:02:57","modified_gmt":"2021-09-03T08:02:57","slug":"deces-de-vincent-duquenne","status":"publish","type":"page","link":"https:\/\/www.imj-prg.fr\/co\/deces-de-vincent-duquenne\/","title":{"rendered":"D\u00e9c\u00e8s de Vincent Duquenne"},"content":{"rendered":"\n<p>Vincent Duquenne nous a quitt\u00e9 le 26 f\u00e9vrier 2020 apr\u00e8s une longue et courageuse lutte contre la maladie.<\/p>\n\n\n\n<p><strong>Les hommages des membres de l\u2019\u00e9quipe de Combinatoire \u00e0 Vincent Duquenne<\/strong><\/p>\n\n\n\n<p><strong>Jean-Paul Allouche<\/strong><br>J\u2019ai eu beaucoup de peine en apprenant le d\u00e9c\u00e8s de Vincent. Nous nous \u00e9tions rencontr\u00e9s il y a environ une dizaine d\u2019ann\u00e9es, mais, chaque fois que nous nous croisions, nous nous lancions dans de longues discussions comme si nous nous connaissions depuis toujours. Sa grande gentillesse ne l\u2019a pas emp\u00each\u00e9 d\u2019\u00eatre furieux et bless\u00e9 par l\u2019attitude tr\u00e8s d\u00e9sinvolte, et m\u00eame indigne, de l\u2019administration du CNRS lorsqu\u2019il demanda, avec un argumentaire tr\u00e8s justifi\u00e9, un report de sa mise \u00e0 la retraite d\u2019office. Les derni\u00e8res ann\u00e9es, il plaisantait volontiers sur sa maladie, peut-\u00eatre pour nous rassurer. Sa haute silhouette nous manquera.<\/p>\n\n\n\n<p><strong>Adrian Bondy<\/strong><br>Cette nouvelle me fait beaucoup de peine. Vincent venait r\u00e9guli\u00e8rement \u00e0 la galerie (pour info, Adrian dirige une galerie d\u2019art, rue St Jacques \u00e0 Paris), et nous passions de bons moments \u00e0 se parler, souvent de cin\u00e9ma, parfois de math\u00e9matiques. Il venait malgr\u00e9 son dur r\u00e9gime de traitements, d\u00e9termin\u00e9 \u00e0 vivre au maximum, tr\u00e8s courageusement. Il \u00e9tait un membre fid\u00e8le de Mind\u2019sEye, l\u2019association que j\u2019ai fond\u00e9e, et souvent il proposait des id\u00e9es pour faire avancer les buts de l\u2019association.<\/p>\n\n\n\n<p><strong>J\u00e9r\u00f4me Bolte<\/strong><br>\u00c0 Chevaleret, nous \u00e9tions voisins de Vincent avec Denis et Zoltan, nous discutions souvent de politique, de math\u00e9matiques, nous plaisantions, c\u2019\u00e9tait tr\u00e8s sympathique. Vincent \u00e9tait un chouette bonhomme. \u00c0 Chevaleret, on \u00e9tait tous diff\u00e9rents, mais on vivait bien, en bons camarades. De bons repas, des blagues, de tr\u00e8s bons moments, qui n\u2019ont pas r\u00e9sist\u00e9s \u00e0 tous les d\u00e9parts en retraite et au d\u00e9m\u00e9nagement.<\/p>\n\n\n\n<p><strong>Zoltan Szigeti<\/strong><br>C\u2019est triste. Il \u00e9tait tr\u00e8s gentil.<\/p>\n\n\n\n<p><strong>Denis Cornaz<\/strong><br>Je garde un bon souvenir de Vincent, des conversations \u00e9voqu\u00e9es par J\u00e9r\u00f4me, et de sa gentillesse dont parle Zoltan. Savoir que, dans le bureau juste \u00e0 c\u00f4t\u00e9, il y avait le calme de Vincent et son attention pour les autres, \u00e7a donnait une atmosph\u00e8re sereine.<\/p>\n\n\n\n<p><strong>Sylvain Sorin<\/strong><br>Vincent et moi \u00e9tions assez proches politiquement et il aimait m\u2019exposer les raisons de son engagement \u00e0 la lumi\u00e8re de l\u2019actualit\u00e9, puis nous parlions de civilisations, livres, films\u2026<br>L\u2019attitude odieuse du CNRS dans la derni\u00e8re p\u00e9riode lui a fait beaucoup de tort et j\u2019ai eu du mal \u00e0 le r\u00e9conforter. Je pense qu\u2019il appr\u00e9ciait nos conversations et il en sortait souriant. Il me manquera.<\/p>\n\n\n\n<p><strong>Fr\u00e9d\u00e9ric Meunier<\/strong><br>Je ne le connaissais pas bien, mais chaque fois que j\u2019ai discut\u00e9 avec lui, j\u2019ai pu noter sa gentillesse que vous soulignez tous. C\u2019est vraiment une triste nouvelle et toutes mes condol\u00e9ances \u00e0 ceux qui \u00e9taient proches de lui.<\/p>\n\n\n\n<p><strong>Jorge Ramirez Alfonsin<\/strong><br>J\u2019ai pu partager des moments forts avec Vincent, toujours enthousiaste, gentil et \u00e0 l\u2019\u00e9coute en toute simplicit\u00e9. C\u2019\u00e9tait une personne avec des qualit\u00e9s humaines fortes. Nous \u00e9changions bien \u00e9videmment sur les math\u00e9matiques, mais il \u00e9tait aussi capable d\u2019\u00e9changer sur mille autres choses gr\u00e2ce \u00e0 son ouverture d\u2019esprit. Vincent \u00e9tait une belle personne qui me manquera aussi.&nbsp;<\/p>\n\n\n\n<p><strong>Alain Plagne<\/strong><br>C\u2019est b\u00eate \u00e0 dire, mais quand un ami part, on part un peu avec lui. Le deuil, c\u2019est d\u2019abord le deuil de cette relation unique, de tant de souvenirs partag\u00e9s. J\u2019avais pass\u00e9 pas mal de temps \u00e0 discuter avec Vincent certaines fins de journ\u00e9es \u00e0 la p\u00e9riode o\u00f9 je venais beaucoup \u00e0 Paris 6. Nous parlions chansons et famille, politique et cin\u00e9ma\u2026 et nous nous \u00e9tions d\u00e9couverts beaucoup d\u2019atomes crochus. Vincent m\u2019avait parl\u00e9 longuement de ses premi\u00e8res amours pour la pellicule, l\u2019\u00e9cole de Vaugirard. Nous parlions aussi, un peu, de sa maladie qu\u2019il regardait droit dans les yeux. Je garde le souvenir d\u2019un homme courageux, g\u00e9n\u00e9reux et combatif, d\u2019un homme debout et plein d\u2019humour.<\/p>\n\n\n\n<p><strong>Jean\u00ad-Claude Fournier<\/strong><br>Comme nos coll\u00e8gues, je t\u00e9moigne aussi de la perte que repr\u00e9sente la disparition de Vincent. Nous aimions sa gentillesse, son humour et sa grande ouverture d\u2019esprit, sa culture et sa disponibilit\u00e9 \u00e0 aborder toutes sortes de sujets, ind\u00e9pendamment de ses opinions et convictions personnelles. C\u2019\u00e9tait toujours un grand plaisir que d\u2019\u00e9changer avec lui.<br>Je veux aussi lui rendre un hommage tout particulier et dire mon admiration pour son courage et sa lucidit\u00e9 face \u00e0 une maladie, dont j\u2019ai partag\u00e9 avec lui \u00e0 certains moments les souffrances et inqui\u00e9tudes profondes qu\u2019elle engendre.<\/p>\n\n\n\n<p><strong>H\u00e9l\u00e8ne Frankowska<\/strong><br>Oui, c\u2019\u00e9tait quelqu\u2019un de tr\u00e8s gentil et modeste, facilement bless\u00e9 par les injustices du CNRS ou d\u2019autres. Grand amateur de cin\u00e9ma et d\u2019histoire, il venait souvent m\u2019en parler. Il croyait encore qu\u2019on peut changer ce monde, \u00e0 l\u2019\u00e2ge o\u00f9 l\u2019on devient cynique. Je le respectais beaucoup pour cela. Il m\u2019a bien accueillie \u00e0 Chevaleret au moment de mon arriv\u00e9e et nous avons vite trouv\u00e9 des connaissances communes et des sujets de discussion. H\u00e9las la maladie ne l\u2019a pas l\u00e2ch\u00e9e malgr\u00e9 tant de courage et de r\u00e9sistance de sa part. C\u2019est un pan de vie qui s\u2019en va avec lui.<\/p>\n\n\n\n<p><strong>Francette Bories<\/strong><br>Quant \u00e0 moi, j\u2019ai \u00e9t\u00e9 boulevers\u00e9e par l\u2019annonce du d\u00e9c\u00e8s de Vincent. J\u2019ai du mal \u00e0 y croire, lui qui \u00e9tait si vivant&nbsp;! Il me manquera, m\u00eame si nous ne nous voyions plus tr\u00e8s souvent.<br>Dans les mauvais moments, je savais que je pouvais frapper \u00e0 sa porte et j\u2019en ressortais \u00ab&nbsp;regonfl\u00e9e&nbsp;\u00bb, gr\u00e2ce \u00e0 son \u00e9coute et \u00e0 son attitude calme et rassurante.<br>Nous parlions de math\u00e9matiques parfois, mais aussi de sujets vari\u00e9s et de nos familles respectives. Il \u00e9voquait bien s\u00fbr sa maladie, mais froidement comme s\u2019il avait voulu la tenir \u00e9loign\u00e9e\u2026 Quel courage et quel bel exemple pour nous tous&nbsp;!<\/p>\n","protected":false},"excerpt":{"rendered":"<p>Vincent Duquenne nous a quitt\u00e9 le 26 f\u00e9vrier 2020 apr\u00e8s une longue et courageuse lutte contre la maladie. Les hommages des membres de l\u2019\u00e9quipe de Combinatoire \u00e0 Vincent Duquenne Jean-Paul AlloucheJ\u2019ai eu beaucoup de peine en apprenant le d\u00e9c\u00e8s de Vincent. Nous nous \u00e9tions rencontr\u00e9s il y a environ une dizaine d\u2019ann\u00e9es, mais, chaque fois [&hellip;]<\/p>\n","protected":false},"author":1,"featured_media":0,"parent":0,"menu_order":0,"comment_status":"closed","ping_status":"closed","template":"","meta":{"footnotes":""},"class_list":["post-62","page","type-page","status-publish","hentry"],"_links":{"self":[{"href":"https:\/\/www.imj-prg.fr\/co\/wp-json\/wp\/v2\/pages\/62","targetHints":{"allow":["GET"]}}],"collection":[{"href":"https:\/\/www.imj-prg.fr\/co\/wp-json\/wp\/v2\/pages"}],"about":[{"href":"https:\/\/www.imj-prg.fr\/co\/wp-json\/wp\/v2\/types\/page"}],"author":[{"embeddable":true,"href":"https:\/\/www.imj-prg.fr\/co\/wp-json\/wp\/v2\/users\/1"}],"replies":[{"embeddable":true,"href":"https:\/\/www.imj-prg.fr\/co\/wp-json\/wp\/v2\/comments?post=62"}],"version-history":[{"count":1,"href":"https:\/\/www.imj-prg.fr\/co\/wp-json\/wp\/v2\/pages\/62\/revisions"}],"predecessor-version":[{"id":63,"href":"https:\/\/www.imj-prg.fr\/co\/wp-json\/wp\/v2\/pages\/62\/revisions\/63"}],"wp:attachment":[{"href":"https:\/\/www.imj-prg.fr\/co\/wp-json\/wp\/v2\/media?parent=62"}],"curies":[{"name":"wp","href":"https:\/\/api.w.org\/{rel}","templated":true}]}}