{"id":72,"date":"2021-09-03T10:55:38","date_gmt":"2021-09-03T08:55:38","guid":{"rendered":"https:\/\/www.imj-prg.fr\/co\/?page_id=72"},"modified":"2021-09-03T10:55:38","modified_gmt":"2021-09-03T08:55:38","slug":"pierre-duchet-mathematicien-didacticien","status":"publish","type":"page","link":"https:\/\/www.imj-prg.fr\/co\/pierre-duchet-mathematicien-didacticien\/","title":{"rendered":"Pierre DUCHET, math\u00e9maticien, didacticien,\u2026"},"content":{"rendered":"\n<h3 class=\"wp-block-heading\">Pierre DUCHET, math\u00e9maticien, didacticien,\u2026<\/h3>\n\n\n\n<hr class=\"wp-block-separator\" id=\"ligne-header\"\/>\n\n\n\n<p><strong>Pierre DUCHET<\/strong>, math\u00e9maticien, didacticien, normalien, directeur de recherche au CNRS, po\u00e8te et humain devant l\u2019\u00e9ternel, est d\u00e9c\u00e9d\u00e9 le 27 octobre 2018 \u00e0 Mexico.<\/p>\n\n\n\n<p>Un hommage lui sera rendu samedi 16 f\u00e9vrier 14h30-18h00 \u00e0 l\u2019Institut Henri Poincar\u00e9 Amphith\u00e9\u00e2tre Hermite 11 Rue Pierre et Marie Curie, 75005 Paris<\/p>\n\n\n\n<p><strong>Apports scientifiques de Pierre Duchet en math\u00e9matiques et en didactique, naissance de M.A.Th. enJ.E.AN.S.<\/strong><\/p>\n\n\n\n<p>Toute forme de t\u00e9moignage, \u00e0 ins\u00e9rer dans le programme ou informelle, sera la bienvenue.<\/p>\n\n\n\n<p>Programme pr\u00e9visionnel&nbsp;:<\/p>\n\n\n\n<p>14h30&nbsp;: <strong>Les travaux math\u00e9matiques de Pierre Duchet<\/strong>, par Fr\u00e9d\u00e9ric Meunier, Professeur de math\u00e9matiques \u00e0 l\u2019\u00c9cole Nationale des Ponts et Chauss\u00e9es<br>15h30&nbsp;: <strong>M.A.Th. en J.E.AN.S.<\/strong>, un film de Philippe d\u2019Ovidio sur la premi\u00e8re ann\u00e9e de MeJ, avec Pierre Duchet<br>16h00&nbsp;: <strong>Pierre Duchet et l\u2019aventure MeJ<\/strong>, par Pierre Audin, prof de maths retrait\u00e9 du Palais de la d\u00e9couverte<\/p>\n\n\n\n<p>Un verre de l\u2019amiti\u00e9 cl\u00f4turera la rencontre.<\/p>\n\n\n\n<p>Merci par avance de nous confirmer par mail votre pr\u00e9sence et vos souhaits en mati\u00e8re de prises de parole.<\/p>\n\n\n\n<p>Contacts&nbsp;: clara.duchet@gmail.com \u2013 duchet.trampo@gmail.com \u2013 pierre.audin@wanadoo.fr<\/p>\n\n\n\n<p><strong>Pierre DUCHET<\/strong>, math\u00e9maticien, didacticien, normalien, directeur de recherche au CNRS, po\u00e8te et humain devant l\u2019\u00e9ternel, est d\u00e9c\u00e9d\u00e9 le 27 octobre 2018 \u00e0 Mexico.<\/p>\n\n\n\n<p>Un hommage lui sera rendu samedi 16 f\u00e9vrier 14h30-18h00 \u00e0 l\u2019Institut Henri Poincar\u00e9 Amphith\u00e9\u00e2tre Hermite 11 Rue Pierre et Marie Curie, 75005 Paris<\/p>\n\n\n\n<p><strong>Apports scientifiques de Pierre Duchet en math\u00e9matiques et en didactique, naissance de M.A.Th. enJ.E.AN.S.<\/strong><\/p>\n\n\n\n<p>Toute forme de t\u00e9moignage, \u00e0 ins\u00e9rer dans le programme ou informelle, sera la bienvenue.<\/p>\n\n\n\n<p>Programme pr\u00e9visionnel&nbsp;:<\/p>\n\n\n\n<p>14h30&nbsp;: <strong>Les travaux math\u00e9matiques de Pierre Duchet<\/strong>, par Fr\u00e9d\u00e9ric Meunier, Professeur de math\u00e9matiques \u00e0 l\u2019\u00c9cole Nationale des Ponts et Chauss\u00e9es<br>15h30&nbsp;: <strong>M.A.Th. en J.E.AN.S.<\/strong>, un film de Philippe d\u2019Ovidio sur la premi\u00e8re ann\u00e9e de MeJ, avec Pierre Duchet<br>16h00&nbsp;: <strong>Pierre Duchet et l\u2019aventure MeJ<\/strong>, par Pierre Audin, prof de maths retrait\u00e9 du Palais de la d\u00e9couverte<\/p>\n\n\n\n<p>Un verre de l\u2019amiti\u00e9 cl\u00f4turera la rencontre.<\/p>\n\n\n\n<p>Merci par avance de nous confirmer par mail votre pr\u00e9sence et vos souhaits en mati\u00e8re de prises de parole.<\/p>\n\n\n\n<p>Contacts&nbsp;: clara.duchet@gmail.com \u2013 duchet.trampo@gmail.com \u2013 pierre.audin@wanadoo.fr<\/p>\n","protected":false},"excerpt":{"rendered":"<p>Pierre DUCHET, math\u00e9maticien, didacticien,\u2026 Pierre DUCHET, math\u00e9maticien, didacticien, normalien, directeur de recherche au CNRS, po\u00e8te et humain devant l\u2019\u00e9ternel, est d\u00e9c\u00e9d\u00e9 le 27 octobre 2018 \u00e0 Mexico. Un hommage lui sera rendu samedi 16 f\u00e9vrier 14h30-18h00 \u00e0 l\u2019Institut Henri Poincar\u00e9 Amphith\u00e9\u00e2tre Hermite 11 Rue Pierre et Marie Curie, 75005 Paris Apports scientifiques de Pierre Duchet [&hellip;]<\/p>\n","protected":false},"author":1,"featured_media":0,"parent":0,"menu_order":0,"comment_status":"closed","ping_status":"closed","template":"","meta":{"footnotes":""},"class_list":["post-72","page","type-page","status-publish","hentry"],"_links":{"self":[{"href":"https:\/\/www.imj-prg.fr\/co\/wp-json\/wp\/v2\/pages\/72","targetHints":{"allow":["GET"]}}],"collection":[{"href":"https:\/\/www.imj-prg.fr\/co\/wp-json\/wp\/v2\/pages"}],"about":[{"href":"https:\/\/www.imj-prg.fr\/co\/wp-json\/wp\/v2\/types\/page"}],"author":[{"embeddable":true,"href":"https:\/\/www.imj-prg.fr\/co\/wp-json\/wp\/v2\/users\/1"}],"replies":[{"embeddable":true,"href":"https:\/\/www.imj-prg.fr\/co\/wp-json\/wp\/v2\/comments?post=72"}],"version-history":[{"count":1,"href":"https:\/\/www.imj-prg.fr\/co\/wp-json\/wp\/v2\/pages\/72\/revisions"}],"predecessor-version":[{"id":73,"href":"https:\/\/www.imj-prg.fr\/co\/wp-json\/wp\/v2\/pages\/72\/revisions\/73"}],"wp:attachment":[{"href":"https:\/\/www.imj-prg.fr\/co\/wp-json\/wp\/v2\/media?parent=72"}],"curies":[{"name":"wp","href":"https:\/\/api.w.org\/{rel}","templated":true}]}}