{"id":105,"date":"2020-12-16T11:04:07","date_gmt":"2020-12-16T10:04:07","guid":{"rendered":"http:\/\/dev.imj-prg.fr\/doctorants\/?page_id=105"},"modified":"2021-01-05T10:50:39","modified_gmt":"2021-01-05T09:50:39","slug":"reprographie","status":"publish","type":"page","link":"https:\/\/www.imj-prg.fr\/doctorants\/reprographie\/","title":{"rendered":"Reprographie"},"content":{"rendered":"\n<hr class=\"wp-block-separator\" id=\"ligne-header\"\/>\n\n\n\n<p>Pour imprimer le mat\u00e9riel p\u00e9dagogique, comme par exemple les feuilles de TD, il faut envoyer une demande par mail \u00e0 Jean-Ren\u00e9 Colombiani <a href=\"mailto:jean-rene.colombiani@upmc.fr\">jean-rene.colombiani@upmc.fr<\/a> avec vos documents en pi\u00e8ce jointe. Il faut ensuite aller les chercher \u00e0 la reprographie qui se situe au bureau 555 au 5\u00e8me \u00e9tage de l\u2019Atrium, dont l\u2019emplacement est indiqu\u00e9 sur le plan ci dessous.<\/p>\n\n\n\n<p>Une autre reprographie est situ\u00e9e au sous-sol du b\u00e2timent Estragon, porte 08. Afin de l\u2019utiliser, il faut remplir un formulaire via votre compte enseignant du site<\/p>\n\n\n\n<p><a href=\"https:\/\/etu.math.upmc.fr\/math\/\">https:\/\/etu.math.upmc.fr\/math\/<\/a><\/p>\n\n\n\n<div class=\"wp-block-file\"><a href=\"https:\/\/www.imj-prg.fr\/doctorants\/wp-content\/uploads\/sites\/14\/2020\/12\/acces_imj-prg_1_.pdf\">Plan<\/a><a href=\"https:\/\/www.imj-prg.fr\/doctorants\/wp-content\/uploads\/sites\/14\/2020\/12\/acces_imj-prg_1_.pdf\" class=\"wp-block-file__button\" download>T\u00e9l\u00e9charger<\/a><\/div>\n\n\n\n<p><\/p>\n","protected":false},"excerpt":{"rendered":"<p>Pour imprimer le mat\u00e9riel p\u00e9dagogique, comme par exemple les feuilles de TD, il faut envoyer une demande par mail \u00e0 Jean-Ren\u00e9 Colombiani jean-rene.colombiani@upmc.fr avec vos documents en pi\u00e8ce jointe. Il faut ensuite aller les chercher \u00e0 la reprographie qui se situe au bureau 555 au 5\u00e8me \u00e9tage de l\u2019Atrium, dont l\u2019emplacement est indiqu\u00e9 sur le [&hellip;]<\/p>\n","protected":false},"author":1,"featured_media":0,"parent":0,"menu_order":0,"comment_status":"closed","ping_status":"closed","template":"","meta":{"footnotes":""},"class_list":["post-105","page","type-page","status-publish","hentry"],"_links":{"self":[{"href":"https:\/\/www.imj-prg.fr\/doctorants\/wp-json\/wp\/v2\/pages\/105","targetHints":{"allow":["GET"]}}],"collection":[{"href":"https:\/\/www.imj-prg.fr\/doctorants\/wp-json\/wp\/v2\/pages"}],"about":[{"href":"https:\/\/www.imj-prg.fr\/doctorants\/wp-json\/wp\/v2\/types\/page"}],"author":[{"embeddable":true,"href":"https:\/\/www.imj-prg.fr\/doctorants\/wp-json\/wp\/v2\/users\/1"}],"replies":[{"embeddable":true,"href":"https:\/\/www.imj-prg.fr\/doctorants\/wp-json\/wp\/v2\/comments?post=105"}],"version-history":[{"count":3,"href":"https:\/\/www.imj-prg.fr\/doctorants\/wp-json\/wp\/v2\/pages\/105\/revisions"}],"predecessor-version":[{"id":188,"href":"https:\/\/www.imj-prg.fr\/doctorants\/wp-json\/wp\/v2\/pages\/105\/revisions\/188"}],"wp:attachment":[{"href":"https:\/\/www.imj-prg.fr\/doctorants\/wp-json\/wp\/v2\/media?parent=105"}],"curies":[{"name":"wp","href":"https:\/\/api.w.org\/{rel}","templated":true}]}}