{"id":11,"date":"2020-12-11T11:15:06","date_gmt":"2020-12-11T10:15:06","guid":{"rendered":"http:\/\/dev.imj-prg.fr\/doctorants\/?page_id=11"},"modified":"2025-10-01T17:47:21","modified_gmt":"2025-10-01T15:47:21","slug":"le-bdd","status":"publish","type":"page","link":"https:\/\/www.imj-prg.fr\/doctorants\/le-bdd\/","title":{"rendered":"Le BDD"},"content":{"rendered":"\n<p>Le Bureau des Doctorants (BDD)<\/p>\n\n\n\n<p>Les adresses mail des membres du bdd sont de la forme <code>pr\u00e9nom.nom@imj-prg.fr<\/code>.<br>Pour tout renseignement, contactez l\u2019adresse commune <code>bdd[at]imj-prg.fr<\/code>, ou bien l\u2019adresse sp\u00e9cifique \u00e0 chaque site&nbsp;: <code>bdd-jussieu[at]imj-prg.fr<\/code> pour Jussieu et <code>bdd-prg[at]imj-prg.fr<\/code> pour Sophie Germain.<\/p>\n\n\n\n<p>Voici la liste des membres du BDD&nbsp;:<\/p>\n\n\n\n<p><strong>Site Sophie Germain&nbsp;:<\/strong><\/p>\n\n\n\n<p><em>(Mis \u00e0 jour le 20\/05\/2025)<\/em><\/p>\n\n\n\n<ul class=\"wp-block-list\">\n<li>Marie-Camille Delarue et Juan Ram\u00f3n G\u00f3mez Garc\u00eda (conseil d&rsquo;administration de l&rsquo;IMJ-PRG)<\/li>\n\n\n\n<li>Mario Gauvrit, Werner M\u00e9rian et Juan Ram\u00f3n G\u00f3mez Garc\u00eda (attribution des bureaux)<\/li>\n\n\n\n<li>Mario Gauvrit (fournitures)<\/li>\n\n\n\n<li>Paul Le Breton et Enzo Tanguid\u00e9 (Bourbakettes)<\/li>\n\n\n\n<li>Brian Flanagan (site web)<\/li>\n<\/ul>\n\n\n\n<p><strong>Site Jussieu&nbsp;: (non \u00e0 jour)<\/strong><\/p>\n\n\n\n<ul class=\"wp-block-list\">\n<li>AUDIBERT Jacques (conseil de labo)<\/li>\n\n\n\n<li>Anna ROIG SANCHIS  (responsable de fourniture)<\/li>\n\n\n\n<li>SCHUBACK Nelson  (Attribution des bureaux)<\/li>\n\n\n\n<li>PRUNIER Rapha\u00ebl et LANDIM Thiago (membres de SDT)<\/li>\n<\/ul>\n\n\n\n<p><\/p>\n","protected":false},"excerpt":{"rendered":"<p>Le Bureau des Doctorants (BDD) Les adresses mail des membres du bdd sont de la forme pr\u00e9nom.nom@imj-prg.fr.Pour tout renseignement, contactez l\u2019adresse commune bdd[at]imj-prg.fr, ou bien l\u2019adresse sp\u00e9cifique \u00e0 chaque site&nbsp;: bdd-jussieu[at]imj-prg.fr pour Jussieu et bdd-prg[at]imj-prg.fr pour Sophie Germain. Voici la liste des membres du BDD&nbsp;: Site Sophie Germain&nbsp;: (Mis \u00e0 jour le 20\/05\/2025) Site Jussieu&nbsp;: [&hellip;]<\/p>\n","protected":false},"author":1,"featured_media":0,"parent":0,"menu_order":0,"comment_status":"closed","ping_status":"closed","template":"","meta":{"footnotes":""},"class_list":["post-11","page","type-page","status-publish","hentry"],"_links":{"self":[{"href":"https:\/\/www.imj-prg.fr\/doctorants\/wp-json\/wp\/v2\/pages\/11","targetHints":{"allow":["GET"]}}],"collection":[{"href":"https:\/\/www.imj-prg.fr\/doctorants\/wp-json\/wp\/v2\/pages"}],"about":[{"href":"https:\/\/www.imj-prg.fr\/doctorants\/wp-json\/wp\/v2\/types\/page"}],"author":[{"embeddable":true,"href":"https:\/\/www.imj-prg.fr\/doctorants\/wp-json\/wp\/v2\/users\/1"}],"replies":[{"embeddable":true,"href":"https:\/\/www.imj-prg.fr\/doctorants\/wp-json\/wp\/v2\/comments?post=11"}],"version-history":[{"count":25,"href":"https:\/\/www.imj-prg.fr\/doctorants\/wp-json\/wp\/v2\/pages\/11\/revisions"}],"predecessor-version":[{"id":545,"href":"https:\/\/www.imj-prg.fr\/doctorants\/wp-json\/wp\/v2\/pages\/11\/revisions\/545"}],"wp:attachment":[{"href":"https:\/\/www.imj-prg.fr\/doctorants\/wp-json\/wp\/v2\/media?parent=11"}],"curies":[{"name":"wp","href":"https:\/\/api.w.org\/{rel}","templated":true}]}}