{"id":26,"date":"2020-12-11T11:25:46","date_gmt":"2020-12-11T10:25:46","guid":{"rendered":"http:\/\/dev.imj-prg.fr\/doctorants\/?page_id=26"},"modified":"2025-09-23T16:02:30","modified_gmt":"2025-09-23T14:02:30","slug":"site-sophie-germain","status":"publish","type":"page","link":"https:\/\/www.imj-prg.fr\/doctorants\/site-sophie-germain\/","title":{"rendered":"Site Sophie Germain"},"content":{"rendered":"\n<p>Si tu es un-e nouveau-elle doctorant-e \u00e0 l\u2019IMJ-PRG, voici les d\u00e9marches \u00e0 suivre pour t\u2019inscrire et obtenir un bureau de travail&nbsp;:<\/p>\n\n\n\n<p>1. <strong>Inscription \u00e0 l\u2019IMJ-PRG <\/strong>&nbsp;:<br>Ton\/ta directeur-ice de th\u00e8se doit faire la demande d\u2019inscription aupr\u00e8s de son\/sa chef-fe d\u2019\u00e9quipe. Une fois le formulaire rempli et l\u2019inscription termin\u00e9e, tu recevras un mail avec l\u2019identifiant et le mot de passe de ton compte informatique IMJ-PRG.<\/p>\n\n\n\n<p>2. <strong>Acc\u00e8s au b\u00e2timent <\/strong>&nbsp;:<br>Pour acc\u00e9der au b\u00e2timent Sophie Germain, tu dois renvoyer par mail (avec ta nouvelle adresse mail&nbsp;!) \u00e0 Sami Majri (<code>sami.majri[at]imj-prg.fr<\/code>) le formulaire de demande de badge <a href=\"\/liens-et-documents-utiles\/\">accessible ici<\/a> (Proc\u00e9dure pour les demandes de cl\u00e9s et de badges &gt; b\u00e2timent Sophie Germain). Il est possible que la proc\u00e9dure prenne du temps, de un \u00e0 trois mois dans le meilleur des cas.<\/p>\n\n\n\n<p>3.<strong> Demande de bureau<\/strong>&nbsp;:<br>Envoie un mail au <code>bdd-prg[at]imj-prg.fr<\/code> si tu as d\u00e9j\u00e0 ton adresse imj-prg.fr ou directement \u00e0 <code>mario.gauvrit[at]imj-prg.fr<\/code> <strong>et<\/strong> <code>werner.merian[at]imj-prg.fr<\/code> sinon. On te donnera rendez-vous pour te donner la cl\u00e9 de ton nouveau bureau, puis on te fera une rapide visite du b\u00e2timent, et t\u2019indiquera les derni\u00e8res formalit\u00e9s \u00e0 effectuer. Un bureau peut t&rsquo;\u00eatre attribu\u00e9 d\u00e8s le stage de pr\u00e9-th\u00e8se.<\/p>\n\n\n\n<p>Attention : pour envoyer un mail au BDD, il faut absolument le faire depuis une adresse <code>imj-prg.fr<\/code>.<\/p>\n\n\n\n<p>4. <strong>D\u00e9jeuner au Crous de l&rsquo;universit\u00e9 :<\/strong><\/p>\n\n\n\n<p>Comme tout \u00e9tudiant-e, un-e doctorant-e a la possibilit\u00e9 de d\u00e9jeuner au Crous. Les deux restaurants universitaires les plus proches se situent \u00e0 la Halle aux Farines et \u00e0 la Barge sur les quais de Seine. Pour cela, il faut un compte Izly. Ce compte est cr\u00e9\u00e9 de mani\u00e8re automatique lors de l&rsquo;inscription administrative \u00e0 l&rsquo;universit\u00e9.<\/p>\n\n\n\n<p>5. <strong>Obtenir une carte pour d\u00e9jeuner \u00e0 la cantine du minist\u00e8re des Sports<\/strong>&nbsp;:<\/p>\n\n\n\n<p>Si tu es doctorant-e employ\u00e9 par l&rsquo;Universit\u00e9 Paris Cit\u00e9 (et dans quelques autres cas particuliers), il est \u00e9galement possible de d\u00e9jeuner \u00e0 la cantine du minist\u00e8re des Sports, situ\u00e9e avenue de France. Pour ce faire, tu peux demander une carte de cantine en envoyant la demande de badge de restauration ci-dessous remplie \u00e0 <code>restauration.drho[at]u-paris.fr<\/code>, accompagn\u00e9e de ton contrat de travail. Il est possible que cette demande prenne du temps.<\/p>\n\n\n\n<div class=\"wp-block-file\"><a id=\"wp-block-file--media-24fabe5b-7bea-4ecd-9c06-e9ab797519bf\" href=\"https:\/\/www.imj-prg.fr\/doctorants\/wp-content\/uploads\/sites\/14\/2022\/10\/formulaire_acces_restauration.xlsx\">formulaire_acces_restauration<\/a><a href=\"https:\/\/www.imj-prg.fr\/doctorants\/wp-content\/uploads\/sites\/14\/2022\/10\/formulaire_acces_restauration.xlsx\" class=\"wp-block-file__button wp-element-button\" download aria-describedby=\"wp-block-file--media-24fabe5b-7bea-4ecd-9c06-e9ab797519bf\">T\u00e9l\u00e9charger<\/a><\/div>\n\n\n\n<p>6. <strong>Mat\u00e9riel informatique<\/strong>&nbsp;:<br>L\u2019IMJ-PRG vous attribue un budget pour l\u2019acquisition d\u2019un ordinateur pour votre bureau. Pour plus d\u2019information, il faudra contacter Cyril Bourcier-Kadi le gestionnaire d&rsquo;infrastructures, \u00e0 <code>cyril.bourcier-kadi[at]imj-prg.fr<\/code>. Les bureaux sont d\u00e9j\u00e0 \u00e9quip\u00e9s d&rsquo;un \u00e9cran, d&rsquo;une souris et d&rsquo;un clavier. Si ce n&rsquo;est pas le cas, il faut les demander.<\/p>\n\n\n\n<p>7. <strong>Demande d&rsquo;acc\u00e8s au parking<\/strong> :<br>Il faut contacter le PC s\u00e9curit\u00e9 des grands Moulins pour demander l&rsquo;autorisation d&rsquo;y acc\u00e9der. Une copie de la carte grise du v\u00e9hicule et de l&rsquo;assurance est requise.<\/p>\n\n\n\n<p>8. <strong>Pour le reste<\/strong><\/p>\n\n\n\n<p>Un certain nombres d&rsquo;informations compl\u00e9mentaires sur la vie du laboratoire (bourbakettes, imprimantes, fournitures, outils CNRS, etc.) sont disponible dans l&rsquo;onglet <strong>Vie Pratique<\/strong> de ce site, sur l&rsquo;<a href=\"https:\/\/intranet.imj-prg.fr\/\" data-type=\"link\" data-id=\"https:\/\/intranet.imj-prg.fr\/\">intranet<\/a> du laboratoire, ainsi que dans la t\u00eate de n&rsquo;importe quel doctorant.e ravi de rendre service.<\/p>\n\n\n\n<p><em>(Mis \u00e0 jour le 20\/05\/2025)<\/em><\/p>\n","protected":false},"excerpt":{"rendered":"<p>Si tu es un-e nouveau-elle doctorant-e \u00e0 l\u2019IMJ-PRG, voici les d\u00e9marches \u00e0 suivre pour t\u2019inscrire et obtenir un bureau de travail&nbsp;: 1. Inscription \u00e0 l\u2019IMJ-PRG &nbsp;:Ton\/ta directeur-ice de th\u00e8se doit faire la demande d\u2019inscription aupr\u00e8s de son\/sa chef-fe d\u2019\u00e9quipe. Une fois le formulaire rempli et l\u2019inscription termin\u00e9e, tu recevras un mail avec l\u2019identifiant et le [&hellip;]<\/p>\n","protected":false},"author":1,"featured_media":0,"parent":0,"menu_order":0,"comment_status":"closed","ping_status":"closed","template":"","meta":{"footnotes":""},"class_list":["post-26","page","type-page","status-publish","hentry"],"_links":{"self":[{"href":"https:\/\/www.imj-prg.fr\/doctorants\/wp-json\/wp\/v2\/pages\/26","targetHints":{"allow":["GET"]}}],"collection":[{"href":"https:\/\/www.imj-prg.fr\/doctorants\/wp-json\/wp\/v2\/pages"}],"about":[{"href":"https:\/\/www.imj-prg.fr\/doctorants\/wp-json\/wp\/v2\/types\/page"}],"author":[{"embeddable":true,"href":"https:\/\/www.imj-prg.fr\/doctorants\/wp-json\/wp\/v2\/users\/1"}],"replies":[{"embeddable":true,"href":"https:\/\/www.imj-prg.fr\/doctorants\/wp-json\/wp\/v2\/comments?post=26"}],"version-history":[{"count":28,"href":"https:\/\/www.imj-prg.fr\/doctorants\/wp-json\/wp\/v2\/pages\/26\/revisions"}],"predecessor-version":[{"id":539,"href":"https:\/\/www.imj-prg.fr\/doctorants\/wp-json\/wp\/v2\/pages\/26\/revisions\/539"}],"wp:attachment":[{"href":"https:\/\/www.imj-prg.fr\/doctorants\/wp-json\/wp\/v2\/media?parent=26"}],"curies":[{"name":"wp","href":"https:\/\/api.w.org\/{rel}","templated":true}]}}