{"id":340,"date":"2022-10-19T12:41:40","date_gmt":"2022-10-19T10:41:40","guid":{"rendered":"https:\/\/www.imj-prg.fr\/doctorants\/?page_id=340"},"modified":"2022-10-19T12:43:17","modified_gmt":"2022-10-19T10:43:17","slug":"annonce-de-la-these","status":"publish","type":"page","link":"https:\/\/www.imj-prg.fr\/doctorants\/annonce-de-la-these\/","title":{"rendered":"Annonce de la th\u00e8se"},"content":{"rendered":"\n<p>Pour que la rubrique \u00ab&nbsp;th\u00e8ses soutenues&nbsp;\u00bb soit automatiquement mise \u00e0 jour, il est demand\u00e9 \u00e0 tous les doctorants de l\u2019IMJ-PRG de bien vouloir renseigner le formulaire de soutenance accessible \u00e0 cette adresse&nbsp;: <a href=\"https:\/\/www.imj-prg.fr\/gestion\/\">https:\/\/www.imj-prg.fr\/gestion\/<\/a> et cliquer sur \u00ab&nbsp;Formulaire doctorant fin de th\u00e8se&nbsp;\u00bb<br>Le nom d\u2019utilisateur et le mot de passe est celui de l\u2019intranet :<\/p>\n\n\n\n<ul class=\"wp-block-list\"><li>utilisateur : prenom.nom<\/li><li>en cas d\u2019oubli du mot de passe cliquez sur \u00ab&nbsp;Mot de passe oubli\u00e9&nbsp;\u00bb<\/li><\/ul>\n","protected":false},"excerpt":{"rendered":"<p>Pour que la rubrique \u00ab&nbsp;th\u00e8ses soutenues&nbsp;\u00bb soit automatiquement mise \u00e0 jour, il est demand\u00e9 \u00e0 tous les doctorants de l\u2019IMJ-PRG de bien vouloir renseigner le formulaire de soutenance accessible \u00e0 cette adresse&nbsp;: https:\/\/www.imj-prg.fr\/gestion\/ et cliquer sur \u00ab&nbsp;Formulaire doctorant fin de th\u00e8se&nbsp;\u00bbLe nom d\u2019utilisateur et le mot de passe est celui de l\u2019intranet : utilisateur : [&hellip;]<\/p>\n","protected":false},"author":1,"featured_media":0,"parent":0,"menu_order":0,"comment_status":"closed","ping_status":"closed","template":"","meta":{"footnotes":""},"class_list":["post-340","page","type-page","status-publish","hentry"],"_links":{"self":[{"href":"https:\/\/www.imj-prg.fr\/doctorants\/wp-json\/wp\/v2\/pages\/340","targetHints":{"allow":["GET"]}}],"collection":[{"href":"https:\/\/www.imj-prg.fr\/doctorants\/wp-json\/wp\/v2\/pages"}],"about":[{"href":"https:\/\/www.imj-prg.fr\/doctorants\/wp-json\/wp\/v2\/types\/page"}],"author":[{"embeddable":true,"href":"https:\/\/www.imj-prg.fr\/doctorants\/wp-json\/wp\/v2\/users\/1"}],"replies":[{"embeddable":true,"href":"https:\/\/www.imj-prg.fr\/doctorants\/wp-json\/wp\/v2\/comments?post=340"}],"version-history":[{"count":2,"href":"https:\/\/www.imj-prg.fr\/doctorants\/wp-json\/wp\/v2\/pages\/340\/revisions"}],"predecessor-version":[{"id":343,"href":"https:\/\/www.imj-prg.fr\/doctorants\/wp-json\/wp\/v2\/pages\/340\/revisions\/343"}],"wp:attachment":[{"href":"https:\/\/www.imj-prg.fr\/doctorants\/wp-json\/wp\/v2\/media?parent=340"}],"curies":[{"name":"wp","href":"https:\/\/api.w.org\/{rel}","templated":true}]}}