{"id":43,"date":"2020-12-11T13:12:45","date_gmt":"2020-12-11T12:12:45","guid":{"rendered":"http:\/\/dev.imj-prg.fr\/doctorants\/?page_id=43"},"modified":"2026-01-20T11:18:28","modified_gmt":"2026-01-20T10:18:28","slug":"les-bourbakettes","status":"publish","type":"page","link":"https:\/\/www.imj-prg.fr\/doctorants\/les-bourbakettes\/","title":{"rendered":"Les Bourbakettes"},"content":{"rendered":"\n<p><strong>Les Bourbakettes<\/strong> est le nom d\u2019un mini-s\u00e9minaire qui a lieu chaque semaine (en ce moment le <strong>mercredi \u00e0 9h30<\/strong>) dans le b\u00e2timent Sophie Germain, salle commune des doctorant-es (salle 657). Le but est d\u2019encourager les doctorant-es \u00e0 venir expliquer un sujet <strong>accessible \u00e0 tous<\/strong>, afin de s\u2019entra\u00eener \u00e0 exposer en public. Traditionnellement, les expos\u00e9s sont accompagn\u00e9s de viennoiseries apport\u00e9es par l&rsquo;orateur. Elle sont annonc\u00e9es par le biais de la liste de diffusion des doctorants.<\/p>\n\n\n\n<p>Une liste de souhaits de sujets de Bourbakettes est disponible \u00e0 c\u00f4t\u00e9 du tableau de la salle commune.<\/p>\n\n\n\n<p>Si vous souhaitez animer une Bourbakette, n&rsquo;h\u00e9sitez pas \u00e0 contacter les organisateurs actuels, Paul Le Breton et Enzo Tanguid\u00e9.<\/p>\n\n\n\n<figure class=\"wp-block-image size-large\"><img loading=\"lazy\" decoding=\"async\" width=\"1024\" height=\"768\" src=\"https:\/\/www.imj-prg.fr\/doctorants\/wp-content\/uploads\/sites\/14\/2025\/05\/c2f07c74-8f64-47c9-b2f6-4007c5416664-1024x768.jpg\" alt=\"\" class=\"wp-image-485\" srcset=\"https:\/\/www.imj-prg.fr\/doctorants\/wp-content\/uploads\/sites\/14\/2025\/05\/c2f07c74-8f64-47c9-b2f6-4007c5416664-1024x768.jpg 1024w, https:\/\/www.imj-prg.fr\/doctorants\/wp-content\/uploads\/sites\/14\/2025\/05\/c2f07c74-8f64-47c9-b2f6-4007c5416664-300x225.jpg 300w, https:\/\/www.imj-prg.fr\/doctorants\/wp-content\/uploads\/sites\/14\/2025\/05\/c2f07c74-8f64-47c9-b2f6-4007c5416664-768x576.jpg 768w, https:\/\/www.imj-prg.fr\/doctorants\/wp-content\/uploads\/sites\/14\/2025\/05\/c2f07c74-8f64-47c9-b2f6-4007c5416664-1536x1152.jpg 1536w, https:\/\/www.imj-prg.fr\/doctorants\/wp-content\/uploads\/sites\/14\/2025\/05\/c2f07c74-8f64-47c9-b2f6-4007c5416664.jpg 1600w\" sizes=\"auto, (max-width: 1024px) 100vw, 1024px\" \/><\/figure>\n","protected":false},"excerpt":{"rendered":"<p>Les Bourbakettes est le nom d\u2019un mini-s\u00e9minaire qui a lieu chaque semaine (en ce moment le mercredi \u00e0 9h30) dans le b\u00e2timent Sophie Germain, salle commune des doctorant-es (salle 657). Le but est d\u2019encourager les doctorant-es \u00e0 venir expliquer un sujet accessible \u00e0 tous, afin de s\u2019entra\u00eener \u00e0 exposer en public. Traditionnellement, les expos\u00e9s sont [&hellip;]<\/p>\n","protected":false},"author":1,"featured_media":485,"parent":0,"menu_order":0,"comment_status":"closed","ping_status":"closed","template":"","meta":{"footnotes":""},"class_list":["post-43","page","type-page","status-publish","has-post-thumbnail","hentry"],"_links":{"self":[{"href":"https:\/\/www.imj-prg.fr\/doctorants\/wp-json\/wp\/v2\/pages\/43","targetHints":{"allow":["GET"]}}],"collection":[{"href":"https:\/\/www.imj-prg.fr\/doctorants\/wp-json\/wp\/v2\/pages"}],"about":[{"href":"https:\/\/www.imj-prg.fr\/doctorants\/wp-json\/wp\/v2\/types\/page"}],"author":[{"embeddable":true,"href":"https:\/\/www.imj-prg.fr\/doctorants\/wp-json\/wp\/v2\/users\/1"}],"replies":[{"embeddable":true,"href":"https:\/\/www.imj-prg.fr\/doctorants\/wp-json\/wp\/v2\/comments?post=43"}],"version-history":[{"count":12,"href":"https:\/\/www.imj-prg.fr\/doctorants\/wp-json\/wp\/v2\/pages\/43\/revisions"}],"predecessor-version":[{"id":560,"href":"https:\/\/www.imj-prg.fr\/doctorants\/wp-json\/wp\/v2\/pages\/43\/revisions\/560"}],"wp:featuredmedia":[{"embeddable":true,"href":"https:\/\/www.imj-prg.fr\/doctorants\/wp-json\/wp\/v2\/media\/485"}],"wp:attachment":[{"href":"https:\/\/www.imj-prg.fr\/doctorants\/wp-json\/wp\/v2\/media?parent=43"}],"curies":[{"name":"wp","href":"https:\/\/api.w.org\/{rel}","templated":true}]}}