{"id":469,"date":"2025-05-20T16:57:32","date_gmt":"2025-05-20T14:57:32","guid":{"rendered":"https:\/\/www.imj-prg.fr\/doctorants\/?page_id=469"},"modified":"2025-09-23T16:11:23","modified_gmt":"2025-09-23T14:11:23","slug":"index-des-comptes-et-services","status":"publish","type":"page","link":"https:\/\/www.imj-prg.fr\/doctorants\/index-des-comptes-et-services\/","title":{"rendered":"Index des comptes et services"},"content":{"rendered":"\n<p><em>(Mis \u00e0 jour le 20\/05\/2025)<\/em><\/p>\n\n\n\n<h2 class=\"wp-block-heading\">Liste des comptes (Universit\u00e9 et laboratoire) :<\/h2>\n\n\n\n<p>Un <a href=\"https:\/\/intranet.imj-prg.fr\/\">compte de l&rsquo;IMJ-PRG<\/a> permet d&rsquo;acc\u00e9der \u00e0 l&rsquo;intranet du laboratoire (documents utiles). <\/p>\n\n\n\n<p>Chaque doctorant-e dispose \u00e9galement de diff\u00e9rents comptes universitaires,<\/p>\n\n\n\n<ul class=\"wp-block-list\">\n<li><a href=\"https:\/\/moncompte.math.univ-paris-diderot.fr\">Compte Paris-Diderot<\/a> : tableau de bord des services informatiques de l&rsquo;universit\u00e9,<\/li>\n\n\n\n<li><a href=\"https:\/\/intranet.u-paris.fr\/\">Compte UPC \u00e9tudiant<\/a> : cr\u00e9ation automatique lors de l&rsquo;inscription administrative (identifiant : pr\u00e9nom.nom[at]etu.u-paris.fr),<\/li>\n\n\n\n<li><a href=\"https:\/\/intranet.u-paris.fr\/\">Compte UPC pro<\/a> : cr\u00e9ation automatique apr\u00e8s demande d&rsquo;<a href=\"https:\/\/activation.app.u-paris.fr\/home\">activation du compte<\/a> (identifiant : pr\u00e9nom.nom1[at]u-paris.fr), acc\u00e8s aux services informatiques de l&rsquo;universit\u00e9 (mail, moodle, nextcloud, etc.).<\/li>\n<\/ul>\n\n\n\n<h2 class=\"wp-block-heading\">Liste des plateformes li\u00e9es \u00e0 l&rsquo;\u00e9cole doctorale :<\/h2>\n\n\n\n<ul class=\"wp-block-list\">\n<li><a href=\"https:\/\/amethis.app.u-paris.fr\/amethis-client\/login\">Amethis<\/a> : plate-forme pour les formations pendant le doctorat (\u00e9thique de la recherche et int\u00e9grit\u00e9 scientifique),<\/li>\n\n\n\n<li><a href=\"https:\/\/step.theses.fr\/\">Steps<\/a> : Signalement des Th\u00e8ses En Pr\u00e9paration (modification de theses.fr, etc.).<\/li>\n<\/ul>\n\n\n\n<h2 class=\"wp-block-heading\">Liste des plateformes li\u00e9es \u00e0 l&rsquo;UFR :<\/h2>\n\n\n\n<ul class=\"wp-block-list\">\n<li><a href=\"https:\/\/repart.math.univ-paris-diderot.fr\/\">Site de la r\u00e9partition des enseignements<\/a>,<\/li>\n\n\n\n<li><a href=\"https:\/\/ose.app.u-paris.fr\/\">Compte OSE<\/a> : gestion des payements des enseignements, principalement pour les vacataires.<\/li>\n<\/ul>\n\n\n\n<h2 class=\"wp-block-heading\">Liste des services CNRS :<\/h2>\n\n\n\n<p>Pour la connexion aux comptes et leur gestion,<\/p>\n\n\n\n<ul class=\"wp-block-list\">\n<li><a href=\"https:\/\/sesame.cnrs.fr\/\">S\u00e9same<\/a> : gestion des comptes utilisateurs Janus (modification du mot de passe, etc.),<\/li>\n\n\n\n<li>Janus : c&rsquo;est le nom du service central d&rsquo;authentification (CAS) du CNRS.<\/li>\n<\/ul>\n\n\n\n<p>Plateformes r\u00e9capitulatives des services et outils du CNRS,<\/p>\n\n\n\n<ul class=\"wp-block-list\">\n<li><a href=\"https:\/\/magelan.cnrs.fr\/\" data-type=\"link\" data-id=\"https:\/\/magelan.cnrs.fr\/\">Magelan<\/a> : plateforme r\u00e9capitulative d&rsquo;acc\u00e8s aux outils informatiques et services du CNRS,<\/li>\n\n\n\n<li><a href=\"https:\/\/services.math.cnrs.fr\/\" data-type=\"link\" data-id=\"https:\/\/services.math.cnrs.fr\/\">PLM<\/a> : services num\u00e9riques de la Plate-Forme pour les Math\u00e9matiques (h\u00e9bergement de site, Overfleaf, GitLab, BigBlueButton, etc.). Une explication du fonctionnement du compte PLM est disponible <a href=\"https:\/\/plmdoc.math.cnrs.fr\/utilisateurs\/compte-plm\/\" data-type=\"link\" data-id=\"https:\/\/plmdoc.math.cnrs.fr\/utilisateurs\/compte-plm\/\">ici<\/a>.<\/li>\n<\/ul>\n\n\n\n<p>Plateformes de d\u00e9claration de missions,<\/p>\n\n\n\n<ul class=\"wp-block-list\">\n<li><a href=\"https:\/\/etamine-connecte.cnrs.fr\/\">Etamine<\/a> : plateforme de d\u00e9claration d&rsquo;ordre de mission,<\/li>\n\n\n\n<li><a href=\"https:\/\/esr-cnrs.notilus-pio.cegid.cloud\" data-type=\"link\" data-id=\"https:\/\/esr-cnrs.notilus-pio.cegid.cloud\">Notilus<\/a> : gestion des frais de missions (logement, transport, etc.),<\/li>\n\n\n\n<li>Goelett : march\u00e9 public pour les missions CNRS (pas d&rsquo;authentification en directe, redirection seulement via Notilus apr\u00e8s acceptation de la mission).<\/li>\n<\/ul>\n\n\n\n<p>Autres,<\/p>\n\n\n\n<ul class=\"wp-block-list\">\n<li><a href=\"https:\/\/neo.cnrs.fr\/\" data-type=\"link\" data-id=\"https:\/\/neo.cnrs.fr\/\">Neo<\/a> : plateforme de pr\u00e9vention incendie et accidents du travail,<\/li>\n\n\n\n<li><a href=\"https:\/\/cnrs.zoom.us\/\">Zoom<\/a> : salon zoom du CNRS.<\/li>\n<\/ul>\n","protected":false},"excerpt":{"rendered":"<p>(Mis \u00e0 jour le 20\/05\/2025) Liste des comptes (Universit\u00e9 et laboratoire) : Un compte de l&rsquo;IMJ-PRG permet d&rsquo;acc\u00e9der \u00e0 l&rsquo;intranet du laboratoire (documents utiles). Chaque doctorant-e dispose \u00e9galement de diff\u00e9rents comptes universitaires, Liste des plateformes li\u00e9es \u00e0 l&rsquo;\u00e9cole doctorale : Liste des plateformes li\u00e9es \u00e0 l&rsquo;UFR : Liste des services CNRS : Pour la connexion [&hellip;]<\/p>\n","protected":false},"author":45,"featured_media":0,"parent":0,"menu_order":0,"comment_status":"closed","ping_status":"closed","template":"","meta":{"footnotes":""},"class_list":["post-469","page","type-page","status-publish","hentry"],"_links":{"self":[{"href":"https:\/\/www.imj-prg.fr\/doctorants\/wp-json\/wp\/v2\/pages\/469","targetHints":{"allow":["GET"]}}],"collection":[{"href":"https:\/\/www.imj-prg.fr\/doctorants\/wp-json\/wp\/v2\/pages"}],"about":[{"href":"https:\/\/www.imj-prg.fr\/doctorants\/wp-json\/wp\/v2\/types\/page"}],"author":[{"embeddable":true,"href":"https:\/\/www.imj-prg.fr\/doctorants\/wp-json\/wp\/v2\/users\/45"}],"replies":[{"embeddable":true,"href":"https:\/\/www.imj-prg.fr\/doctorants\/wp-json\/wp\/v2\/comments?post=469"}],"version-history":[{"count":8,"href":"https:\/\/www.imj-prg.fr\/doctorants\/wp-json\/wp\/v2\/pages\/469\/revisions"}],"predecessor-version":[{"id":542,"href":"https:\/\/www.imj-prg.fr\/doctorants\/wp-json\/wp\/v2\/pages\/469\/revisions\/542"}],"wp:attachment":[{"href":"https:\/\/www.imj-prg.fr\/doctorants\/wp-json\/wp\/v2\/media?parent=469"}],"curies":[{"name":"wp","href":"https:\/\/api.w.org\/{rel}","templated":true}]}}