{"id":47,"date":"2020-12-11T13:15:38","date_gmt":"2020-12-11T12:15:38","guid":{"rendered":"http:\/\/dev.imj-prg.fr\/doctorants\/?page_id=47"},"modified":"2025-09-23T15:58:15","modified_gmt":"2025-09-23T13:58:15","slug":"informatique","status":"publish","type":"page","link":"https:\/\/www.imj-prg.fr\/doctorants\/informatique\/","title":{"rendered":"Informatique"},"content":{"rendered":"\n<p>Les responsables informatique de l\u2019IMJ-PRG sont Tarikakan DEMIRTURK et Cyril Bourcier-Kadi. Pour toute demande d\u2019information, vous pouvez passer dans leur bureau (15-16 403 \u00e0 Jussieu ou 830 \u00e0 Sophie Germain selon le <a href=\"https:\/\/www.imj-prg.fr\/equipe-administrative\/\">planning<\/a>), ou leur envoyer un mail \u00e0 <strong>support [at] imj-prg.fr<\/strong>.<\/p>\n\n\n\n<p>Tous les documentations sont disponibles sur l&rsquo;<a href=\"https:\/\/intranet.imj-prg.fr\">intranet<\/a>, notamment pour acc\u00e9der au r\u00e9seau filaire.<\/p>\n\n\n\n<p>Des imprimantes sont \u00e0 disposition des doctorants, en utilisant une cl\u00e9 USB ou par le <a href=\"https:\/\/intranet.imj-prg.fr\/?page_id=957\" data-type=\"link\" data-id=\"https:\/\/intranet.imj-prg.fr\/?page_id=957\">r\u00e9seau filaire<\/a> (copier l&rsquo;<a href=\"https:\/\/intranet.imj-prg.fr\/?page_id=49\" data-type=\"link\" data-id=\"https:\/\/intranet.imj-prg.fr\/?page_id=49\">adresse IP de l&rsquo;imprimante<\/a> dans son navigateur).<\/p>\n\n\n\n<p><\/p>\n","protected":false},"excerpt":{"rendered":"<p>Les responsables informatique de l\u2019IMJ-PRG sont Tarikakan DEMIRTURK et Cyril Bourcier-Kadi. Pour toute demande d\u2019information, vous pouvez passer dans leur bureau (15-16 403 \u00e0 Jussieu ou 830 \u00e0 Sophie Germain selon le planning), ou leur envoyer un mail \u00e0 support [at] imj-prg.fr. Tous les documentations sont disponibles sur l&rsquo;intranet, notamment pour acc\u00e9der au r\u00e9seau filaire. [&hellip;]<\/p>\n","protected":false},"author":1,"featured_media":0,"parent":0,"menu_order":0,"comment_status":"closed","ping_status":"closed","template":"","meta":{"footnotes":""},"class_list":["post-47","page","type-page","status-publish","hentry"],"_links":{"self":[{"href":"https:\/\/www.imj-prg.fr\/doctorants\/wp-json\/wp\/v2\/pages\/47","targetHints":{"allow":["GET"]}}],"collection":[{"href":"https:\/\/www.imj-prg.fr\/doctorants\/wp-json\/wp\/v2\/pages"}],"about":[{"href":"https:\/\/www.imj-prg.fr\/doctorants\/wp-json\/wp\/v2\/types\/page"}],"author":[{"embeddable":true,"href":"https:\/\/www.imj-prg.fr\/doctorants\/wp-json\/wp\/v2\/users\/1"}],"replies":[{"embeddable":true,"href":"https:\/\/www.imj-prg.fr\/doctorants\/wp-json\/wp\/v2\/comments?post=47"}],"version-history":[{"count":13,"href":"https:\/\/www.imj-prg.fr\/doctorants\/wp-json\/wp\/v2\/pages\/47\/revisions"}],"predecessor-version":[{"id":537,"href":"https:\/\/www.imj-prg.fr\/doctorants\/wp-json\/wp\/v2\/pages\/47\/revisions\/537"}],"wp:attachment":[{"href":"https:\/\/www.imj-prg.fr\/doctorants\/wp-json\/wp\/v2\/media?parent=47"}],"curies":[{"name":"wp","href":"https:\/\/api.w.org\/{rel}","templated":true}]}}