{"id":49,"date":"2020-12-11T13:16:38","date_gmt":"2020-12-11T12:16:38","guid":{"rendered":"http:\/\/dev.imj-prg.fr\/doctorants\/?page_id=49"},"modified":"2025-05-20T18:13:33","modified_gmt":"2025-05-20T16:13:33","slug":"vie-commune","status":"publish","type":"page","link":"https:\/\/www.imj-prg.fr\/doctorants\/vie-commune\/","title":{"rendered":"Vie commune"},"content":{"rendered":"\n<p><strong>Site Jussieu&nbsp;:<\/strong><br>La salle commune du couloir des doctorants sur le site Jussieu est en salle 15-16 505.<\/p>\n\n\n\n<p>En particulier il s\u2019y trouve un frigidaire, un micro-onde, une bouilloire et une machine \u00e0 caf\u00e9. Les doctorants sont pri\u00e9s de respecter cet endroit, et de le nettoyer r\u00e9guli\u00e8rement.<\/p>\n\n\n\n<p><strong>Site Sophie Germain\u00a0:<\/strong><br>La salle commune des doctorant-es sur le site Sophie Germain est la salle 657. Une machine \u00e0 caf\u00e9, un micro-onde, un frigidaire et un \u00e9vier sont disponibles dans les espaces communs du 6e et du 7e \u00e9tage.<\/p>\n\n\n\n<p><\/p>\n","protected":false},"excerpt":{"rendered":"<p>Site Jussieu&nbsp;:La salle commune du couloir des doctorants sur le site Jussieu est en salle 15-16 505. En particulier il s\u2019y trouve un frigidaire, un micro-onde, une bouilloire et une machine \u00e0 caf\u00e9. Les doctorants sont pri\u00e9s de respecter cet endroit, et de le nettoyer r\u00e9guli\u00e8rement. Site Sophie Germain\u00a0:La salle commune des doctorant-es sur le [&hellip;]<\/p>\n","protected":false},"author":1,"featured_media":0,"parent":0,"menu_order":0,"comment_status":"closed","ping_status":"closed","template":"","meta":{"footnotes":""},"class_list":["post-49","page","type-page","status-publish","hentry"],"_links":{"self":[{"href":"https:\/\/www.imj-prg.fr\/doctorants\/wp-json\/wp\/v2\/pages\/49","targetHints":{"allow":["GET"]}}],"collection":[{"href":"https:\/\/www.imj-prg.fr\/doctorants\/wp-json\/wp\/v2\/pages"}],"about":[{"href":"https:\/\/www.imj-prg.fr\/doctorants\/wp-json\/wp\/v2\/types\/page"}],"author":[{"embeddable":true,"href":"https:\/\/www.imj-prg.fr\/doctorants\/wp-json\/wp\/v2\/users\/1"}],"replies":[{"embeddable":true,"href":"https:\/\/www.imj-prg.fr\/doctorants\/wp-json\/wp\/v2\/comments?post=49"}],"version-history":[{"count":6,"href":"https:\/\/www.imj-prg.fr\/doctorants\/wp-json\/wp\/v2\/pages\/49\/revisions"}],"predecessor-version":[{"id":491,"href":"https:\/\/www.imj-prg.fr\/doctorants\/wp-json\/wp\/v2\/pages\/49\/revisions\/491"}],"wp:attachment":[{"href":"https:\/\/www.imj-prg.fr\/doctorants\/wp-json\/wp\/v2\/media?parent=49"}],"curies":[{"name":"wp","href":"https:\/\/api.w.org\/{rel}","templated":true}]}}