{"id":51,"date":"2020-12-11T13:16:56","date_gmt":"2020-12-11T12:16:56","guid":{"rendered":"http:\/\/dev.imj-prg.fr\/doctorants\/?page_id=51"},"modified":"2025-05-21T10:57:42","modified_gmt":"2025-05-21T08:57:42","slug":"fournitures","status":"publish","type":"page","link":"https:\/\/www.imj-prg.fr\/doctorants\/fournitures\/","title":{"rendered":"Fournitures"},"content":{"rendered":"\n<p>L\u2019IMJ nous permet d\u2019acheter des fournitures diverses pour le personnel de recherche.<\/p>\n\n\n\n<p>Vous pouvez envoyer un mail au BDD (<code>bdd[at]imj-prg.fr<\/code>) pour des suggestions d\u2019achat, en pr\u00e9cisant si c\u2019est pour Jussieu ou Sophie Germain. Les commandes sont effectu\u00e9es deux ou trois fois par an.<\/p>\n\n\n\n<p><strong>Site Jussieu&nbsp;:<\/strong><br>La personne qui s\u2019occupe des commandes pour le couloir des doctorants est Justin Trias du BDD. L\u2019armoire \u00e0 fournitures se situe dans la salle informatique 517, il faut en demander la cl\u00e9 \u00e0 Justin au bureau 503.<\/p>\n\n\n\n<p><strong>Site Sophie Germain\u00a0:<\/strong><br>La personne qui s\u2019occupe des commandes pour les doctorant-es est Mario Gauvrit. L\u2019armoire \u00e0 fournitures se situe dans la salle commune du 6\u00e8me \u00e9tage.<\/p>\n","protected":false},"excerpt":{"rendered":"<p>L\u2019IMJ nous permet d\u2019acheter des fournitures diverses pour le personnel de recherche. Vous pouvez envoyer un mail au BDD (bdd[at]imj-prg.fr) pour des suggestions d\u2019achat, en pr\u00e9cisant si c\u2019est pour Jussieu ou Sophie Germain. Les commandes sont effectu\u00e9es deux ou trois fois par an. Site Jussieu&nbsp;:La personne qui s\u2019occupe des commandes pour le couloir des doctorants [&hellip;]<\/p>\n","protected":false},"author":1,"featured_media":0,"parent":0,"menu_order":0,"comment_status":"closed","ping_status":"closed","template":"","meta":{"footnotes":""},"class_list":["post-51","page","type-page","status-publish","hentry"],"_links":{"self":[{"href":"https:\/\/www.imj-prg.fr\/doctorants\/wp-json\/wp\/v2\/pages\/51","targetHints":{"allow":["GET"]}}],"collection":[{"href":"https:\/\/www.imj-prg.fr\/doctorants\/wp-json\/wp\/v2\/pages"}],"about":[{"href":"https:\/\/www.imj-prg.fr\/doctorants\/wp-json\/wp\/v2\/types\/page"}],"author":[{"embeddable":true,"href":"https:\/\/www.imj-prg.fr\/doctorants\/wp-json\/wp\/v2\/users\/1"}],"replies":[{"embeddable":true,"href":"https:\/\/www.imj-prg.fr\/doctorants\/wp-json\/wp\/v2\/comments?post=51"}],"version-history":[{"count":12,"href":"https:\/\/www.imj-prg.fr\/doctorants\/wp-json\/wp\/v2\/pages\/51\/revisions"}],"predecessor-version":[{"id":500,"href":"https:\/\/www.imj-prg.fr\/doctorants\/wp-json\/wp\/v2\/pages\/51\/revisions\/500"}],"wp:attachment":[{"href":"https:\/\/www.imj-prg.fr\/doctorants\/wp-json\/wp\/v2\/media?parent=51"}],"curies":[{"name":"wp","href":"https:\/\/api.w.org\/{rel}","templated":true}]}}