{"id":53,"date":"2020-12-11T13:21:19","date_gmt":"2020-12-11T12:21:19","guid":{"rendered":"http:\/\/dev.imj-prg.fr\/doctorants\/?page_id=53"},"modified":"2020-12-11T13:21:19","modified_gmt":"2020-12-11T12:21:19","slug":"listes-de-diffusion","status":"publish","type":"page","link":"https:\/\/www.imj-prg.fr\/doctorants\/listes-de-diffusion\/","title":{"rendered":"Listes de diffusion"},"content":{"rendered":"\n<p>A part les listes usuelles de diffusion de l\u2019IMJ-PRG, il y a deux autres listes de diffusion pour s\u00e9minaires, colloques, expos\u00e9s, soutenances de th\u00e8se, etc. L\u2019une est la liste News-math qui concerne strictement l\u2019information des \u00e9v\u00e9nements math\u00e9matiques. L\u2019autre c\u2019est la liste News, qui concerne des informations plus informelles.<\/p>\n\n\n\n<p>Pour s\u2019inscrire ces listes, il faut se rendre ici&nbsp;:<\/p>\n\n\n\n<p><a href=\"https:\/\/listes.math-info-paris.cnrs.fr\/sympa\">https:\/\/listes.math-info-paris.cnrs.fr\/sympa<\/a><\/p>\n","protected":false},"excerpt":{"rendered":"<p>A part les listes usuelles de diffusion de l\u2019IMJ-PRG, il y a deux autres listes de diffusion pour s\u00e9minaires, colloques, expos\u00e9s, soutenances de th\u00e8se, etc. L\u2019une est la liste News-math qui concerne strictement l\u2019information des \u00e9v\u00e9nements math\u00e9matiques. L\u2019autre c\u2019est la liste News, qui concerne des informations plus informelles. Pour s\u2019inscrire ces listes, il faut se [&hellip;]<\/p>\n","protected":false},"author":1,"featured_media":0,"parent":0,"menu_order":0,"comment_status":"closed","ping_status":"closed","template":"","meta":{"footnotes":""},"class_list":["post-53","page","type-page","status-publish","hentry"],"_links":{"self":[{"href":"https:\/\/www.imj-prg.fr\/doctorants\/wp-json\/wp\/v2\/pages\/53","targetHints":{"allow":["GET"]}}],"collection":[{"href":"https:\/\/www.imj-prg.fr\/doctorants\/wp-json\/wp\/v2\/pages"}],"about":[{"href":"https:\/\/www.imj-prg.fr\/doctorants\/wp-json\/wp\/v2\/types\/page"}],"author":[{"embeddable":true,"href":"https:\/\/www.imj-prg.fr\/doctorants\/wp-json\/wp\/v2\/users\/1"}],"replies":[{"embeddable":true,"href":"https:\/\/www.imj-prg.fr\/doctorants\/wp-json\/wp\/v2\/comments?post=53"}],"version-history":[{"count":1,"href":"https:\/\/www.imj-prg.fr\/doctorants\/wp-json\/wp\/v2\/pages\/53\/revisions"}],"predecessor-version":[{"id":54,"href":"https:\/\/www.imj-prg.fr\/doctorants\/wp-json\/wp\/v2\/pages\/53\/revisions\/54"}],"wp:attachment":[{"href":"https:\/\/www.imj-prg.fr\/doctorants\/wp-json\/wp\/v2\/media?parent=53"}],"curies":[{"name":"wp","href":"https:\/\/api.w.org\/{rel}","templated":true}]}}