{"id":63,"date":"2020-12-11T13:27:05","date_gmt":"2020-12-11T12:27:05","guid":{"rendered":"http:\/\/dev.imj-prg.fr\/doctorants\/?page_id=63"},"modified":"2025-09-16T12:43:57","modified_gmt":"2025-09-16T10:43:57","slug":"manuscrit-et-impression","status":"publish","type":"page","link":"https:\/\/www.imj-prg.fr\/doctorants\/manuscrit-et-impression\/","title":{"rendered":"Manuscrit et impression"},"content":{"rendered":"\n<p>\u00c0 l\u2019approche de la fin de votre th\u00e8se, le casse t\u00eate administratif reprend de plus belle.<\/p>\n\n\n\n<p><a href=\"http:\/\/www.ed386.upmc.fr\/fr\/soutenance_de_these\/soutenance_upmc.html\">Cette page<\/a> d\u00e9taille une partie de la proc\u00e9dure, celle li\u00e9e \u00e0 l\u2019Ecole Doctorale.<\/p>\n\n\n\n<p><a href=\"http:\/\/ifd.sorbonne-universite.fr\/fr\/la-soutenance.html\">Celle-ci<\/a> comprend ce qui concerne l\u2019Institut de Formation Doctorale.<\/p>\n\n\n\n<p>En document joint, vous trouverez un mod\u00e8le standard de pr\u00e9sentation, que vous pouvez personnaliser \u00e0 souhait, bien que la fantaisie ne soit pas recommand\u00e9e. <strong>Attention : <\/strong>l&rsquo;universit\u00e9 changeant de nom r\u00e9guli\u00e8rement il est possible que le document ne soit pas tout \u00e0 fait \u00e0 jour.<\/p>\n\n\n\n<div class=\"wp-block-file\"><a id=\"wp-block-file--media-4764496a-4c5c-4289-9506-d1e03ea11879\" href=\"https:\/\/www.imj-prg.fr\/doctorants\/wp-content\/uploads\/sites\/14\/1607\/89\/up_these.zip\">Mod\u00e8le de th\u00e8se<\/a><a href=\"https:\/\/www.imj-prg.fr\/doctorants\/wp-content\/uploads\/sites\/14\/1607\/89\/up_these.zip\" class=\"wp-block-file__button wp-element-button\" download aria-describedby=\"wp-block-file--media-4764496a-4c5c-4289-9506-d1e03ea11879\">T\u00e9l\u00e9charger<\/a><\/div>\n\n\n\n<p><\/p>\n\n\n\n<p><strong>Impression du manuscrit<\/strong><\/p>\n\n\n\n<p>L\u2019IMJ-PRG prend en charge l\u2019impression du manuscrit de th\u00e8se, jusqu\u2019\u00e0 15 exemplaires.<\/p>\n\n\n\n<p>Proc\u00e9dure&nbsp;: <strong>15 jours avant la soutenance<\/strong>, envoyer un mail \u00e0 <a href=\"mailto:cign@upmc.fr\">Yves Mathieu<\/a>, responsable de l\u2019imprimerie \u00e0 Sorbonne Universit\u00e9 ou \u00e0 <a href=\"mailto:Benoit.Chevillon@univ-paris-diderot.fr\">Benoit Chevillon<\/a>, responsable de l\u2019imprimerie \u00e0 l\u2019Universit\u00e9 de Paris, en pr\u00e9cisant les informations suivantes&nbsp;:<\/p>\n\n\n\n<ul class=\"wp-block-list\">\n<li>vous \u00eates doctorant \u00e0 l\u2019IMJ-PRG<\/li>\n\n\n\n<li>vous souhaitez un tirage en n exemplaires (maximum 15)<\/li>\n\n\n\n<li>le devis est \u00e0 adresser \u00e0 <mark class=\"has-inline-color has-vivid-cyan-blue-color\">sami.majri(AT)imj-prg.fr<\/mark><\/li>\n\n\n\n<li>il faut indiquer la liste des num\u00e9ros de pages o\u00f9 il y a de la couleur<\/li>\n\n\n\n<li>pr\u00e9ciser si vous souhaitez ou non l\u2019impression de votre r\u00e9sum\u00e9 en 4\u00e8me de couverture (au dos de la th\u00e8se)<\/li>\n<\/ul>\n\n\n\n<p>et joindre le pdf de la th\u00e8se.<\/p>\n\n\n\n<p><\/p>\n","protected":false},"excerpt":{"rendered":"<p>\u00c0 l\u2019approche de la fin de votre th\u00e8se, le casse t\u00eate administratif reprend de plus belle. Cette page d\u00e9taille une partie de la proc\u00e9dure, celle li\u00e9e \u00e0 l\u2019Ecole Doctorale. Celle-ci comprend ce qui concerne l\u2019Institut de Formation Doctorale. En document joint, vous trouverez un mod\u00e8le standard de pr\u00e9sentation, que vous pouvez personnaliser \u00e0 souhait, bien [&hellip;]<\/p>\n","protected":false},"author":1,"featured_media":0,"parent":0,"menu_order":0,"comment_status":"closed","ping_status":"closed","template":"","meta":{"footnotes":""},"class_list":["post-63","page","type-page","status-publish","hentry"],"_links":{"self":[{"href":"https:\/\/www.imj-prg.fr\/doctorants\/wp-json\/wp\/v2\/pages\/63","targetHints":{"allow":["GET"]}}],"collection":[{"href":"https:\/\/www.imj-prg.fr\/doctorants\/wp-json\/wp\/v2\/pages"}],"about":[{"href":"https:\/\/www.imj-prg.fr\/doctorants\/wp-json\/wp\/v2\/types\/page"}],"author":[{"embeddable":true,"href":"https:\/\/www.imj-prg.fr\/doctorants\/wp-json\/wp\/v2\/users\/1"}],"replies":[{"embeddable":true,"href":"https:\/\/www.imj-prg.fr\/doctorants\/wp-json\/wp\/v2\/comments?post=63"}],"version-history":[{"count":18,"href":"https:\/\/www.imj-prg.fr\/doctorants\/wp-json\/wp\/v2\/pages\/63\/revisions"}],"predecessor-version":[{"id":528,"href":"https:\/\/www.imj-prg.fr\/doctorants\/wp-json\/wp\/v2\/pages\/63\/revisions\/528"}],"wp:attachment":[{"href":"https:\/\/www.imj-prg.fr\/doctorants\/wp-json\/wp\/v2\/media?parent=63"}],"curies":[{"name":"wp","href":"https:\/\/api.w.org\/{rel}","templated":true}]}}