{"id":7,"date":"2020-12-11T11:12:53","date_gmt":"2020-12-11T10:12:53","guid":{"rendered":"http:\/\/dev.imj-prg.fr\/doctorants\/?page_id=7"},"modified":"2025-05-21T10:47:30","modified_gmt":"2025-05-21T08:47:30","slug":"accueil","status":"publish","type":"page","link":"https:\/\/www.imj-prg.fr\/doctorants\/","title":{"rendered":"Espace Doctorant-es"},"content":{"rendered":"\n<p><a href=\"https:\/\/www.imj-prg.fr\/doctorants\/spip.php?lang=en\"><\/a><a href=\"https:\/\/www.imj-prg.fr\/doctorants\/spip.php?lang=fr\"><\/a><\/p>\n\n\n\n<p>Bienvenue sur le site des th\u00e9sard-es de <a href=\"https:\/\/www.imj-prg.fr\/\">l\u2019Institut de Math\u00e9matiques de Jussieu-Paris Rive Gauche<\/a>.<br>Ces quelques pages, organis\u00e9es de mani\u00e8re th\u00e9matique, rassemblent des informations et des liens susceptibles d\u2019int\u00e9resser les doctorant-es et ATER de l\u2019Institut\u00a0: des documents administratifs, des associations de th\u00e9sard-es, des ressources d\u2019enseignement, des modes d\u2019emploi informatique, etc. Reposant sur l\u2019exp\u00e9rience des ancien-nes, il est amen\u00e9 \u00e0 \u00e9voluer chaque ann\u00e9e\u00a0: n\u2019h\u00e9sitez pas \u00e0 contacter le BDD afin de l\u2019enrichir.<\/p>\n\n\n\n<p>Pour les <strong>nouveaux-elles doctorant-es<\/strong>, vous trouverez dans la rubrique \u00ab\u00a0Nouvel-le arrivant-e\u00a0\u00bb (<a href=\"https:\/\/www.imj-prg.fr\/doctorants\/site-jussieu\/\" data-type=\"page\" data-id=\"24\">Jussieu <\/a>ou <a href=\"https:\/\/www.imj-prg.fr\/doctorants\/site-sophie-germain\/\" data-type=\"page\" data-id=\"26\">Sophie Germain<\/a>) les informations vitales concernant les d\u00e9marches \u00e0 suivre, notamment pour obtenir une adresse mail, premi\u00e8re \u00e9tape indispensable pour officialiser votre appartenance \u00e0 l\u2019IMJ-PRG. Les noms et les bureaux de l\u2019\u00e9quipe du BDD sont dans la rubrique BDD\u00a0; vous pouvez contactez par mail l&rsquo;ensemble du BDD \u00e0 <code>bdd[at]imj-prg.fr<\/code> <strong>en pr\u00e9cisant le site o\u00f9 vous travaillez (ou travaillerez).<\/strong> Il est aussi possible de contacter seulement la partie du BDD en charge de votre site (Jussieu : <code>bdd-jussieu[at]imj-prg.fr<\/code> ou Sophie Germain : <code>bdd-prg[at]imj-prg.fr<\/code>) . Vous pouvez (et devez\u00a0!) nous demander conseil en cas de besoin.<\/p>\n\n\n\n<p>Afin de limiter le spam sur nos pauvres bo\u00eetes mail, les adresses mails communiqu\u00e9es sur ce site ne sont jamais r\u00e9dig\u00e9es en clair. Pour obtenir les adresses il suffit de remplacer le \u00ab\u00a0[at]\u00a0\u00bb par un \u00ab\u00a0@\u00a0\u00bb dans l&rsquo;adresse de votre choix..<\/p>\n\n\n\n<p>Enfin, la personne la mieux adapt\u00e9e pour vous apporter de l\u2019aide en cas de probl\u00e8me administratif est Sami Majri, secr\u00e9taire g\u00e9n\u00e9ral de l\u2019IMJ-PRG <code>sami.majri[at]imj-prg.fr<\/code>. Son bureau sur le site de Jussieu est le 404, couloir 15-16 au 4\u00e8me \u00e9tage, et son bureau sur le site Sophie Germain est le 828 au 8\u00e8me \u00e9tage.<\/p>\n\n\n\n<p>Bon courage&nbsp;!<\/p>\n\n\n\n<p>Le BDD<br><br><em>(Mis \u00e0 jour le 20\/05\/2025)<\/em><\/p>\n","protected":false},"excerpt":{"rendered":"<p>Bienvenue sur le site des th\u00e9sard-es de l\u2019Institut de Math\u00e9matiques de Jussieu-Paris Rive Gauche.Ces quelques pages, organis\u00e9es de mani\u00e8re th\u00e9matique, rassemblent des informations et des liens susceptibles d\u2019int\u00e9resser les doctorant-es et ATER de l\u2019Institut\u00a0: des documents administratifs, des associations de th\u00e9sard-es, des ressources d\u2019enseignement, des modes d\u2019emploi informatique, etc. Reposant sur l\u2019exp\u00e9rience des ancien-nes, il [&hellip;]<\/p>\n","protected":false},"author":1,"featured_media":448,"parent":0,"menu_order":0,"comment_status":"closed","ping_status":"closed","template":"","meta":{"footnotes":""},"class_list":["post-7","page","type-page","status-publish","has-post-thumbnail","hentry"],"_links":{"self":[{"href":"https:\/\/www.imj-prg.fr\/doctorants\/wp-json\/wp\/v2\/pages\/7","targetHints":{"allow":["GET"]}}],"collection":[{"href":"https:\/\/www.imj-prg.fr\/doctorants\/wp-json\/wp\/v2\/pages"}],"about":[{"href":"https:\/\/www.imj-prg.fr\/doctorants\/wp-json\/wp\/v2\/types\/page"}],"author":[{"embeddable":true,"href":"https:\/\/www.imj-prg.fr\/doctorants\/wp-json\/wp\/v2\/users\/1"}],"replies":[{"embeddable":true,"href":"https:\/\/www.imj-prg.fr\/doctorants\/wp-json\/wp\/v2\/comments?post=7"}],"version-history":[{"count":17,"href":"https:\/\/www.imj-prg.fr\/doctorants\/wp-json\/wp\/v2\/pages\/7\/revisions"}],"predecessor-version":[{"id":493,"href":"https:\/\/www.imj-prg.fr\/doctorants\/wp-json\/wp\/v2\/pages\/7\/revisions\/493"}],"wp:featuredmedia":[{"embeddable":true,"href":"https:\/\/www.imj-prg.fr\/doctorants\/wp-json\/wp\/v2\/media\/448"}],"wp:attachment":[{"href":"https:\/\/www.imj-prg.fr\/doctorants\/wp-json\/wp\/v2\/media?parent=7"}],"curies":[{"name":"wp","href":"https:\/\/api.w.org\/{rel}","templated":true}]}}